{"id":882,"date":"2009-08-03T08:56:27","date_gmt":"2009-08-03T08:56:27","guid":{"rendered":"http:\/\/staging.verztec.com\/verztec\/flexibility\/"},"modified":"2024-10-02T01:45:21","modified_gmt":"2024-10-02T01:45:21","slug":"flexibility","status":"publish","type":"page","link":"https:\/\/www.verztec.com\/flexibility","title":{"rendered":"Flexibilit\u00e4t"},"content":{"rendered":"<p>Verztec ist fest davon \u00fcberzeugt, dass es bei der Verwaltung von Kundenprojekten, insbesondere in den Bereichen digitales Lernen, ma\u00dfgeschneiderte LMS-L\u00f6sungen, \u00dcbersetzung und Lokalisierung, von entscheidender Bedeutung ist, Ver\u00e4nderungen vorherzusehen und effektiv darauf zu reagieren.<\/p>\n<p>In der dynamischen Gesch\u00e4ftswelt von heute m\u00fcssen Projektmanagementsysteme sowohl flexibel als auch zuverl\u00e4ssig sein, um den sich st\u00e4ndig wandelnden Anforderungen der Kunden gerecht zu werden. Wir verstehen, dass es bei Projekten in verschiedenen Bereichen zu \u00c4nderungen kommen kann, wie z. B. bei den Zeitrahmen, dem Umfang, den Lieferterminen, Produkt- oder Serviceaktualisierungen, thematischen Schwerpunkten oder der Neuausrichtung globaler Priorit\u00e4ten. Bei Verztec passen wir unseren Ansatz an, um diesen Herausforderungen proaktiv zu begegnen, und stellen sicher, dass keine \u00c4nderungen die Genauigkeit oder das Engagement, das wir in Ihr Projekt investieren, beeintr\u00e4chtigen oder unsere Verpflichtung zur fristgerechten Lieferung gef\u00e4hrden.<\/p>\n<p>Unsere Flexibilit\u00e4t und Reaktionsf\u00e4higkeit wurden von namhaften Kunden wie Invensys, Philips Consumer Electronics und IBM anerkannt. Diese Referenzen unterstreichen unsere F\u00e4higkeit, vielf\u00e4ltige Projektanforderungen mit Agilit\u00e4t und Pr\u00e4zision zu bew\u00e4ltigen und Ergebnisse zu liefern, die die Erwartungen \u00fcbertreffen.<\/p>\n<p>Im Bereich digitaler Lerninitiativen, einschlie\u00dflich der Anpassung von Lernmanagementsystemen (LMS), der \u00dcbersetzung von Bildungsinhalten und der umfassenden Lokalisierung in mehreren Sprachen und kulturellen Kontexten, ist Verztec f\u00fchrend. Unser engagiertes Team aus Projektmanagern, Linguisten, Experten f\u00fcr digitales Lernen und technischen Spezialisten stellt sicher, dass wir uns nahtlos an die einzigartigen Anforderungen jedes Projekts anpassen k\u00f6nnen. Ob es um die Integration ma\u00dfgeschneiderter LMS-Plattformen, die Anpassung von Schulungsinhalten f\u00fcr ein globales Publikum oder die sprachliche und kulturelle Genauigkeit von E-Learning-Materialien geht \u2013 Verztec nutzt seine Expertise und fortschrittlichen Projektmanagementsysteme, um \u00fcberragende Ergebnisse zu liefern.<\/p>\n<p>Wir priorisieren die Kundenzufriedenheit durch proaktive Kommunikation, sorgf\u00e4ltige Planung und strenge Qualit\u00e4tssicherungsma\u00dfnahmen. Dieser Ansatz unterst\u00fctzt nicht nur die erfolgreiche Umsetzung Ihrer Projekte, sondern f\u00f6rdert auch langfristige Partnerschaften, die auf Vertrauen und gegenseitigem Erfolg basieren.<\/p>\n<p>Arbeiten Sie mit Verztec zusammen, um von einem proaktiven und reaktionsf\u00e4higen Projektmanagementansatz zu profitieren, der auf Ihre spezifischen Anforderungen im Bereich digitales Lernen und Lokalisierung zugeschnitten ist. Kontaktieren Sie uns unter <a href=\"mailto:enquiry@verztec.com\">enquiry@verztec.com<\/a>, um mehr dar\u00fcber zu erfahren, wie wir Ihre Projekte effektiv unterst\u00fctzen und verbessern k\u00f6nnen.<\/p>\n","protected":false},"excerpt":{"rendered":"<p>Verztec ist fest davon \u00fcberzeugt, dass es bei der Verwaltung von Kundenprojekten, insbesondere in den Bereichen digitales Lernen, ma\u00dfgeschneiderte LMS-L\u00f6sungen, \u00dcbersetzung und Lokalisierung, von entscheidender Bedeutung ist, Ver\u00e4nderungen vorherzusehen und&hellip;<\/p>\n","protected":false},"author":1,"featured_media":2031,"parent":0,"menu_order":5,"comment_status":"closed","ping_status":"closed","template":"","meta":{"footnotes":""},"class_list":["post-882","page","type-page","status-publish","has-post-thumbnail","hentry"],"_links":{"self":[{"href":"https:\/\/www.verztec.com\/wp-json\/wp\/v2\/pages\/882"}],"collection":[{"href":"https:\/\/www.verztec.com\/wp-json\/wp\/v2\/pages"}],"about":[{"href":"https:\/\/www.verztec.com\/wp-json\/wp\/v2\/types\/page"}],"author":[{"embeddable":true,"href":"https:\/\/www.verztec.com\/wp-json\/wp\/v2\/users\/1"}],"replies":[{"embeddable":true,"href":"https:\/\/www.verztec.com\/wp-json\/wp\/v2\/comments?post=882"}],"version-history":[{"count":1,"href":"https:\/\/www.verztec.com\/wp-json\/wp\/v2\/pages\/882\/revisions"}],"predecessor-version":[{"id":2047,"href":"https:\/\/www.verztec.com\/wp-json\/wp\/v2\/pages\/882\/revisions\/2047"}],"wp:featuredmedia":[{"embeddable":true,"href":"https:\/\/www.verztec.com\/wp-json\/wp\/v2\/media\/2031"}],"wp:attachment":[{"href":"https:\/\/www.verztec.com\/wp-json\/wp\/v2\/media?parent=882"}],"curies":[{"name":"wp","href":"https:\/\/api.w.org\/{rel}","templated":true}]}}