{"id":883,"date":"2009-08-03T08:56:54","date_gmt":"2009-08-03T08:56:54","guid":{"rendered":"http:\/\/staging.verztec.com\/verztec\/transparency-integrity\/"},"modified":"2024-11-01T01:37:24","modified_gmt":"2024-11-01T01:37:24","slug":"transparency-integrity","status":"publish","type":"page","link":"https:\/\/www.verztec.com\/transparency-integrity","title":{"rendered":"Transparenz und Integrit\u00e4t"},"content":{"rendered":"<div class=\"page-header clearfix\">\n<p class=\"page-title\"><span style=\"font-size: revert; color: initial;\">Das Team von Verztec setzt sich mit gro\u00dfer \u00dcberzeugung daf\u00fcr ein, starke und vertrauensw\u00fcrdige Beziehungen zu unseren Kunden aufzubauen. Im Mittelpunkt dieses Engagements steht eine Grundlage aus Transparenz und Integrit\u00e4t in jedem Aspekt unserer Arbeit.<\/span><\/p>\n<\/div>\n<p>Transparenz ist ein Eckpfeiler unseres Ansatzes. Wir glauben daran, unseren Kunden vollst\u00e4ndige Einblicke in die Projektabl\u00e4ufe, Zeitpl\u00e4ne und Ziele zu geben. Dies stellt sicher, dass unsere Kunden in jeder Phase des Lokalisierungsprozesses vollst\u00e4ndig informiert und eingebunden sind.<\/p>\n<p>Vertrauen wird durch unser Engagement f\u00fcr au\u00dfergew\u00f6hnliche Lokalisierungsarbeiten weiter gest\u00e4rkt. Wir gehen jedes Projekt mit Sorgfalt und Verantwortungsbewusstsein an, arbeiten eng mit unseren Kunden zusammen, um Herausforderungen zu meistern und gemeinsam erfolgreiche Ergebnisse zu erzielen.<\/p>\n<p>Integrit\u00e4t ist in unseren Kundenbeziehungen von gr\u00f6\u00dfter Bedeutung. Wir halten die h\u00f6chsten Standards von Ehrlichkeit und Professionalit\u00e4t ein, um sicherzustellen, dass unsere Kunden w\u00e4hrend des gesamten Projektlebenszyklus genaue Informationen und fachkundige Beratung erhalten.<\/p>\n<p>Bei Verztec zeigen wir unser Engagement f\u00fcr unsere Kunden durch eine Reihe von Grundprinzipien:<\/p>\n<ol>\n<li><strong>Pr\u00e4zise Projektdefinition:<\/strong> Wir definieren sorgf\u00e4ltig den Projektumfang, die Zeitpl\u00e4ne, Budget\u00fcberlegungen und Ressourcenanforderungen im Voraus, um von Anfang an klare Erwartungen zu setzen.<\/li>\n<li><strong>Fachkundige Beratung:<\/strong> Mit unserer umfangreichen Erfahrung geben wir fundierte Empfehlungen zur Optimierung der Lokalisierungsprozesse, um maximale Effizienz und Wirkung zu erzielen.<\/li>\n<li><strong>Regelm\u00e4\u00dfige Kommunikation:<\/strong> Wir halten die Kommunikationswege offen und reagieren schnell auf neue Entwicklungen oder Bedenken, damit unsere Kunden stets informiert und handlungsf\u00e4hig bleiben.<\/li>\n<li><strong>Einbindung von Spezialisten:<\/strong> Wir setzen die qualifiziertesten Spezialisten f\u00fcr jedes Projekt ein, um sicherzustellen, dass unsere Kunden von einer auf ihre spezifischen Bed\u00fcrfnisse und Branchenanforderungen zugeschnittenen Expertise profitieren.<\/li>\n<li><strong>P\u00fcnktliche Lieferung:<\/strong> Unabh\u00e4ngig von der Gr\u00f6\u00dfe oder Komplexit\u00e4t des Projekts verpflichten wir uns, alle vereinbarten Liefertermine und Anforderungen ohne Abstriche einzuhalten.<\/li>\n<\/ol>\n<p>Bei Verztec verstehen wir, dass es einfach ist, Versprechen zu machen, aber deren konsequente Einhaltung Hingabe und bew\u00e4hrte F\u00e4higkeiten erfordert. Wir sind stolz darauf, diese Verpflichtungen nicht nur einzuhalten, sondern sie auch in unsere robusten Projektmanagementsysteme zu integrieren, um greifbare Ergebnisse zu liefern, die die Erwartungen \u00fcbertreffen.<\/p>\n<p>Arbeiten Sie mit Verztec zusammen, um unser unersch\u00fctterliches Engagement f\u00fcr Transparenz, Integrit\u00e4t und Kundenzufriedenheit in jedem Lokalisierungsprojekt selbst zu erleben. Kontaktieren Sie uns unter <a href=\"mailto:enquiry@verztec.com\">enquiry@verztec.com<\/a>, um zu erfahren, wie wir Ihre globalen Kommunikationsanforderungen effektiv unterst\u00fctzen k\u00f6nnen.<\/p>\n","protected":false},"excerpt":{"rendered":"<p>Das Team von Verztec setzt sich mit gro\u00dfer \u00dcberzeugung daf\u00fcr ein, starke und vertrauensw\u00fcrdige Beziehungen zu unseren Kunden aufzubauen. Im Mittelpunkt dieses Engagements steht eine Grundlage aus Transparenz und Integrit\u00e4t&hellip;<\/p>\n","protected":false},"author":1,"featured_media":2031,"parent":0,"menu_order":3,"comment_status":"closed","ping_status":"closed","template":"","meta":{"footnotes":""},"class_list":["post-883","page","type-page","status-publish","has-post-thumbnail","hentry"],"_links":{"self":[{"href":"https:\/\/www.verztec.com\/wp-json\/wp\/v2\/pages\/883"}],"collection":[{"href":"https:\/\/www.verztec.com\/wp-json\/wp\/v2\/pages"}],"about":[{"href":"https:\/\/www.verztec.com\/wp-json\/wp\/v2\/types\/page"}],"author":[{"embeddable":true,"href":"https:\/\/www.verztec.com\/wp-json\/wp\/v2\/users\/1"}],"replies":[{"embeddable":true,"href":"https:\/\/www.verztec.com\/wp-json\/wp\/v2\/comments?post=883"}],"version-history":[{"count":2,"href":"https:\/\/www.verztec.com\/wp-json\/wp\/v2\/pages\/883\/revisions"}],"predecessor-version":[{"id":2886,"href":"https:\/\/www.verztec.com\/wp-json\/wp\/v2\/pages\/883\/revisions\/2886"}],"wp:featuredmedia":[{"embeddable":true,"href":"https:\/\/www.verztec.com\/wp-json\/wp\/v2\/media\/2031"}],"wp:attachment":[{"href":"https:\/\/www.verztec.com\/wp-json\/wp\/v2\/media?parent=883"}],"curies":[{"name":"wp","href":"https:\/\/api.w.org\/{rel}","templated":true}]}}