{"id":884,"date":"2009-08-03T08:57:37","date_gmt":"2009-08-03T08:57:37","guid":{"rendered":"http:\/\/staging.verztec.com\/verztec\/quality-assurance\/"},"modified":"2024-10-02T01:52:03","modified_gmt":"2024-10-02T01:52:03","slug":"quality-assurance","status":"publish","type":"page","link":"https:\/\/www.verztec.com\/quality-assurance","title":{"rendered":"Qualit\u00e4tssicherung"},"content":{"rendered":"<p>Verztec verf\u00fcgt \u00fcber starke interne Kapazit\u00e4ten zur Digitalisierung von Lerninhalten, Lokalisierung von eLearning-Inhalten sowie zur Anpassung und Implementierung von LMS-L\u00f6sungen f\u00fcr unsere Kunden. Vor der Einf\u00fchrung dieser L\u00f6sungen f\u00fchren wir umfassende Tests und Qualit\u00e4tssicherungsverfahren durch.<\/p>\n<h3 class=\"title-normal\">Qualit\u00e4tssicherungsprozess<\/h3>\n<p>Der Qualit\u00e4tssicherungsprozess von Verztec gew\u00e4hrleistet eine sorgf\u00e4ltige \u00dcberwachung, nicht nur f\u00fcr traditionelle \u00dcbersetzungsprojekte, sondern auch f\u00fcr unsere spezialisierten Dienstleistungen im Bereich digitales Lernen. Wenn Verztec Kunden bei der Digitalisierung von Lerninhalten, der Lokalisierung von eLearning-Inhalten f\u00fcr globales Training und der Anpassung\/Implementierung von LMS-Systemen unterst\u00fctzt, legen wir gro\u00dfen Wert darauf, ihre individuellen Anforderungen vom Projektbeginn bis hin zu umfassenden Tests und Qualit\u00e4tssicherungsma\u00dfnahmen vor der Implementierung zu verstehen.<\/p>\n<h3 class=\"title-normal\">\u00dcberblick<\/h3>\n<p>Nach Abschluss der \u00dcbersetzungsarbeiten durch professionelle Muttersprachler wird jedes Projekt von Verztecs QA-Team, bestehend aus CAT-Tool-Experten und erfahrenen Linguisten, gr\u00fcndlich gepr\u00fcft. Dabei wird nicht nur auf Genauigkeit, sondern auch auf die Einhaltung eines angemessenen Stils, von Formulierungen und Vokabular geachtet.<\/p>\n<p>Verztec verf\u00fcgt \u00fcber eine umfangreiche Referenzbibliothek mit \u00fcber 900 W\u00f6rterb\u00fcchern und Nachschlagewerken in mehr als 100 Sprachen. Diese wertvolle Ressource, kombiniert mit dem Zugang zu spezialisierten Terminologien und akademischen Materialien, erm\u00f6glicht es unseren internen \u00dcbersetzern und Revisoren, Pr\u00e4zision in verschiedenen Fachgebieten wie Medizin, Luftfahrt und Nanotechnologie zu gew\u00e4hrleisten.<\/p>\n<h3 class=\"title-normal\">\u00dcberpr\u00fcfung durch Muttersprachler der Ausgangssprache<\/h3>\n<p>Zu Beginn werden die \u00dcbersetzungen von einem Revisor gepr\u00fcft, der Muttersprachler der Ausgangssprache ist. Zum Beispiel wird ein Text, der von Englisch ins Koreanische \u00fcbersetzt wurde, von einem englischen Muttersprachler, der flie\u00dfend Koreanisch und Englisch spricht, sorgf\u00e4ltig \u00fcberpr\u00fcft. Der Revisor stellt sicher, dass der Sinn des Originaltextes getreu wiedergegeben wird, und kl\u00e4rt eventuelle Fragen direkt mit dem \u00dcbersetzer.<\/p>\n<h3 class=\"title-normal\">Zweite \u00dcberpr\u00fcfung durch Muttersprachler der Zielsprache<\/h3>\n<p>Nach der ersten \u00dcberpr\u00fcfung und den erforderlichen Anpassungen f\u00fchrt ein zweiter Revisor, der in der Zielsprache flie\u00dfend ist, eine umfassende Pr\u00fcfung durch. Dieser Schritt konzentriert sich auf Grammatik, Schreibstil, Rechtschreibung, Interpunktion und terminologische Konsistenz. Bei mehrsprachigen Projekten gew\u00e4hrleistet ein Satz-f\u00fcr-Satz-Vergleich die Einheitlichkeit aller Versionen. F\u00fcr Projekte, die Desktop-Publishing (DTP) oder Layout-Arbeiten erfordern, erfolgt eine zus\u00e4tzliche Korrektur, um die Genauigkeit des Endprodukts vor der Freigabe zu gew\u00e4hrleisten.<\/p>\n<h3 class=\"title-normal\">\u00dcbergabe<\/h3>\n<p>Vor der \u00dcbergabe an den Kunden \u00fcberpr\u00fcft der Projektleiter abschlie\u00dfend, ob alle Kundenanweisungen eingehalten wurden und das Projekt bereit f\u00fcr die Implementierung ist. Dieser sorgf\u00e4ltige Prozess stellt sicher, dass jedes Projekt die hohen Standards von Verztec erf\u00fcllt und die Erwartungen der Kunden \u00fcbertrifft.<\/p>\n<p>Verztecs Engagement f\u00fcr Qualit\u00e4tssicherung umfasst alle Phasen der Projektausf\u00fchrung und liefert pr\u00e4zise und sorgf\u00e4ltig ausgearbeitete Ergebnisse, die unser Streben nach Exzellenz in Sprach- und Lokalisierungsdiensten unterstreichen. Arbeiten Sie mit Verztec zusammen, um zuverl\u00e4ssige und professionell verwaltete Sprachl\u00f6sungen zu erhalten, die auf Ihre spezifischen Anforderungen zugeschnitten sind. Kontaktieren Sie uns unter <a href=\"mailto:enquiry@verztec.com\">enquiry@verztec.com<\/a>, um zu erfahren, wie wir Ihre globalen Kommunikationsanforderungen effektiv unterst\u00fctzen k\u00f6nnen.<\/p>\n","protected":false},"excerpt":{"rendered":"<p>Verztec verf\u00fcgt \u00fcber starke interne Kapazit\u00e4ten zur Digitalisierung von Lerninhalten, Lokalisierung von eLearning-Inhalten sowie zur Anpassung und Implementierung von LMS-L\u00f6sungen f\u00fcr unsere Kunden. Vor der Einf\u00fchrung dieser L\u00f6sungen f\u00fchren wir&hellip;<\/p>\n","protected":false},"author":1,"featured_media":2031,"parent":0,"menu_order":8,"comment_status":"closed","ping_status":"closed","template":"","meta":{"footnotes":""},"class_list":["post-884","page","type-page","status-publish","has-post-thumbnail","hentry"],"_links":{"self":[{"href":"https:\/\/www.verztec.com\/wp-json\/wp\/v2\/pages\/884"}],"collection":[{"href":"https:\/\/www.verztec.com\/wp-json\/wp\/v2\/pages"}],"about":[{"href":"https:\/\/www.verztec.com\/wp-json\/wp\/v2\/types\/page"}],"author":[{"embeddable":true,"href":"https:\/\/www.verztec.com\/wp-json\/wp\/v2\/users\/1"}],"replies":[{"embeddable":true,"href":"https:\/\/www.verztec.com\/wp-json\/wp\/v2\/comments?post=884"}],"version-history":[{"count":1,"href":"https:\/\/www.verztec.com\/wp-json\/wp\/v2\/pages\/884\/revisions"}],"predecessor-version":[{"id":2060,"href":"https:\/\/www.verztec.com\/wp-json\/wp\/v2\/pages\/884\/revisions\/2060"}],"wp:featuredmedia":[{"embeddable":true,"href":"https:\/\/www.verztec.com\/wp-json\/wp\/v2\/media\/2031"}],"wp:attachment":[{"href":"https:\/\/www.verztec.com\/wp-json\/wp\/v2\/media?parent=884"}],"curies":[{"name":"wp","href":"https:\/\/api.w.org\/{rel}","templated":true}]}}