{"id":885,"date":"2009-08-03T08:58:18","date_gmt":"2009-08-03T08:58:18","guid":{"rendered":"http:\/\/staging.verztec.com\/verztec\/confidentiality\/"},"modified":"2024-10-02T01:42:41","modified_gmt":"2024-10-02T01:42:41","slug":"confidentiality","status":"publish","type":"page","link":"https:\/\/www.verztec.com\/confidentiality","title":{"rendered":"Vertraulichkeit"},"content":{"rendered":"<p>Verztec setzt strenge Ma\u00dfnahmen ein, um die Vertraulichkeit und Urheberrechte der Daten seiner Kunden zu sch\u00fctzen. Wir legen gro\u00dfen Wert auf unsere Verantwortung gegen\u00fcber der Privatsph\u00e4re unserer Kunden und wenden strikte Protokolle an, um alle sensiblen Informationen zu sichern.<\/p>\n<h3 class=\"title-normal\">Ma\u00dfnahmen zur Vertraulichkeit<\/h3>\n<p>Verztec h\u00e4lt sich strikt an Geheimhaltungsvereinbarungen (NDAs), die mit externen Dienstleistern und Linguisten vor Beginn jedes Projekts abgeschlossen werden. Diese Vereinbarungen enthalten klare Klauseln, um sicherzustellen, dass alle Teammitglieder ihre Vertraulichkeitspflichten w\u00e4hrend und nach Abschluss des Projekts vollst\u00e4ndig verstehen und einhalten.<\/p>\n<p>Jeder unserer Linguisten arbeitet an einem dedizierten Desktop-Computer mit privatem Netzwerkpasswort, wodurch der Zugriff auf Projektdaten eingeschr\u00e4nkt wird. Kunden k\u00f6nnen sicher sein, dass ausschlie\u00dflich der zugewiesene \u00dcbersetzer und Korrektor ihre Dokumente bearbeiten.<\/p>\n<h3 class=\"title-normal\">Sichere Datenverwaltung<\/h3>\n<p>Alle Kundeninformationen und -daten werden sicher gespeichert und sind nur f\u00fcr autorisierte Zwecke von speziell ausgewiesenem Personal zug\u00e4nglich. Unsere Online-Aktivit\u00e4ten werden \u00fcber einen sicheren Server mit 128-Bit-SSL-Verschl\u00fcsselung \u00fcber HTTPS durchgef\u00fchrt, was dem Verschl\u00fcsselungsstandard f\u00fchrender globaler Finanzinstitute entspricht. Dadurch bleiben alle \u00fcber unsere Plattform \u00fcbermittelten Details und Dateien vertraulich und vor unbefugtem Zugriff gesch\u00fctzt.<\/p>\n<h3 class=\"title-normal\">Engagement f\u00fcr den Datenschutz<\/h3>\n<p>Verztec verfolgt eine strikte Richtlinie gegen den Verkauf oder die Weitergabe von Namenslisten oder pers\u00f6nlichen Daten an Drittorganisationen. Wir behandeln die Informationen unserer Kunden mit h\u00f6chster Vertraulichkeit und Integrit\u00e4t und stellen die Einhaltung internationaler Datenschutzstandards und -vorschriften sicher.<\/p>\n<p>Bei Verztec steht das Vertrauen und die Vertraulichkeit unserer Kunden an erster Stelle. Wir setzen robuste Sicherheitsma\u00dfnahmen und Protokolle ein, um sensible Informationen in jeder Phase unserer Zusammenarbeit zu sch\u00fctzen.<\/p>\n<p>Arbeiten Sie mit Verztec zusammen, um Sprachl\u00f6sungen zu erhalten, die Ihre Privatsph\u00e4re und Sicherheit priorisieren. Kontaktieren Sie uns unter <a href=\"mailto:enquiry@verztec.com\">enquiry@verztec.com<\/a>, um zu erfahren, wie wir Ihre Sprach- und Lokalisierungsanforderungen sicher und effektiv erf\u00fcllen k\u00f6nnen.<\/p>\n","protected":false},"excerpt":{"rendered":"<p>Verztec setzt strenge Ma\u00dfnahmen ein, um die Vertraulichkeit und Urheberrechte der Daten seiner Kunden zu sch\u00fctzen. Wir legen gro\u00dfen Wert auf unsere Verantwortung gegen\u00fcber der Privatsph\u00e4re unserer Kunden und wenden&hellip;<\/p>\n","protected":false},"author":1,"featured_media":2031,"parent":0,"menu_order":4,"comment_status":"closed","ping_status":"closed","template":"","meta":{"footnotes":""},"class_list":["post-885","page","type-page","status-publish","has-post-thumbnail","hentry"],"_links":{"self":[{"href":"https:\/\/www.verztec.com\/wp-json\/wp\/v2\/pages\/885"}],"collection":[{"href":"https:\/\/www.verztec.com\/wp-json\/wp\/v2\/pages"}],"about":[{"href":"https:\/\/www.verztec.com\/wp-json\/wp\/v2\/types\/page"}],"author":[{"embeddable":true,"href":"https:\/\/www.verztec.com\/wp-json\/wp\/v2\/users\/1"}],"replies":[{"embeddable":true,"href":"https:\/\/www.verztec.com\/wp-json\/wp\/v2\/comments?post=885"}],"version-history":[{"count":1,"href":"https:\/\/www.verztec.com\/wp-json\/wp\/v2\/pages\/885\/revisions"}],"predecessor-version":[{"id":2043,"href":"https:\/\/www.verztec.com\/wp-json\/wp\/v2\/pages\/885\/revisions\/2043"}],"wp:featuredmedia":[{"embeddable":true,"href":"https:\/\/www.verztec.com\/wp-json\/wp\/v2\/media\/2031"}],"wp:attachment":[{"href":"https:\/\/www.verztec.com\/wp-json\/wp\/v2\/media?parent=885"}],"curies":[{"name":"wp","href":"https:\/\/api.w.org\/{rel}","templated":true}]}}