{"id":897,"date":"2009-08-03T09:23:13","date_gmt":"2009-08-03T09:23:13","guid":{"rendered":"http:\/\/staging.verztec.com\/verztec\/video-localization-and-subtitling\/"},"modified":"2025-01-22T01:50:51","modified_gmt":"2025-01-22T01:50:51","slug":"video-localization-and-subtitling","status":"publish","type":"page","link":"https:\/\/www.verztec.com\/video-localization-and-subtitling","title":{"rendered":"Video-Lokalisierung und Untertitelung"},"content":{"rendered":"<p>In der heutigen digitalen \u00c4ra ist es f\u00fcr globale Unternehmen entscheidend, Videos zu nutzen, um effektiv mit vielf\u00e4ltigen Zielgruppen zu kommunizieren. Videos ziehen Aufmerksamkeit auf sich, vermitteln Botschaften mit Wirkung und hinterlassen bleibende Eindr\u00fccke. Bei Verztec sind wir auf Videolokalisierung und Untertitelungsdienste spezialisiert, die dazu beitragen, dass Ihre Inhalte \u00fcber Kulturen und Sprachen hinweg Resonanz finden und sicherstellen, dass Ihre Marke weltweit ihre Integrit\u00e4t und Wirksamkeit bewahrt.<\/p>\r\n<br \/>\r\n<h3>Warum Verztec f\u00fcr Videolokalisierung und Untertitelung w\u00e4hlen?<\/h3>\r\n<br \/>\r\n<p>Der Eintritt in internationale M\u00e4rkte erfordert mehr als nur sprachliche \u00dcbersetzung. Es bedarf kultureller Anpassung und Sensibilit\u00e4t, um sicherzustellen, dass Ihre Botschaft wie beabsichtigt aufgenommen wird. Unsere Dienstleistungen sind darauf ausgerichtet:<\/p>\r\n<p>Globale Kommunikation verbessern: Ob Sie multikulturelle Mitarbeiter schulen, globale Sponsoren einbinden oder weltweit mit Kunden kommunizieren \u2013 unsere Videolokalisierungsdienste sorgen daf\u00fcr, dass Ihre Inhalte kulturell relevant und sprachlich pr\u00e4zise sind.<\/p>\r\n<p>Professionelle Voice-Over-Dienste: W\u00e4hlen Sie aus einer Vielzahl von \u00fcber 12.000 Sprachproben in mehr als 100 Sprachen, bereitgestellt von unseren muttersprachlichen, vor Ort ans\u00e4ssigen Linguisten. Alternativ k\u00f6nnen Sie sich f\u00fcr unsere hochwertigen KI-Voice-Over-Dienste entscheiden, die eine schnelle und kosteng\u00fcnstige L\u00f6sung bieten. Unsere engagierten Lokalisierungsingenieure \u00fcberwachen den gesamten Prozess, um eine nahtlose Integration der audiovisuellen Elemente und ein perfektes Endprodukt zu gew\u00e4hrleisten.<\/p>\r\n<p>Umfassende Untertitelungsl\u00f6sungen: Unsere muttersprachlichen Experten verwenden hochmoderne Videobearbeitungssoftware, um kulturell und sprachlich pr\u00e4zise Untertitel hinzuzuf\u00fcgen. Strenge Qualit\u00e4tssicherungsprozesse gew\u00e4hrleisten pr\u00e4zises Timing und Platzierung, was die Professionalit\u00e4t und Zug\u00e4nglichkeit Ihrer Videos erh\u00f6ht.<\/p>\r\n<h4 class=\"title-normal\">Exzellenz im Voice-Over<\/h4>\r\n<p>Von Transkription und \u00dcbersetzung bis hin zu Postproduktions-Engineering sorgt unser akribischer Ansatz daf\u00fcr, dass jedes Voice-Over Ihre Videos nahtlos erg\u00e4nzt. Wir beseitigen Ablenkungen wie Atemger\u00e4usche und Hintergrundger\u00e4usche, w\u00e4hrend wir Klarheit und Ton verbessern, um ein professionelles Audioerlebnis zu liefern, das die Zuschauer fesselt.<\/p>\r\n<p><strong>Kunde: Subway<\/strong><\/p>\r\n<div class=\"language-service-video\">\r\n    <div class=\"language-service-video-item\"><a href=\"\/media\/video\/subway1.html\" target=\"_blank\" rel=\"noopener\"><img loading=\"lazy\" decoding=\"async\" src=\"https:\/\/www.verztec.com\/wp-content\/uploads\/2009\/08\/subway_eng.gif\" alt=\"Project Subway\" width=\"140\" height=\"117\" border=\"0\" \/><\/a><p>Original &#8211; Englisch<\/p><\/div>\r\n    <div class=\"language-service-video-item\"><a href=\"\/media\/video\/subway2.html\" target=\"_blank\" rel=\"noopener\"><img loading=\"lazy\" decoding=\"async\" src=\"https:\/\/www.verztec.com\/wp-content\/uploads\/2009\/08\/subway_SC.gif\" alt=\"Project Subway\" width=\"140\" height=\"117\" border=\"0\" \/><\/a><p>Chinesisches Voice-Over<\/p><\/div>\r\n    <div class=\"language-service-video-item\"><a href=\"\/media\/video\/subway3.html\" target=\"_blank\" rel=\"noopener\"><img loading=\"lazy\" decoding=\"async\" src=\"https:\/\/www.verztec.com\/wp-content\/uploads\/2009\/08\/subway_KR.gif\" alt=\"Project Subway\" width=\"140\" height=\"117\" border=\"0\" \/><\/a><p>Koreanisches Voice-Over<\/p><\/div>\r\n<\/div>\r\n<p><strong>Kunde: Grayling<\/strong><\/p>\r\n<div class=\"language-service-video\">\r\n    <div class=\"language-service-video-item\"><a href=\"\/media\/video\/grayling.html\" target=\"_blank\" rel=\"noopener\"> <img loading=\"lazy\" decoding=\"async\" src=\"https:\/\/www.verztec.com\/wp-content\/uploads\/2009\/08\/grayling.jpg\" alt=\"Project grayling\" width=\"140\" height=\"117\" border=\"0\" \/><\/a><p>Englisches Voice-Over<\/p><\/div>\r\n<\/div>\r\n<h4 class=\"title-normal\">Pr\u00e4zision bei Untertiteln<\/h4>\r\n<p>Ob Ihre Videos Untertitel f\u00fcr mehr Klarheit oder zur Einhaltung von Barrierefreiheitsstandards ben\u00f6tigen, unsere Experten sorgen daf\u00fcr, dass Untertitel pr\u00e4zise und effektiv hinzugef\u00fcgt werden. Wir optimieren die Lesbarkeit und das Engagement der Zuschauer, unabh\u00e4ngig davon, ob Ihr Video f\u00fcr Webplattformen oder gro\u00dfe Bildschirme bestimmt ist.<\/p>\r\n<h4 class=\"title-normal\">Die Wahl zwischen Voice-Over und Untertiteln<\/h4>\r\n<p>Ber\u00fccksichtigen Sie Ihr Verbreitungsmedium und die Vorlieben Ihres Publikums, wenn Sie sich zwischen Voice-Over und Untertiteln entscheiden. W\u00e4hrend Untertitel kosteneffizient und ideal f\u00fcr Webvideos sind, steigert Voice-Over das Zuschauerengagement, insbesondere bei hochaufl\u00f6senden Formaten und einem globalen Publikum.<\/p>\r\n<p><strong>Kunde: Hadeed<\/strong><\/p>\r\n<div class=\"language-service-video\">\r\n    <div class=\"language-service-video-item\"><a href=\"\/media\/video\/EN-Hadeed.html\" target=\"_blank\" rel=\"noopener\"><img loading=\"lazy\" decoding=\"async\" src=\"https:\/\/www.verztec.com\/wp-content\/uploads\/2009\/08\/hadeed_Eng.gif\" alt=\"Project Hadeed \" width=\"140\" height=\"112\" border=\"0\" \/><\/a><p>Original &#8211; Englisch<\/p><\/div>\r\n    <div class=\"language-service-video-item\"><a href=\"\/media\/video\/CHI-Hadeed.html\" target=\"_blank\" rel=\"noopener\"><img loading=\"lazy\" decoding=\"async\" src=\"https:\/\/www.verztec.com\/wp-content\/uploads\/2009\/08\/hadeed_SC.gif\" alt=\"Project Hadeed\" width=\"140\" height=\"112\" border=\"0\" \/><\/a><p>Chinesische Untertitel<\/p><\/div>\r\n    <div class=\"language-service-video-item\"><a href=\"\/media\/video\/KR-Hadeed.html\" target=\"_blank\" rel=\"noopener\"><img loading=\"lazy\" decoding=\"async\" src=\"https:\/\/www.verztec.com\/wp-content\/uploads\/2009\/08\/hadeed_KR.gif\" alt=\"Project Hadeed\" width=\"140\" height=\"112\" border=\"0\" \/><\/a><p>Koreanische Untertitel<\/p><\/div>\r\n<\/div>\r\n<p><strong>Kunde: ICSC<\/strong><\/p>\r\n<div class=\"language-service-video\">\r\n    <div class=\"language-service-video-item\"><a href=\"\/media\/video\/ICSC.html\" target=\"_blank\" rel=\"noopener\"> <img loading=\"lazy\" decoding=\"async\" src=\"https:\/\/www.verztec.com\/wp-content\/uploads\/2009\/08\/icsc_chi.gif\" alt=\"Project ICSC\" width=\"140\" height=\"117\" border=\"0\" \/><\/a><p>Chinesische Untertitel<\/p><\/div>\r\n<\/div>\r\n<p><strong>Kunde: IBM<\/strong><\/p>\r\n<div class=\"language-service-video\">\r\n    <div class=\"language-service-video-item\"><a href=\"\/media\/video\/IBM_jp.html\" target=\"_blank\" rel=\"noopener\"> <img loading=\"lazy\" decoding=\"async\" src=\"https:\/\/www.verztec.com\/wp-content\/uploads\/2009\/08\/ibm.jpg\" alt=\"Project IBM\" width=\"140\" height=\"117\" border=\"0\" \/><\/a><p>Japanische Untertitel<\/p><\/div>\r\n    <div class=\"language-service-video-item\"><a href=\"\/media\/video\/IBM_chi.html\" target=\"_blank\" rel=\"noopener\"> <img loading=\"lazy\" decoding=\"async\" src=\"https:\/\/www.verztec.com\/wp-content\/uploads\/2009\/08\/ibm.jpg\" alt=\"Project IBM\" width=\"140\" height=\"117\" border=\"0\" \/><\/a><p>Chinesische Untertitel<\/p><\/div>\r\n    <div class=\"language-service-video-item\"><a href=\"\/media\/video\/IBM_de.html\" target=\"_blank\" rel=\"noopener\"> <img loading=\"lazy\" decoding=\"async\" src=\"https:\/\/www.verztec.com\/wp-content\/uploads\/2009\/08\/ibm.jpg\" alt=\"Project IBM\" width=\"140\" height=\"117\" border=\"0\" \/><\/a><p>Deutsche Untertitel<\/p><\/div>\r\n    <div class=\"language-service-video-item\"><a href=\"\/media\/video\/IBM_fr.html\" target=\"_blank\" rel=\"noopener\"> <img loading=\"lazy\" decoding=\"async\" src=\"https:\/\/www.verztec.com\/wp-content\/uploads\/2009\/08\/ibm.jpg\" alt=\"Project IBM\" width=\"140\" height=\"117\" border=\"0\" \/><\/a><p>Franz\u00f6sische Untertitel<\/p><\/div>\r\n    <div class=\"language-service-video-item\"><a href=\"\/media\/video\/IBM_it.html\" target=\"_blank\" rel=\"noopener\"> <img loading=\"lazy\" decoding=\"async\" src=\"https:\/\/www.verztec.com\/wp-content\/uploads\/2009\/08\/ibm.jpg\" alt=\"Project IBM\" width=\"140\" height=\"117\" border=\"0\" \/><\/a><p>Italienische Untertitel<\/p><\/div>\r\n<\/div>\r\n<p><strong>Kunde: IHG<\/strong><\/p>\r\n<div class=\"language-service-video\">\r\n    <div class=\"language-service-video-item\"><a href=\"\/media\/video\/IHG_chi.html\" target=\"_blank\" rel=\"noopener\"> <img loading=\"lazy\" decoding=\"async\" src=\"https:\/\/www.verztec.com\/wp-content\/uploads\/2009\/08\/IHG.jpg\" alt=\"Project IHG\" width=\"140\" height=\"117\" border=\"0\" \/><\/a><p>Chinesische Untertitel<\/p><\/div>\r\n    <div class=\"language-service-video-item\"><a href=\"\/media\/video\/IHG_indo.html\" target=\"_blank\" rel=\"noopener\"> <img loading=\"lazy\" decoding=\"async\" src=\"https:\/\/www.verztec.com\/wp-content\/uploads\/2009\/08\/IHG.jpg\" alt=\"Project IHG\" width=\"140\" height=\"117\" border=\"0\" \/><\/a><p>Indonesische Untertitel<\/p><\/div>\r\n    <div class=\"language-service-video-item\"><a href=\"\/media\/video\/IHG_kr.html\" target=\"_blank\" rel=\"noopener\"> <img loading=\"lazy\" decoding=\"async\" src=\"https:\/\/www.verztec.com\/wp-content\/uploads\/2009\/08\/IHG.jpg\" alt=\"Project IHG\" width=\"140\" height=\"117\" border=\"0\" \/><\/a><p>Koreanische Untertitel<\/p><\/div>\r\n    <div class=\"language-service-video-item\"><a href=\"\/media\/video\/IHG_jp.html\" target=\"_blank\" rel=\"noopener\"> <img loading=\"lazy\" decoding=\"async\" src=\"https:\/\/www.verztec.com\/wp-content\/uploads\/2009\/08\/IHG.jpg\" alt=\"Project IHG\" width=\"140\" height=\"117\" border=\"0\" \/><\/a><p>Japanische Untertitel<\/p><\/div>\r\n    <div class=\"language-service-video-item\"><a href=\"\/media\/video\/IHG_malay.html\" target=\"_blank\" rel=\"noopener\"> <img loading=\"lazy\" decoding=\"async\" src=\"https:\/\/www.verztec.com\/wp-content\/uploads\/2009\/08\/IHG.jpg\" alt=\"Project IHG\" width=\"140\" height=\"117\" border=\"0\" \/><\/a><p>Malaysische Untertitel<\/p><\/div>\r\n<\/div>\r\n<div class=\"language-service-video\">\r\n    <div class=\"language-service-video-item\"><a href=\"\/media\/video\/IHG_HongKong.html\" target=\"_blank\" rel=\"noopener\"> <img loading=\"lazy\" decoding=\"async\" src=\"https:\/\/www.verztec.com\/wp-content\/uploads\/2009\/08\/IHG.jpg\" alt=\"Project IHG\" width=\"140\" height=\"117\" border=\"0\" \/><\/a><p>Kantonesische Untertitel (Hongkong)<\/p><\/div>\r\n    <div class=\"language-service-video-item\"><a href=\"\/media\/video\/IHG_tagalog.html\" target=\"_blank\" rel=\"noopener\"> <img loading=\"lazy\" decoding=\"async\" src=\"https:\/\/www.verztec.com\/wp-content\/uploads\/2009\/08\/IHG.jpg\" alt=\"Project IHG\" width=\"140\" height=\"117\" border=\"0\" \/><\/a><p>Tagalog-Untertitel<\/p><\/div>\r\n    <div class=\"language-service-video-item\"><a href=\"\/media\/video\/IHG_thai.html\" target=\"_blank\" rel=\"noopener\"> <img loading=\"lazy\" decoding=\"async\" src=\"https:\/\/www.verztec.com\/wp-content\/uploads\/2009\/08\/IHG.jpg\" alt=\"Project IHG\" width=\"140\" height=\"117\" border=\"0\" \/><\/a><p>Thail\u00e4ndische Untertitel<\/p><\/div>\r\n    <div class=\"language-service-video-item\"><a href=\"\/media\/video\/IHG_taiwan.html\" target=\"_blank\" rel=\"noopener\"> <img loading=\"lazy\" decoding=\"async\" src=\"https:\/\/www.verztec.com\/wp-content\/uploads\/2009\/08\/IHG.jpg\" alt=\"Project IHG\" width=\"140\" height=\"117\" border=\"0\" \/><\/a><p>Taiwanesische Untertitel<\/p><\/div>\r\n    <div class=\"language-service-video-item\"><a href=\"\/media\/video\/IHG_Vietnamese.html\" target=\"_blank\" rel=\"noopener\"> <img loading=\"lazy\" decoding=\"async\" src=\"https:\/\/www.verztec.com\/wp-content\/uploads\/2009\/08\/IHG.jpg\" alt=\"Project IHG\" width=\"140\" height=\"117\" border=\"0\" \/><\/a><p>Vietnamesische Untertitel<\/p><\/div>\r\n<\/div>\r\n<h4 class=\"title-normal\">Erfolgsgeschichten von Kunden<\/h4>\r\n<p>Schlie\u00dfen Sie sich f\u00fchrenden Marken wie Subway, IHG, IBM und Grayling an, die Verztec f\u00fcr ihre Bed\u00fcrfnisse im Bereich Videolokalisierung vertrauen. Erleben Sie den Wert gut produzierter Videos, die die Pr\u00e4senz und den Einfluss Ihrer Marke auf jedem Markt st\u00e4rken.<\/p>\r\n<br \/>\r\n<h3>Werden Sie Partner von Verztec<\/h3>\r\n<br \/>\r\n<p><strong>Bringen Sie Ihre globale Videostrategie mit der Expertise von Verztec in Sachen Videolokalisierung und Untertitelung auf die n\u00e4chste Stufe. Kontaktieren Sie uns noch heute unter <a href=\"mailto:enquiry@verztec.com\" target=\"_blank\" rel=\"noopener\">enquiry@verztec.com<\/a>, um Ihr Projekt zu besprechen und herauszufinden, wie wir Ihnen dabei helfen k\u00f6nnen, effektiv \u00fcber Sprachen und M\u00e4rkte hinweg zu informieren, zu bilden und zu kommunizieren.<\/strong><\/p>\r\n\r\n<hr style=\"margin-top: 20px; margin-bottom: 20px; border: 0; border-top: 1px solid #eee;\" \/>\n<p style=\"margin-bottom: 0;\">\n  <img decoding=\"async\" src=\"https:\/\/www.verztec.com\/wp-content\/images\/home\/more.png\" alt=\"\" \/>\n  &nbsp;<a href=\"https:\/\/www.verztec.com\/de\/language-services\/\" target=\"_blank\" rel=\"noopener\">Alle &#8220;Sprachdienste&#8221; anzeigen<\/a>\n<\/p>","protected":false},"excerpt":{"rendered":"<p>In der heutigen digitalen \u00c4ra ist es f\u00fcr globale Unternehmen entscheidend, Videos zu nutzen, um effektiv mit vielf\u00e4ltigen Zielgruppen zu kommunizieren. Videos ziehen Aufmerksamkeit auf sich, vermitteln Botschaften mit Wirkung&hellip;<\/p>\n","protected":false},"author":1,"featured_media":2018,"parent":0,"menu_order":18,"comment_status":"closed","ping_status":"closed","template":"","meta":{"footnotes":""},"class_list":["post-897","page","type-page","status-publish","has-post-thumbnail","hentry"],"_links":{"self":[{"href":"https:\/\/www.verztec.com\/wp-json\/wp\/v2\/pages\/897"}],"collection":[{"href":"https:\/\/www.verztec.com\/wp-json\/wp\/v2\/pages"}],"about":[{"href":"https:\/\/www.verztec.com\/wp-json\/wp\/v2\/types\/page"}],"author":[{"embeddable":true,"href":"https:\/\/www.verztec.com\/wp-json\/wp\/v2\/users\/1"}],"replies":[{"embeddable":true,"href":"https:\/\/www.verztec.com\/wp-json\/wp\/v2\/comments?post=897"}],"version-history":[{"count":6,"href":"https:\/\/www.verztec.com\/wp-json\/wp\/v2\/pages\/897\/revisions"}],"predecessor-version":[{"id":4002,"href":"https:\/\/www.verztec.com\/wp-json\/wp\/v2\/pages\/897\/revisions\/4002"}],"wp:featuredmedia":[{"embeddable":true,"href":"https:\/\/www.verztec.com\/wp-json\/wp\/v2\/media\/2018"}],"wp:attachment":[{"href":"https:\/\/www.verztec.com\/wp-json\/wp\/v2\/media?parent=897"}],"curies":[{"name":"wp","href":"https:\/\/api.w.org\/{rel}","templated":true}]}}