{"id":900,"date":"2009-08-03T09:32:16","date_gmt":"2009-08-03T09:32:16","guid":{"rendered":"http:\/\/staging.verztec.com\/verztec\/message-from-our-ceo\/"},"modified":"2025-01-22T00:54:57","modified_gmt":"2025-01-22T00:54:57","slug":"message-from-our-ceo","status":"publish","type":"page","link":"https:\/\/www.verztec.com\/message-from-our-ceo","title":{"rendered":"Nachricht von unserem Group CEO"},"content":{"rendered":"\r\n<style>.wp-block-image img {padding: 30px;}<\/style>\r\n\r\n\r\n<div class=\"wp-block-image\">\r\n<figure class=\"alignright nicholas\"><img loading=\"lazy\" decoding=\"async\" width=\"320\" height=\"480\" src=\"https:\/\/www.verztec.com\/wp-content\/uploads\/2009\/08\/ceo-1.jpg\" alt=\"Herr Nicholas Goh, CEO\" class=\"wp-image-898\" title=\"Herr Nicholas Goh, CEO\" srcset=\"https:\/\/www.verztec.com\/wp-content\/uploads\/2009\/08\/ceo-1.jpg 320w, https:\/\/www.verztec.com\/wp-content\/uploads\/2009\/08\/ceo-1-200x300.jpg 200w\" sizes=\"(max-width: 320px) 100vw, 320px\" \/><\/figure><\/div>\r\n\r\n\r\n<p>Hallo, ich bin Nicholas Goh, Group CEO von Verztec, und ich freue mich, dass Sie sich die Zeit nehmen, unsere Website zu erkunden.<\/p>\r\n\r\n\r\n\r\n<p>Zun\u00e4chst m\u00f6chte ich Gott f\u00fcr seine Gnade danken, die uns bis hierher gebracht hat. Im Laufe der Jahre hatten wir das Privileg, vielen Unternehmen dabei zu helfen, ihre Leistung durch innovative digitale L\u00f6sungen f\u00fcr regionale und globale Schulungsprogramme zu verbessern. Es ist uns eine gro\u00dfe Ehre, zu ihrem globalen Wachstum beitragen zu k\u00f6nnen. Viele unserer Kunden vertrauen darauf, dass wir ihre internen Schulungsprogramme, einschlie\u00dflich der Einarbeitung von Mitarbeitern, Risikomanagement und Compliance, Cybersicherheit und mehr, digitalisieren und pflegen. Unsere Managed Services erm\u00f6glichen es ihnen, diese Programme nahtlos als vollst\u00e4ndig digitale oder hybride L\u00f6sungen in mehreren Regionen bereitzustellen und zu betreiben.<\/p>\r\n\r\n\r\n\r\n<p>Seit unseren bescheidenen Anf\u00e4ngen im Jahr 2000 ist Verztec zu einem f\u00fchrenden Anbieter von hochwertigen Lern- und Sprachl\u00f6sungen geworden. Unser Hauptfokus lag stets darauf, talentierte Einzelpersonen zu bef\u00e4higen, au\u00dfergew\u00f6hnliche Arbeit zu leisten, die die Erwartungen unserer Kunden konsequent \u00fcbertrifft.<\/p>\r\n\r\n\r\n\r\n<p>Als ein Unternehmen, das sich der kontinuierlichen Innovation verschrieben hat, freuen wir uns, eine breite Palette von KI-gest\u00fctzten L\u00f6sungen anzubieten, darunter \u00dcbersetzungen, Transkriptionen und Sprachaufnahmen in \u00fcber 100 Sprachen. Diese KI-gest\u00fctzten Dienstleistungen verbessern die digitalen Ressourcen unserer Kunden in den Bereichen Marketing und Schulung und bieten sowohl Effizienz als auch Kosteneinsparungen. Wir verstehen jedoch, dass KI allein nicht immer die n\u00f6tigen Nuancen f\u00fcr eine einwandfreie Qualit\u00e4t erfassen kann. Deshalb kombinieren wir KI-L\u00f6sungen mit menschlicher Aufsicht \u2013 unsere professionellen Teams f\u00fchren gr\u00fcndliche \u00dcberpr\u00fcfungen und Bearbeitungen durch, um h\u00f6chste Qualit\u00e4t zu gew\u00e4hrleisten. Diese Kombination aus KI und menschlicher Expertise erm\u00f6glicht es uns, herausragende Dienstleistungen anzubieten und gleichzeitig die Kosten f\u00fcr unsere Kunden \u00fcberschaubar zu halten.<\/p>\r\n\r\n\r\n\r\n<p>Bei Verztec ist es unsere Mission, Unternehmen wie Ihres beim Wachstum zu unterst\u00fctzen und die Leistung auf internationalen M\u00e4rkten durch digitales Lernen und effektive Sprachdienstleistungen zu verbessern. Wir verstehen die Bedeutung von pr\u00e4zisen, p\u00fcnktlichen und kosteneffizienten L\u00f6sungen. Mit \u00fcber 10.000 qualifizierten Muttersprachlern in mehr als 50 L\u00e4ndern sorgen wir daf\u00fcr, dass Ihre Botschaften lokalisiert werden und wie Originalinhalte wirken \u2013 sorgf\u00e4ltig \u00fcberpr\u00fcft und bearbeitet \u2013 egal, wo Ihr Publikum sich befindet.<\/p>\r\n\r\n\r\n\r\n<p>Wir sind auch den engagierten Mitarbeitern, die sich uns im Laufe der Jahre angeschlossen haben, zutiefst dankbar. Ihr Engagement und ihre harte Arbeit haben ihnen wertvolle Erfahrungen verschafft, sie beruflich und pers\u00f6nlich wachsen lassen und ihre Karriere weiter vorangetrieben. Wir sind stolz darauf, ihnen eine Plattform zu bieten, auf der sie gedeihen k\u00f6nnen.<\/p>\r\n\r\n\r\n\r\n<p>Dar\u00fcber hinaus ist Verztec eine Plattform, die Gott nutzt, um Menschen zu verbinden, Kulturen zu \u00fcberbr\u00fccken und internationale Gesch\u00e4fte zu f\u00f6rdern. Wir sind dankbar f\u00fcr die vielen Gesch\u00e4ftspartner, mit denen wir das Privileg hatten, uns zu vernetzen, und denen wir geholfen haben, Allianzen zu bilden und ihre Gesch\u00e4ftst\u00e4tigkeit in unerwarteter Weise voranzutreiben.<\/p>\r\n\r\n\r\n\r\n<p>Unsere Vision ist es, ein weltweit anerkannter Partner zu sein, bekannt f\u00fcr qualitativ hochwertige Beratung und umfassende L\u00f6sungen. Wir arbeiten eng mit unseren Kunden zusammen und setzen uns voll daf\u00fcr ein, den bestm\u00f6glichen Mehrwert zu bieten. Dieses Engagement hat uns das Vertrauen unserer Kunden eingebracht, was sich in der wiederholten Zusammenarbeit mit zufriedenen Kunden widerspiegelt.<\/p>\r\n\r\n\r\n\r\n<p>Wir sind stolz auf unsere starken Unternehmenswerte, die uns auch in schwierigen Zeiten erfolgreich gemacht haben. Qualit\u00e4t, Integrit\u00e4t und Engagement f\u00fcr Exzellenz stehen im Mittelpunkt all unseres Handelns. Unser Erfolg basiert auf einer Kultur, die hochwertige Arbeit sch\u00e4tzt, unterst\u00fctzt durch die Infrastruktur und Expertise, die wir \u00fcber die Jahre entwickelt haben. Mit Verztec zu arbeiten bedeutet, pers\u00f6nliche Aufmerksamkeit f\u00fcr Ihre Projekte von Anfang bis Ende zu erhalten. Wir setzen uns daf\u00fcr ein, Ihre Bed\u00fcrfnisse zu verstehen und Ihnen zu helfen, Marktentwicklungen und Herausforderungen zu meistern. Unsere Kunden sch\u00e4tzen unseren kundenorientierten Ansatz und die Balance, gro\u00df genug zu sein, um vielf\u00e4ltige Anforderungen zu erf\u00fcllen, und gleichzeitig klein genug, um sich wirklich um ihr Gesch\u00e4ft zu k\u00fcmmern.<\/p>\r\n\r\n\r\n\r\n<p>Ich lade Sie ein, unsere Website zu erkunden, um mehr \u00fcber uns zu erfahren. Nochmals vielen Dank f\u00fcr Ihr Interesse. Wir freuen uns auf die Gelegenheit, bald mit Ihnen zusammenzuarbeiten.<\/p>\r\n\r\n\r\n\r\n<p><strong>Mit freundlichen Gr\u00fc\u00dfen,<\/strong><br>Nicholas Goh<br><\/p>\r\n\r\n\r\n","protected":false},"excerpt":{"rendered":"<p>Hallo, ich bin Nicholas Goh, Group CEO von Verztec, und ich freue mich, dass Sie sich die Zeit nehmen, unsere Website zu erkunden. Zun\u00e4chst m\u00f6chte ich Gott f\u00fcr seine Gnade&hellip;<\/p>\n","protected":false},"author":1,"featured_media":2024,"parent":0,"menu_order":20,"comment_status":"closed","ping_status":"closed","template":"","meta":{"footnotes":""},"class_list":["post-900","page","type-page","status-publish","has-post-thumbnail","hentry"],"_links":{"self":[{"href":"https:\/\/www.verztec.com\/wp-json\/wp\/v2\/pages\/900"}],"collection":[{"href":"https:\/\/www.verztec.com\/wp-json\/wp\/v2\/pages"}],"about":[{"href":"https:\/\/www.verztec.com\/wp-json\/wp\/v2\/types\/page"}],"author":[{"embeddable":true,"href":"https:\/\/www.verztec.com\/wp-json\/wp\/v2\/users\/1"}],"replies":[{"embeddable":true,"href":"https:\/\/www.verztec.com\/wp-json\/wp\/v2\/comments?post=900"}],"version-history":[{"count":7,"href":"https:\/\/www.verztec.com\/wp-json\/wp\/v2\/pages\/900\/revisions"}],"predecessor-version":[{"id":3994,"href":"https:\/\/www.verztec.com\/wp-json\/wp\/v2\/pages\/900\/revisions\/3994"}],"wp:featuredmedia":[{"embeddable":true,"href":"https:\/\/www.verztec.com\/wp-json\/wp\/v2\/media\/2024"}],"wp:attachment":[{"href":"https:\/\/www.verztec.com\/wp-json\/wp\/v2\/media?parent=900"}],"curies":[{"name":"wp","href":"https:\/\/api.w.org\/{rel}","templated":true}]}}