{"id":11,"date":"2009-06-17T03:26:12","date_gmt":"2009-06-17T03:26:12","guid":{"rendered":"http:\/\/staging.verztec.com\/verztec\/e-quote\/"},"modified":"2024-11-15T02:06:40","modified_gmt":"2024-11-15T02:06:40","slug":"e-quote","status":"publish","type":"page","link":"https:\/\/www.verztec.com\/e-quote","title":{"rendered":"Cotizaci\u00f3n electr\u00f3nica"},"content":{"rendered":"\r\n<p>\u00a1Bienvenido a nuestro formulario de cotizaci\u00f3n en l\u00ednea! Al completar este simple formulario, puede obtener una estimaci\u00f3n r\u00e1pida y precisa de nuestros servicios. Entendemos que cada proyecto es \u00fanico, por lo que ofrecemos soluciones personalizadas adaptadas a sus necesidades espec\u00edficas.<\/p>\r\n\r\n<p>Nuestro equipo de expertos est\u00e1 dedicado a brindar servicios de la m\u00e1s alta calidad que superen sus expectativas, ya sea que necesite servicios de interpretaci\u00f3n, traducci\u00f3n o localizaci\u00f3n. Con nuestro formulario de cotizaci\u00f3n en l\u00ednea, puede estar seguro de que est\u00e1 obteniendo un precio justo y transparente por el servicio excepcional que ofrecemos. No espere m\u00e1s, complete nuestro formulario de cotizaci\u00f3n ahora y perm\u00edtanos ayudarlo a lograr sus objetivos.<\/p>\r\n\r\n\r\n\n<div class=\"wpcf7 no-js\" id=\"wpcf7-f3258-o1\" lang=\"en-US\" dir=\"ltr\">\n<div class=\"screen-reader-response\"><p role=\"status\" aria-live=\"polite\" aria-atomic=\"true\"><\/p> <ul><\/ul><\/div>\n<form action=\"\/es\/wp-json\/wp\/v2\/pages\/11#wpcf7-f3258-o1\" method=\"post\" class=\"wpcf7-form init\" aria-label=\"Contact form\" enctype=\"multipart\/form-data\" novalidate=\"novalidate\" data-status=\"init\">\n<div style=\"display: none;\">\n<input type=\"hidden\" name=\"_wpcf7\" value=\"3258\" \/>\n<input type=\"hidden\" name=\"_wpcf7_version\" value=\"5.9.8\" \/>\n<input type=\"hidden\" name=\"_wpcf7_locale\" value=\"en_US\" \/>\n<input type=\"hidden\" name=\"_wpcf7_unit_tag\" value=\"wpcf7-f3258-o1\" \/>\n<input type=\"hidden\" name=\"_wpcf7_container_post\" value=\"0\" \/>\n<input type=\"hidden\" name=\"_wpcf7_posted_data_hash\" value=\"\" \/>\n<\/div>\n<div class=\"input-outer-wrapper\">\n\t<p class=\"input-wrapper\"><label> Nombre <span style=\"color: red\">*<\/span><\/label><span class=\"wpcf7-form-control-wrap\" data-name=\"your-name\"><input size=\"40\" maxlength=\"400\" class=\"wpcf7-form-control wpcf7-text wpcf7-validates-as-required\" autocomplete=\"name\" aria-required=\"true\" aria-invalid=\"false\" value=\"\" type=\"text\" name=\"your-name\" \/><\/span>\n\t<\/p>\n\t<p class=\"input-wrapper\"><label> Empresa <span style=\"color: red\">*<\/span><\/label><span class=\"wpcf7-form-control-wrap\" data-name=\"your-company\"><input size=\"40\" maxlength=\"400\" class=\"wpcf7-form-control wpcf7-text wpcf7-validates-as-required\" aria-required=\"true\" aria-invalid=\"false\" value=\"\" type=\"text\" name=\"your-company\" \/><\/span>\n\t<\/p>\n\t<p class=\"input-wrapper\"><label> Direcci\u00f3n <span style=\"color: red\">*<\/span><\/label><span class=\"wpcf7-form-control-wrap\" data-name=\"your-address\"><textarea cols=\"40\" rows=\"10\" maxlength=\"2000\" class=\"wpcf7-form-control wpcf7-textarea\" aria-invalid=\"false\" name=\"your-address\"><\/textarea><\/span>\n\t<\/p>\n\t<p class=\"input-wrapper\"><label> Seleccionar pa\u00eds <span style=\"color: red\">*<\/span><\/label><span class=\"wpcf7-form-control-wrap\" data-name=\"menu-611\"><select class=\"wpcf7-form-control wpcf7-select\" aria-invalid=\"false\" name=\"menu-611\"><option value=\"Afganist\u00e1n\">Afganist\u00e1n<\/option><option value=\"Albania\">Albania<\/option><option value=\"Argelia\">Argelia<\/option><option value=\"Andorra\">Andorra<\/option><option value=\"Angola\">Angola<\/option><option value=\"Antigua y Barbuda\">Antigua y Barbuda<\/option><option value=\"Argentina\">Argentina<\/option><option value=\"Armenia\">Armenia<\/option><option value=\"Australia\">Australia<\/option><option value=\"Austria\">Austria<\/option><option value=\"Azerbaiy\u00e1n\">Azerbaiy\u00e1n<\/option><option value=\"Bahamas\">Bahamas<\/option><option value=\"Bar\u00e9in\">Bar\u00e9in<\/option><option value=\"Bangladesh\">Bangladesh<\/option><option value=\"Barbados\">Barbados<\/option><option value=\"Bielorrusia\">Bielorrusia<\/option><option value=\"B\u00e9lgica\">B\u00e9lgica<\/option><option value=\"Belice\">Belice<\/option><option value=\"Ben\u00edn\">Ben\u00edn<\/option><option value=\"But\u00e1n\">But\u00e1n<\/option><option value=\"Bolivia\">Bolivia<\/option><option value=\"Bosnia y Herzegovina\">Bosnia y Herzegovina<\/option><option value=\"Botswana\">Botswana<\/option><option value=\"Brasil\">Brasil<\/option><option value=\"Brun\u00e9i\">Brun\u00e9i<\/option><option value=\"Bulgaria\">Bulgaria<\/option><option value=\"Burkina Faso\">Burkina Faso<\/option><option value=\"Burundi\">Burundi<\/option><option value=\"Cabo Verde\">Cabo Verde<\/option><option value=\"Camboya\">Camboya<\/option><option value=\"Camer\u00fan\">Camer\u00fan<\/option><option value=\"Canad\u00e1\">Canad\u00e1<\/option><option value=\"Rep\u00fablica Centroafricana\">Rep\u00fablica Centroafricana<\/option><option value=\"Chad\">Chad<\/option><option value=\"Chile\">Chile<\/option><option value=\"China\">China<\/option><option value=\"Colombia\">Colombia<\/option><option value=\"Comoras\">Comoras<\/option><option value=\"Congo (Congo-Brazzaville)\">Congo (Congo-Brazzaville)<\/option><option value=\"Costa Rica\">Costa Rica<\/option><option value=\"Croacia\">Croacia<\/option><option value=\"Cuba\">Cuba<\/option><option value=\"Chipre\">Chipre<\/option><option value=\"Rep\u00fablica Checa\">Rep\u00fablica Checa<\/option><option value=\"Dinamarca\">Dinamarca<\/option><option value=\"Yibuti\">Yibuti<\/option><option value=\"Dominica\">Dominica<\/option><option value=\"Rep\u00fablica Dominicana\">Rep\u00fablica Dominicana<\/option><option value=\"Ecuador\">Ecuador<\/option><option value=\"Egipto\">Egipto<\/option><option value=\"El Salvador\">El Salvador<\/option><option value=\"Guinea Ecuatorial\">Guinea Ecuatorial<\/option><option value=\"Eritrea\">Eritrea<\/option><option value=\"Estonia\">Estonia<\/option><option value=\"Esuatini\">Esuatini<\/option><option value=\"Etiop\u00eda\">Etiop\u00eda<\/option><option value=\"Fiyi\">Fiyi<\/option><option value=\"Finlandia\">Finlandia<\/option><option value=\"Francia\">Francia<\/option><option value=\"Gab\u00f3n\">Gab\u00f3n<\/option><option value=\"Gambia\">Gambia<\/option><option value=\"Georgia\">Georgia<\/option><option value=\"Alemania\">Alemania<\/option><option value=\"Ghana\">Ghana<\/option><option value=\"Grecia\">Grecia<\/option><option value=\"Granada\">Granada<\/option><option value=\"Guatemala\">Guatemala<\/option><option value=\"Guinea\">Guinea<\/option><option value=\"Guinea-Bis\u00e1u\">Guinea-Bis\u00e1u<\/option><option value=\"Guyana\">Guyana<\/option><option value=\"Hait\u00ed\">Hait\u00ed<\/option><option value=\"Honduras\">Honduras<\/option><option value=\"Hungr\u00eda\">Hungr\u00eda<\/option><option value=\"Islandia\">Islandia<\/option><option value=\"India\">India<\/option><option value=\"Indonesia\">Indonesia<\/option><option value=\"Ir\u00e1n\">Ir\u00e1n<\/option><option value=\"Irak\">Irak<\/option><option value=\"Irlanda\">Irlanda<\/option><option value=\"Israel\">Israel<\/option><option value=\"Italia\">Italia<\/option><option value=\"Jamaica\">Jamaica<\/option><option value=\"Jap\u00f3n\">Jap\u00f3n<\/option><option value=\"Jordania\">Jordania<\/option><option value=\"Kazajist\u00e1n\">Kazajist\u00e1n<\/option><option value=\"Kenia\">Kenia<\/option><option value=\"Kiribati\">Kiribati<\/option><option value=\"Corea del Norte\">Corea del Norte<\/option><option value=\"Corea del Sur\">Corea del Sur<\/option><option value=\"Kuwait\">Kuwait<\/option><option value=\"Kirguist\u00e1n\">Kirguist\u00e1n<\/option><option value=\"Laos\">Laos<\/option><option value=\"Letonia\">Letonia<\/option><option value=\"L\u00edbano\">L\u00edbano<\/option><option value=\"Lesoto\">Lesoto<\/option><option value=\"Liberia\">Liberia<\/option><option value=\"Libia\">Libia<\/option><option value=\"Liechtenstein\">Liechtenstein<\/option><option value=\"Lituania\">Lituania<\/option><option value=\"Luxemburgo\">Luxemburgo<\/option><option value=\"Madagascar\">Madagascar<\/option><option value=\"Malawi\">Malawi<\/option><option value=\"Malasia\">Malasia<\/option><option value=\"Maldivas\">Maldivas<\/option><option value=\"Mali\">Mali<\/option><option value=\"Malta\">Malta<\/option><option value=\"Islas Marshall\">Islas Marshall<\/option><option value=\"Mauritania\">Mauritania<\/option><option value=\"Mauricio\">Mauricio<\/option><option value=\"M\u00e9xico\">M\u00e9xico<\/option><option value=\"Micronesia\">Micronesia<\/option><option value=\"Moldavia\">Moldavia<\/option><option value=\"M\u00f3naco\">M\u00f3naco<\/option><option value=\"Mongolia\">Mongolia<\/option><option value=\"Montenegro\">Montenegro<\/option><option value=\"Marruecos\">Marruecos<\/option><option value=\"Mozambique\">Mozambique<\/option><option value=\"Birmania\">Birmania<\/option><option value=\"Namibia\">Namibia<\/option><option value=\"Nauru\">Nauru<\/option><option value=\"Nepal\">Nepal<\/option><option value=\"Pa\u00edses Bajos\">Pa\u00edses Bajos<\/option><option value=\"Nueva Zelanda\">Nueva Zelanda<\/option><option value=\"Nicaragua\">Nicaragua<\/option><option value=\"N\u00edger\">N\u00edger<\/option><option value=\"Nigeria\">Nigeria<\/option><option value=\"Macedonia del Norte\">Macedonia del Norte<\/option><option value=\"Noruega\">Noruega<\/option><option value=\"Om\u00e1n\">Om\u00e1n<\/option><option value=\"Pakist\u00e1n\">Pakist\u00e1n<\/option><option value=\"Palau\">Palau<\/option><option value=\"Estado de Palestina\">Estado de Palestina<\/option><option value=\"Panam\u00e1\">Panam\u00e1<\/option><option value=\"Pap\u00faa Nueva Guinea\">Pap\u00faa Nueva Guinea<\/option><option value=\"Paraguay\">Paraguay<\/option><option value=\"Per\u00fa\">Per\u00fa<\/option><option value=\"Filipinas\">Filipinas<\/option><option value=\"Polonia\">Polonia<\/option><option value=\"Portugal\">Portugal<\/option><option value=\"Catar\">Catar<\/option><option value=\"Ruman\u00eda\">Ruman\u00eda<\/option><option value=\"Rusia\">Rusia<\/option><option value=\"Ruanda\">Ruanda<\/option><option value=\"San Crist\u00f3bal y Nieves\">San Crist\u00f3bal y Nieves<\/option><option value=\"Santa Luc\u00eda\">Santa Luc\u00eda<\/option><option value=\"San Vicente y las Granadinas\">San Vicente y las Granadinas<\/option><option value=\"Samoa\">Samoa<\/option><option value=\"San Marino\">San Marino<\/option><option value=\"Santo Tom\u00e9 y Pr\u00edncipe\">Santo Tom\u00e9 y Pr\u00edncipe<\/option><option value=\"Arabia Saudita\">Arabia Saudita<\/option><option value=\"Senegal\">Senegal<\/option><option value=\"Serbia\">Serbia<\/option><option value=\"Seychelles\">Seychelles<\/option><option value=\"Sierra Leona\">Sierra Leona<\/option><option value=\"Singapur\" selected=\"selected\">Singapur<\/option><option value=\"Eslovaquia\">Eslovaquia<\/option><option value=\"Eslovenia\">Eslovenia<\/option><option value=\"Islas Salom\u00f3n\">Islas Salom\u00f3n<\/option><option value=\"Somalia\">Somalia<\/option><option value=\"Sud\u00e1frica\">Sud\u00e1frica<\/option><option value=\"Sud\u00e1n del Sur\">Sud\u00e1n del Sur<\/option><option value=\"Espa\u00f1a\">Espa\u00f1a<\/option><option value=\"Sri Lanka\">Sri Lanka<\/option><option value=\"Sud\u00e1n\">Sud\u00e1n<\/option><option value=\"Surinam\">Surinam<\/option><option value=\"Suecia\">Suecia<\/option><option value=\"Suiza\">Suiza<\/option><option value=\"Siria\">Siria<\/option><option value=\"Tayikist\u00e1n\">Tayikist\u00e1n<\/option><option value=\"Tanzania\">Tanzania<\/option><option value=\"Tailandia\">Tailandia<\/option><option value=\"Timor-Leste\">Timor-Leste<\/option><option value=\"Togo\">Togo<\/option><option value=\"Tonga\">Tonga<\/option><option value=\"Trinidad y Tobago\">Trinidad y Tobago<\/option><option value=\"T\u00fanez\">T\u00fanez<\/option><option value=\"Turqu\u00eda\">Turqu\u00eda<\/option><option value=\"Turkmenist\u00e1n\">Turkmenist\u00e1n<\/option><option value=\"Tuvalu\">Tuvalu<\/option><option value=\"Uganda\">Uganda<\/option><option value=\"Ucrania\">Ucrania<\/option><option value=\"Emiratos \u00c1rabes Unidos\">Emiratos \u00c1rabes Unidos<\/option><option value=\"Reino Unido\">Reino Unido<\/option><option value=\"Estados Unidos\">Estados Unidos<\/option><option value=\"Uruguay\">Uruguay<\/option><option value=\"Uzbekist\u00e1n\">Uzbekist\u00e1n<\/option><option value=\"Vanuatu\">Vanuatu<\/option><option value=\"Venezuela\">Venezuela<\/option><option value=\"Vietnam\">Vietnam<\/option><option value=\"Yemen\">Yemen<\/option><option value=\"Zambia\">Zambia<\/option><option value=\"Zimbabue\">Zimbabue<\/option><\/select><\/span>\n\t<\/p>\n\t<p class=\"input-wrapper\"><label> Direcci\u00f3n de correo electr\u00f3nico <span style=\"color: red\">*<\/span><\/label><span class=\"wpcf7-form-control-wrap\" data-name=\"email\"><input size=\"40\" maxlength=\"400\" class=\"wpcf7-form-control wpcf7-email wpcf7-validates-as-required wpcf7-text wpcf7-validates-as-email\" autocomplete=\"email\" aria-required=\"true\" aria-invalid=\"false\" value=\"\" type=\"email\" name=\"email\" \/><\/span>\n\t<\/p>\n\t<p class=\"input-wrapper\"><label> Tel\u00e9fono <span style=\"color: red\">*<\/span><\/label><span class=\"wpcf7-form-control-wrap\" data-name=\"tel-255\"><input size=\"40\" maxlength=\"400\" class=\"wpcf7-form-control wpcf7-tel wpcf7-validates-as-required wpcf7-text wpcf7-validates-as-tel\" aria-required=\"true\" aria-invalid=\"false\" value=\"\" type=\"tel\" name=\"tel-255\" \/><\/span>\n\t<\/p>\n\t<p class=\"input-wrapper\"><label> Tipo de servicio <span style=\"color: red\">*<\/span><\/label><span class=\"wpcf7-form-control-wrap\" data-name=\"your-service\"><input size=\"40\" maxlength=\"400\" class=\"wpcf7-form-control wpcf7-text wpcf7-validates-as-required\" aria-required=\"true\" aria-invalid=\"false\" value=\"\" type=\"text\" name=\"your-service\" \/><\/span>\n\t<\/p>\n\t<p class=\"input-wrapper\"><label> Urgencia del proyecto <span style=\"color: red\">*<\/span><\/label><span class=\"wpcf7-form-control-wrap\" data-name=\"menu-612\"><select class=\"wpcf7-form-control wpcf7-select\" aria-invalid=\"false\" name=\"menu-612\"><option value=\"\">&#8212;Please choose an option&#8212;<\/option><option value=\"Not Urgent\">Not Urgent<\/option><option value=\"Moderately Urgent\">Moderately Urgent<\/option><option value=\"Urgent\">Urgent<\/option><\/select><\/span>\n\t<\/p>\n\t<p class=\"input-wrapper\"><label> Adjuntar archivo(s) para el presupuesto<br \/>\n<strong> (El tama\u00f1o total del archivo no debe exceder los 5 MB) <\/strong> <\/label><span class=\"wpcf7-form-control-wrap\" data-name=\"file-293\"><input size=\"40\" class=\"wpcf7-form-control wpcf7-file\" accept=\".txt,.pdf,.xls,.xlsx,.doc,.docx,.csv,.jpg,.jpeg,.png,.gif\" aria-invalid=\"false\" type=\"file\" name=\"file-293\" \/><\/span>\n\t<\/p>\n\t<p class=\"input-wrapper\"><label> Mensaje <span style=\"color: red\">*<\/span><\/label><span class=\"wpcf7-form-control-wrap\" data-name=\"your-message\"><textarea cols=\"40\" rows=\"10\" maxlength=\"2000\" class=\"wpcf7-form-control wpcf7-textarea\" aria-invalid=\"false\" name=\"your-message\"><\/textarea><\/span>\n\t<\/p>\n\t<p class=\"input-wrapper\"><label> \u00bfC\u00f3mo se enter\u00f3 de nosotros? <span style=\"color: red\">*<\/span><\/label><span class=\"wpcf7-form-control-wrap\" data-name=\"menu-407\"><select class=\"wpcf7-form-control wpcf7-select\" aria-invalid=\"false\" name=\"menu-407\"><option value=\"Publicidad\">Publicidad<\/option><option value=\"Marketing directo\">Marketing directo<\/option><option value=\"Eventos\">Eventos<\/option><option value=\"Revistas\">Revistas<\/option><option value=\"Medios\">Medios<\/option><option value=\"Otros\">Otros<\/option><option value=\"Recomendaciones\">Recomendaciones<\/option><option value=\"Marketing en motores de b\u00fasqueda\">Marketing en motores de b\u00fasqueda<\/option><option value=\"Otros eventos\">Otros eventos<\/option><option value=\"N\/A\">N\/A<\/option><\/select><\/span>\n\t<\/p>\n\t<p><strong>Importante<\/strong>\n\t<\/p>\n\t<ul>\n\t\t<li>\n\t\t\t<p>Para archivos de m\u00e1s de 5 MB, por favor ind\u00edquelo en \"Informaci\u00f3n adicional\". Le daremos instrucciones sobre c\u00f3mo transferir los archivos para la cotizaci\u00f3n.\n\t\t\t<\/p>\n\t\t<\/li>\n\t\t<li>\n\t\t\t<p>Para enviar varios archivos para el presupuesto, por favor compr\u00edmalos y suba como un solo archivo para una transmisi\u00f3n m\u00e1s r\u00e1pida.\n\t\t\t<\/p>\n\t\t<\/li>\n\t<\/ul>\n\t<p><span class=\"wpcf7-form-control-wrap\" data-name=\"hcap-cf7\">\t\t<input\n\t\t\t\ttype=\"hidden\"\n\t\t\t\tclass=\"hcaptcha-widget-id\"\n\t\t\t\tname=\"hcaptcha-widget-id\"\n\t\t\t\tvalue=\"eyJzb3VyY2UiOlsiY29udGFjdC1mb3JtLTdcL3dwLWNvbnRhY3QtZm9ybS03LnBocCJdLCJmb3JtX2lkIjo4NX0=-8b4864788883f0a65580fc5d47a4ba6d\">\n\t\t\t\t<span id=\"hcap_cf7-69f4e7bac31c41.09319878\" class=\"wpcf7-form-control h-captcha \"\n\t\t\t\tdata-sitekey=\"18cfd502-441f-4511-85b3-bd4c064765a1\"\n\t\t\t\tdata-theme=\"light\"\n\t\t\t\tdata-size=\"normal\"\n\t\t\t\tdata-auto=\"false\"\n\t\t\t\tdata-force=\"false\">\n\t\t<\/span>\n\t\t<input type=\"hidden\" id=\"_wpnonce\" name=\"_wpnonce\" value=\"b19b670f83\" \/><input type=\"hidden\" name=\"_wp_http_referer\" value=\"\/es\/wp-json\/wp\/v2\/pages\/11\" \/><\/span><input type=\"reset\" value=\"Restablecer\" \/> &nbsp; <input class=\"wpcf7-form-control wpcf7-submit has-spinner\" type=\"submit\" value=\"Enviar\" \/>\n\t<\/p>\n<\/div><div class=\"wpcf7-response-output\" aria-hidden=\"true\"><\/div>\n<\/form>\n<\/div>\n\n\r\n\r\n\r\n<p><\/p>\r\n","protected":false},"excerpt":{"rendered":"<p>\u00a1Bienvenido a nuestro formulario de cotizaci\u00f3n en l\u00ednea! Al completar este simple formulario, puede obtener una estimaci\u00f3n r\u00e1pida y precisa de nuestros servicios. Entendemos que cada proyecto es \u00fanico, por&hellip;<\/p>\n","protected":false},"author":1,"featured_media":2082,"parent":0,"menu_order":16,"comment_status":"closed","ping_status":"closed","template":"","meta":{"footnotes":""},"class_list":["post-11","page","type-page","status-publish","has-post-thumbnail","hentry"],"_links":{"self":[{"href":"https:\/\/www.verztec.com\/wp-json\/wp\/v2\/pages\/11"}],"collection":[{"href":"https:\/\/www.verztec.com\/wp-json\/wp\/v2\/pages"}],"about":[{"href":"https:\/\/www.verztec.com\/wp-json\/wp\/v2\/types\/page"}],"author":[{"embeddable":true,"href":"https:\/\/www.verztec.com\/wp-json\/wp\/v2\/users\/1"}],"replies":[{"embeddable":true,"href":"https:\/\/www.verztec.com\/wp-json\/wp\/v2\/comments?post=11"}],"version-history":[{"count":8,"href":"https:\/\/www.verztec.com\/wp-json\/wp\/v2\/pages\/11\/revisions"}],"predecessor-version":[{"id":3120,"href":"https:\/\/www.verztec.com\/wp-json\/wp\/v2\/pages\/11\/revisions\/3120"}],"wp:featuredmedia":[{"embeddable":true,"href":"https:\/\/www.verztec.com\/wp-json\/wp\/v2\/media\/2082"}],"wp:attachment":[{"href":"https:\/\/www.verztec.com\/wp-json\/wp\/v2\/media?parent=11"}],"curies":[{"name":"wp","href":"https:\/\/api.w.org\/{rel}","templated":true}]}}