{"id":1436,"date":"2009-11-18T11:06:23","date_gmt":"2009-11-18T11:06:23","guid":{"rendered":"http:\/\/staging.verztec.com\/verztec\/why-verztec\/"},"modified":"2024-10-02T01:34:17","modified_gmt":"2024-10-02T01:34:17","slug":"why-verztec","status":"publish","type":"page","link":"https:\/\/www.verztec.com\/why-verztec","title":{"rendered":"\u00bfPor qu\u00e9 elegir Verztec?"},"content":{"rendered":"<h3 class=\"title-normal\">\u00bfPor qu\u00e9 elegir Verztec como su socio global preferido? Aqu\u00ed tiene 10 razones:<\/h3>\n<p><strong>(1) Experiencia en aprendizaje digital:<\/strong><\/p>\n<p>Verztec destaca en soluciones de aprendizaje digital, ofreciendo plataformas LMS personalizables, contenido de formaci\u00f3n con licencia listo para usar y servicios de digitalizaci\u00f3n de eLearning adaptados a los programas de formaci\u00f3n interna en diversos sectores.<\/p>\n<p><strong>(2) eLearning multiling\u00fce:<\/strong><\/p>\n<p>Estamos especializados en traducir y localizar contenido de eLearning en m\u00faltiples idiomas, asegurando la accesibilidad global y la eficacia de sus materiales de formaci\u00f3n.<\/p>\n<p><strong>(3) Amplia gama de servicios:<\/strong><\/p>\n<p>Desde traducci\u00f3n y transcripci\u00f3n hasta interpretaci\u00f3n presencial, publicaci\u00f3n de escritorio, doblaje y localizaci\u00f3n web\/multimedia, Verztec ofrece un espectro completo de servicios relacionados con el lenguaje.<\/p>\n<p><strong>(4) Certificaci\u00f3n ISO 9001:<\/strong><\/p>\n<p>Como empresa certificada por ISO 9001, mantenemos estrictos est\u00e1ndares de calidad para ofrecer resultados consistentes y de alta calidad que satisfagan las necesidades de organizaciones globales.<\/p>\n<p><strong>(5) Talento ling\u00fc\u00edstico de primer nivel:<\/strong><\/p>\n<p>Nuestros traductores, seleccionados por su experiencia y conocimiento espec\u00edfico del sector, garantizan traducciones precisas y culturalmente sensibles que resuenan con audiencias diversas en todo el mundo.<\/p>\n<p><strong>(6) Gesti\u00f3n avanzada de proveedores:<\/strong><\/p>\n<p>Mediante un robusto sistema de gesti\u00f3n de proveedores, evaluamos y supervisamos continuamente el desempe\u00f1o de nuestros ling\u00fcistas, garantizando una calidad y fiabilidad excepcionales.<\/p>\n<p><strong>(7) Consistencia terminol\u00f3gica:<\/strong><\/p>\n<p>Con software propietario, aseguramos la precisi\u00f3n terminol\u00f3gica y las preferencias estil\u00edsticas en todos los proyectos, mejorando la claridad y la coherencia en su comunicaci\u00f3n global.<\/p>\n<p><strong>(8) Relaci\u00f3n a largo plazo:<\/strong><\/p>\n<p>Verztec se compromete a construir relaciones duraderas con los clientes, ofreciendo apoyo continuo y aprovechando nuestra red global de expertos ling\u00fc\u00edsticos y t\u00e9cnicos.<\/p>\n<p><strong>(9) Confidencialidad y seguridad:<\/strong><\/p>\n<p>Damos prioridad a la confidencialidad y seguridad de sus datos, garantizando el cumplimiento estricto de los derechos de propiedad intelectual y las normativas de privacidad.<\/p>\n<p><strong>(10) Gesti\u00f3n de proyectos transparente:<\/strong><\/p>\n<p>Con un compromiso con la transparencia y la integridad, Verztec ofrece visibilidad completa del estado de los proyectos, los problemas y las proyecciones a lo largo de nuestra colaboraci\u00f3n.<\/p>\n<p>Colabore con Verztec hoy mismo para aprovechar nuestra experiencia en soluciones de aprendizaje digital y servicios ling\u00fc\u00edsticos integrales. Cont\u00e1ctenos en <a href=\"mailto:enquiry@verztec.com\">enquiry@verztec.com<\/a> para discutir c\u00f3mo podemos apoyar eficazmente sus necesidades de comunicaci\u00f3n y formaci\u00f3n global.<\/p>\n","protected":false},"excerpt":{"rendered":"<p>\u00bfPor qu\u00e9 elegir Verztec como su socio global preferido? Aqu\u00ed tiene 10 razones: (1) Experiencia en aprendizaje digital: Verztec destaca en soluciones de aprendizaje digital, ofreciendo plataformas LMS personalizables, contenido&hellip;<\/p>\n","protected":false},"author":1,"featured_media":2031,"parent":0,"menu_order":1,"comment_status":"closed","ping_status":"closed","template":"","meta":{"footnotes":""},"class_list":["post-1436","page","type-page","status-publish","has-post-thumbnail","hentry"],"_links":{"self":[{"href":"https:\/\/www.verztec.com\/wp-json\/wp\/v2\/pages\/1436"}],"collection":[{"href":"https:\/\/www.verztec.com\/wp-json\/wp\/v2\/pages"}],"about":[{"href":"https:\/\/www.verztec.com\/wp-json\/wp\/v2\/types\/page"}],"author":[{"embeddable":true,"href":"https:\/\/www.verztec.com\/wp-json\/wp\/v2\/users\/1"}],"replies":[{"embeddable":true,"href":"https:\/\/www.verztec.com\/wp-json\/wp\/v2\/comments?post=1436"}],"version-history":[{"count":1,"href":"https:\/\/www.verztec.com\/wp-json\/wp\/v2\/pages\/1436\/revisions"}],"predecessor-version":[{"id":2032,"href":"https:\/\/www.verztec.com\/wp-json\/wp\/v2\/pages\/1436\/revisions\/2032"}],"wp:featuredmedia":[{"embeddable":true,"href":"https:\/\/www.verztec.com\/wp-json\/wp\/v2\/media\/2031"}],"wp:attachment":[{"href":"https:\/\/www.verztec.com\/wp-json\/wp\/v2\/media?parent=1436"}],"curies":[{"name":"wp","href":"https:\/\/api.w.org\/{rel}","templated":true}]}}