{"id":1439,"date":"2010-02-08T08:55:48","date_gmt":"2010-02-08T08:55:48","guid":{"rendered":"http:\/\/staging.verztec.com\/verztec\/automotive\/"},"modified":"2025-02-03T08:28:43","modified_gmt":"2025-02-03T08:28:43","slug":"automotive","status":"publish","type":"page","link":"https:\/\/www.verztec.com\/automotive","title":{"rendered":"Automotriz"},"content":{"rendered":"<p>La industria automotriz est\u00e1 evolucionando r\u00e1pidamente, integrando nuevas tecnolog\u00edas como los veh\u00edculos el\u00e9ctricos (VE) y el gas natural comprimido (GNC) para mejorar el rendimiento y reducir la huella de carbono, al mismo tiempo que se mejoran los est\u00e1ndares de seguridad.<\/p>\r\n<p>Para mantenerse a la vanguardia en el sector automotriz, se requiere una innovaci\u00f3n continua para satisfacer las diversas demandas del mercado y las preferencias de los consumidores en todo el mundo. \u00bfC\u00f3mo puede crear productos excepcionales que resuenen en diferentes regiones? La localizaci\u00f3n es clave.<\/p>\r\n<p>Verztec se especializa en la localizaci\u00f3n de manuales t\u00e9cnicos, manuales de propietario, folletos de marketing y contenido web para diversas regiones, destacando su marca en los mercados globales competitivos. Nuestras avanzadas herramientas de memoria de traducci\u00f3n y expertos en el sector automotriz aseguran una gesti\u00f3n precisa de la terminolog\u00eda y la jerga espec\u00edfica de la industria, manteniendo la coherencia y la claridad.<\/p>\r\n<p>Las capacidades de Verztec abarcan una gama completa de documentos esenciales para la industria automotriz, incluidas campa\u00f1as de ventas y marketing, folletos de gama de productos, materiales de capacitaci\u00f3n en ventas\/servicio al cliente, manuales t\u00e9cnicos, boletines diagn\u00f3sticos, garant\u00edas y sistemas CRM de concesionarios.<\/p>\r\n<p>M\u00e1s all\u00e1 de la localizaci\u00f3n tradicional, Verztec apoya a las empresas automotrices en iniciativas de aprendizaje digital. Nos destacamos en convertir programas de formaci\u00f3n en m\u00f3dulos en l\u00ednea y desplegar sistemas de gesti\u00f3n del aprendizaje (LMS) para la implementaci\u00f3n efectiva de capacitaci\u00f3n regional o global. Ya sea que necesite traducci\u00f3n precisa de documentos o soluciones innovadoras de aprendizaje digital, Verztec ofrece una fuente flexible y completa para sus necesidades en la industria automotriz.<\/p>\r\n<p>Nuestro compromiso con la calidad y la relevancia cultural asegura que su contenido resuene eficazmente en los mercados internacionales, facilitando la entrada al mercado y la excelencia operativa.<\/p>\r\n<p>Descubra c\u00f3mo Verztec puede mejorar su estrategia global en la industria automotriz. Cont\u00e1ctenos hoy para explorar nuestra gama completa de servicios y soluciones innovadoras.<\/p>\r\n\r\n<hr style=\"margin-top: 20px; margin-bottom: 20px; border: 0; border-top: 1px solid #eee;\" \/>\n<p style=\"margin-bottom: 0;\"><a href=\"https:\/\/www.verztec.com\/es\/testimonials\/\" target=\"_blank\" rel=\"noopener\">Testimonios de Clientes<\/a> &nbsp; : \u00a1Lea lo que nuestros clientes dicen sobre nosotros!<\/p>\n<p><a href=\"https:\/\/www.verztec.com\/es\/clients\/\" target=\"_blank\" rel=\"noopener\">Nuestros Valiosos Clientes<\/a> &nbsp; : Vea la lista de nuestros estimados clientes.<\/p>\n\r\n","protected":false},"excerpt":{"rendered":"<p>La industria automotriz est\u00e1 evolucionando r\u00e1pidamente, integrando nuevas tecnolog\u00edas como los veh\u00edculos el\u00e9ctricos (VE) y el gas natural comprimido (GNC) para mejorar el rendimiento y reducir la huella de carbono,&hellip;<\/p>\n","protected":false},"author":1,"featured_media":4027,"parent":0,"menu_order":22,"comment_status":"closed","ping_status":"closed","template":"","meta":{"footnotes":""},"class_list":["post-1439","page","type-page","status-publish","has-post-thumbnail","hentry"],"_links":{"self":[{"href":"https:\/\/www.verztec.com\/wp-json\/wp\/v2\/pages\/1439"}],"collection":[{"href":"https:\/\/www.verztec.com\/wp-json\/wp\/v2\/pages"}],"about":[{"href":"https:\/\/www.verztec.com\/wp-json\/wp\/v2\/types\/page"}],"author":[{"embeddable":true,"href":"https:\/\/www.verztec.com\/wp-json\/wp\/v2\/users\/1"}],"replies":[{"embeddable":true,"href":"https:\/\/www.verztec.com\/wp-json\/wp\/v2\/comments?post=1439"}],"version-history":[{"count":3,"href":"https:\/\/www.verztec.com\/wp-json\/wp\/v2\/pages\/1439\/revisions"}],"predecessor-version":[{"id":3151,"href":"https:\/\/www.verztec.com\/wp-json\/wp\/v2\/pages\/1439\/revisions\/3151"}],"wp:featuredmedia":[{"embeddable":true,"href":"https:\/\/www.verztec.com\/wp-json\/wp\/v2\/media\/4027"}],"wp:attachment":[{"href":"https:\/\/www.verztec.com\/wp-json\/wp\/v2\/media?parent=1439"}],"curies":[{"name":"wp","href":"https:\/\/api.w.org\/{rel}","templated":true}]}}