{"id":1440,"date":"2010-02-08T08:59:02","date_gmt":"2010-02-08T08:59:02","guid":{"rendered":"http:\/\/staging.verztec.com\/verztec\/travel-and-hospitality\/"},"modified":"2025-02-03T08:31:07","modified_gmt":"2025-02-03T08:31:07","slug":"travel-and-hospitality","status":"publish","type":"page","link":"https:\/\/www.verztec.com\/travel-and-hospitality","title":{"rendered":"Viajes y Hospitalidad"},"content":{"rendered":"<p>La industria de viajes y hospitalidad es un pilar del comercio global, sirviendo como un v\u00ednculo vital para conectar personas y culturas alrededor del mundo. Desde resorts de lujo hasta alojamientos econ\u00f3micos, y desde aerol\u00edneas internacionales hasta operadores tur\u00edsticos locales, esta din\u00e1mica industria satisface las preferencias y demandas de los viajeros diversos.<\/p>\r\n<p>A medida que el viaje global sigue creciendo, tambi\u00e9n lo hace la necesidad de una comunicaci\u00f3n efectiva a trav\u00e9s de barreras ling\u00fc\u00edsticas y culturales. Las empresas de viajes y hospitalidad deben proporcionar experiencias sin fisuras a los hu\u00e9spedes de diferentes partes del mundo, asegurando que sus mensajes resuenen de manera aut\u00e9ntica con cada audiencia.<\/p>\r\n<p>En medio del panorama competitivo, las empresas en este sector est\u00e1n aprovechando tecnolog\u00edas avanzadas y estrategias de marketing innovadoras para mantenerse a la vanguardia. Muchas est\u00e1n expandi\u00e9ndose a nuevos mercados internacionales, lo que requiere la adaptaci\u00f3n de materiales de marketing y documentos operativos a idiomas y costumbres locales.<\/p>\r\n<p>Verztec se especializa en proporcionar soluciones completas de traducci\u00f3n y localizaci\u00f3n adaptadas a la industria de viajes y hospitalidad. Nuestro equipo de traductores experimentados y expertos en localizaci\u00f3n asegura que su contenido se traduzca con precisi\u00f3n y se adapte culturalmente para mejorar la satisfacci\u00f3n de los hu\u00e9spedes y la lealtad a la marca en los mercados globales.<\/p>\r\n<p>Las capacidades de Verztec abarcan una amplia gama de documentos clave para la industria de viajes y hospitalidad:<\/p>\r\n<ul>\r\n<li><b>Folletos de hoteles y resorts<\/b><\/li>\r\n<li><b>Gu\u00edas de viaje e informaci\u00f3n sobre destinos<\/b><\/li>\r\n<li><b>Plataformas de reservas y sistemas de reservas<\/b><\/li>\r\n<li><b>Servicios y comodidades para hu\u00e9spedes<\/b><\/li>\r\n<li><b>Campa\u00f1as de marketing (impresas, digitales, redes sociales)<\/b><\/li>\r\n<li><b>Materiales para eventos y conferencias<\/b><\/li>\r\n<li><b>Manuales de formaci\u00f3n para personal<\/b><\/li>\r\n<li><b>Comunicaci\u00f3n corporativa<\/b><\/li>\r\n<li><b>Localizaci\u00f3n de sitios web<\/b><\/li>\r\n<li><b>Soporte al cliente multiling\u00fce<\/b><\/li>\r\n<\/ul>\r\n<p>Adem\u00e1s de los servicios tradicionales de traducci\u00f3n, Verztec ofrece avanzadas soluciones de aprendizaje digital adaptadas a las necesidades \u00fanicas del sector de viajes y hospitalidad. Estas soluciones facilitan la capacitaci\u00f3n del personal, mejoran la entrega de servicio al cliente y aseguran una comunicaci\u00f3n coherente de la marca a trav\u00e9s de diversas operaciones globales.<\/p>\r\n<p>As\u00f3ciate con Verztec para optimizar tus estrategias de comunicaci\u00f3n global, mejorar la experiencia de los hu\u00e9spedes y lograr la excelencia operativa en la competitiva industria de viajes y hospitalidad. Cont\u00e1ctanos hoy mismo para descubrir c\u00f3mo nuestros servicios especializados pueden apoyar el crecimiento y \u00e9xito de tu empresa en la escena global.<\/p>\r\n\r\n<hr style=\"margin-top: 20px; margin-bottom: 20px; border: 0; border-top: 1px solid #eee;\" \/>\n<p style=\"margin-bottom: 0;\"><a href=\"https:\/\/www.verztec.com\/es\/testimonials\/\" target=\"_blank\" rel=\"noopener\">Testimonios de Clientes<\/a> &nbsp; : \u00a1Lea lo que nuestros clientes dicen sobre nosotros!<\/p>\n<p><a href=\"https:\/\/www.verztec.com\/es\/clients\/\" target=\"_blank\" rel=\"noopener\">Nuestros Valiosos Clientes<\/a> &nbsp; : Vea la lista de nuestros estimados clientes.<\/p>\n\r\n","protected":false},"excerpt":{"rendered":"<p>La industria de viajes y hospitalidad es un pilar del comercio global, sirviendo como un v\u00ednculo vital para conectar personas y culturas alrededor del mundo. Desde resorts de lujo hasta&hellip;<\/p>\n","protected":false},"author":1,"featured_media":4027,"parent":0,"menu_order":21,"comment_status":"closed","ping_status":"closed","template":"","meta":{"footnotes":""},"class_list":["post-1440","page","type-page","status-publish","has-post-thumbnail","hentry"],"_links":{"self":[{"href":"https:\/\/www.verztec.com\/wp-json\/wp\/v2\/pages\/1440"}],"collection":[{"href":"https:\/\/www.verztec.com\/wp-json\/wp\/v2\/pages"}],"about":[{"href":"https:\/\/www.verztec.com\/wp-json\/wp\/v2\/types\/page"}],"author":[{"embeddable":true,"href":"https:\/\/www.verztec.com\/wp-json\/wp\/v2\/users\/1"}],"replies":[{"embeddable":true,"href":"https:\/\/www.verztec.com\/wp-json\/wp\/v2\/comments?post=1440"}],"version-history":[{"count":2,"href":"https:\/\/www.verztec.com\/wp-json\/wp\/v2\/pages\/1440\/revisions"}],"predecessor-version":[{"id":2872,"href":"https:\/\/www.verztec.com\/wp-json\/wp\/v2\/pages\/1440\/revisions\/2872"}],"wp:featuredmedia":[{"embeddable":true,"href":"https:\/\/www.verztec.com\/wp-json\/wp\/v2\/media\/4027"}],"wp:attachment":[{"href":"https:\/\/www.verztec.com\/wp-json\/wp\/v2\/media?parent=1440"}],"curies":[{"name":"wp","href":"https:\/\/api.w.org\/{rel}","templated":true}]}}