{"id":1451,"date":"2010-08-26T02:33:13","date_gmt":"2010-08-26T02:33:13","guid":{"rendered":"http:\/\/staging.verztec.com\/verztec\/media-release\/"},"modified":"2025-03-18T07:20:41","modified_gmt":"2025-03-18T07:20:41","slug":"media-release","status":"publish","type":"page","link":"https:\/\/www.verztec.com\/media-release","title":{"rendered":"Comunicado de Prensa"},"content":{"rendered":"<p>Verztec se dedica a fomentar la transparencia y la comunicaci\u00f3n con nuestros grupos de inter\u00e9s. Nuestra p\u00e1gina de comunicados de prensa ofrece actualizaciones oportunas sobre noticias de la empresa, eventos e iniciativas. Como participante activo en conferencias de la industria y l\u00edder en soluciones digitales y localizaci\u00f3n, nos esforzamos por mantener a nuestra audiencia informada sobre nuestras contribuciones continuas al mercado global. Mant\u00e9ngase conectado con nosotros para conocer m\u00e1s sobre nuestros \u00faltimos logros y futuros proyectos.<\/p>\n<p><em style=\"color: #000; font-weight: normal;\">14 de abril de 2020<\/em><\/p>\n<p><a style=\"text-decoration: none;\" title=\"Aproveche este tiempo para construir un poderoso caballo de Troya digital (The Business Times)\" href=\"https:\/\/www.businesstimes.com.sg\/sme\/use-this-time-to-build-powerful-digital-trojan-horse\" target=\"_blank\" rel=\"noopener\">Aproveche este tiempo para construir un poderoso caballo de Troya digital (The Business Times)<\/a><\/p>\n<hr style=\"border-top: 1px solid rgb(238, 238, 238); margin: 20px 0\" \/>\n<p><em style=\"color: #000; font-weight: normal;\">27 de noviembre de 2019<\/em><\/p>\n<p><a style=\"text-decoration: none;\" title=\"La historia de Verztec destacada en ChannelNewsAsia\" href=\"https:\/\/www.facebook.com\/verztec\/videos\/519553068631233\/\" target=\"_blank\" rel=\"noopener\">La historia de Verztec destacada en ChannelNewsAsia<\/a><\/p>\n<hr style=\"border-top: 1px solid rgb(238, 238, 238); margin: 20px 0\" \/>\n<p><em style=\"color: #000; font-weight: normal;\">7 de noviembre de 2017<\/em><\/p>\n<p><a style=\"text-decoration: none;\" title=\"Verztec nombrado Champion of Good por NVPC (The Straits Times)\" href=\"http:\/\/www.straitstimes.com\/singapore\/corporate-giving-not-just-a-business-practice-but-helps-to-build-a-caring-society-heng\" target=\"_blank\" rel=\"noopener\">Verztec nombrado Champion of Good por NVPC (The Straits Times)<\/a><\/p>\n<hr style=\"border-top: 1px solid rgb(238, 238, 238); margin: 20px 0\" \/>\n<p><em style=\"color: #000; font-weight: normal;\">15 de octubre de 2017<\/em><\/p>\n<p><a style=\"text-decoration: none;\" title=\"La revista PORTFOLIO entrevista a Verztec sobre RSE\" href=\"http:\/\/www.portfoliomagsg.com\/article\/looking-out-for-disadvantaged-children.html\" target=\"_blank\" rel=\"noopener\">La revista PORTFOLIO entrevista a Verztec sobre RSE<\/a><\/p>\n<hr style=\"border-top: 1px solid rgb(238, 238, 238); margin: 20px 0\" \/>\n<p><em style=\"color: #000; font-weight: normal;\">7 de septiembre de 2017<\/em><\/p>\n<p><a style=\"text-decoration: none;\" title=\"ACE se asocia con Verztec (The Straits Times)\" href=\"http:\/\/www.businesstimes.com.sg\/government-economy\/one-stop-centre-to-help-spore-startups-ace-it-abroad\" target=\"_blank\" rel=\"noopener\">ACE se asocia con Verztec (The Straits Times)<\/a><\/p>\n<hr style=\"border-top: 1px solid rgb(238, 238, 238); margin: 20px 0\" \/>\n<p><em style=\"color: #000; font-weight: normal;\">13 de marzo de 2017<\/em><\/p>\n<p><a style=\"text-decoration: none;\" title=\"Verztec selecciona socios ben\u00e9ficos que comparten su enfoque (The Business Times)\" href=\"http:\/\/www.businesstimes.com.sg\/companies-markets\/company-of-good\/verztec-selects-charity-partners-that-share-its-focus\" target=\"_blank\" rel=\"noopener\">Verztec selecciona socios ben\u00e9ficos que comparten su enfoque (The Business Times)<\/a><\/p>\n<hr style=\"border-top: 1px solid rgb(238, 238, 238); margin: 20px 0\" \/>\n<p><em style=\"color: #000; font-weight: normal;\">6 de marzo de 2017<\/em><\/p>\n<p><a style=\"text-decoration: none;\" title=\"The Straits Times presenta SwiftTranslate, un servicio de traducci\u00f3n en l\u00ednea para m\u00faltiples idiomas asi\u00e1ticos\" href=\"http:\/\/www.straitstimes.com\/business\/helping-businesses-to-overcome-language-barriers\" target=\"_blank\" rel=\"noopener\">The Straits Times presenta SwiftTranslate, un servicio de traducci\u00f3n en l\u00ednea para m\u00faltiples idiomas asi\u00e1ticos<\/a><\/p>\n<hr style=\"border-top: 1px solid rgb(238, 238, 238); margin: 20px 0\" \/>\n<p><em style=\"color: #000; font-weight: normal;\">27 de noviembre de 2015<\/em><\/p>\n<p><a style=\"text-decoration: none;\" title=\"Nuevo programa para ayudar a las pymes a globalizarse en l\u00ednea (The Straits Times)\" href=\"http:\/\/www.straitstimes.com\/business\/new-scheme-to-help-smes-go-global-online\" target=\"_blank\" rel=\"noopener\">Nuevo programa para ayudar a las pymes a globalizarse en l\u00ednea (The Straits Times)<\/a><\/p>\n<hr style=\"border-top: 1px solid rgb(238, 238, 238); margin: 20px 0\" \/>\n<p><em style=\"color: #000; font-weight: normal;\">13 de julio de 2015<\/em><\/p>\n<p><a style=\"text-decoration: none;\" title=\"Verztec gana el premio Influential Brands Award 2015\" href=\"http:\/\/www.prweb.com\/releases\/2015\/07\/prweb12843195.htm\" target=\"_blank\" rel=\"noopener\">Verztec gana el premio Influential Brands Award 2015<\/a><\/p>\n<hr style=\"border-top: 1px solid rgb(238, 238, 238); margin: 20px 0\" \/>\n<p><em style=\"color: #000; font-weight: normal;\">5 de marzo de 2015<\/em><\/p>\n<p><a style=\"text-decoration: none;\" title=\"Verztec presenta FastTrack\u2122, una soluci\u00f3n en l\u00ednea conveniente para un servicio de traducci\u00f3n r\u00e1pido\" href=\"http:\/\/www.prweb.com\/releases\/2015\/03\/prweb12556713.htm\" target=\"_blank\" rel=\"noopener\">Verztec presenta FastTrack\u2122, una soluci\u00f3n en l\u00ednea conveniente para un servicio de traducci\u00f3n r\u00e1pido<\/a><\/p>\n<hr style=\"border-top: 1px solid rgb(238, 238, 238); margin: 20px 0\" \/>\n<p><em style=\"color: #000; font-weight: normal;\">16 de agosto de 2014<\/em><\/p>\n<p>El CEO de Verztec, Nicholas Goh, aparece en The Business Times como ganador del Asia Pacific Entrepreneurship Award 2014, categor\u00eda sobresaliente<\/p>\n<hr style=\"border-top: 1px solid rgb(238, 238, 238); margin: 20px 0\" \/>\n<p><em style=\"color: #000; font-weight: normal;\">16 de junio de 2014<\/em><\/p>\n<p><a style=\"text-decoration: none;\" title=\"Verztec gana el premio Business Superbrands 2014\" href=\"http:\/\/www.prweb.com\/releases\/2014\/06\/prweb11942271.htm\" target=\"_blank\" rel=\"noopener\">Verztec gana el premio Business Superbrands 2014<\/a><\/p>\n<hr style=\"border-top: 1px solid rgb(238, 238, 238); margin: 20px 0\" \/>\n<p><em style=\"color: #000; font-weight: normal;\">11 de febrero de 2014<\/em><\/p>\n<p><a style=\"text-decoration: none;\" title=\"Verztec patrocina la inauguraci\u00f3n de la Localization World Conference 2014 en Tailandia\" href=\"http:\/\/www.bangkokbusinessbrief.com\/2014\/02\/11\/verztec-sponsors-inaugural-localization-world-conference-2014-in-thailand\/#ixzz2sytgyf73\" target=\"_blank\" rel=\"noopener\">Verztec patrocina la inauguraci\u00f3n de la Localization World Conference 2014 en Tailandia<\/a><\/p>\n<hr style=\"border-top: 1px solid rgb(238, 238, 238); margin: 20px 0\" \/>\n<p><em style=\"color: #000; font-weight: normal;\">20 de enero de 2014<\/em><\/p>\n<p>Panorama presenta a VerztecLearning\u2122 en negociaciones de empresas conjuntas con un socio laosiano<\/p>\n<hr style=\"border-top: 1px solid rgb(238, 238, 238); margin: 20px 0\" \/>\n<p><em style=\"color: #000; font-weight: normal;\">15 de enero de 2014<\/em><\/p>\n<p><a style=\"text-decoration: none;\" title=\"VerztecLearning\u2122 en negociaciones de empresas conjuntas con un socio laosiano\" href=\"http:\/\/www.bangkokbusinessbrief.com\/2014\/01\/15\/verztec-learning-in-joint-venture-talks-with-laotian-counterpart\/#ixzz2rmDDnNby\" target=\"_blank\" rel=\"noopener\">VerztecLearning\u2122 en negociaciones de empresas conjuntas con un socio laosiano<\/a><\/p>\n<hr style=\"border-top: 1px solid rgb(238, 238, 238); margin: 20px 0\" \/>\n<p><em style=\"color: #000; font-weight: normal;\">4 de enero de 2014<\/em><\/p>\n<p><a style=\"text-decoration: none;\" title=\"Verztec anuncia \u2018Hotel Suite\u2019 de eLearning corporativo y desarrollo para hoteles en Tailandia\" href=\"http:\/\/www.bangkokbusinessbrief.com\/2013\/01\/04\/verztec-announces-hotel-suite-of-corporate-elearning-development-for-hotels-in-thailand\/\" target=\"_blank\" rel=\"noopener\">Verztec anuncia \u2018Hotel Suite\u2019 de eLearning corporativo y desarrollo para hoteles en Tailandia<\/a><\/p>\n<hr style=\"border-top: 1px solid rgb(238, 238, 238); margin: 20px 0\" \/>\n<p><em style=\"color: #000; font-weight: normal;\">10 de agosto de 2013<\/em><\/p>\n<p>Business Times presenta a Verztec como ganador del Emerging Enterprise Award 2013<\/p>\n<hr style=\"border-top: 1px solid rgb(238, 238, 238); margin: 20px 0\" \/>\n<p><em style=\"color: #000; font-weight: normal;\">27 de julio de 2013<\/em><\/p>\n<p><a style=\"text-decoration: none;\" title=\"El peri\u00f3dico TODAY presenta a Verztec en el Canon SuperSeries Bowling Championship\" href=\"http:\/\/www.todayonline.com\/sports\/networking-and-bonding-through-bowling\" target=\"_blank\" rel=\"noopener\">El peri\u00f3dico TODAY presenta a Verztec en el Canon SuperSeries Bowling Championship<\/a><\/p>\n<hr style=\"border-top: 1px solid rgb(238, 238, 238); margin: 20px 0\" \/>\n<p><em style=\"color: #000; font-weight: normal;\">22 de julio de 2013<\/em><\/p>\n<p>Singtel entrevista al CEO de Verztec, Nicholas Goh, sobre localizaci\u00f3n y traducci\u00f3n profesional<\/p>\n<hr style=\"border-top: 1px solid rgb(238, 238, 238); margin: 20px 0\" \/>\n<p><em style=\"color: #000; font-weight: normal;\">31 de mayo de 2013<\/em><\/p>\n<p>SIMM firma un Memorando de Entendimiento (MOU) con Verztec<\/p>\n<hr style=\"border-top: 1px solid rgb(238, 238, 238); margin: 20px 0\" \/>\n<p><em style=\"color: #000; font-weight: normal;\">7 de noviembre de 2012<\/em><\/p>\n<p>Verztec es el patrocinador oficial de traducci\u00f3n de la ASTD-STADA Asia Pacific Conference 2012<\/p>\n<hr style=\"border-top: 1px solid rgb(238, 238, 238); margin: 20px 0\" \/>\n<p><em style=\"color: #000; font-weight: normal;\">23 de agosto de 2012<\/em><\/p>\n<p>Especial de The Business Times sobre Verztec Consulting como ganador del Prominent Award of the Year 2012<\/p>\n<hr style=\"border-top: 1px solid rgb(238, 238, 238); margin: 20px 0\" \/>\n<p><em style=\"color: #000; font-weight: normal;\">23 de agosto de 2012<\/em><\/p>\n<p>Lianhe Zaobao presenta a Verztec Consulting en los SME1 Asia Awards 2012<\/p>\n<hr style=\"border-top: 1px solid rgb(238, 238, 238); margin: 20px 0\" \/>\n<p><em style=\"color: #000; font-weight: normal;\">2 de agosto de 2012<\/em><\/p>\n<p>Verztec Consulting gana el Arts Supporter Awards 2012<\/p>\n<hr style=\"border-top: 1px solid rgb(238, 238, 238); margin: 20px 0\" \/>\n<p><em style=\"color: #000; font-weight: normal;\">1 de agosto de 2012<\/em><\/p>\n<p>Verztec gana el premio Platinum en Promising SME 500 2012<\/p>\n<hr style=\"border-top: 1px solid rgb(238, 238, 238); margin: 20px 0\" \/>\n<p><em style=\"color: #000; font-weight: normal;\">30 de julio de 2012<\/em><\/p>\n<p>Channel NewsAsia entrevista al CEO de Verztec, Nicholas Goh, en los SME1 Asia Awards 2012.<\/p>\n<hr style=\"border-top: 1px solid rgb(238, 238, 238); margin: 20px 0\" \/>\n<p><em style=\"color: #000; font-weight: normal;\">24 de julio de 2012<\/em><\/p>\n<p>Verztec Consulting gana el Prominent Award of the Year en los SME1 Asia Awards 2012.<\/p>\n<hr style=\"border-top: 1px solid rgb(238, 238, 238); margin: 20px 0\" \/>\n<p><em style=\"color: #000; font-weight: normal;\">22 de febrero de 2012<\/em><\/p>\n<p>Verztec se asocia con TUNE BIG Loyalty Program.<\/p>\n<hr style=\"border-top: 1px solid rgb(238, 238, 238); margin: 20px 0\" \/>\n<p><em style=\"color: #000; font-weight: normal;\">8 de junio de 2011<\/em><\/p>\n<p>Verztec presenta soluciones de personal multiling\u00fce.<\/p>\n<hr style=\"border-top: 1px solid rgb(238, 238, 238); margin: 20px 0\" \/>\n<p><em style=\"color: #000; font-weight: normal;\">23 de mayo de 2011<\/em><\/p>\n<p>Soluciones de aprendizaje y desarrollo con un enfoque cultural renovado.<\/p>\n<hr style=\"border-top: 1px solid rgb(238, 238, 238); margin: 20px 0\" \/>\n<p><em style=\"color: #000; font-weight: normal;\">13 de enero de 2011<\/em><\/p>\n<p><a style=\"text-decoration: none;\" title=\"Verztec anuncia su incursi\u00f3n en el mundo del aprendizaje corporativo y desarrollo\" href=\"http:\/\/www.i-newswire.com\/verztec-announces-its-foray-into\/110504\" target=\"_blank\" rel=\"noopener\">Verztec anuncia su incursi\u00f3n en el mundo del aprendizaje corporativo y desarrollo.<\/a><\/p>\n<hr style=\"border-top: 1px solid rgb(238, 238, 238); margin: 20px 0\" \/>\n<p><em style=\"color: #000; font-weight: normal;\">29 de noviembre de 2010<\/em><\/p>\n<p>Verztec en la competici\u00f3n por el SPBA &#8211; Most Popular Brand Award.<\/p>\n<hr style=\"border-top: 1px solid rgb(238, 238, 238); margin: 20px 0\" \/>\n<p><em style=\"color: #000; font-weight: normal;\">3 de agosto de 2010<\/em><\/p>\n<p>Carta oficial de descargo de responsabilidad de Verztec aclarando un malentendido pasado sobre algunos contenidos web, el cual ha sido debidamente resuelto.<\/p>\n<hr style=\"border-top: 1px solid rgb(238, 238, 238); margin: 20px 0\" \/>\n<p><em style=\"color: #000; font-weight: normal;\">13 de julio de 2010<\/em><\/p>\n<p>El CEO de Verztec, Nicholas Goh, comparte consejos sobre c\u00f3mo mejorar la comunicaci\u00f3n con los clientes en The Nation.<\/p>\n<hr style=\"border-top: 1px solid rgb(238, 238, 238); margin: 20px 0\" \/>\n<p><em style=\"color: #000; font-weight: normal;\">1 de julio de 2010<\/em><\/p>\n<p>El CEO de Verztec, Nicholas Goh, aparece en una entrevista exclusiva con The Nation (Tailandia).<\/p>\n<hr style=\"border-top: 1px solid rgb(238, 238, 238); margin: 20px 0\" \/>\n<p>Para cualquier consulta relacionada con los medios, por favor env\u00edenos un correo electr\u00f3nico a <a style=\"text-decoration: none;\" href=\"mailto:media@verztec.com\">media@verztec.com<\/a>.<\/p>\n","protected":false},"excerpt":{"rendered":"<p>Verztec se dedica a fomentar la transparencia y la comunicaci\u00f3n con nuestros grupos de inter\u00e9s. Nuestra p\u00e1gina de comunicados de prensa ofrece actualizaciones oportunas sobre noticias de la empresa, eventos&hellip;<\/p>\n","protected":false},"author":1,"featured_media":2024,"parent":0,"menu_order":11,"comment_status":"closed","ping_status":"closed","template":"","meta":{"footnotes":""},"class_list":["post-1451","page","type-page","status-publish","has-post-thumbnail","hentry"],"_links":{"self":[{"href":"https:\/\/www.verztec.com\/wp-json\/wp\/v2\/pages\/1451"}],"collection":[{"href":"https:\/\/www.verztec.com\/wp-json\/wp\/v2\/pages"}],"about":[{"href":"https:\/\/www.verztec.com\/wp-json\/wp\/v2\/types\/page"}],"author":[{"embeddable":true,"href":"https:\/\/www.verztec.com\/wp-json\/wp\/v2\/users\/1"}],"replies":[{"embeddable":true,"href":"https:\/\/www.verztec.com\/wp-json\/wp\/v2\/comments?post=1451"}],"version-history":[{"count":9,"href":"https:\/\/www.verztec.com\/wp-json\/wp\/v2\/pages\/1451\/revisions"}],"predecessor-version":[{"id":4247,"href":"https:\/\/www.verztec.com\/wp-json\/wp\/v2\/pages\/1451\/revisions\/4247"}],"wp:featuredmedia":[{"embeddable":true,"href":"https:\/\/www.verztec.com\/wp-json\/wp\/v2\/media\/2024"}],"wp:attachment":[{"href":"https:\/\/www.verztec.com\/wp-json\/wp\/v2\/media?parent=1451"}],"curies":[{"name":"wp","href":"https:\/\/api.w.org\/{rel}","templated":true}]}}