{"id":1465,"date":"2010-08-26T06:25:52","date_gmt":"2010-08-26T06:25:52","guid":{"rendered":"http:\/\/staging.verztec.com\/verztec\/verztec-leadership\/"},"modified":"2025-01-14T01:23:13","modified_gmt":"2025-01-14T01:23:13","slug":"verztec-leadership","status":"publish","type":"page","link":"https:\/\/www.verztec.com\/verztec-leadership","title":{"rendered":"Nuestro Equipo de Liderazgo"},"content":{"rendered":"\r\n<div class=\"page-header clearfix\">\r\n<p>Nuestro equipo de liderazgo est\u00e1 compuesto por profesionales destacados con una gran experiencia y una pasi\u00f3n por la excelencia. Con sus diversos antecedentes y conocimientos, aportan una perspectiva \u00fanica a nuestra organizaci\u00f3n y nos gu\u00edan hacia el \u00e9xito.<\/p>\r\n<p>Est\u00e1n comprometidos a ofrecer un servicio excepcional, fomentar la innovaci\u00f3n y crear un impacto positivo en nuestros clientes y comunidades. Nos enorgullece tenerlos al frente de nuestra organizaci\u00f3n, llev\u00e1ndonos a nuevos niveles de logro. Conozca a nuestro equipo de liderazgo y vea c\u00f3mo su experiencia puede beneficiar a su empresa.<\/p>\r\n<\/div>\r\n\r\n\r\n\r\n<div class=\"leader-wrapper\">\r\n<div class=\"lead_container2\">\r\n<figure><img loading=\"lazy\" decoding=\"async\" class=\"size-full wp-image-1452\" title=\"Nicholas Goh, Group CEO\" src=\"https:\/\/www.verztec.com\/wp-content\/uploads\/2010\/08\/nicholas.jpg\" alt=\"\" width=\"112\" height=\"145\" border=\"0\"><\/figure>\r\n<div class=\"lead_image\"><\/div>\r\n<div class=\"lead_profile\">\r\n<h3 class=\"title-normal\">Nicholas Goh<br>CEO del Grupo<\/h3>\r\n<div><a class=\"openDetail\" href=\"#\">M\u00e1s detalles<\/a><\/div>\r\n<div class=\"lead_detail\" style=\"display: none;\">\r\n<p>Nicholas fund\u00f3 Verztec en el a\u00f1o 2000, construyendo la empresa desde un equipo de tres personas hasta la organizaci\u00f3n internacional que es hoy en d\u00eda.<\/p>\r\n<p>Nicholas trabaja estrechamente con el equipo de Verztec a nivel mundial para ayudar a los clientes a establecer y alcanzar sus objetivos en tecnolog\u00eda de comunicaci\u00f3n multiling\u00fce. Juntos, presentan a los clientes actuales y potenciales la gama de servicios que ofrece Verztec. Antes de fundar Verztec, Nicholas ocup\u00f3 cargos t\u00e9cnicos y de gesti\u00f3n en varias multinacionales y ofreci\u00f3 consultor\u00eda en TI y negocios de forma externa.<\/p>\r\n<p>Nicholas tiene un t\u00edtulo con honores en Inform\u00e1tica con Gesti\u00f3n de la Universidad de Bradford, Reino Unido, y tiene una gran pasi\u00f3n por las culturas, los idiomas extranjeros y la tecnolog\u00eda.<\/p>\r\n<p>Nicholas ha llevado a Verztec a obtener varios premios corporativos. En 2010, recibi\u00f3 el premio Spirit of Enterprise, el premio Asia-Pacific Entrepreneurship en la categor\u00eda &#8220;Destacada&#8221;, as\u00ed como el premio Entrepreneur of the Year (EYA) en 2014 en la categor\u00eda de Empresario Establecido con M\u00e9ritos Especiales por Contribuci\u00f3n Social.<\/p>\r\n<p>Actualmente, Nicholas es presidente de la Life Community Services Society (LCSS), miembro del consejo del Comit\u00e9 de la Torre Sim Lim, miembro del Comit\u00e9 de Finanzas del Centro Nacional de Voluntariado y Filantrop\u00eda (NVPC), miembro del consejo de la Federaci\u00f3n para el Avance de la Fuerza Laboral (WAF) y miembro del consejo de la Alianza Cultural Global (GCA).<\/p>\r\n<p>Las posiciones anteriores de Nicholas incluyen ser miembro del consejo y vicepresidente de Spirit of Enterprise (2010-2015), presidente de SEP para Spirit of Enterprise, miembro del comit\u00e9 organizador del premio ASME Singapore Prestige Brand (2015) y miembro del consejo de IYAE (Intercambio Internacional de J\u00f3venes Artistas).<\/p>\r\n<\/div>\r\n<\/div>\r\n<\/div>\r\n\r\n\r\n\r\n<div class=\"lead_container2\">\r\n<figure><img loading=\"lazy\" decoding=\"async\" class=\"size-full wp-image-1453\" title=\"Jenny Woon, Chief Operating Officer\" src=\"https:\/\/www.verztec.com\/wp-content\/uploads\/2010\/08\/jenny.jpg\" alt=\"\" width=\"112\" height=\"145\" border=\"0\"><\/figure>\r\n<div class=\"lead_image\"><\/div>\r\n<div class=\"lead_profile\">\r\n<h3 class=\"title-normal\">Jenny Woon<br>Directora de Operaciones (COO)<\/h3>\r\n<div><a class=\"openDetail\" href=\"#\">M\u00e1s detalles<\/a><\/div>\r\n<div class=\"lead_detail\" style=\"display: none;\">\r\n<p>Jenny supervisa todas las oficinas de Verztec en el \u00e1rea de finanzas, recursos humanos y funciones operativas. Tambi\u00e9n encabeza el comit\u00e9 de direcci\u00f3n ISO en Verztec para asegurar que todos los procesos y pol\u00edticas de calidad cumplan con los est\u00e1ndares ISO 9001:2015. Adem\u00e1s, ella y su equipo han implementado diversas tecnolog\u00edas en la empresa para garantizar que los procesos de trabajo sean fluidos y eficientes, y que los datos sean f\u00e1cilmente recuperables y archivables.<\/p>\r\n<p>Antes de unirse a Verztec, Jenny trabaj\u00f3 como consultora en varias corporaciones tecnol\u00f3gicas internacionales y tiene muchos a\u00f1os de experiencia en la gesti\u00f3n de proyectos de localizaci\u00f3n.<\/p>\r\n<p>Jenny tiene una licenciatura en Inform\u00e1tica de la Universidad Nacional de Singapur.<\/p>\r\n<\/div>\r\n<\/div>\r\n<\/div>\r\n\r\n\r\n\r\n<div class=\"lead_container2\">\r\n<figure><img loading=\"lazy\" decoding=\"async\" class=\"size-full wp-image-1454\" title=\"Irene Pounder, Senior Operations Manager\" src=\"https:\/\/www.verztec.com\/wp-content\/uploads\/2010\/08\/irene.jpg\" alt=\"\" width=\"112\" height=\"145\" border=\"0\"><\/figure>\r\n<div class=\"lead_image\"><\/div>\r\n<div class=\"lead_profile\">\r\n<h3 class=\"title-normal\">Irene Pounder<br>Gerente Senior de Operaciones<\/h3>\r\n<div><a class=\"openDetail\" href=\"#\">M\u00e1s detalles<\/a><\/div>\r\n<div class=\"lead_detail\" style=\"display: none;\">\r\n<p>Irene administra y garantiza que se cumplan las pol\u00edticas de recursos humanos en Verztec. Como Verztec es una organizaci\u00f3n centrada en la calidad, Irene tiene el papel importante de asegurar que los procedimientos de calidad seg\u00fan el est\u00e1ndar ISO 9001:2015 se lleven a cabo de manera efectiva en todos los departamentos.<\/p>\r\n<p>Antes de unirse a Verztec, Irene trabaj\u00f3 en abastecimiento global, junto al Director de Abastecimiento Global de una empresa noruega. Como esfuerzo de equipo, se enorgullece de haber ayudado a la empresa a lograr ahorros de costos de alrededor de 5 millones de USD anualmente. Sus a\u00f1os de experiencia en numerosas corporaciones internacionales han sido beneficiosos para comprender c\u00f3mo diferentes culturas y antecedentes influyen en la forma en que las personas trabajan.<\/p>\r\n<p>Irene tiene una licenciatura en Negocios Internacionales de la Universidad Griffith, Brisbane, Australia.<\/p>\r\n<\/div>\r\n<\/div>\r\n<\/div>\r\n<\/div>\r\n\r\n\r\n\r\n<div style=\"clear: both; border-bottom: 1px solid #eee; margin-bottom: 40px;\">&nbsp;<\/div>\r\n\r\n\r\n\r\n<div class=\"leader-wrapper\">\r\n<div class=\"lead_container2\">\r\n<figure><img loading=\"lazy\" decoding=\"async\" class=\"size-full wp-image-1455\" title=\"E-Lynn Tan, Director, Project Management\" src=\"https:\/\/www.verztec.com\/wp-content\/uploads\/2010\/08\/elynn.jpg\" alt=\"\" width=\"112\" height=\"145\" border=\"0\"><\/figure>\r\n<div class=\"lead_image\"><\/div>\r\n<div class=\"lead_profile\">\r\n<h3 class=\"title-normal\">E-Lynn Tan<br>Directora, Gesti\u00f3n de Proyectos<\/h3>\r\n<div><a class=\"openDetail\" href=\"#\">M\u00e1s detalles<\/a><\/div>\r\n<div class=\"lead_detail\" style=\"display: none;\">\r\n<p>E-Lynn es la Subdirectora del equipo de gesti\u00f3n de proyectos de Verztec. Ella inspira a su equipo a ofrecer un servicio impecable y proyectos de calidad constante.<\/p>\r\n<p>Su profundo conocimiento de los procedimientos de gesti\u00f3n de proyectos la lleva a trabajar estrechamente con el equipo de alta direcci\u00f3n para implementar procesos que mejoren dr\u00e1sticamente la eficiencia del equipo y la calidad de los entregables.<\/p>\r\n<p>E-Lynn tambi\u00e9n es responsable de la garant\u00eda de calidad general de los proyectos y de asegurar que la comunicaci\u00f3n con los clientes sea siempre transparente y efectiva.<\/p>\r\n<p>Posee un t\u00edtulo en Inform\u00e1tica (Negocios) de la Universidad Nacional de Singapur.<\/p>\r\n<\/div>\r\n<\/div>\r\n<\/div>\r\n\r\n\r\n\r\n<div class=\"lead_container2\">\r\n<figure><img loading=\"lazy\" decoding=\"async\" class=\"size-full wp-image-1456\" title=\"Karen Bunger, Vice President, Localization and Client Account Management, USA\" src=\"https:\/\/www.verztec.com\/wp-content\/uploads\/2010\/08\/karen.jpg\" alt=\"\" width=\"112\" height=\"145\" border=\"0\"><\/figure>\r\n<div class=\"lead_image\"><\/div>\r\n<div class=\"lead_profile\">\r\n<h3 class=\"title-normal\">Karen Bunger<br>Vicepresidenta, Localizaci\u00f3n y Gesti\u00f3n de Cuentas, USA<\/h3>\r\n<div><a class=\"openDetail\" href=\"#\">M\u00e1s detalles<\/a><\/div>\r\n<div class=\"lead_detail\" style=\"display: none;\">\r\n<p>Karen es responsable de la gesti\u00f3n de proyectos, el desarrollo empresarial y las relaciones con los clientes en los Estados Unidos.<\/p>\r\n<p>Es una profesional experimentada en la gesti\u00f3n de proyectos, con una amplia trayectoria en las industrias de localizaci\u00f3n y e-learning. Como directora de proyectos, se encarga de la gesti\u00f3n de equipos, la entrega de servicios y la administraci\u00f3n para diversos clientes. Para los proyectos asignados, es el contacto principal del cliente y se encarga de ofrecer un proyecto de alta calidad a tiempo y dentro del presupuesto. Karen trabaja estrechamente con clientes y prospectos para identificar sus necesidades espec\u00edficas de localizaci\u00f3n y sus objetivos de la industria.<\/p>\r\n<\/div>\r\n<\/div>\r\n<\/div>\r\n\r\n\r\n\r\n<div class=\"lead_container2\">\r\n<figure><img loading=\"lazy\" decoding=\"async\" class=\"size-full wp-image-1457\" title=\"Jae Ahn, Senior Strategic Advisor, USA\" src=\"https:\/\/www.verztec.com\/wp-content\/uploads\/2010\/08\/jae_ahn.jpg\" alt=\"\" width=\"112\" height=\"145\" border=\"0\"><\/figure>\r\n<div class=\"lead_image\"><\/div>\r\n<div class=\"lead_profile\">\r\n<h3 class=\"title-normal\">Jae Ahn<br>Asesor Estrat\u00e9gico Senior, USA<\/h3>\r\n<div><a class=\"openDetail\" href=\"#\">M\u00e1s detalles<\/a><\/div>\r\n<div class=\"lead_detail\" style=\"display: none;\">\r\n<p>Jae es un asesor senior y consultor para el desarrollo estrat\u00e9gico de negocios. Tiene m\u00e1s de 25 a\u00f1os de experiencia en la industria financiera y en los mercados de capitales globales, incluyendo investigaci\u00f3n, inversiones principales, marketing, desarrollo de estrategias empresariales y gesti\u00f3n.<\/p>\r\n<p>Su carrera en Estados Unidos y Asia incluy\u00f3 cargos en BNY Mellon Bank, Moody\u2019s Investors Service, Credit Suisse, Barclays Capital, y m\u00e1s tarde se desempe\u00f1\u00f3 como consultor y fundador de start-ups en asesor\u00eda financiera y gesti\u00f3n de inversiones.<\/p>\r\n<p>Jae es graduado de la Universidad George Washington y posee un M\u00e1ster de la Universidad de Pensilvania. Actualmente reside en Nueva York, Estados Unidos.<\/p>\r\n<\/div>\r\n<\/div>\r\n<\/div>\r\n<\/div>\r\n\r\n\r\n\r\n<div style=\"clear: both; border-bottom: 1px solid #eee; margin-bottom: 40px;\">&nbsp;<\/div>\r\n\r\n\r\n\r\n<p><\/p>\r\n\r\n\r\n\r\n<div class=\"leader-wrapper\">\r\n<div class=\"lead_container2\">\r\n<figure><img loading=\"lazy\" decoding=\"async\" class=\"size-full wp-image-1460\" title=\"Noriko Fujimori, Senior Strategic Director, Japan\" src=\"https:\/\/www.verztec.com\/wp-content\/uploads\/2010\/08\/noriko.jpg\" alt=\"\" width=\"112\" height=\"145\" border=\"0\"><\/figure>\r\n<div class=\"lead_image\"><\/div>\r\n<div class=\"lead_profile\">\r\n<h3 class=\"title-normal\">Noriko Fujimori<br>Directora Estrat\u00e9gica Senior, Jap\u00f3n<\/h3>\r\n<div><a class=\"openDetail\" href=\"#\">M\u00e1s detalles<\/a><\/div>\r\n<div class=\"lead_detail\" style=\"display: none;\">\r\n<p>Noriko Fujimori es responsable de las relaciones con los clientes y la gesti\u00f3n de proyectos para Verztec en Tokio, Jap\u00f3n. Tiene m\u00e1s de 24 a\u00f1os de experiencia como traductora profesional y correctora de pruebas. Adem\u00e1s, ha gestionado muchos grandes proyectos de localizaci\u00f3n como l\u00edder de proyecto.<\/p>\r\n<p>Comenz\u00f3 su carrera como la primera representante de ventas y marketing en la empresa conjunta entre Nippon Steel y Lockheed en Jap\u00f3n, justo despu\u00e9s de que se promulgara la Ley de Igualdad de Oportunidades y Trato entre Hombres y Mujeres en el Empleo en Jap\u00f3n.<\/p>\r\n<p>Noriko pas\u00f3 8 a\u00f1os en los Estados Unidos y asisti\u00f3 tanto a la Ferris Women&#8217;s University como a la University of Utah. All\u00ed estudi\u00f3 Literatura Inglesa y Qu\u00edmica, obteniendo una licenciatura en Qu\u00edmica Org\u00e1nica en la Universidad de Utah.<\/p>\r\n<\/div>\r\n<\/div>\r\n<\/div>\r\n\r\n\r\n\r\n<div class=\"lead_container2\">\r\n<figure><img loading=\"lazy\" decoding=\"async\" class=\"size-full wp-image-1461\" title=\"Pakaraparn Nakyam, Operations Manager, Thailand\" src=\"https:\/\/www.verztec.com\/wp-content\/uploads\/2010\/08\/patty.jpg\" alt=\"\" width=\"112\" height=\"145\" border=\"0\"><\/figure>\r\n<div class=\"lead_image\"><\/div>\r\n<div class=\"lead_profile\">\r\n<h3 class=\"title-normal\">Pakaraparn Nakyam<br>Gerente General, Tailandia<\/h3>\r\n<div><a class=\"openDetail\" href=\"#\">M\u00e1s detalles<\/a><\/div>\r\n<div class=\"lead_detail\" style=\"display: none;\">\r\n<p>Pakaraparn, o m\u00e1s com\u00fanmente conocida como &#8216;Patty&#8217;, supervisa las operaciones de la oficina de Verztec en Tailandia, ubicada en Bangkok. Asumiendo un papel de supervisi\u00f3n en la oficina de Bangkok, Patty se encarga de funciones de recursos humanos como la contrataci\u00f3n de personal y finanzas. Tambi\u00e9n colabora estrechamente con el equipo de tecnolog\u00eda en la sede para mejorar e implementar procesos de aseguramiento de la calidad llevados a cabo por el equipo de TI en Tailandia.<\/p>\r\n<p>Patty ha trabajado en varias corporaciones multinacionales alemanas, como Siemens y VA Tech Transmission Line Co. Ltd.<\/p>\r\n<p>Patty tiene un t\u00edtulo con honores en Artes, con especializaci\u00f3n en Alem\u00e1n, de la Universidad Silapakorn, Tailandia.<\/p>\r\n<\/div>\r\n<\/div>\r\n<\/div>\r\n\r\n\r\n\r\n<div class=\"lead_container2\">\r\n<figure><img loading=\"lazy\" decoding=\"async\" class=\"size-full wp-image-1462\" title=\"Oraphan Phuanpathom, Business Development Director, Thailand\" src=\"https:\/\/www.verztec.com\/wp-content\/uploads\/2010\/08\/Meow.jpg\" alt=\"\" width=\"112\" height=\"145\" border=\"0\"><\/figure>\r\n<div class=\"lead_image\"><\/div>\r\n<div class=\"lead_profile\">\r\n<h3 class=\"title-normal\">Oraphan Phuanpathom<br>Directora de Desarrollo de Negocios, Tailandia<\/h3>\r\n<div><a class=\"openDetail\" href=\"#\">M\u00e1s detalles<\/a><\/div>\r\n<div class=\"lead_detail\" style=\"display: none;\">\r\n<p>Oraphan, m\u00e1s conocida como &#8216;Meow&#8217;, lidera la divisi\u00f3n de desarrollo de negocios en Tailandia.<\/p>\r\n<p>Con su experiencia previa en Sanyo Semiconductor, Newly Weds Food y Witwood Food Products, Meow ha demostrado una excelente capacidad para identificar empresas con gran potencial, adquirir nuevos clientes y mantener asociaciones.<\/p>\r\n<p>Sincera y apasionada por construir relaciones con sus clientes, Meow tiene grandes cuentas como Honda Automobile (Thailand) Ltd., Central Department Store, Government Saving Bank, Krungsri Ayutthaya Bank y BEC Tero Entertainment PCL.<\/p>\r\n<p>Meow tiene una Maestr\u00eda en Lenguaje y Comunicaci\u00f3n, con especializaci\u00f3n en Ingl\u00e9s, del Instituto Nacional de Administraci\u00f3n del Desarrollo, adem\u00e1s de un t\u00edtulo en Derecho de la Universidad Abierta de Sukhothai Thamathirat.<\/p>\r\n<\/div>\r\n<\/div>\r\n<\/div>\r\n<\/div>\r\n\r\n\r\n\r\n<div style=\"clear: both; border-bottom: 1px solid #eee; margin-bottom: 40px;\">&nbsp;<\/div>\r\n\r\n\r\n\r\n<div class=\"leader-wrapper last\">\r\n<div class=\"lead_container2\">\r\n<figure><img loading=\"lazy\" decoding=\"async\" class=\"size-full wp-image-1463\" title=\"Tran Tran, Deputy General Manager, Vietnam\" src=\"https:\/\/www.verztec.com\/wp-content\/uploads\/2010\/08\/tran.jpg\" alt=\"\" width=\"112\" height=\"145\" border=\"0\"><\/figure>\r\n<div class=\"lead_image\"><\/div>\r\n<div class=\"lead_profile\">\r\n<h3 class=\"title-normal\">Tran Tran<br>Subdirectora General, Vietnam<\/h3>\r\n<div><a class=\"openDetail\" href=\"#\">M\u00e1s detalles<\/a><\/div>\r\n<div class=\"lead_detail\" style=\"display: none;\">\r\n<p>Tran Tran supervisa las operaciones de la oficina de Verztec en Vietnam, ubicada en la ciudad de Ho Chi Minh. Es responsable de todas las funciones: ventas, recursos humanos, administraci\u00f3n y gesti\u00f3n de proyectos. Trabaja estrechamente con el equipo de Singapur para garantizar la calidad de los proyectos realizados por el equipo de Vietnam, cumpliendo con los est\u00e1ndares ISO 9001:2015.<\/p>\r\n<p>Posee dos t\u00edtulos de licenciatura en Contabilidad y Derecho Econ\u00f3mico. Antes de unirse a Verztec, trabaj\u00f3 en U&#038;I Auditing Company y AFE Solutions, una empresa internacional de tecnolog\u00eda.<\/p>\r\n<p>Tran Tran y su equipo aseguran que su desarrollo sea una parte inseparable de Verztec y que crezcan junto con la empresa.<\/p>\r\n<\/div>\r\n<\/div>\r\n<\/div>\r\n\r\n\r\n\r\n<div class=\"lead_container2\">\r\n<figure><img loading=\"lazy\" decoding=\"async\" class=\"size-full wp-image-1464\" title=\"Theresia Hosianna, Operations Director, Indonesia\" src=\"https:\/\/www.verztec.com\/wp-content\/uploads\/2010\/08\/theresia.jpg\" alt=\"\" width=\"112\" height=\"145\" border=\"0\"><\/figure>\r\n<div class=\"lead_image\"><\/div>\r\n<div class=\"lead_profile\">\r\n<h3 class=\"title-normal\">Theresia Hosianna<br>Directora de Operaciones, Indonesia<\/h3>\r\n<div><a class=\"openDetail\" href=\"#\">M\u00e1s detalles<\/a><\/div>\r\n<div class=\"lead_detail\" style=\"display: none;\">\r\n<p>Theresia supervisa las operaciones de la oficina de Verztec en Indonesia, situada en Yakarta. Asumiendo un rol de supervisi\u00f3n, Theresia es responsable de liderar las operaciones generales de Verztec Indonesia, lo que incluye la gesti\u00f3n de recursos humanos, finanzas, desarrollo empresarial, relaciones con los clientes y funciones de ventas y marketing. Colabora estrechamente con el equipo de alta direcci\u00f3n en la sede de Verztec en Singapur para garantizar que todas las funciones se realicen de manera adecuada, rentable y en l\u00ednea con los valores, misi\u00f3n y visi\u00f3n de Verztec.<\/p>\r\n<p>Antes de unirse a Verztec, Theresia acumul\u00f3 una amplia experiencia en el campo de las operaciones trabajando para PT Bulk Commodities Indonesia, el pionero en la miner\u00eda y el comercio de carb\u00f3n en Indonesia. Ha desarrollado s\u00f3lidas habilidades de gesti\u00f3n en empleo, est\u00e1ndares \u00e9ticos, colaboraci\u00f3n en equipo, negociaciones, resoluci\u00f3n de conflictos, planificaci\u00f3n estrat\u00e9gica y presupuestaci\u00f3n, adem\u00e1s de motivar a los empleados para alcanzar mayores niveles de rendimiento.<\/p>\r\n<p>Theresia se gradu\u00f3 en Econom\u00eda en la Universidad de Indonesia.<\/p>\r\n<\/div>\r\n<\/div>\r\n<\/div>\r\n<\/div>\r\n\r\n\r\n<script>\r\n    \/\/ Select all 'More Details' buttons\r\n    document.querySelectorAll('.openDetail').forEach(button => {\r\n        button.addEventListener('click', function(event) {\r\n            event.preventDefault(); \/\/ Prevent default link behavior\r\n\r\n            \/\/ Find the corresponding detail section\r\n            const detailSection = this.closest('.lead_profile').querySelector('.lead_detail');\r\n\r\n            \/\/ Toggle visibility\r\n            if (detailSection.style.display === 'none' || !detailSection.style.display) {\r\n                detailSection.style.display = 'block';\r\n            } else {\r\n                detailSection.style.display = 'none';\r\n            }\r\n        });\r\n    });\r\n<\/script>","protected":false},"excerpt":{"rendered":"<p>Nuestro equipo de liderazgo est\u00e1 compuesto por profesionales destacados con una gran experiencia y una pasi\u00f3n por la excelencia. Con sus diversos antecedentes y conocimientos, aportan una perspectiva \u00fanica a&hellip;<\/p>\n","protected":false},"author":1,"featured_media":2024,"parent":0,"menu_order":10,"comment_status":"closed","ping_status":"closed","template":"","meta":{"footnotes":""},"class_list":["post-1465","page","type-page","status-publish","has-post-thumbnail","hentry"],"_links":{"self":[{"href":"https:\/\/www.verztec.com\/wp-json\/wp\/v2\/pages\/1465"}],"collection":[{"href":"https:\/\/www.verztec.com\/wp-json\/wp\/v2\/pages"}],"about":[{"href":"https:\/\/www.verztec.com\/wp-json\/wp\/v2\/types\/page"}],"author":[{"embeddable":true,"href":"https:\/\/www.verztec.com\/wp-json\/wp\/v2\/users\/1"}],"replies":[{"embeddable":true,"href":"https:\/\/www.verztec.com\/wp-json\/wp\/v2\/comments?post=1465"}],"version-history":[{"count":8,"href":"https:\/\/www.verztec.com\/wp-json\/wp\/v2\/pages\/1465\/revisions"}],"predecessor-version":[{"id":3975,"href":"https:\/\/www.verztec.com\/wp-json\/wp\/v2\/pages\/1465\/revisions\/3975"}],"wp:featuredmedia":[{"embeddable":true,"href":"https:\/\/www.verztec.com\/wp-json\/wp\/v2\/media\/2024"}],"wp:attachment":[{"href":"https:\/\/www.verztec.com\/wp-json\/wp\/v2\/media?parent=1465"}],"curies":[{"name":"wp","href":"https:\/\/api.w.org\/{rel}","templated":true}]}}