{"id":1481,"date":"2011-01-31T10:18:11","date_gmt":"2011-01-31T10:18:11","guid":{"rendered":"http:\/\/staging.verztec.com\/verztec\/our-awards\/"},"modified":"2024-11-01T03:13:13","modified_gmt":"2024-11-01T03:13:13","slug":"our-awards","status":"publish","type":"page","link":"https:\/\/www.verztec.com\/our-awards","title":{"rendered":"Nuestros premios y reconocimientos"},"content":{"rendered":"<div class=\"awards-container\">\n<p>A lo largo de los a\u00f1os, hemos tenido el privilegio de recibir varios premios gracias al esfuerzo y compromiso de nuestro equipo para ofrecer servicios de calidad a todos nuestros clientes.<\/p>\n<div class=\"award-item\">\n<div class=\"award-image\">\n            <img decoding=\"async\" src=\"https:\/\/www.verztec.com\/wp-content\/uploads\/2011\/01\/championsOfGood.png\" alt=\"\" width=\"120px\" \/><\/div>\n<div class=\"award-content\">\n<p>Champions of Good es un honor otorgado a empresas que no solo han sido ejemplares en sus esfuerzos de responsabilidad social corporativa, sino que tambi\u00e9n han sido una influencia y un multiplicador al involucrar a sus socios y partes interesadas en un viaje colaborativo de donaci\u00f3n. Verztec se complace en haber sido reconocido como Champions of Good en noviembre de 2017.<\/p>\n<\/div>\n<\/div>\n<div class=\"award-item\">\n<div class=\"award-image\">\n            <img decoding=\"async\" src=\"https:\/\/www.verztec.com\/wp-content\/uploads\/2011\/01\/TDA.jpg\" alt=\"\" width=\"130px\" \/><\/div>\n<div class=\"award-content\">\n<p>El premio NS Advocate Award 2016 reconoce a instituciones educativas y organizaciones familiares y comunitarias que demuestran un fuerte apoyo al Servicio Nacional. Las organizaciones que hacen un esfuerzo adicional reciben este premio en reconocimiento a su apoyo y pol\u00edticas proactivas.<\/p>\n<p>El premio es evaluado por el Consejo Asesor sobre Relaciones Comunitarias en Defensa (ACCORD).<\/p>\n<\/div>\n<\/div>\n<div class=\"award-item\">\n<div class=\"award-image\">\n            <img decoding=\"async\" class=\" size-full wp-image-1468\" src=\"https:\/\/www.verztec.com\/wp-content\/uploads\/2011\/01\/cogl.jpg\" alt=\"\" width=\"100px\" border=\"0\" \/><br \/>\n<img decoding=\"async\" class=\" size-full wp-image-1469\" src=\"https:\/\/www.verztec.com\/wp-content\/uploads\/2011\/01\/nvpc.jpg\" alt=\"\" width=\"100px\" border=\"0\" \/><\/div>\n<div class=\"award-content\">\n<p>Lanzado el 2 de junio de 2016, The Company of Good es un programa que empodera a las empresas para contribuir de manera mejor y m\u00e1s integral. Fue desarrollado por el Centro Nacional de Voluntariado y Filantrop\u00eda (NVPC), en colaboraci\u00f3n con la Fundaci\u00f3n de la Federaci\u00f3n Empresarial de Singapur (SBFF) y apoyado por el Ministerio de Cultura, Comunidad y Juventud (MCCY). Verztec se enorgullece de ser miembro fundador de The Company of Good desde 2016.<\/p>\n<\/div>\n<\/div>\n<div class=\"award-item\">\n<div class=\"award-image\">\n            <img decoding=\"async\" class=\" size-full wp-image-317\" src=\"https:\/\/www.verztec.com\/wp-content\/uploads\/2009\/06\/common_sense_2016.png\" alt=\"\" width=\"120px\" border=\"0\" \/><br \/>\n<img decoding=\"async\" class=\" size-full wp-image-1470\" src=\"https:\/\/www.verztec.com\/wp-content\/uploads\/2011\/01\/csa2013.png\" alt=\"\" width=\"120px\" border=\"0\" \/><\/div>\n<div class=\"award-content\">\n<p>Verztec se siente honrado de haber sido reconocido como uno de los 50 principales proveedores de servicios ling\u00fc\u00edsticos a nivel mundial en 2013 y 2016 por Common Sense Advisory.<\/p>\n<p>Common Sense Advisory es una firma de investigaci\u00f3n independiente con sede en Massachusetts.<\/p>\n<\/div>\n<\/div>\n<div class=\"award-item\">\n<div class=\"award-image\">\n            <img loading=\"lazy\" decoding=\"async\" class=\" size-full wp-image-1471\" src=\"https:\/\/www.verztec.com\/wp-content\/uploads\/2011\/01\/s1000_family.jpg\" alt=\"\" width=\"206\" height=\"187\" border=\"0\" \/><\/div>\n<div class=\"award-content\">\n<p>La familia de rankings Singapore 1000 (Singapore 1000, Singapore SME 1000, Singapore International 100 y Fastest Growing 50) es una gu\u00eda prestigiosa que clasifica anualmente a las principales empresas de la naci\u00f3n durante casi 3 d\u00e9cadas.<\/p>\n<p>Se compromete a perfilar el \u00e9xito de las empresas en base a indicadores financieros como ingresos, beneficios netos, rentabilidad sobre capital y ingresos del extranjero. Tomando en consideraci\u00f3n todas las empresas y sin requerir nominaciones pagadas, el Singapore 1000 analiza m\u00e1s de 70,000 estados financieros auditados cada a\u00f1o para llegar a las 1000 principales corporaciones y PYMEs en Singapur.<\/p>\n<\/div>\n<\/div>\n<div class=\"award-item\">\n<div class=\"award-image\">\n            <img loading=\"lazy\" decoding=\"async\" class=\" size-full wp-image-1472\" src=\"https:\/\/www.verztec.com\/wp-content\/uploads\/2011\/01\/topbrand.jpg\" alt=\"\" width=\"206\" height=\"102\" border=\"0\" \/><\/div>\n<div class=\"award-content\">\n<p>El programa de premios InfluentialBrands\u2122 se basa en las opiniones de los consumidores sobre las preferencias de marca en un segmento, los principales factores que pueden influir en su comportamiento de compra y c\u00f3mo las marcas pueden aplicar estos hallazgos para interactuar mejor con los consumidores.<\/p>\n<p>Verztec se enorgullece de haber recibido el premio InfluentialBrands\u2122 &#8211; Top Brand 2015 en la categor\u00eda de Servicios Profesionales Empresariales.<\/p>\n<\/div>\n<\/div>\n<div class=\"award-item\">\n<div class=\"award-image\">\n            <img loading=\"lazy\" decoding=\"async\" class=\" size-full wp-image-1473\" src=\"https:\/\/www.verztec.com\/wp-content\/uploads\/2011\/01\/superbrands_logo_small.png\" alt=\"\" width=\"133\" height=\"135\" border=\"0\" \/><\/div>\n<div class=\"award-content\">\n<p>Los premios Superbrands promueven la disciplina de la marca y celebran el \u00e9xito de las principales marcas internacionales y locales en Singapur. Es un reconocimiento \u00fanico para marcas B2B establecidas que cumplen con los estrictos est\u00e1ndares globales establecidos por la organizaci\u00f3n Superbrands. Verztec se enorgullece de haber recibido el premio Superbrands en 2014.<\/p>\n<\/div>\n<\/div>\n<div class=\"award-item\">\n<div class=\"award-image\">\n            <img loading=\"lazy\" decoding=\"async\" class=\" size-full wp-image-1474\" src=\"https:\/\/www.verztec.com\/wp-content\/uploads\/2011\/01\/EE_Logo_small.jpg\" alt=\"\" width=\"150\" height=\"76\" border=\"0\" \/><\/div>\n<div class=\"award-content\">\n<p>El Emerging Enterprise Award es el \u00fanico premio anual local abierto a empresas con un volumen de ventas anual de hasta $15 millones. Inaugurado en 2008, es presentado conjuntamente por The Business Times y OCBC Bank, y cuenta con el apoyo de SPRING Singapore, NUS Extension, Acorn Marketing &#038; Research Consultants, SingTel, MasterCard y RSM Chio Lim, que tambi\u00e9n es el auditor oficial.<\/p>\n<p>Los criterios de evaluaci\u00f3n se basan en la visi\u00f3n y misi\u00f3n de la organizaci\u00f3n, el modelo de negocio, las capacidades de gesti\u00f3n, los hitos y logros, y el uso de los premios obtenidos.<\/p>\n<\/div>\n<\/div>\n<div class=\"award-item\">\n<div class=\"award-image\">\n            <img loading=\"lazy\" decoding=\"async\" class=\" size-full wp-image-1475\" src=\"https:\/\/www.verztec.com\/wp-content\/uploads\/2011\/01\/spba2014_small.jpg\" alt=\"\" width=\"110\" height=\"88\" border=\"0\" \/><br \/>\n<img loading=\"lazy\" decoding=\"async\" class=\" size-full wp-image-1476\" src=\"https:\/\/www.verztec.com\/wp-content\/uploads\/2011\/01\/SPBA-logo_2013_.jpg\" alt=\"\" width=\"110\" height=\"87\" border=\"0\" \/><br \/>\n<img loading=\"lazy\" decoding=\"async\" class=\" size-full wp-image-1477\" src=\"https:\/\/www.verztec.com\/wp-content\/uploads\/2011\/01\/SPBA-logo.jpg\" alt=\"\" width=\"110\" height=\"89\" border=\"0\" \/><\/div>\n<div class=\"award-content\">\n<p>Organizado conjuntamente por la Asociaci\u00f3n de Peque\u00f1as y Medianas Empresas y Lianhe Zaobao, el Singapore Prestige Brand Award (SPBA) fue establecido para reconocer marcas singapurenses destacadas que se han probado a s\u00ed mismas a trav\u00e9s de diversas iniciativas de marca. Este premio reconoce a las marcas que han sido desarrolladas y gestionadas a trav\u00e9s de estrategias de marca efectivas.<\/p>\n<p>Verztec se enorgullece de haber ganado el premio SPBA en tres ocasiones: SPBA Promising Brands en 2010 y SPBA Established Brands en 2013 y 2014.<\/p>\n<\/div>\n<\/div>\n<div class=\"award-item\">\n<div class=\"award-image\">\n            <img loading=\"lazy\" decoding=\"async\" class=\" size-full wp-image-1478\" src=\"https:\/\/www.verztec.com\/wp-content\/uploads\/2011\/01\/SME_small2.jpg\" alt=\"\" width=\"150\" height=\"106\" border=\"0\" \/><\/div>\n<div class=\"award-content\">\n<p>Los SME1 Asia Awards 2012 reconocen a peque\u00f1as y medianas empresas (PYMEs) exitosas en Singapur y Asia que son socialmente responsables. Este premio sirve como una afirmaci\u00f3n a las empresas en reconocimiento a su compromiso y esfuerzo en los aspectos econ\u00f3micos, sociales y ambientales sostenibles. Los SME1 Asia Awards tienen como objetivo crear una comunidad activa de l\u00edderes empresariales socialmente responsables para compartir ideas de negocio y mejores pr\u00e1cticas para un crecimiento sostenible.<\/p>\n<p>Verztec recibi\u00f3 el premio Overall Top Winner Award \u2013 Prominent Category de los SME1 Asia Awards 2012.<\/p>\n<\/div>\n<\/div>\n<div class=\"award-item\">\n<div class=\"award-image\">\n            <img decoding=\"async\" class=\" size-full wp-image-1479\" src=\"https:\/\/www.verztec.com\/wp-content\/uploads\/2011\/01\/SOE-logo.jpg\" alt=\"\" width=\"100px\" border=\"0\" \/><\/div>\n<div class=\"award-content\">\n<p>El Spirit of Enterprise (SOE) Award promueve y avanza el esp\u00edritu emprendedor en Singapur al honrar a empresarios locales autosuficientes que demuestran excelencia y determinaci\u00f3n en su campo de negocio. Determinados por el Consejo de Gobernadores del SOE, as\u00ed como por los votos del p\u00fablico, los homenajeados fueron seleccionados por demostrar un esp\u00edritu empresarial sobresaliente.<\/p>\n<\/div>\n<\/div>\n<div class=\"award-item\">\n<div class=\"award-image\">\n            <img decoding=\"async\" class=\" size-full wp-image-1480\" src=\"https:\/\/www.verztec.com\/wp-content\/uploads\/2011\/01\/SME500-logo.jpg\" alt=\"\" width=\"100px\" border=\"0\" \/><\/div>\n<div class=\"award-content\">\n<p>El premio Promising SME 500 reconoce la excelencia empresarial en Asia. Los galardonados son elegidos en base a una lista de criterios de evaluaci\u00f3n rigurosos que incluyen la evaluaci\u00f3n del liderazgo perspicaz, el uso de la innovaci\u00f3n para crear m\u00e1s valor tanto para la empresa como para los clientes, un desempe\u00f1o empresarial consistente, opiniones positivas y un potencial de crecimiento futuro.<\/p>\n<\/div>\n<\/div>\n<\/div>\n","protected":false},"excerpt":{"rendered":"<p>A lo largo de los a\u00f1os, hemos tenido el privilegio de recibir varios premios gracias al esfuerzo y compromiso de nuestro equipo para ofrecer servicios de calidad a todos nuestros&hellip;<\/p>\n","protected":false},"author":1,"featured_media":2020,"parent":0,"menu_order":9,"comment_status":"closed","ping_status":"closed","template":"","meta":{"footnotes":""},"class_list":["post-1481","page","type-page","status-publish","has-post-thumbnail","hentry"],"_links":{"self":[{"href":"https:\/\/www.verztec.com\/wp-json\/wp\/v2\/pages\/1481"}],"collection":[{"href":"https:\/\/www.verztec.com\/wp-json\/wp\/v2\/pages"}],"about":[{"href":"https:\/\/www.verztec.com\/wp-json\/wp\/v2\/types\/page"}],"author":[{"embeddable":true,"href":"https:\/\/www.verztec.com\/wp-json\/wp\/v2\/users\/1"}],"replies":[{"embeddable":true,"href":"https:\/\/www.verztec.com\/wp-json\/wp\/v2\/comments?post=1481"}],"version-history":[{"count":5,"href":"https:\/\/www.verztec.com\/wp-json\/wp\/v2\/pages\/1481\/revisions"}],"predecessor-version":[{"id":2903,"href":"https:\/\/www.verztec.com\/wp-json\/wp\/v2\/pages\/1481\/revisions\/2903"}],"wp:featuredmedia":[{"embeddable":true,"href":"https:\/\/www.verztec.com\/wp-json\/wp\/v2\/media\/2020"}],"wp:attachment":[{"href":"https:\/\/www.verztec.com\/wp-json\/wp\/v2\/media?parent=1481"}],"curies":[{"name":"wp","href":"https:\/\/api.w.org\/{rel}","templated":true}]}}