{"id":1485,"date":"2011-02-16T08:12:38","date_gmt":"2011-02-16T08:12:38","guid":{"rendered":"http:\/\/staging.verztec.com\/verztec\/publish\/"},"modified":"2025-02-14T06:38:53","modified_gmt":"2025-02-14T06:38:53","slug":"design","status":"publish","type":"page","link":"https:\/\/www.verztec.com\/design","title":{"rendered":"Dise\u00f1o Creativo Global"},"content":{"rendered":"\r\n<div class=\"services\">\r\n    <div class=\"educate\"><a href=\"digital-learning\"><img loading=\"lazy\" decoding=\"async\" class=\" size-full wp-image-1483\" src=\"https:\/\/www.verztec.com\/wp-content\/uploads\/2011\/02\/educate_icon.png\" alt=\"\" width=\"36\" height=\"34\" \/> Aprendizaje Digital<\/a><\/div>\r\n    <div class=\"communicate\"><a href=\"language-services\"><img loading=\"lazy\" decoding=\"async\" class=\" size-full wp-image-1482\" src=\"https:\/\/www.verztec.com\/wp-content\/uploads\/2011\/02\/communicate_icon.png\" alt=\"\" width=\"36\" height=\"34\" \/> Servicios de Idiomas<\/a><\/div>\r\n    <div class=\"publish active\"><a href=\"design\"><img loading=\"lazy\" decoding=\"async\" class=\" size-full wp-image-1484\" src=\"https:\/\/www.verztec.com\/wp-content\/uploads\/2011\/02\/publish_icon.png\" alt=\"\" width=\"36\" height=\"34\" \/> Dise\u00f1o Creativo Global<\/a><\/div>\r\n    <\/div>\r\n    <p>Las s\u00f3lidas capacidades de dise\u00f1o creativo de Verztec, combinadas con nuestra experiencia tecnol\u00f3gica y multiling\u00fce, nos convierten en el socio ideal para empresas globales que buscan expandir el alcance de sus marcas a mercados extranjeros.<\/p>\r\n    <p>Con nuestra experiencia en localizaci\u00f3n, entendemos las demandas culturales y preferencias espec\u00edficas de una audiencia internacional diversa. Cada dise\u00f1o y conceptualizaci\u00f3n que emprendemos se realiza teniendo en cuenta la identidad cultural del mercado objetivo.<\/p>\r\n    <p>Los servicios de desarrollo y publicaci\u00f3n integrales de Verztec est\u00e1n respaldados por nuestro equipo interno de especialistas en multimedia y software, facilitados por nuestros experimentados equipos de gesti\u00f3n de proyectos y cuentas.<\/p>\r\n    <p>Al gestionar impecablemente los diferentes procesos involucrados en proyectos que incluyen dise\u00f1o creativo, desarrollo multimedia e impresi\u00f3n, ofrecemos gran comodidad, ahorro de costos y tranquilidad a nuestros clientes.<\/p>\r\n    <p>Nuestros servicios de Dise\u00f1o Creativo Global incluyen:<\/p>\r\n    <div class=\"dt-row\" style=\"row-gap: 4rem; margin: 2rem 0;\">\r\n        <div class=\"dt-col-md-3 dt-col-xs-12\" style=\"display: flex; flex-direction: column; row-gap: 8px;\"><img decoding=\"async\" src=\"https:\/\/www.verztec.com\/wp-content\/uploads\/2025\/Publish\/1_CreativeDesign.png\" alt=\"Creative Design\" style=\"margin: 0 auto; height: 100px;\"\/><p style=\"text-align: center; font-weight: bold\">Dise\u00f1o Creativo<\/p><\/div>\r\n        <div class=\"dt-col-md-3 dt-col-xs-12\" style=\"display: flex; flex-direction: column; row-gap: 8px;\"><img decoding=\"async\" src=\"https:\/\/www.verztec.com\/wp-content\/uploads\/2025\/Publish\/2_WebDevelopment.png\" alt=\"Web Development\" style=\"margin: 0 auto; height: 100px;\"\/><p style=\"text-align: center; font-weight: bold\">Desarrollo Web<\/p><\/div>\r\n        <div class=\"dt-col-md-3 dt-col-xs-12\" style=\"display: flex; flex-direction: column; row-gap: 8px;\"><img decoding=\"async\" src=\"https:\/\/www.verztec.com\/wp-content\/uploads\/2025\/Publish\/3_Exhibition.png\" alt=\"Exhibition Design\" style=\"margin: 0 auto; height: 100px;\"\/><p style=\"text-align: center; font-weight: bold\">Dise\u00f1o de Exposiciones<\/p><\/div>\r\n        <div class=\"dt-col-md-3 dt-col-xs-12\" style=\"display: flex; flex-direction: column; row-gap: 8px;\"><img decoding=\"async\" src=\"https:\/\/www.verztec.com\/wp-content\/uploads\/2025\/Publish\/4_WebContent.png\" alt=\"Web Content Management System\" style=\"margin: 0 auto; height: 100px;\"\/><p style=\"text-align: center; font-weight: bold\">Sistema de Gesti\u00f3n de Contenido Web<\/p><\/div>\r\n    <\/div>\r\n    <div class=\"dt-row\" style=\"row-gap: 4rem; margin: 2rem 0;\">\r\n        <div class=\"dt-col-md-4 dt-col-xs-12\" style=\"display: flex; flex-direction: column; row-gap: 8px;\"><img decoding=\"async\" src=\"https:\/\/www.verztec.com\/wp-content\/uploads\/2025\/Publish\/5_Video.png\" alt=\"Video Production &amp; Photography\" style=\"margin: 0 auto; height: 100px;\"\/><p style=\"text-align: center; font-weight: bold\">Producci\u00f3n de Video y Fotograf\u00eda<\/p><\/div>\r\n        <div class=\"dt-col-md-4 dt-col-xs-12\" style=\"display: flex; flex-direction: column; row-gap: 8px;\"><img decoding=\"async\" src=\"https:\/\/www.verztec.com\/wp-content\/uploads\/2025\/Publish\/6_Print.png\" alt=\"Print and International Distribution\" style=\"margin: 0 auto; height: 100px;\"\/><p style=\"text-align: center; font-weight: bold\">Impresi\u00f3n y Distribuci\u00f3n Internacional<\/p><\/div>\r\n        <div class=\"dt-col-md-4 dt-col-xs-12\" style=\"display: flex; flex-direction: column; row-gap: 8px;\"><img decoding=\"async\" src=\"https:\/\/www.verztec.com\/wp-content\/uploads\/2025\/Publish\/7_EDM.png\" alt=\"Electronic Direct Mail (EDMs) and Email Marketing\" style=\"margin: 0 auto; height: 100px;\"\/><p style=\"text-align: center; font-weight: bold\">Marketing por Correo Electr\u00f3nico (EDMs)<\/p><\/div>\r\n    <\/div>\r\n    <p>Adem\u00e1s de Aprendizaje Digital y Servicios de Idiomas, Verztec tambi\u00e9n ayuda a las empresas a dise\u00f1ar, desarrollar y publicar sus informes anuales, libros blancos, boletines, cat\u00e1logos de productos, folletos, informes de sostenibilidad y sitios web en m\u00e1s de 100 idiomas.<\/p>\r\n    <p><strong>Para obtener m\u00e1s informaci\u00f3n sobre los servicios de Dise\u00f1o Creativo Global de Verztec, visite <a href=\"https:\/\/www.verztecpublish.com\/our-services\" target=\"_blank\" rel=\"noopener\">www.verztecpublish.com<\/a><\/strong><\/p>\r\n    \r\n    ","protected":false},"excerpt":{"rendered":"<p>Aprendizaje Digital Servicios de Idiomas Dise\u00f1o Creativo Global Las s\u00f3lidas capacidades de dise\u00f1o creativo de Verztec, combinadas con nuestra experiencia tecnol\u00f3gica y multiling\u00fce, nos convierten en el socio ideal para&hellip;<\/p>\n","protected":false},"author":1,"featured_media":2018,"parent":0,"menu_order":1,"comment_status":"closed","ping_status":"closed","template":"","meta":{"footnotes":""},"class_list":["post-1485","page","type-page","status-publish","has-post-thumbnail","hentry"],"_links":{"self":[{"href":"https:\/\/www.verztec.com\/wp-json\/wp\/v2\/pages\/1485"}],"collection":[{"href":"https:\/\/www.verztec.com\/wp-json\/wp\/v2\/pages"}],"about":[{"href":"https:\/\/www.verztec.com\/wp-json\/wp\/v2\/types\/page"}],"author":[{"embeddable":true,"href":"https:\/\/www.verztec.com\/wp-json\/wp\/v2\/users\/1"}],"replies":[{"embeddable":true,"href":"https:\/\/www.verztec.com\/wp-json\/wp\/v2\/comments?post=1485"}],"version-history":[{"count":11,"href":"https:\/\/www.verztec.com\/wp-json\/wp\/v2\/pages\/1485\/revisions"}],"predecessor-version":[{"id":4153,"href":"https:\/\/www.verztec.com\/wp-json\/wp\/v2\/pages\/1485\/revisions\/4153"}],"wp:featuredmedia":[{"embeddable":true,"href":"https:\/\/www.verztec.com\/wp-json\/wp\/v2\/media\/2018"}],"wp:attachment":[{"href":"https:\/\/www.verztec.com\/wp-json\/wp\/v2\/media?parent=1485"}],"curies":[{"name":"wp","href":"https:\/\/api.w.org\/{rel}","templated":true}]}}