{"id":1488,"date":"2011-02-16T08:21:27","date_gmt":"2011-02-16T08:21:27","guid":{"rendered":"http:\/\/staging.verztec.com\/verztec\/communicate\/"},"modified":"2025-02-14T06:38:19","modified_gmt":"2025-02-14T06:38:19","slug":"language-services","status":"publish","type":"page","link":"https:\/\/www.verztec.com\/language-services","title":{"rendered":"Servicios de Idiomas"},"content":{"rendered":"<div class=\"services\">\n<div class=\"educate\"><a href=\"digital-learning\"><img loading=\"lazy\" decoding=\"async\" class=\" size-full wp-image-1483\" src=\"https:\/\/www.verztec.com\/wp-content\/uploads\/2011\/02\/educate_icon.png\" alt=\"\" width=\"36\" height=\"34\" \/> Aprendizaje Digital<\/a><\/div>\n<div class=\"communicate active\"><a href=\"language-services\"><img loading=\"lazy\" decoding=\"async\" class=\" size-full wp-image-1482\" src=\"https:\/\/www.verztec.com\/wp-content\/uploads\/2011\/02\/communicate_icon.png\" alt=\"\" width=\"36\" height=\"34\" \/> Servicios de Idiomas<\/a><\/div>\n<div class=\"publish\"><a href=\"design\"><img loading=\"lazy\" decoding=\"async\" class=\" size-full wp-image-1484\" src=\"https:\/\/www.verztec.com\/wp-content\/uploads\/2011\/02\/publish_icon.png\" alt=\"\" width=\"36\" height=\"34\" \/> Dise\u00f1o Creativo Global<\/a><\/div>\n<\/div>\n<p>Descubra nuevas oportunidades con nuestros servicios ling\u00fc\u00edsticos de primera categor\u00eda, dise\u00f1ados para satisfacer las diversas necesidades de empresas y particulares. Con m\u00e1s de 20 a\u00f1os de experiencia en la industria de la traducci\u00f3n profesional, hemos construido un equipo dedicado a la gesti\u00f3n de proveedores y una amplia red de socios ling\u00fc\u00edsticos nativos y locales en muchas partes del mundo, capaces de trabajar con m\u00e1s de 100 idiomas.<\/p>\n<p>Ya sea que necesite traducciones humanas precisas y profesionales o la eficiencia de traducciones asistidas por IA con rigurosas revisiones de calidad, ofrecemos soluciones personalizadas para garantizar que su mensaje resuene m\u00e1s all\u00e1 de las fronteras. Nuestros servicios cubren diversas demandas industriales y proporcionan m\u00faltiples niveles de traducci\u00f3n que se ajustan a sus necesidades espec\u00edficas y presupuesto.<\/p>\n<p>Para empresas, nuestro equipo experto respalda operaciones globales sin problemas con soluciones de interpretaci\u00f3n para conferencias, asegurando que su mensaje se transmita de manera precisa y efectiva. Nuestros servicios de transcripci\u00f3n capturan cada detalle de sus reuniones importantes, seminarios web y m\u00e1s, haciendo que la informaci\u00f3n sea accesible y utilizable.<\/p>\n<p>Para particulares que buscan servicios de traducci\u00f3n de documentos de trabajo, ofrecemos traducciones precisas, con notarizaci\u00f3n incluida si es necesario. Ya sea que est\u00e9 solicitando permisos de trabajo o gestionando procesos de inmigraci\u00f3n, garantizamos que sus documentos cumplan con todos los est\u00e1ndares necesarios para su presentaci\u00f3n.<\/p>\n<p>Al confiar su proyecto a nosotros, reunimos un equipo dedicado que incluye un gerente de cuenta experimentado, un equipo de gesti\u00f3n de proyectos y especialistas en TI y dise\u00f1o cuando sea necesario, para respaldar todos los requisitos del proyecto de principio a fin, asegurando entregables de la m\u00e1s alta calidad.<\/p>\n<p>Conf\u00ede en nosotros para superar las barreras ling\u00fc\u00edsticas y mejorar su comunicaci\u00f3n global. Con un compromiso con la calidad y una gama de servicios vers\u00e1tiles, somos su socio para alcanzar el \u00e9xito internacional.<\/p>\n<p>Con\u00e9ctese con nosotros hoy en <a href=\"mailto:enquiry@verztec.com\">enquiry@verztec.com<\/a> y descubra c\u00f3mo nuestras soluciones ling\u00fc\u00edsticas pueden transformar sus proyectos profesionales y personales.<\/p>\n<div class=\"banner\">\n<div class=\"item-1 padding1\">Descargue nuestra <b>Gu\u00eda Gratuita<\/b> para elegir su empresa de traducci\u00f3n.<\/div>\n<div class=\"item-2 padding1\" style=\"text-align: center;\"><a class=\"btn\" href=\"https:\/\/www.verztec.com\/wp-content\/uploads\/2011\/02\/Guide-to-Choosing-a-Translation-Company.pdf\" target=\"_blank\" rel=\"noopener\">DESCARGAR GU\u00cdA GRATUITA<\/a><\/div>\n<div class=\"item-3 file\">\u00a0<\/div>\n<\/div>\n<p><strong style=\"font-size: 20px;\">Entregando Trabajo de Calidad con Agilidad<\/strong><\/p>\n<p>Es importante para nosotros entregar constantemente trabajos de alta calidad a nuestros clientes.<\/p>\n<p>En Verztec, nuestra principal prioridad es entregar constantemente trabajos de calidad a nuestros clientes. Para todos los proyectos de activos digitales, como sitios web, cursos de eLearning, aplicaciones, software y videos, llevamos a cabo tres niveles de control de calidad de localizaci\u00f3n (QA) para garantizar la calidad y la precisi\u00f3n:<\/p>\n<ul>\n<li><strong>Control de Calidad Visual<\/strong> \u2013 Aseguramiento de calidad en todos los aspectos visuales de la interfaz gr\u00e1fica de usuario, incluyendo el formato del contenido, la optimizaci\u00f3n de gr\u00e1ficos, la alineaci\u00f3n del texto y el dise\u00f1o general.\n<\/li>\n<li><strong>Control de Calidad Funcional<\/strong> \u2013 Aseguramiento de calidad para garantizar que los hiperv\u00ednculos, botones de navegaci\u00f3n, archivos descargables o enlaces y todas las funciones y caracter\u00edsticas del sistema funcionen correctamente.\n<\/li>\n<li><strong>Control de Calidad Ling\u00fc\u00edstico<\/strong> \u2013 Aseguramiento de calidad para garantizar que todo el contenido localizado est\u00e9 correctamente traducido, sin errores tipogr\u00e1ficos o de codificaci\u00f3n unicode, sin omisiones accidentales de contenido traducido en comparaci\u00f3n con el contenido original, adem\u00e1s de verificar la estructura de las oraciones, la gram\u00e1tica y la ortograf\u00eda.\n<\/li>\n<\/ul>\n<div class=\"row modulemachine-ai\" style=\"margin: 0;\">\n<div class=\"machinelogo\"><img loading=\"lazy\" decoding=\"async\" class=\"machinelogo1 size-full wp-image-1487\" src=\"https:\/\/www.verztec.com\/wp-content\/uploads\/2011\/02\/machineai_2.png\" alt=\"\" width=\"859\" height=\"310\" srcset=\"https:\/\/www.verztec.com\/wp-content\/uploads\/2011\/02\/machineai_2.png 859w, https:\/\/www.verztec.com\/wp-content\/uploads\/2011\/02\/machineai_2-300x108.png 300w, https:\/\/www.verztec.com\/wp-content\/uploads\/2011\/02\/machineai_2-768x277.png 768w\" sizes=\"(max-width: 859px) 100vw, 859px\" \/><\/div>\n<div class=\"machinetext\">\n<p style=\"margin-bottom: 5px;\">Verztec ofrece soluciones flexibles de traducci\u00f3n profesional humana y traducci\u00f3n asistida por IA a nuestros clientes.<\/p>\n<p><a href=\"about-machine-ai-translation\">Obtenga m\u00e1s informaci\u00f3n sobre la Traducci\u00f3n Asistida por IA de Verztec<\/a><\/p>\n<\/div>\n<\/div>\n<p>\u00a0<\/p>\n<p>Podemos ayudarlo en las siguientes \u00e1reas:<\/p>\n<ul>\n<li>Traducciones especializadas de manuales y documentos con terminolog\u00eda t\u00e9cnica<\/li>\n<li>Traducciones legales para patentes, contratos, acuerdos y comunicaciones de cumplimiento<\/li>\n<li>Traducciones m\u00e9dicas para informes cl\u00ednicos, estudios, pruebas de laboratorio o software m\u00e9dico<\/li>\n<li>Localizaci\u00f3n completa de contenido de sus cursos de formaci\u00f3n o eLearning<\/li>\n<li>Traducciones de su sitio web que eventualmente requieran pruebas QA por hablantes nativos<\/li>\n<li>Publicaci\u00f3n de escritorio y pruebas QA de sus folletos por hablantes nativos antes de imprimir<\/li>\n<li>Subt\u00edtulos o doblajes para videos para que puedan distribuirse en sus pa\u00edses objetivo<\/li>\n<li>Desarrollo de contenido para sus sitios web, informes anuales corporativos o cursos de formaci\u00f3n corporativa<\/li>\n<li>Int\u00e9rpretes simult\u00e1neos para conferencias con soluciones de equipo completo o int\u00e9rpretes de acompa\u00f1amiento para facilitar la comunicaci\u00f3n en reuniones de negocios<\/li>\n<li>Servicios de consultor\u00eda profesional para la expansi\u00f3n global<\/li>\n<\/ul>\n<p>Nuestros servicios de idiomas incluyen:<\/p>\n<ol>\n<li><a href=\"translation\">Traducci\u00f3n Profesional Humana<\/a><\/li>\n<li><a title=\"Transcreation\" href=\"transcreation\">Transcreaci\u00f3n<\/a><\/li>\n<li><a href=\"machine-ai-translation-post-edit-services\">Traducci\u00f3n Asistida por IA con Post-Edici\u00f3n (ATPE)<\/a><\/li>\n<li><a href=\"transcription\">Transcripci\u00f3n de Audio y Video<\/a><\/li>\n<li><a href=\"multilingual-voice-over\">Locuciones Profesionales y Asistidas por IA<\/a><\/li>\n<li><a href=\"multilingual-content-development\">Desarrollo y Edici\u00f3n de Contenido<\/a><\/li>\n<li><a href=\"multilingual-desktop-publishing\">Publicaci\u00f3n de Escritorio (DTP), Impresi\u00f3n y Distribuci\u00f3n<\/a><\/li>\n<li><a href=\"video-localization-and-subtitling\">Localizaci\u00f3n y Subtitulaci\u00f3n de Videos<\/a><\/li>\n<li><a href=\"web-localization-and-testing\">Localizaci\u00f3n y Pruebas de Sitios Web<\/a><\/li>\n<li><a href=\"software-testing\">Localizaci\u00f3n de Software y Aplicaciones M\u00f3viles<\/a><\/li>\n<li><a href=\"interpretation\">Interpretaci\u00f3n Profesional en Sitio<\/a><\/li>\n<li><a href=\"remote-interpretation\">Interpretaci\u00f3n Remota<\/a><\/li>\n<li><a href=\"outsourcing-offshore-staffing\">Subcontrataci\u00f3n y Dotaci\u00f3n de Personal en el Extranjero<\/a><\/li>\n<li><a href=\"multilingual-brand-management\">Gesti\u00f3n Multiling\u00fce de Marcas<\/a><\/li>\n<\/ol>\n<p><strong>Para consultas, cont\u00e1ctenos en <a href=\"mailto:enquiry@verztec.com\">enquiry@verztec.com<\/a><\/strong><\/p>\n","protected":false},"excerpt":{"rendered":"<p>Aprendizaje Digital Servicios de Idiomas Dise\u00f1o Creativo Global Descubra nuevas oportunidades con nuestros servicios ling\u00fc\u00edsticos de primera categor\u00eda, dise\u00f1ados para satisfacer las diversas necesidades de empresas y particulares. Con m\u00e1s&hellip;<\/p>\n","protected":false},"author":1,"featured_media":2018,"parent":0,"menu_order":9,"comment_status":"closed","ping_status":"closed","template":"","meta":{"footnotes":""},"class_list":["post-1488","page","type-page","status-publish","has-post-thumbnail","hentry"],"_links":{"self":[{"href":"https:\/\/www.verztec.com\/wp-json\/wp\/v2\/pages\/1488"}],"collection":[{"href":"https:\/\/www.verztec.com\/wp-json\/wp\/v2\/pages"}],"about":[{"href":"https:\/\/www.verztec.com\/wp-json\/wp\/v2\/types\/page"}],"author":[{"embeddable":true,"href":"https:\/\/www.verztec.com\/wp-json\/wp\/v2\/users\/1"}],"replies":[{"embeddable":true,"href":"https:\/\/www.verztec.com\/wp-json\/wp\/v2\/comments?post=1488"}],"version-history":[{"count":12,"href":"https:\/\/www.verztec.com\/wp-json\/wp\/v2\/pages\/1488\/revisions"}],"predecessor-version":[{"id":4054,"href":"https:\/\/www.verztec.com\/wp-json\/wp\/v2\/pages\/1488\/revisions\/4054"}],"wp:featuredmedia":[{"embeddable":true,"href":"https:\/\/www.verztec.com\/wp-json\/wp\/v2\/media\/2018"}],"wp:attachment":[{"href":"https:\/\/www.verztec.com\/wp-json\/wp\/v2\/media?parent=1488"}],"curies":[{"name":"wp","href":"https:\/\/api.w.org\/{rel}","templated":true}]}}