{"id":1490,"date":"2011-02-16T08:26:10","date_gmt":"2011-02-16T08:26:10","guid":{"rendered":"http:\/\/staging.verztec.com\/verztec\/educate\/"},"modified":"2025-03-11T03:51:02","modified_gmt":"2025-03-11T03:51:02","slug":"digital-learning","status":"publish","type":"page","link":"https:\/\/www.verztec.com\/digital-learning","title":{"rendered":"Aprendizaje Digital"},"content":{"rendered":"\r\n<div class=\"services\">\r\n    <div class=\"educate active\"><a href=\"digital-learning\"><img loading=\"lazy\" decoding=\"async\" class=\" size-full wp-image-1483\"\r\n                src=\"https:\/\/www.verztec.com\/wp-content\/uploads\/2011\/02\/educate_icon.png\" alt=\"\" width=\"36\" height=\"34\">\r\n            Aprendizaje Digital<\/a><\/div>\r\n    <div class=\"communicate\"><a href=\"language-services\"><img loading=\"lazy\" decoding=\"async\" class=\" size-full wp-image-1482\"\r\n                src=\"https:\/\/www.verztec.com\/wp-content\/uploads\/2011\/02\/communicate_icon.png\" alt=\"\" width=\"36\"\r\n                height=\"34\"> Servicios de Idiomas<\/a><\/div>\r\n    <div class=\"publish\"><a href=\"design\"><img loading=\"lazy\" decoding=\"async\" class=\" size-full wp-image-1484\"\r\n                src=\"https:\/\/www.verztec.com\/wp-content\/uploads\/2011\/02\/publish_icon.png\" alt=\"\" width=\"36\" height=\"34\">\r\n            Dise\u00f1o Creativo Global<\/a><\/div>\r\n<\/div>\r\n\r\n<div class=\"skillsoft row\" style=\"padding: 0 0 30px\">\r\n    <div class=\"col-md-10 col-sm-9 col-xs-12\">\r\n        <p style=\"font-size: 17px; font-weight: bold\">\r\n            En asociaci\u00f3n con socios de conocimiento como Udemy y Skillsoft, Verztec ahora ofrece m\u00e1s de 200,000 cursos\r\n            de aprendizaje en l\u00ednea, videos y libros electr\u00f3nicos.\r\n            Nuestro contenido abarca \u00e1reas clave como el desarrollo del liderazgo, habilidades en TI, ciberseguridad,\r\n            habilidades empresariales, finanzas y contabilidad,\r\n            transformaci\u00f3n digital, cumplimiento y salud, seguridad y medio ambiente.\r\n            Disfrute de tarifas de suscripci\u00f3n asequibles, con descuentos por volumen disponibles para usuarios\r\n            grupales.\r\n            <a href=\"contact-us\">Cont\u00e1ctenos<\/a> para obtener m\u00e1s informaci\u00f3n.\r\n        <\/p>\r\n    <\/div>\r\n    <div class=\"skillsoft-inner-box\">\r\n        <figure style=\"min-width: 100px;\">\r\n            <img decoding=\"async\" src=\"https:\/\/www.verztec.com\/wp-content\/uploads\/2024\/10\/udemybiz.jpg\" alt=\"udemy\" width=\"100px\" \/>\r\n        <\/figure>\r\n        <figure style=\"min-width: 120px;\">\r\n            <a href=\"https:\/\/www.skillsoft.com\/\" target=\"_blank\" rel=\"noopener\"><img decoding=\"async\"\r\n                    src=\"https:\/\/www.verztec.com\/wp-content\/uploads\/2011\/02\/skillsoftpartner.jpg\" alt=\"skillsoft\"\r\n                    width=\"120px\" \/><\/a>\r\n        <\/figure>\r\n    <\/div>\r\n    <div class=\"col-md-2 col-sm-3 col-xs-12 text-center\"><\/div>\r\n<\/div>\r\n<p>Verztec es un l\u00edder global en soluciones de aprendizaje. Nos especializamos en aprendizaje digital, atendiendo a casi\r\n    el 80 % de nuestra diversa clientela.<\/p>\r\n<p>Transforme la capacitaci\u00f3n tradicional en programas din\u00e1micos en l\u00ednea con nuestras soluciones integrales, ampliando\r\n    el alcance y mejorando la accesibilidad.<\/p>\r\n<p>Adopte la transformaci\u00f3n digital en el aprendizaje y desarrollo mediante aprendizaje m\u00f3vil, microaprendizaje,\r\n    gamificaci\u00f3n, simulaciones VR\/AR, rutas de aprendizaje personalizadas y an\u00e1lisis basados en datos, asegurando una\r\n    experiencia de formaci\u00f3n moderna, eficaz e interactiva para su personal. Nuestro equipo de expertos dise\u00f1a\r\n    experiencias interactivas e inmersivas, garantizando que cada curso en l\u00ednea transmita conocimientos impactantes,\r\n    fomente el pensamiento cr\u00edtico y atraiga a los estudiantes de manera significativa. Tambi\u00e9n entendemos que el\r\n    aprendizaje no es \u00fanico para todos. Por eso ofrecemos servicios de localizaci\u00f3n personalizados para sus materiales\r\n    de formaci\u00f3n y cursos en l\u00ednea, asegurando que su contenido resuene entre audiencias diversas en todo el mundo.\r\n    Adaptamos su contenido para alinearse con matices culturales, ling\u00fc\u00edsticos y regionales, haciendo que sus cursos\r\n    sean m\u00e1s relevantes, comprensibles y efectivos.<\/p>\r\n<p>Adem\u00e1s, nuestro avanzado Sistema de Gesti\u00f3n del Aprendizaje (LMS) simplifica su proceso de capacitaci\u00f3n,\r\n    proporcionando una plataforma todo en uno para la entrega de contenido, el compromiso del estudiante y el\r\n    seguimiento del desempe\u00f1o.<\/p>\r\n<p>Adopte el futuro del aprendizaje con nosotros. Transforme, localice y gestione su viaje de aprendizaje digital con\r\n    eficiencia, efectividad y compromiso en su n\u00facleo. D\u00e9 un paso hacia el futuro y haga del aprendizaje sin fronteras\r\n    una realidad.<\/p>\r\n<p>Nuestros servicios de Aprendizaje Digital incluyen:<\/p>\r\n<div class=\"dt-row\" style=\"row-gap: 4rem; margin: 2rem 0;\">\r\n    <div class=\"dt-col-md-3 dt-col-xs-12\" style=\"display: flex; flex-direction: column; row-gap: 8px;\"><img decoding=\"async\"\r\n            src=\"https:\/\/www.verztec.com\/wp-content\/uploads\/2025\/Educate\/1_CustomElearning.png\"\r\n            alt=\"Custom eLearning Development\" style=\"margin: 0 auto; height: 120px;\" \/>\r\n        <p style=\"text-align: center; font-weight: bold\">Desarrollo de eLearning Personalizado<\/p>\r\n    <\/div>\r\n    <div class=\"dt-col-md-3 dt-col-xs-12\" style=\"display: flex; flex-direction: column; row-gap: 8px;\"><img decoding=\"async\"\r\n            src=\"https:\/\/www.verztec.com\/wp-content\/uploads\/2025\/Educate\/2_Translation.png\"\r\n            alt=\"Translation and Localization of eLearning Courseware\" style=\"margin: 0 auto; height: 120px;\" \/>\r\n        <p style=\"text-align: center; font-weight: bold\">Traducci\u00f3n y Localizaci\u00f3n de Cursos eLearning<\/p>\r\n    <\/div>\r\n    <div class=\"dt-col-md-3 dt-col-xs-12\" style=\"display: flex; flex-direction: column; row-gap: 8px;\"><img decoding=\"async\"\r\n            src=\"https:\/\/www.verztec.com\/wp-content\/uploads\/2025\/Educate\/3_LMS.png\" alt=\"LMS &amp; eLearning Hosting\"\r\n            style=\"margin: 0 auto; height: 120px;\" \/>\r\n        <p style=\"text-align: center; font-weight: bold\">Sistema de Gesti\u00f3n del Aprendizaje (LMS) y Hosting eLearning\r\n        <\/p>\r\n    <\/div>\r\n    <div class=\"dt-col-md-3 dt-col-xs-12\" style=\"display: flex; flex-direction: column; row-gap: 8px;\"><img decoding=\"async\"\r\n            src=\"https:\/\/www.verztec.com\/wp-content\/uploads\/2025\/Educate\/4_CustomOffShelf.png\"\r\n            alt=\"Custom Off-The-Shelf (OTS) Training Courses\" style=\"margin: 0 auto; height: 120px;\" \/>\r\n        <p style=\"text-align: center; font-weight: bold\">Cursos de Capacitaci\u00f3n Personalizados OTS (Off-the-Shelf)<\/p>\r\n    <\/div>\r\n<\/div>\r\n<div class=\"dt-row\" style=\"row-gap: 4rem; margin: 2rem 0;\">\r\n    <div class=\"dt-col-md-4 dt-col-xs-12\" style=\"display: flex; flex-direction: column; row-gap: 8px;\"><img decoding=\"async\"\r\n            src=\"https:\/\/www.verztec.com\/wp-content\/uploads\/2025\/Educate\/5_ProfessionalDevelopment.png\"\r\n            alt=\"Professional Development Courses\" style=\"margin: 0 auto; height: 120px;\" \/>\r\n        <p style=\"text-align: center; font-weight: bold\">Cursos de Desarrollo Profesional<\/p>\r\n    <\/div>\r\n    <div class=\"dt-col-md-4 dt-col-xs-12\" style=\"display: flex; flex-direction: column; row-gap: 8px;\"><img decoding=\"async\"\r\n            src=\"https:\/\/www.verztec.com\/wp-content\/uploads\/2025\/Educate\/6_CustomInCompany.png\"\r\n            alt=\"Custom In-Company Training\" style=\"margin: 0 auto; height: 120px;\" \/>\r\n        <p style=\"text-align: center; font-weight: bold\">Capacitaci\u00f3n Personalizada para Empresas<\/p>\r\n    <\/div>\r\n    <div class=\"dt-col-md-4 dt-col-xs-12\" style=\"display: flex; flex-direction: column; row-gap: 8px;\"><img decoding=\"async\"\r\n            src=\"https:\/\/www.verztec.com\/wp-content\/uploads\/2025\/Educate\/7_CustomLearningManagement.png\"\r\n            alt=\"Custom Learning Management System (LMS)\" style=\"margin: 0 auto; height: 120px;\" \/>\r\n        <p style=\"text-align: center; font-weight: bold\">Sistema de Gesti\u00f3n del Aprendizaje (LMS) Personalizado<\/p>\r\n    <\/div>\r\n<\/div>\r\n<p><strong>Para m\u00e1s informaci\u00f3n sobre los servicios de Aprendizaje Digital de Verztec, visite <a\r\n            href=\"https:\/\/www.verzteclearning.com\/\" target=\"_blank\" rel=\"noopener\">www.verzteclearning.com<\/a><\/strong>\r\n<\/p>\r\n","protected":false},"excerpt":{"rendered":"<p>Aprendizaje Digital Servicios de Idiomas Dise\u00f1o Creativo Global En asociaci\u00f3n con socios de conocimiento como Udemy y Skillsoft, Verztec ahora ofrece m\u00e1s de 200,000 cursos de aprendizaje en l\u00ednea, videos&hellip;<\/p>\n","protected":false},"author":1,"featured_media":2018,"parent":0,"menu_order":1,"comment_status":"closed","ping_status":"closed","template":"","meta":{"footnotes":""},"class_list":["post-1490","page","type-page","status-publish","has-post-thumbnail","hentry"],"_links":{"self":[{"href":"https:\/\/www.verztec.com\/wp-json\/wp\/v2\/pages\/1490"}],"collection":[{"href":"https:\/\/www.verztec.com\/wp-json\/wp\/v2\/pages"}],"about":[{"href":"https:\/\/www.verztec.com\/wp-json\/wp\/v2\/types\/page"}],"author":[{"embeddable":true,"href":"https:\/\/www.verztec.com\/wp-json\/wp\/v2\/users\/1"}],"replies":[{"embeddable":true,"href":"https:\/\/www.verztec.com\/wp-json\/wp\/v2\/comments?post=1490"}],"version-history":[{"count":40,"href":"https:\/\/www.verztec.com\/wp-json\/wp\/v2\/pages\/1490\/revisions"}],"predecessor-version":[{"id":4224,"href":"https:\/\/www.verztec.com\/wp-json\/wp\/v2\/pages\/1490\/revisions\/4224"}],"wp:featuredmedia":[{"embeddable":true,"href":"https:\/\/www.verztec.com\/wp-json\/wp\/v2\/media\/2018"}],"wp:attachment":[{"href":"https:\/\/www.verztec.com\/wp-json\/wp\/v2\/media?parent=1490"}],"curies":[{"name":"wp","href":"https:\/\/api.w.org\/{rel}","templated":true}]}}