{"id":1531,"date":"2011-06-06T02:44:14","date_gmt":"2011-06-06T02:44:14","guid":{"rendered":"http:\/\/staging.verztec.com\/verztec\/executive-search-and-multilingual-staffing-solutions\/"},"modified":"2025-01-22T01:58:56","modified_gmt":"2025-01-22T01:58:56","slug":"outsourcing-offshore-staffing","status":"publish","type":"page","link":"https:\/\/www.verztec.com\/outsourcing-offshore-staffing","title":{"rendered":"Externalizaci\u00f3n y dotaci\u00f3n de personal en el extranjero"},"content":{"rendered":"<p>Verztec ofrece soluciones completas y rentables de personal offshore, que permiten a las empresas crecer de manera eficiente en el competitivo mercado global actual. Nos especializamos en proporcionar profesionales dedicados que trabajan exclusivamente para su empresa, gestionando todos los aspectos de reclutamiento, recursos humanos, n\u00f3mina, TI y cumplimiento normativo, permiti\u00e9ndole concentrarse en sus operaciones principales. Nuestros servicios est\u00e1n disponibles en Singapur y en otros lugares internacionales, brind\u00e1ndole soluciones flexibles adaptadas a las necesidades \u00fanicas de su negocio.<\/p>\r\n<h4 class=\"title-normal\">Beneficios clave del personal offshore:<\/h4>\r\n<ul>\r\n<li><strong>Rentabilidad:<\/strong> El personal offshore reduce significativamente los costos generales en comparaci\u00f3n con el mantenimiento de una oficina interna y un equipo de recursos humanos. Al externalizar funciones no esenciales como la n\u00f3mina, el reclutamiento y los servicios de TI, puede concentrar recursos en el crecimiento y la innovaci\u00f3n sin necesidad de infraestructura costosa.<\/li>\r\n<li><strong>Control total:<\/strong> Mientras Verztec gestiona las tareas administrativas, usted conserva el control total sobre la direcci\u00f3n y gesti\u00f3n de sus operaciones diarias. Puede supervisar el rendimiento, establecer prioridades y tomar decisiones estrat\u00e9gicas con m\u00ednimas distracciones operativas.<\/li>\r\n<li><strong>Acceso a talento global:<\/strong> El personal offshore ampl\u00eda su acceso a una fuerza laboral diversa y calificada que puede no estar disponible localmente. Esto le da la flexibilidad de contratar expertos en \u00e1reas como tecnolog\u00eda, marketing digital, inteligencia artificial y m\u00e1s, sin restricciones geogr\u00e1ficas.<\/li>\r\n<li><strong>Experiencia multiling\u00fce:<\/strong> A medida que las empresas se vuelven m\u00e1s globales, una comunicaci\u00f3n multiling\u00fce efectiva se convierte en una ventaja estrat\u00e9gica. Las soluciones de personal de Verztec garantizan que pueda interactuar sin problemas con socios internacionales, clientes y consumidores, mejorando tanto la comunicaci\u00f3n interna como externa.<\/li>\r\n<\/ul>\r\n<h4 class=\"title-normal\">Nuestros servicios integrales de personal offshore incluyen:<\/h4>\r\n<ul>\r\n<li><strong>B\u00fasqueda de ejecutivos:<\/strong> Con nuestra extensa red global, Verztec identifica y recluta a profesionales de alto nivel para puestos contractuales y permanentes. Ya sea que necesite especialistas en inteligencia artificial, expertos en marketing digital, gerentes de proyectos u otros profesionales cualificados, encontramos candidatos que se alinean con la cultura y los objetivos estrat\u00e9gicos de su empresa.<\/li>\r\n<li><strong>Personal temporal y por contrato:<\/strong> Verztec ofrece soluciones de personal flexibles para proyectos a corto y largo plazo. Ya sea que necesite un experto para una tarea espec\u00edfica o un equipo de especialistas durante un per\u00edodo prolongado, gestionamos todo el proceso de reclutamiento, asegurando que obtenga el talento adecuado para sus necesidades.<\/li>\r\n<li><strong>Personal bajo demanda:<\/strong> Para proyectos que requieren atenci\u00f3n inmediata, Verztec ofrece servicios de personal bajo demanda. Nuestros profesionales minuciosamente evaluados, desde administradores de TI hasta ingenieros de software y expertos ling\u00fc\u00edsticos, pueden integrarse r\u00e1pidamente en su equipo, permiti\u00e9ndole escalar sin la carga administrativa del reclutamiento tradicional.<\/li>\r\n<li><strong>Soporte y gesti\u00f3n completos:<\/strong> Verztec maneja todas las tareas relacionadas con recursos humanos, como la n\u00f3mina, impuestos, administraci\u00f3n de beneficios y cumplimiento legal. Tambi\u00e9n nos encargamos de la capacitaci\u00f3n, incorporaci\u00f3n y gesti\u00f3n del rendimiento para garantizar una integraci\u00f3n fluida en el flujo de trabajo de su empresa.<\/li>\r\n<\/ul>\r\n<h4 class=\"title-normal\">Modelo de precios transparente<\/h4>\r\n<p>El modelo de precios de Verztec es simple y transparente. Ofrecemos una tarifa mensual todo incluido, que cubre el salario del personal y una tarifa de servicio. Esta tarifa de servicio incluye reclutamiento, recursos humanos, servicios de TI, gesti\u00f3n de instalaciones y operaciones. Sin costos ocultos, puede planificar su presupuesto con confianza, conociendo el costo total por adelantado.<\/p>\r\n<ul>\r\n<li><strong>Tarifa mensual:<\/strong> La tarifa combina el salario del empleado y la tarifa de servicio, cubriendo todos los servicios operativos y de recursos humanos necesarios. Esto asegura que no enfrente gastos inesperados.<\/li>\r\n<li><strong>Reclutamiento e incorporaci\u00f3n:<\/strong> Como parte de nuestro servicio, Verztec maneja todo el proceso de reclutamiento. Seleccionamos, entrevistamos y evaluamos a los candidatos para garantizar que cumplan con sus requisitos espec\u00edficos. Una vez seleccionado su candidato ideal, nos encargamos de todas las formalidades de contrataci\u00f3n, incluidos contratos y acuerdos de empleo.<\/li>\r\n<\/ul>\r\n<h4 class=\"title-normal\">Colocaci\u00f3n diversificada de personal externalizado:<\/h4>\r\n<p>Verztec ofrece soluciones de personal para una amplia gama de roles que satisfacen sus necesidades comerciales espec\u00edficas. Ya sea que necesite experiencia especializada o soporte multiling\u00fce, ofrecemos soluciones flexibles y escalables en Singapur, Tailandia, Indonesia y m\u00e1s all\u00e1:<\/p>\r\n<ul>\r\n<li><strong>Especialistas en IA:<\/strong> Expertos en inteligencia artificial y aprendizaje autom\u00e1tico que impulsan la innovaci\u00f3n tecnol\u00f3gica y la automatizaci\u00f3n de procesos.<\/li>\r\n<li><strong>Especialistas en marketing digital:<\/strong> Profesionales con experiencia en la creaci\u00f3n y ejecuci\u00f3n de estrategias que resuenan con audiencias internacionales, mejorando la presencia en l\u00ednea y la conciencia de marca.<\/li>\r\n<li><strong>Gerentes de proyectos:<\/strong> Gerentes de proyectos experimentados que gestionan proyectos multiling\u00fces desde la concepci\u00f3n hasta la finalizaci\u00f3n, asegurando resultados de alta calidad y entregas puntuales.<\/li>\r\n<li><strong>Desarrolladores web:<\/strong> Expertos que dise\u00f1an, desarrollan y optimizan sitios web amigables, receptivos y adaptados a una audiencia global.<\/li>\r\n<li><strong>Ingenieros de software:<\/strong> Desarrolladores que dise\u00f1an, desarrollan y mantienen software que funciona perfectamente en diferentes idiomas y regiones, proporcionando soluciones escalables para su negocio.<\/li>\r\n<li><strong>Int\u00e9rpretes:<\/strong> Int\u00e9rpretes profesionales que facilitan la comunicaci\u00f3n en diversos contextos, como entornos m\u00e9dicos, t\u00e9cnicos, legales y comerciales.<\/li>\r\n<li><strong>Ling\u00fcistas nativos:<\/strong> Ling\u00fcistas que apoyan funciones como investigaci\u00f3n de mercado, servicio al cliente, monitoreo de redes sociales, soporte t\u00e9cnico y telemarketing, ayud\u00e1ndole a interactuar de manera m\u00e1s efectiva con audiencias globales.<\/li>\r\n<\/ul>\r\n<h3>Cont\u00e1ctenos hoy<\/h3>\r\n<p><strong>Descubra c\u00f3mo las soluciones de personal offshore de Verztec pueden optimizar sus operaciones, mejorar la eficiencia y aumentar el rendimiento comercial. Ya sea que est\u00e9 contratando en Singapur o en otras ubicaciones internacionales, Verztec puede ayudarle a crecer con confianza. Cont\u00e1ctenos hoy en <a href=\"mailto:enquiry@verztec.com\" target=\"_blank\" rel=\"noopener\">enquiry@verztec.com<\/a> para discutir sus necesidades de personal y desbloquear el potencial del talento offshore para su negocio.<\/strong><\/p>\r\n\r\n<hr style=\"margin-top: 20px; margin-bottom: 20px; border: 0; border-top: 1px solid #eee;\" \/>\n<p style=\"margin-bottom: 0;\">\n  <img decoding=\"async\" src=\"https:\/\/www.verztec.com\/wp-content\/images\/home\/more.png\" alt=\"\" \/>\n  &nbsp;<a href=\"https:\/\/www.verztec.com\/es\/language-services\/\" target=\"_blank\" rel=\"noopener\">Ver todos los &#8220;Servicios de idiomas&#8221;<\/a>\n<\/p>\r\n","protected":false},"excerpt":{"rendered":"<p>Verztec ofrece soluciones completas y rentables de personal offshore, que permiten a las empresas crecer de manera eficiente en el competitivo mercado global actual. Nos especializamos en proporcionar profesionales dedicados&hellip;<\/p>\n","protected":false},"author":1,"featured_media":2018,"parent":0,"menu_order":8,"comment_status":"closed","ping_status":"closed","template":"","meta":{"footnotes":""},"class_list":["post-1531","page","type-page","status-publish","has-post-thumbnail","hentry"],"_links":{"self":[{"href":"https:\/\/www.verztec.com\/wp-json\/wp\/v2\/pages\/1531"}],"collection":[{"href":"https:\/\/www.verztec.com\/wp-json\/wp\/v2\/pages"}],"about":[{"href":"https:\/\/www.verztec.com\/wp-json\/wp\/v2\/types\/page"}],"author":[{"embeddable":true,"href":"https:\/\/www.verztec.com\/wp-json\/wp\/v2\/users\/1"}],"replies":[{"embeddable":true,"href":"https:\/\/www.verztec.com\/wp-json\/wp\/v2\/comments?post=1531"}],"version-history":[{"count":5,"href":"https:\/\/www.verztec.com\/wp-json\/wp\/v2\/pages\/1531\/revisions"}],"predecessor-version":[{"id":4007,"href":"https:\/\/www.verztec.com\/wp-json\/wp\/v2\/pages\/1531\/revisions\/4007"}],"wp:featuredmedia":[{"embeddable":true,"href":"https:\/\/www.verztec.com\/wp-json\/wp\/v2\/media\/2018"}],"wp:attachment":[{"href":"https:\/\/www.verztec.com\/wp-json\/wp\/v2\/media?parent=1531"}],"curies":[{"name":"wp","href":"https:\/\/api.w.org\/{rel}","templated":true}]}}