{"id":1563,"date":"2011-06-28T09:15:50","date_gmt":"2011-06-28T09:15:50","guid":{"rendered":"http:\/\/staging.verztec.com\/verztec\/our-charity-partnerships\/"},"modified":"2025-03-18T07:45:31","modified_gmt":"2025-03-18T07:45:31","slug":"our-charity-partnerships","status":"publish","type":"page","link":"https:\/\/www.verztec.com\/our-charity-partnerships","title":{"rendered":"Nuestras Asociaciones Caritativas"},"content":{"rendered":"\r\n<p>Como una organizaci\u00f3n responsable, una parte clave de nuestra estrategia es construir asociaciones caritativas efectivas y duraderas, particularmente con organizaciones ben\u00e9ficas que est\u00e1n involucradas en ayudar a los j\u00f3venes en nuestra sociedad.<\/p>\r\n\r\n\r\n\r\n<p>Creemos firmemente que, a trav\u00e9s de asociaciones exitosas con organizaciones ben\u00e9ficas de ideas afines, Verztec podr\u00e1 cambiar la vida de los ni\u00f1os y j\u00f3venes para mejor.<\/p>\r\n\r\n\r\n\r\n<p>Para asociarse y unirse a nosotros en apoyo de nuestros socios caritativos, comun\u00edquese con nosotros en <a href=\"mailto:charity@verztec.com\">charity@verztec.com<\/a>.<\/p>\r\n\r\n\r\n\r\n<p><strong>1. Life Community Services Society<\/strong><\/p>\r\n\r\n\r\n\r\n<figure><a href=\"http:\/\/life-community.org\/\" target=\"_blank\" rel=\"noopener\"><img decoding=\"async\" src=\"https:\/\/www.verztec.com\/wp-content\/uploads\/2011\/06\/lcss-logo.jpg\" alt=\"lcss-logo\" title=\"LCSS Logo\"\/><\/a><\/figure>\r\n\r\n\r\n\r\n<p><\/p>\r\n\r\n\r\n\r\n<p>Life Community Services Society (LCSS) fue registrada como una organizaci\u00f3n ben\u00e9fica sin fines de lucro en 1996. LCSS es miembro del National Council of Social Service (NCSS). Desde agosto de 2003, LCSS fue reconocida con el estatus de Instituci\u00f3n de Car\u00e1cter P\u00fablico (IPC). En 2005, LCSS fue reconocida por sus esfuerzos para cerrar la brecha intergeneracional, ganando el premio presentado por SM Goh Chok Tong por el &#8220;Mejor Programa de Abuelos y V\u00ednculo Intergeneracional&#8221;, organizado por MCYS.<\/p>\r\n\r\n\r\n\r\n<p>LCSS tiene cuatro servicios principales con m\u00e1s de 950 clientes.<\/p>\r\n\r\n\r\n\r\n<ol class=\"wp-block-list\">\r\n<li>Life Student Care (LSC) se enfoca en los ni\u00f1os de primaria en \u00e1reas perif\u00e9ricas (sin importar raza, idioma o religi\u00f3n) ofreciendo servicios de cuidado estudiantil de calidad. Actualmente, LCSS tiene 3 centros de cuidado estudiantil ubicados en Hougang, Sengkang y Yishun. Se da prioridad a los ni\u00f1os de familias pobres y necesitadas.<\/li>\r\n\r\n\r\n\r\n<li>MightyKids, Families &amp; Community (MKFC) busca inculcar confianza en cada ni\u00f1o y motivarlo para que lleve una vida intencional, fruct\u00edfera y empoderada.<\/li>\r\n\r\n\r\n\r\n<li>Friends of Youth (FOY) busca hacer amistad y actuar como mentores con j\u00f3venes (de 12 a 19 a\u00f1os) cuyos padres est\u00e1n o estuvieron encarcelados.<\/li>\r\n\r\n\r\n\r\n<li>El programa Friends of Children (FOC) adopta un enfoque de intervenci\u00f3n proporcionando cuidado y apoyo para ni\u00f1os (de 7 a 13 a\u00f1os) cuyos padres est\u00e1n o estuvieron encarcelados.<\/li>\r\n<\/ol>\r\n\r\n\r\n\r\n<ul>\r\n    <li style=\"list-style-type: none;\">\r\n        <p><span style=\"color: #000000;\"><strong><strong>2023 &#8211; LCSS en Kiztopia<\/strong><\/strong><\/span><\/p>\r\n        <div id=\"gallery\" class=\"small\">\r\n            <a href=\"https:\/\/www.verztec.com\/wp-content\/uploads\/events\/kiztopia\/2.jpg\" class=\"gallery-item\">\r\n                <img decoding=\"async\" src=\"https:\/\/www.verztec.com\/wp-content\/uploads\/events\/kiztopia\/2.jpg\" alt=\"LCSS at Kiztopia\" \/>\r\n            <\/a>\r\n            <a href=\"https:\/\/www.verztec.com\/wp-content\/uploads\/events\/kiztopia\/4.jpg\" class=\"gallery-item\">\r\n                <img decoding=\"async\" src=\"https:\/\/www.verztec.com\/wp-content\/uploads\/events\/kiztopia\/4.jpg\" alt=\"LCSS at Kiztopia\" \/>\r\n            <\/a>\r\n            <a href=\"https:\/\/www.verztec.com\/wp-content\/uploads\/events\/kiztopia\/6.jpg\" class=\"gallery-item\">\r\n                <img decoding=\"async\" src=\"https:\/\/www.verztec.com\/wp-content\/uploads\/events\/kiztopia\/6.jpg\" alt=\"LCSS at Kiztopia\" \/>\r\n            <\/a>\r\n        <\/div>\r\n    <\/li>\r\n    <li style=\"list-style-type: none;\">\r\n        <p><span style=\"color: #000000;\"><strong><strong>2019 &#8211; LCSS en PastaMania<\/strong><\/strong><\/span><\/p>\r\n        <div id=\"gallery\" class=\"small\">\r\n            <a href=\"https:\/\/www.verztec.com\/wp-content\/uploads\/events\/pastamania\/2.jpg\" class=\"gallery-item\">\r\n                <img decoding=\"async\" src=\"https:\/\/www.verztec.com\/wp-content\/uploads\/events\/pastamania\/2.jpg\" alt=\"LCSS at PastaMania\" \/>\r\n            <\/a>\r\n            <a href=\"https:\/\/www.verztec.com\/wp-content\/uploads\/events\/pastamania\/4.jpg\" class=\"gallery-item\">\r\n                <img decoding=\"async\" src=\"https:\/\/www.verztec.com\/wp-content\/uploads\/events\/pastamania\/4.jpg\" alt=\"LCSS at PastaMania\" \/>\r\n            <\/a>\r\n            <a href=\"https:\/\/www.verztec.com\/wp-content\/uploads\/events\/pastamania\/6.jpg\" class=\"gallery-item\">\r\n                <img decoding=\"async\" src=\"https:\/\/www.verztec.com\/wp-content\/uploads\/events\/pastamania\/6.jpg\" alt=\"LCSS at PastaMania\" \/>\r\n            <\/a>\r\n        <\/div>\r\n    <\/li>\r\n    <li style=\"list-style-type: none;\">\r\n        <p><span style=\"color: #000000;\"><strong><strong>2018 &#8211; LCSS en AMPED<\/strong><\/strong><\/span><\/p>\r\n        <div id=\"gallery\" class=\"small\">\r\n            <a href=\"https:\/\/www.verztec.com\/wp-content\/uploads\/events\/lcss2018\/1.jpg\" class=\"gallery-item\">\r\n                <img decoding=\"async\" src=\"https:\/\/www.verztec.com\/wp-content\/uploads\/events\/lcss2018\/1.jpg\" alt=\"LCSS at AMPED\" \/>\r\n            <\/a>\r\n            <a href=\"https:\/\/www.verztec.com\/wp-content\/uploads\/events\/lcss2018\/3.jpg\" class=\"gallery-item\">\r\n                <img decoding=\"async\" src=\"https:\/\/www.verztec.com\/wp-content\/uploads\/events\/lcss2018\/3.jpg\" alt=\"LCSS at AMPED\" \/>\r\n            <\/a>\r\n            <a href=\"https:\/\/www.verztec.com\/wp-content\/uploads\/events\/lcss2018\/8.jpg\" class=\"gallery-item\">\r\n                <img decoding=\"async\" src=\"https:\/\/www.verztec.com\/wp-content\/uploads\/events\/lcss2018\/8.jpg\" alt=\"LCSS at AMPED\" \/>\r\n            <\/a>\r\n        <\/div>\r\n    <\/li>\r\n    <li style=\"list-style-type: none;\">\r\n        <p><span style=\"color: #000000;\"><strong><strong>2017 &#8211; LCSS Navidad Extravaganza<\/strong><\/strong><\/span><\/p>\r\n        <div id=\"gallery\" class=\"small\">\r\n            <a href=\"https:\/\/www.verztec.com\/wp-content\/uploads\/events\/lcssxmas2017\/8.jpg\" class=\"gallery-item\">\r\n                <img decoding=\"async\" src=\"https:\/\/www.verztec.com\/wp-content\/uploads\/events\/lcssxmas2017\/8.jpg\" alt=\"LCSS Christmas Extravaganza\" \/>\r\n            <\/a>\r\n            <a href=\"https:\/\/www.verztec.com\/wp-content\/uploads\/events\/lcssxmas2017\/3.jpg\" class=\"gallery-item\">\r\n                <img decoding=\"async\" src=\"https:\/\/www.verztec.com\/wp-content\/uploads\/events\/lcssxmas2017\/3.jpg\" alt=\"LCSS Christmas Extravaganza\" \/>\r\n            <\/a>\r\n            <a href=\"https:\/\/www.verztec.com\/wp-content\/uploads\/events\/lcssxmas2017\/7.jpg\" class=\"gallery-item\">\r\n                <img decoding=\"async\" src=\"https:\/\/www.verztec.com\/wp-content\/uploads\/events\/lcssxmas2017\/7.jpg\" alt=\"LCSS Christmas Extravaganza\" \/>\r\n            <\/a>\r\n        <\/div>\r\n    <\/li>\r\n<\/ul>\r\n\r\n\r\n\r\n<p>Para obtener m\u00e1s informaci\u00f3n sobre LCSS o unirse a nosotros para ayudar a los desfavorecidos, visite el <a title=\"LCSS Website\" href=\"http:\/\/life-community.org\/\" target=\"_blank\" rel=\"noopener\">sitio web de LCSS<\/a>.<\/p>\r\n\r\n\r\n\r\n<p><strong>2. Intercultural Theatre Institute<br><\/strong><\/p>\r\n\r\n\r\n\r\n<figure><a href=\"http:\/\/iti.edu.sg\" target=\"_blank\" rel=\"noopener\"><img decoding=\"async\" src=\"https:\/\/www.verztec.com\/wp-content\/uploads\/2011\/06\/iti-logo.jpg\" alt=\"iti-logo\" title=\"ITI Logo\"\/><\/a><\/figure>\r\n\r\n\r\n\r\n<p><\/p>\r\n\r\n\r\n\r\n<p>El Intercultural Theatre Institute fue fundado en 2000. Es una escuela de teatro independiente para artistas contempor\u00e1neos, concebida como una empresa \u00fanica y sin precedentes en la formaci\u00f3n teatral, la interacci\u00f3n social y cultural, as\u00ed como en la comprensi\u00f3n humana.<\/p>\r\n\r\n\r\n\r\n<p>Esta organizaci\u00f3n art\u00edstica ofrece actualmente un programa de formaci\u00f3n profesional basado en la pr\u00e1ctica: el Diploma Profesional en Teatro Intercultural (Actuaci\u00f3n).<\/p>\r\n\r\n\r\n\r\n<p>Basado en la visi\u00f3n del cofundador Kuo Pao Kun, es el \u00fanico programa en el mundo basado en una rigurosa metodolog\u00eda de aprendizaje intercultural con el objetivo de producir teatro contempor\u00e1neo original. Los estudiantes son seleccionados entre los mejores talentos de Asia y m\u00e1s all\u00e1.<\/p>\r\n\r\n\r\n\r\n<p>Verztec se enorgullece de ser socio del Intercultural Theatre Institute.<\/p>\r\n\r\n\r\n\r\n\r\n        <div id=\"gallery\" class=\"small\">\r\n            <a href=\"https:\/\/www.verztec.com\/wp-content\/uploads\/events\/2012\/2012_1.jpg\" class=\"gallery-item\">\r\n                <img decoding=\"async\" src=\"https:\/\/www.verztec.com\/wp-content\/uploads\/events\/2012\/2012_1.jpg\" alt=\"The Water Station by Ota Shogo, final year production directed by Philip B. Zarrilli, 2004, at Esplanade Theatre Studio\" \/>\r\n            <\/a>\r\n            <a href=\"https:\/\/www.verztec.com\/wp-content\/uploads\/events\/2012\/2012_2.jpg\" class=\"gallery-item\">\r\n                <img decoding=\"async\" src=\"https:\/\/www.verztec.com\/wp-content\/uploads\/events\/2012\/2012_2.jpg\" alt=\"Campus of The Intercultural Theatre Institute is located at Emily Hill - Singapore's first independent cooperative for arts and the creative industries\" \/>\r\n            <\/a>\r\n            <a href=\"https:\/\/www.verztec.com\/wp-content\/uploads\/events\/2012\/2012_3.jpg\" class=\"gallery-item\">\r\n                <img decoding=\"async\" src=\"https:\/\/www.verztec.com\/wp-content\/uploads\/events\/2012\/2012_3.jpg\" alt=\"T. Sasitharan, Director and co-founder of ITI teaching an Acting class\" \/>\r\n            <\/a>\r\n        <\/div>\r\n    \r\n\r\n\r\n\r\n<p>Para obtener m\u00e1s informaci\u00f3n sobre el Intercultural Theatre Institute o unirse a nosotros para ayudar a preservar los mejores talentos, visite el <a href=\"http:\/\/iti.edu.sg\/\" target=\"_blank\" rel=\"noopener\">sitio web del Intercultural Theatre Institute<\/a>.<\/p>\r\n\r\n\r\n\r\n<p><strong>3. St. Vincent Home<br><\/strong><\/p>\r\n\r\n\r\n\r\n<div style=\"display: flex;\"><figure><a href=\"https:\/\/catholicwelfare.org.sg\/\" target=\"_blank\" rel=\"noopener\"><img decoding=\"async\" src=\"https:\/\/www.verztec.com\/wp-content\/uploads\/2011\/06\/svh1.jpg\" alt=\"St. Vincent Home\" title=\"St. Vincent Home Logo\"\/><\/a><\/figure>\r\n<figure><a href=\"https:\/\/catholicwelfare.org.sg\/\" target=\"_blank\" rel=\"noopener\"><img decoding=\"async\" src=\"https:\/\/www.verztec.com\/wp-content\/uploads\/2011\/06\/svh2.jpg\" alt=\"St. Vincent Home\" title=\"St. Vincent Home Logo\"\/><\/a><\/figure><\/div>\r\n\r\n\r\n\r\n<p><\/p>\r\n\r\n\r\n\r\n<p>St. Vincent Home es una organizaci\u00f3n ben\u00e9fica registrada sin fines de lucro bajo Catholic Welfare Services Singapore.<\/p>\r\n\r\n\r\n\r\n<p>St. Vincent Home es un hogar protegido en una disposici\u00f3n residencial que ofrece servicios b\u00e1sicos a sus residentes mayores ambulantes. Los residentes mayores gestionan sus propias actividades diarias para mantener su independencia dentro de la comunidad. Los residentes en el hogar tienen m\u00e1s de 60 a\u00f1os y dependen de la asistencia p\u00fablica ya que no tienen familia inmediata para cuidarlos.<\/p>\r\n\r\n\r\n\r\n<div id=\"gallery\" class=\"small\">\r\n    <a href=\"https:\/\/www.verztec.com\/wp-content\/uploads\/events\/stvincent2020\/3.jpg\" class=\"gallery-item\">\r\n        <img decoding=\"async\" src=\"https:\/\/www.verztec.com\/wp-content\/uploads\/events\/stvincent2020\/3.jpg\" alt=\"St Vincent 2020\" \/>\r\n    <\/a>\r\n    <a href=\"https:\/\/www.verztec.com\/wp-content\/uploads\/events\/stvincent2020\/4.jpg\" class=\"gallery-item\">\r\n        <img decoding=\"async\" src=\"https:\/\/www.verztec.com\/wp-content\/uploads\/events\/stvincent2020\/4.jpg\" alt=\"St Vincent 2020\" \/>\r\n    <\/a>\r\n    <a href=\"https:\/\/www.verztec.com\/wp-content\/uploads\/events\/stvincent2020\/5.jpg\" class=\"gallery-item\">\r\n        <img decoding=\"async\" src=\"https:\/\/www.verztec.com\/wp-content\/uploads\/events\/stvincent2020\/5.jpg\" alt=\"St Vincent 2020\" \/>\r\n    <\/a>\r\n    <a href=\"https:\/\/www.verztec.com\/wp-content\/uploads\/events\/stvincent2020\/6.jpg\" class=\"gallery-item\">\r\n        <img decoding=\"async\" src=\"https:\/\/www.verztec.com\/wp-content\/uploads\/events\/stvincent2020\/6.jpg\" alt=\"St Vincent 2020\" \/>\r\n    <\/a>\r\n    <a href=\"https:\/\/www.verztec.com\/wp-content\/uploads\/events\/stvincent2018\/1.jpg\" class=\"gallery-item\">\r\n        <img decoding=\"async\" src=\"https:\/\/www.verztec.com\/wp-content\/uploads\/events\/stvincent2018\/1.jpg\" alt=\"St Vincent 2018\" \/>\r\n    <\/a>\r\n    <a href=\"https:\/\/www.verztec.com\/wp-content\/uploads\/events\/stvincent2018\/2.jpg\" class=\"gallery-item\">\r\n        <img decoding=\"async\" src=\"https:\/\/www.verztec.com\/wp-content\/uploads\/events\/stvincent2018\/2.jpg\" alt=\"St Vincent 2018\" \/>\r\n    <\/a>\r\n    <a href=\"https:\/\/www.verztec.com\/wp-content\/uploads\/events\/2016\/charity-1.jpg\" class=\"gallery-item\">\r\n        <img decoding=\"async\" src=\"https:\/\/www.verztec.com\/wp-content\/uploads\/events\/2016\/charity-1.jpg\" alt=\"St Vincent 2016\" \/>\r\n    <\/a>\r\n    <a href=\"https:\/\/www.verztec.com\/wp-content\/uploads\/events\/2016\/charity-2.jpg\" class=\"gallery-item\">\r\n        <img decoding=\"async\" src=\"https:\/\/www.verztec.com\/wp-content\/uploads\/events\/2016\/charity-2.jpg\" alt=\"St Vincent 2016\" \/>\r\n    <\/a>\r\n    <a href=\"https:\/\/www.verztec.com\/wp-content\/uploads\/events\/2016\/charity-3.jpg\" class=\"gallery-item\">\r\n        <img decoding=\"async\" src=\"https:\/\/www.verztec.com\/wp-content\/uploads\/events\/2016\/charity-3.jpg\" alt=\"St Vincent 2016\" \/>\r\n    <\/a>\r\n    <a href=\"https:\/\/www.verztec.com\/wp-content\/uploads\/events\/2015\/charity-4.jpg\" class=\"gallery-item\">\r\n        <img decoding=\"async\" src=\"https:\/\/www.verztec.com\/wp-content\/uploads\/events\/2015\/charity-4.jpg\" alt=\"St Vincent 2056\" \/>\r\n    <\/a>\r\n    <a href=\"https:\/\/www.verztec.com\/wp-content\/uploads\/events\/2015\/charity-5.jpg\" class=\"gallery-item\">\r\n        <img decoding=\"async\" src=\"https:\/\/www.verztec.com\/wp-content\/uploads\/events\/2015\/charity-5.jpg\" alt=\"St Vincent 2015\" \/>\r\n    <\/a>\r\n    <a href=\"https:\/\/www.verztec.com\/wp-content\/uploads\/events\/2015\/charity-6.jpg\" class=\"gallery-item\">\r\n        <img decoding=\"async\" src=\"https:\/\/www.verztec.com\/wp-content\/uploads\/events\/2015\/charity-6.jpg\" alt=\"St Vincent 2015\" \/>\r\n    <\/a>\r\n<\/div>\r\n\r\n\r\n\r\n<p>Para obtener m\u00e1s informaci\u00f3n sobre St. Vincent Home o unirse a nosotros en el apoyo de esta causa, visite el <a href=\"https:\/\/catholicwelfare.org.sg\/\" target=\"_blank\" rel=\"noopener\">sitio web de St. Vincent Home<\/a>.<\/p>\r\n\r\n","protected":false},"excerpt":{"rendered":"<p>Como una organizaci\u00f3n responsable, una parte clave de nuestra estrategia es construir asociaciones caritativas efectivas y duraderas, particularmente con organizaciones ben\u00e9ficas que est\u00e1n involucradas en ayudar a los j\u00f3venes en&hellip;<\/p>\n","protected":false},"author":1,"featured_media":2011,"parent":0,"menu_order":7,"comment_status":"closed","ping_status":"closed","template":"","meta":{"footnotes":""},"class_list":["post-1563","page","type-page","status-publish","has-post-thumbnail","hentry"],"_links":{"self":[{"href":"https:\/\/www.verztec.com\/wp-json\/wp\/v2\/pages\/1563"}],"collection":[{"href":"https:\/\/www.verztec.com\/wp-json\/wp\/v2\/pages"}],"about":[{"href":"https:\/\/www.verztec.com\/wp-json\/wp\/v2\/types\/page"}],"author":[{"embeddable":true,"href":"https:\/\/www.verztec.com\/wp-json\/wp\/v2\/users\/1"}],"replies":[{"embeddable":true,"href":"https:\/\/www.verztec.com\/wp-json\/wp\/v2\/comments?post=1563"}],"version-history":[{"count":21,"href":"https:\/\/www.verztec.com\/wp-json\/wp\/v2\/pages\/1563\/revisions"}],"predecessor-version":[{"id":4251,"href":"https:\/\/www.verztec.com\/wp-json\/wp\/v2\/pages\/1563\/revisions\/4251"}],"wp:featuredmedia":[{"embeddable":true,"href":"https:\/\/www.verztec.com\/wp-json\/wp\/v2\/media\/2011"}],"wp:attachment":[{"href":"https:\/\/www.verztec.com\/wp-json\/wp\/v2\/media?parent=1563"}],"curies":[{"name":"wp","href":"https:\/\/api.w.org\/{rel}","templated":true}]}}