{"id":1564,"date":"2011-06-30T02:50:08","date_gmt":"2011-06-30T02:50:08","guid":{"rendered":"http:\/\/staging.verztec.com\/verztec\/transcreation\/"},"modified":"2025-01-22T01:24:42","modified_gmt":"2025-01-22T01:24:42","slug":"transcreation","status":"publish","type":"page","link":"https:\/\/www.verztec.com\/transcreation","title":{"rendered":"Transcreaci\u00f3n"},"content":{"rendered":"<p>Al crear materiales de marketing o publicidad para un mercado extranjero, la traducci\u00f3n a veces puede ser demasiado literal, lo que da como resultado un texto que carece de impacto. Las met\u00e1foras y otros matices culturales a menudo pierden su esencia en una traducci\u00f3n directa. Por eso, para contenidos de marketing, la transcreaci\u00f3n es un enfoque muy superior.<\/p>\r\n<p>Si tiene textos comprobados y exitosos que han alcanzado un \u00e9xito considerable y desea replicar ese \u00e9xito en otros mercados objetivos, el servicio de Transcreaci\u00f3n de Verztec es justo lo que necesita.<\/p>\r\n<br \/>\r\n<h3>\u00bfQu\u00e9 es la Transcreaci\u00f3n?<\/h3>\r\n<br \/>\r\n<p>La transcreaci\u00f3n implica adaptar contenido para un mercado objetivo diferente tomando como referencia un documento fuente existente.<\/p>\r\n<br \/>\r\n<h3>\u00bfPor qu\u00e9 elegir nuestros servicios de transcreaci\u00f3n?<\/h3>\r\n<br \/>\r\n<h4 class=\"title-normal\">Especialistas en lenguaje y cultura:<\/h4>\r\n<p>Nuestro equipo de transcreaci\u00f3n est\u00e1 compuesto por expertos en lenguaje y cultura que comprenden la psicolog\u00eda y las preferencias de su p\u00fablico objetivo. Extraen los puntos clave de su contenido original y crean un nuevo contenido perfectamente adaptado a su nuevo mercado.<\/p>\r\n<h4 class=\"title-normal\">Estilo de marketing:<\/h4>\r\n<p>Nuestros ling\u00fcistas no solo son especialistas en idiomas, sino que tambi\u00e9n tienen habilidad para escribir con estilo de marketing. Ajustan el tono y el estilo del texto final para lograr el m\u00e1ximo impacto y atractivo, asegurando que su mensaje llegue con claridad.<\/p>\r\n<h4 class=\"title-normal\">Localizaci\u00f3n cultural:<\/h4>\r\n<p>Las referencias culturales se localizan para garantizar que el contenido resuene con el p\u00fablico objetivo. De esta manera, obtiene lo mejor de ambos mundos: un texto exitoso adaptado al mercado objetivo que tambi\u00e9n conserva la esencia del original.<\/p>\r\n<h4 class=\"title-normal\">Eliminaci\u00f3n de errores:<\/h4>\r\n<p>Al adaptar espec\u00edficamente el contenido para el p\u00fablico objetivo, eliminamos errores embarazosos de lenguaje y cultura que puedan socavar la credibilidad de su marca.<\/p>\r\n<h4 class=\"title-normal\">Transcreaci\u00f3n multiling\u00fce:<\/h4>\r\n<p>Ofrecemos servicios de transcreaci\u00f3n multiling\u00fce, lo que le permite adaptar su contenido a m\u00faltiples mercados con facilidad. Nuestra amplia red de expertos garantiza que su mensaje sea efectivo, sin importar el idioma.<\/p>\r\n<h4 class=\"title-normal\">Traducci\u00f3n inversa para verificaci\u00f3n:<\/h4>\r\n<p>Si tiene dudas sobre el contenido final, puede optar por nuestros servicios de traducci\u00f3n inversa. Esto le permitir\u00e1 verificar que todos los puntos relevantes est\u00e1n intactos y que el contenido cumple con sus expectativas.<\/p>\r\n<br \/>\r\n<h3>Lance su pr\u00f3xima campa\u00f1a de marketing exitosa<\/h3>\r\n<br \/>\r\n<p><strong>Trabaje hoy con los especialistas en transcreaci\u00f3n de Verztec para lanzar su pr\u00f3xima campa\u00f1a de marketing exitosa. Experimente el poder de contenidos de marketing impactantes y culturalmente relevantes adaptados a su p\u00fablico objetivo. Cont\u00e1ctenos hoy mismo en <a href=\"mailto:enquiry@verztec.com\" target=\"_blank\" rel=\"noopener\">enquiry@verztec.com<\/a> para obtener m\u00e1s informaci\u00f3n sobre nuestros servicios y c\u00f3mo podemos ayudarle a lograr el \u00e9xito global.<\/strong><\/p>\r\n\r\n<hr style=\"margin-top: 20px; margin-bottom: 20px; border: 0; border-top: 1px solid #eee;\" \/>\n<p style=\"margin-bottom: 0;\">\n  <img decoding=\"async\" src=\"https:\/\/www.verztec.com\/wp-content\/images\/home\/more.png\" alt=\"\" \/>\n  &nbsp;<a href=\"https:\/\/www.verztec.com\/es\/language-services\/\" target=\"_blank\" rel=\"noopener\">Ver todos los &#8220;Servicios de idiomas&#8221;<\/a>\n<\/p>","protected":false},"excerpt":{"rendered":"<p>Al crear materiales de marketing o publicidad para un mercado extranjero, la traducci\u00f3n a veces puede ser demasiado literal, lo que da como resultado un texto que carece de impacto.&hellip;<\/p>\n","protected":false},"author":1,"featured_media":2018,"parent":0,"menu_order":7,"comment_status":"closed","ping_status":"closed","template":"","meta":{"footnotes":""},"class_list":["post-1564","page","type-page","status-publish","has-post-thumbnail","hentry"],"_links":{"self":[{"href":"https:\/\/www.verztec.com\/wp-json\/wp\/v2\/pages\/1564"}],"collection":[{"href":"https:\/\/www.verztec.com\/wp-json\/wp\/v2\/pages"}],"about":[{"href":"https:\/\/www.verztec.com\/wp-json\/wp\/v2\/types\/page"}],"author":[{"embeddable":true,"href":"https:\/\/www.verztec.com\/wp-json\/wp\/v2\/users\/1"}],"replies":[{"embeddable":true,"href":"https:\/\/www.verztec.com\/wp-json\/wp\/v2\/comments?post=1564"}],"version-history":[{"count":6,"href":"https:\/\/www.verztec.com\/wp-json\/wp\/v2\/pages\/1564\/revisions"}],"predecessor-version":[{"id":3996,"href":"https:\/\/www.verztec.com\/wp-json\/wp\/v2\/pages\/1564\/revisions\/3996"}],"wp:featuredmedia":[{"embeddable":true,"href":"https:\/\/www.verztec.com\/wp-json\/wp\/v2\/media\/2018"}],"wp:attachment":[{"href":"https:\/\/www.verztec.com\/wp-json\/wp\/v2\/media?parent=1564"}],"curies":[{"name":"wp","href":"https:\/\/api.w.org\/{rel}","templated":true}]}}