{"id":1565,"date":"2011-09-08T03:41:55","date_gmt":"2011-09-08T03:41:55","guid":{"rendered":"http:\/\/staging.verztec.com\/verztec\/education\/"},"modified":"2025-02-03T08:34:29","modified_gmt":"2025-02-03T08:34:29","slug":"education","status":"publish","type":"page","link":"https:\/\/www.verztec.com\/education","title":{"rendered":"Educaci\u00f3n"},"content":{"rendered":"<p>El ritmo r\u00e1pido de los cambios en la sociedad y la econom\u00eda exige que las organizaciones reevaluen y adapten continuamente las habilidades relevantes para satisfacer las necesidades en evoluci\u00f3n.<\/p>\r\n<p>A medida que los sistemas educativos se abren a una audiencia global, las agencias enfrentan el desaf\u00edo de ofrecer servicios educativos a una clientela creciente. Es imperativo que los materiales educativos est\u00e9n disponibles en varios idiomas y que los programas sean culturalmente apropiados.<\/p>\r\n<p>Los editores educativos y las agencias gubernamentales de educaci\u00f3n deben entregar contenido espec\u00edfico de idioma de manera r\u00e1pida y rentable, a menudo recurriendo a socios externos para ayudar en la creaci\u00f3n de contenido.<\/p>\r\n<p>Verztec se especializa en apoyar a las empresas con experiencia duradera en aprendizaje en l\u00ednea, locuciones integradas y capacidades de ingenier\u00eda multimedia para la creaci\u00f3n de sistemas de aprendizaje en l\u00ednea traducidos y localizados a varios idiomas.<\/p>\r\n<p>Las capacidades de Verztec abarcan una amplia gama de programas de aprendizaje en l\u00ednea:<\/p>\r\n<ul>\r\n<li>Formaci\u00f3n basada en la web<\/li>\r\n<li>Formaci\u00f3n asistida por computadora<\/li>\r\n<li>Materiales educativos en el aula<\/li>\r\n<li>Aplicaciones multimedia<\/li>\r\n<li>Sistemas de gesti\u00f3n del aprendizaje (LMS)<\/li>\r\n<li>Objetos de aprendizaje reutilizables basados en XML<\/li>\r\n<li>Programas de certificaci\u00f3n y evaluaci\u00f3n auto-dirigidos<\/li>\r\n<li>Desarrollo de contenido multiling\u00fce<\/li>\r\n<\/ul>\r\n<p>As\u00f3ciate con Verztec para mejorar tus iniciativas educativas globales.<\/p>\r\n<p>Descubre c\u00f3mo nuestros servicios de idiomas completos y soluciones innovadoras de aprendizaje digital pueden apoyar la misi\u00f3n de tu organizaci\u00f3n. Cont\u00e1ctanos hoy para explorar toda la gama de servicios que ofrecemos.<\/p>\r\n\r\n<hr style=\"margin-top: 20px; margin-bottom: 20px; border: 0; border-top: 1px solid #eee;\" \/>\n<p style=\"margin-bottom: 0;\"><a href=\"https:\/\/www.verztec.com\/es\/testimonials\/\" target=\"_blank\" rel=\"noopener\">Testimonios de Clientes<\/a> &nbsp; : \u00a1Lea lo que nuestros clientes dicen sobre nosotros!<\/p>\n<p><a href=\"https:\/\/www.verztec.com\/es\/clients\/\" target=\"_blank\" rel=\"noopener\">Nuestros Valiosos Clientes<\/a> &nbsp; : Vea la lista de nuestros estimados clientes.<\/p>\n\r\n","protected":false},"excerpt":{"rendered":"<p>El ritmo r\u00e1pido de los cambios en la sociedad y la econom\u00eda exige que las organizaciones reevaluen y adapten continuamente las habilidades relevantes para satisfacer las necesidades en evoluci\u00f3n. A&hellip;<\/p>\n","protected":false},"author":1,"featured_media":4027,"parent":0,"menu_order":19,"comment_status":"closed","ping_status":"closed","template":"","meta":{"footnotes":""},"class_list":["post-1565","page","type-page","status-publish","has-post-thumbnail","hentry"],"_links":{"self":[{"href":"https:\/\/www.verztec.com\/wp-json\/wp\/v2\/pages\/1565"}],"collection":[{"href":"https:\/\/www.verztec.com\/wp-json\/wp\/v2\/pages"}],"about":[{"href":"https:\/\/www.verztec.com\/wp-json\/wp\/v2\/types\/page"}],"author":[{"embeddable":true,"href":"https:\/\/www.verztec.com\/wp-json\/wp\/v2\/users\/1"}],"replies":[{"embeddable":true,"href":"https:\/\/www.verztec.com\/wp-json\/wp\/v2\/comments?post=1565"}],"version-history":[{"count":2,"href":"https:\/\/www.verztec.com\/wp-json\/wp\/v2\/pages\/1565\/revisions"}],"predecessor-version":[{"id":2875,"href":"https:\/\/www.verztec.com\/wp-json\/wp\/v2\/pages\/1565\/revisions\/2875"}],"wp:featuredmedia":[{"embeddable":true,"href":"https:\/\/www.verztec.com\/wp-json\/wp\/v2\/media\/4027"}],"wp:attachment":[{"href":"https:\/\/www.verztec.com\/wp-json\/wp\/v2\/media?parent=1565"}],"curies":[{"name":"wp","href":"https:\/\/api.w.org\/{rel}","templated":true}]}}