{"id":1566,"date":"2011-09-08T03:48:37","date_gmt":"2011-09-08T03:48:37","guid":{"rendered":"http:\/\/staging.verztec.com\/verztec\/advertising\/"},"modified":"2025-02-03T08:07:41","modified_gmt":"2025-02-03T08:07:41","slug":"advertising","status":"publish","type":"page","link":"https:\/\/www.verztec.com\/advertising","title":{"rendered":"Marketing Digital y Publicidad"},"content":{"rendered":"<p>En las industrias de marketing digital y publicidad de ritmo r\u00e1pido, la comunicaci\u00f3n efectiva y la r\u00e1pida difusi\u00f3n de mensajes clave son esenciales. A medida que las empresas se expanden a mercados internacionales, la necesidad de contenido multiling\u00fce y servicios de localizaci\u00f3n se vuelve cada vez m\u00e1s vital.<\/p>\r\n<p>Verztec es su socio estrat\u00e9gico para lograr objetivos de marketing digital y publicidad con soluciones innovadoras en aplicaciones de medios y telecomunicaciones. M\u00e1s all\u00e1 de los servicios tradicionales de localizaci\u00f3n, Verztec se destaca en el apoyo a los clientes en el aprendizaje digital, incluyendo la transformaci\u00f3n de programas de capacitaci\u00f3n en m\u00f3dulos din\u00e1micos en l\u00ednea mediante sistemas de gesti\u00f3n de aprendizaje (LMS) para iniciativas de capacitaci\u00f3n regionales o globales.<\/p>\r\n<p>Nuestros servicios integrales cubren comunicaciones de marketing multiling\u00fces, localizaci\u00f3n de sitios web, campa\u00f1as publicitarias adaptativas en todas las plataformas digitales, localizaci\u00f3n de correos directos y empaques, campa\u00f1as en puntos de venta y carteles, y adaptaci\u00f3n de guiones para doblaje (VO). Verztec simplifica la complejidad y reduce los costos al ofrecer una fuente unificada y flexible para todas sus necesidades de contenido de marketing digital y localizaci\u00f3n.<\/p>\r\n<p>Ya sea que est\u00e9 lanzando campa\u00f1as digitales a nivel mundial o mejorando su presencia en l\u00ednea, Verztec ofrece soluciones de alta calidad y culturalmente matizadas que resuenan con diversas audiencias.<\/p>\r\n<p>Descubra c\u00f3mo Verztec puede potenciar su estrategia de marketing digital global y mejorar sus iniciativas publicitarias hoy. Cont\u00e1ctenos para explorar nuestra gama completa de servicios y soluciones innovadoras.<\/p>\r\n\r\n<hr style=\"margin-top: 20px; margin-bottom: 20px; border: 0; border-top: 1px solid #eee;\" \/>\n<p style=\"margin-bottom: 0;\"><a href=\"https:\/\/www.verztec.com\/es\/testimonials\/\" target=\"_blank\" rel=\"noopener\">Testimonios de Clientes<\/a> &nbsp; : \u00a1Lea lo que nuestros clientes dicen sobre nosotros!<\/p>\n<p><a href=\"https:\/\/www.verztec.com\/es\/clients\/\" target=\"_blank\" rel=\"noopener\">Nuestros Valiosos Clientes<\/a> &nbsp; : Vea la lista de nuestros estimados clientes.<\/p>\n\r\n\r\n\r\n<p><\/p>\r\n\r\n\r\n\r\n<p><\/p>\r\n\r\n","protected":false},"excerpt":{"rendered":"<p>En las industrias de marketing digital y publicidad de ritmo r\u00e1pido, la comunicaci\u00f3n efectiva y la r\u00e1pida difusi\u00f3n de mensajes clave son esenciales. A medida que las empresas se expanden&hellip;<\/p>\n","protected":false},"author":1,"featured_media":4027,"parent":0,"menu_order":18,"comment_status":"closed","ping_status":"closed","template":"","meta":{"footnotes":""},"class_list":["post-1566","page","type-page","status-publish","has-post-thumbnail","hentry"],"_links":{"self":[{"href":"https:\/\/www.verztec.com\/wp-json\/wp\/v2\/pages\/1566"}],"collection":[{"href":"https:\/\/www.verztec.com\/wp-json\/wp\/v2\/pages"}],"about":[{"href":"https:\/\/www.verztec.com\/wp-json\/wp\/v2\/types\/page"}],"author":[{"embeddable":true,"href":"https:\/\/www.verztec.com\/wp-json\/wp\/v2\/users\/1"}],"replies":[{"embeddable":true,"href":"https:\/\/www.verztec.com\/wp-json\/wp\/v2\/comments?post=1566"}],"version-history":[{"count":6,"href":"https:\/\/www.verztec.com\/wp-json\/wp\/v2\/pages\/1566\/revisions"}],"predecessor-version":[{"id":2862,"href":"https:\/\/www.verztec.com\/wp-json\/wp\/v2\/pages\/1566\/revisions\/2862"}],"wp:featuredmedia":[{"embeddable":true,"href":"https:\/\/www.verztec.com\/wp-json\/wp\/v2\/media\/4027"}],"wp:attachment":[{"href":"https:\/\/www.verztec.com\/wp-json\/wp\/v2\/media?parent=1566"}],"curies":[{"name":"wp","href":"https:\/\/api.w.org\/{rel}","templated":true}]}}