{"id":1567,"date":"2011-09-09T09:39:36","date_gmt":"2011-09-09T09:39:36","guid":{"rendered":"http:\/\/staging.verztec.com\/verztec\/banking-and-finance\/"},"modified":"2025-02-03T08:29:25","modified_gmt":"2025-02-03T08:29:25","slug":"banking-and-finance","status":"publish","type":"page","link":"https:\/\/www.verztec.com\/banking-and-finance","title":{"rendered":"Banca y Finanzas"},"content":{"rendered":"<p>El futuro de la banca y las finanzas parece prometedor, impulsado por un crecimiento econ\u00f3mico robusto, una fuerte rentabilidad corporativa y mejores fundamentos macroecon\u00f3micos.<\/p>\r\n<p>Para capitalizar los sentimientos favorables de los inversores y fortalecer el rendimiento macroecon\u00f3mico estructural, las organizaciones dentro del sector bancario y financiero est\u00e1n aprovechando sus ventajas comparativas. Esto incluye abordar desaf\u00edos como el aumento de las regulaciones gubernamentales y la diversificaci\u00f3n de los canales de servicio.<\/p>\r\n<p>En respuesta a la evoluci\u00f3n de las demandas de los clientes, las empresas est\u00e1n adoptando nuevas tecnolog\u00edas como las arquitecturas orientadas a servicios (SOA) y las plataformas basadas en la web para agilizar los procesos y mejorar el acceso a la informaci\u00f3n financiera.<\/p>\r\n<p>Descubra c\u00f3mo Verztec apoya a los stakeholders comerciales en la navegaci\u00f3n de las complejidades y riesgos de lanzar servicios internacionales. Ofrecemos un conjunto completo de soluciones para facilitar la comunicaci\u00f3n clara y efectiva en varios idiomas mientras mantenemos los est\u00e1ndares de la marca corporativa.<\/p>\r\n<p>Verztec se especializa en la localizaci\u00f3n de una amplia gama de documentos cr\u00edticos esenciales para la industria bancaria y financiera, incluidos los informes de analistas del mercado de valores, an\u00e1lisis de riesgos, informes de calificaci\u00f3n crediticia, investigaci\u00f3n de acciones, esquemas de opciones sobre acciones, contratos y acuerdos financieros, comunicaciones de marketing, sitios web, extranets, intranets, documentaci\u00f3n de formaci\u00f3n, comunicaciones internas, servicios al cliente, sistemas de software y documentos de \u00e9tica, cumplimiento y regulaci\u00f3n.<\/p>\r\n<p>M\u00e1s all\u00e1 de la localizaci\u00f3n tradicional, Verztec se destaca en soluciones de aprendizaje digital. Ayudamos a las organizaciones a convertir programas de capacitaci\u00f3n en m\u00f3dulos en l\u00ednea e implementar Sistemas de Gesti\u00f3n de Aprendizaje (LMS) para facilitar iniciativas de capacitaci\u00f3n regionales o globales.<\/p>\r\n<p>Nuestro compromiso con la calidad y el cumplimiento de los est\u00e1ndares de la industria garantiza que su contenido resuene de manera efectiva en mercados diversos, permitiendo una entrada fluida en el mercado y una excelencia operativa.<\/p>\r\n<p>Explore c\u00f3mo Verztec puede elevar su estrategia global en la industria bancaria y financiera. Cont\u00e1ctenos hoy para conocer nuestra gama completa de servicios y soluciones innovadoras.<\/p>\r\n\r\n<hr style=\"margin-top: 20px; margin-bottom: 20px; border: 0; border-top: 1px solid #eee;\" \/>\n<p style=\"margin-bottom: 0;\"><a href=\"https:\/\/www.verztec.com\/es\/testimonials\/\" target=\"_blank\" rel=\"noopener\">Testimonios de Clientes<\/a> &nbsp; : \u00a1Lea lo que nuestros clientes dicen sobre nosotros!<\/p>\n<p><a href=\"https:\/\/www.verztec.com\/es\/clients\/\" target=\"_blank\" rel=\"noopener\">Nuestros Valiosos Clientes<\/a> &nbsp; : Vea la lista de nuestros estimados clientes.<\/p>\n\r\n","protected":false},"excerpt":{"rendered":"<p>El futuro de la banca y las finanzas parece prometedor, impulsado por un crecimiento econ\u00f3mico robusto, una fuerte rentabilidad corporativa y mejores fundamentos macroecon\u00f3micos. Para capitalizar los sentimientos favorables de&hellip;<\/p>\n","protected":false},"author":1,"featured_media":4027,"parent":0,"menu_order":17,"comment_status":"closed","ping_status":"closed","template":"","meta":{"footnotes":""},"class_list":["post-1567","page","type-page","status-publish","has-post-thumbnail","hentry"],"_links":{"self":[{"href":"https:\/\/www.verztec.com\/wp-json\/wp\/v2\/pages\/1567"}],"collection":[{"href":"https:\/\/www.verztec.com\/wp-json\/wp\/v2\/pages"}],"about":[{"href":"https:\/\/www.verztec.com\/wp-json\/wp\/v2\/types\/page"}],"author":[{"embeddable":true,"href":"https:\/\/www.verztec.com\/wp-json\/wp\/v2\/users\/1"}],"replies":[{"embeddable":true,"href":"https:\/\/www.verztec.com\/wp-json\/wp\/v2\/comments?post=1567"}],"version-history":[{"count":2,"href":"https:\/\/www.verztec.com\/wp-json\/wp\/v2\/pages\/1567\/revisions"}],"predecessor-version":[{"id":2869,"href":"https:\/\/www.verztec.com\/wp-json\/wp\/v2\/pages\/1567\/revisions\/2869"}],"wp:featuredmedia":[{"embeddable":true,"href":"https:\/\/www.verztec.com\/wp-json\/wp\/v2\/media\/4027"}],"wp:attachment":[{"href":"https:\/\/www.verztec.com\/wp-json\/wp\/v2\/media?parent=1567"}],"curies":[{"name":"wp","href":"https:\/\/api.w.org\/{rel}","templated":true}]}}