{"id":1697,"date":"2012-04-04T07:48:42","date_gmt":"2012-04-04T07:48:42","guid":{"rendered":"http:\/\/staging.verztec.com\/verztec\/aerospace-and-defense\/"},"modified":"2025-02-03T08:27:35","modified_gmt":"2025-02-03T08:27:35","slug":"aerospace-and-defense","status":"publish","type":"page","link":"https:\/\/www.verztec.com\/aerospace-and-defense","title":{"rendered":"Aeroespacial y Defensa"},"content":{"rendered":"<p>La industria Aeroespacial y de Defensa (A&#038;D) ha experimentado un crecimiento significativo en los \u00faltimos a\u00f1os, impulsado por los avances en la producci\u00f3n de aeronaves comerciales, aunque los ingresos por defensa han enfrentado desaf\u00edos debido a la reducci\u00f3n del gasto militar en regiones clave. A medida que la competencia global se intensifica y la demanda de viajes aumenta, el sector A&#038;D se est\u00e1 globalizando cada vez m\u00e1s, lo que presenta amplias oportunidades comerciales a nivel mundial.<\/p>\r\n<p>Sin embargo, navegar por los mercados internacionales en la industria A&#038;D puede ser complejo, exacerbado por las barreras ling\u00fc\u00edsticas y las complejidades de la documentaci\u00f3n t\u00e9cnica. En Verztec, nos especializamos en superar estos desaf\u00edos con nuestra amplia experiencia en localizaci\u00f3n y traducci\u00f3n adaptada para el sector A&#038;D.<\/p>\r\n<p>Las capacidades de Verztec abarcan una amplia gama de documentos fuente cr\u00edticos para la industria A&#038;D, incluidos documentos de ventas y t\u00e9cnicos, materiales de marketing, Hojas de Datos de Seguridad de Materiales (MSDS), res\u00famenes t\u00e9cnicos, documentos t\u00e9cnicos, sitios web, extranet, intranet, documentos de formaci\u00f3n, materiales de cumplimiento y regulaci\u00f3n, y documentos \u00e9ticos corporativos como manuales del C\u00f3digo de Conducta y m\u00f3dulos de formaci\u00f3n \u00e9tica.<\/p>\r\n<p>Adem\u00e1s, Verztec sobresale m\u00e1s all\u00e1 de los servicios tradicionales de localizaci\u00f3n. Tambi\u00e9n apoyamos a nuestros clientes en iniciativas de aprendizaje digital, incluida la conversi\u00f3n de programas de formaci\u00f3n en m\u00f3dulos en l\u00ednea y el despliegue de Sistemas de Gesti\u00f3n del Aprendizaje (LMS) para necesidades de formaci\u00f3n regionales o globales. Ya sea que necesite traducci\u00f3n precisa de documentos, localizaci\u00f3n t\u00e9cnica compleja o soluciones completas de aprendizaje digital, Verztec ofrece una fuente \u00fanica y adaptable para todos sus requisitos de la industria A&#038;D.<\/p>\r\n<p>Nuestro compromiso con la calidad y la sensibilidad cultural garantiza que su contenido resuene eficazmente en diversos mercados, facilitando una entrada al mercado m\u00e1s fluida y un \u00e9xito operativo.<\/p>\r\n<p>Descubra c\u00f3mo Verztec puede mejorar su estrategia global en la industria Aeroespacial y de Defensa. Cont\u00e1ctenos hoy para explorar nuestra gama completa de servicios y soluciones innovadoras.<\/p>\r\n\r\n<hr style=\"margin-top: 20px; margin-bottom: 20px; border: 0; border-top: 1px solid #eee;\" \/>\n<p style=\"margin-bottom: 0;\"><a href=\"https:\/\/www.verztec.com\/es\/testimonials\/\" target=\"_blank\" rel=\"noopener\">Testimonios de Clientes<\/a> &nbsp; : \u00a1Lea lo que nuestros clientes dicen sobre nosotros!<\/p>\n<p><a href=\"https:\/\/www.verztec.com\/es\/clients\/\" target=\"_blank\" rel=\"noopener\">Nuestros Valiosos Clientes<\/a> &nbsp; : Vea la lista de nuestros estimados clientes.<\/p>\n\r\n","protected":false},"excerpt":{"rendered":"<p>La industria Aeroespacial y de Defensa (A&#038;D) ha experimentado un crecimiento significativo en los \u00faltimos a\u00f1os, impulsado por los avances en la producci\u00f3n de aeronaves comerciales, aunque los ingresos por&hellip;<\/p>\n","protected":false},"author":1,"featured_media":4027,"parent":0,"menu_order":16,"comment_status":"closed","ping_status":"closed","template":"","meta":{"footnotes":""},"class_list":["post-1697","page","type-page","status-publish","has-post-thumbnail","hentry"],"_links":{"self":[{"href":"https:\/\/www.verztec.com\/wp-json\/wp\/v2\/pages\/1697"}],"collection":[{"href":"https:\/\/www.verztec.com\/wp-json\/wp\/v2\/pages"}],"about":[{"href":"https:\/\/www.verztec.com\/wp-json\/wp\/v2\/types\/page"}],"author":[{"embeddable":true,"href":"https:\/\/www.verztec.com\/wp-json\/wp\/v2\/users\/1"}],"replies":[{"embeddable":true,"href":"https:\/\/www.verztec.com\/wp-json\/wp\/v2\/comments?post=1697"}],"version-history":[{"count":2,"href":"https:\/\/www.verztec.com\/wp-json\/wp\/v2\/pages\/1697\/revisions"}],"predecessor-version":[{"id":2865,"href":"https:\/\/www.verztec.com\/wp-json\/wp\/v2\/pages\/1697\/revisions\/2865"}],"wp:featuredmedia":[{"embeddable":true,"href":"https:\/\/www.verztec.com\/wp-json\/wp\/v2\/media\/4027"}],"wp:attachment":[{"href":"https:\/\/www.verztec.com\/wp-json\/wp\/v2\/media?parent=1697"}],"curies":[{"name":"wp","href":"https:\/\/api.w.org\/{rel}","templated":true}]}}