{"id":1698,"date":"2012-04-04T08:42:15","date_gmt":"2012-04-04T08:42:15","guid":{"rendered":"http:\/\/staging.verztec.com\/verztec\/electronics\/"},"modified":"2025-02-03T08:35:57","modified_gmt":"2025-02-03T08:35:57","slug":"electronics","status":"publish","type":"page","link":"https:\/\/www.verztec.com\/electronics","title":{"rendered":"Electr\u00f3nica"},"content":{"rendered":"<p>La industria electr\u00f3nica ha mostrado un crecimiento constante, especialmente en la electr\u00f3nica de consumo, como tel\u00e9fonos m\u00f3viles, dispositivos GPS y dispositivos port\u00e1tiles. Las empresas invierten una cantidad considerable de tiempo y recursos en la investigaci\u00f3n y el desarrollo de productos electr\u00f3nicos para tener \u00e9xito en este competitivo mercado global.<\/p>\r\n<p>Para diferenciarse y captar mercados a nivel mundial, las empresas electr\u00f3nicas deben comunicar eficazmente su mensaje de marca, la informaci\u00f3n sobre productos y los manuales a trav\u00e9s de diversas culturas. La necesidad de localizaci\u00f3n que resuene con las audiencias internacionales nunca ha sido m\u00e1s cr\u00edtica.<\/p>\r\n<p>Verztec se especializa en proporcionar soluciones de localizaci\u00f3n rentables adaptadas a la industria electr\u00f3nica. Nuestro equipo de expertos en localizaci\u00f3n asegura que la GUI (Interfaz Gr\u00e1fica de Usuario) del software, los archivos de ayuda del software, el embalaje de productos, los manuales t\u00e9cnicos, los documentos de capacitaci\u00f3n, los materiales de cumplimiento, la formaci\u00f3n \u00e9tica, los materiales de marketing (folletos, panfletos, boletines), los m\u00f3dulos de formaci\u00f3n en l\u00ednea, los sitios web, intranets y extranets sean traducidos con precisi\u00f3n y adaptados culturalmente.<\/p>\r\n<p>Las capacidades de Verztec abarcan una amplia gama de documentos espec\u00edficos de la industria electr\u00f3nica, incluidos:<\/p>\r\n<ul>\r\n<li>GUI (Interfaz Gr\u00e1fica de Usuario) del software<\/li>\r\n<li>Archivos de ayuda del software<\/li>\r\n<li>Embalaje de productos<\/li>\r\n<li>Hojas de datos de seguridad de materiales<\/li>\r\n<li>Manuales t\u00e9cnicos<\/li>\r\n<li>Documentos de capacitaci\u00f3n<\/li>\r\n<li>Materiales de cumplimiento y regulaci\u00f3n espec\u00edficos de la industria<\/li>\r\n<li>Materiales de \u00e9tica corporativa, como manuales de c\u00f3digo de conducta y formaci\u00f3n \u00e9tica<\/li>\r\n<li>Materiales de marketing (folletos, panfletos, boletines)<\/li>\r\n<li>Desarrollo y localizaci\u00f3n de formaci\u00f3n en l\u00ednea<\/li>\r\n<li>Sitios web, extranet e intranet<\/li>\r\n<li>Software y sistemas<\/li>\r\n<li>Traducci\u00f3n de materiales de presentaci\u00f3n corporativa (Flash, PowerPoint, etc.)<\/li>\r\n<\/ul>\r\n<p>As\u00f3ciate con Verztec para optimizar tu estrategia de comunicaci\u00f3n global en la industria electr\u00f3nica. Descubre c\u00f3mo nuestros servicios ling\u00fc\u00edsticos integrales y soluciones de aprendizaje digital pueden apoyar tu expansi\u00f3n en nuevos mercados de manera efectiva. Cont\u00e1ctanos hoy para conocer m\u00e1s sobre nuestras soluciones personalizadas y nuestra experiencia en la industria.<\/p>\r\n\r\n<hr style=\"margin-top: 20px; margin-bottom: 20px; border: 0; border-top: 1px solid #eee;\" \/>\n<p style=\"margin-bottom: 0;\"><a href=\"https:\/\/www.verztec.com\/es\/testimonials\/\" target=\"_blank\" rel=\"noopener\">Testimonios de Clientes<\/a> &nbsp; : \u00a1Lea lo que nuestros clientes dicen sobre nosotros!<\/p>\n<p><a href=\"https:\/\/www.verztec.com\/es\/clients\/\" target=\"_blank\" rel=\"noopener\">Nuestros Valiosos Clientes<\/a> &nbsp; : Vea la lista de nuestros estimados clientes.<\/p>\n\r\n","protected":false},"excerpt":{"rendered":"<p>La industria electr\u00f3nica ha mostrado un crecimiento constante, especialmente en la electr\u00f3nica de consumo, como tel\u00e9fonos m\u00f3viles, dispositivos GPS y dispositivos port\u00e1tiles. Las empresas invierten una cantidad considerable de tiempo&hellip;<\/p>\n","protected":false},"author":1,"featured_media":4027,"parent":0,"menu_order":14,"comment_status":"closed","ping_status":"closed","template":"","meta":{"footnotes":""},"class_list":["post-1698","page","type-page","status-publish","has-post-thumbnail","hentry"],"_links":{"self":[{"href":"https:\/\/www.verztec.com\/wp-json\/wp\/v2\/pages\/1698"}],"collection":[{"href":"https:\/\/www.verztec.com\/wp-json\/wp\/v2\/pages"}],"about":[{"href":"https:\/\/www.verztec.com\/wp-json\/wp\/v2\/types\/page"}],"author":[{"embeddable":true,"href":"https:\/\/www.verztec.com\/wp-json\/wp\/v2\/users\/1"}],"replies":[{"embeddable":true,"href":"https:\/\/www.verztec.com\/wp-json\/wp\/v2\/comments?post=1698"}],"version-history":[{"count":2,"href":"https:\/\/www.verztec.com\/wp-json\/wp\/v2\/pages\/1698\/revisions"}],"predecessor-version":[{"id":2877,"href":"https:\/\/www.verztec.com\/wp-json\/wp\/v2\/pages\/1698\/revisions\/2877"}],"wp:featuredmedia":[{"embeddable":true,"href":"https:\/\/www.verztec.com\/wp-json\/wp\/v2\/media\/4027"}],"wp:attachment":[{"href":"https:\/\/www.verztec.com\/wp-json\/wp\/v2\/media?parent=1698"}],"curies":[{"name":"wp","href":"https:\/\/api.w.org\/{rel}","templated":true}]}}