{"id":1699,"date":"2012-04-04T08:51:44","date_gmt":"2012-04-04T08:51:44","guid":{"rendered":"http:\/\/staging.verztec.com\/verztec\/energy\/"},"modified":"2025-02-03T08:37:06","modified_gmt":"2025-02-03T08:37:06","slug":"energy","status":"publish","type":"page","link":"https:\/\/www.verztec.com\/energy","title":{"rendered":"Energ\u00eda y Miner\u00eda"},"content":{"rendered":"<p>En los \u00faltimos a\u00f1os, el consumo de energ\u00eda y los costos de los recursos han aumentado significativamente, impulsados por la demanda global de fuentes de energ\u00eda. Este crecimiento ha generado esfuerzos intensivos de investigaci\u00f3n y desarrollo en todo el mundo para satisfacer estas crecientes demandas. Muchas empresas dentro de la industria energ\u00e9tica est\u00e1n expandi\u00e9ndose a nuevos mercados regionales o trasladando sus operaciones a pa\u00edses con menores costos operativos para aprovechar las oportunidades de crecimiento.<\/p>\r\n<p>La comunicaci\u00f3n efectiva y consistente a trav\u00e9s de diversos medios y lenguajes es crucial para mantener el crecimiento en el sector energ\u00e9tico. Verztec ofrece soluciones completas de traducci\u00f3n, localizaci\u00f3n y aprendizaje digital dise\u00f1adas para asegurar que sus materiales de marketing, documentos t\u00e9cnicos, sitios web y presentaciones de ventas sean preparados con precisi\u00f3n y eficiencia. Entendemos las complejidades inherentes a la terminolog\u00eda y los conceptos del sector energ\u00e9tico, garantizando la traducci\u00f3n precisa y la entrega de los materiales a las audiencias objetivo.<\/p>\r\n<p>Las capacidades de Verztec abarcan una amplia gama de documentos esenciales para la industria de la energ\u00eda y la miner\u00eda, incluidos manuales de salud y seguridad, manuales t\u00e9cnicos, materiales de marketing (folletos, boletines, panfletos), documentos legales, materiales espec\u00edficos de cumplimiento y regulaci\u00f3n para la industria, materiales \u00e9ticos corporativos como manuales de c\u00f3digo de conducta y formaci\u00f3n \u00e9tica, manuales de operaci\u00f3n para generaci\u00f3n de energ\u00eda y maquinaria, documentos de formaci\u00f3n, y desarrollo y localizaci\u00f3n de programas de formaci\u00f3n online.<\/p>\r\n<p>Adem\u00e1s de los servicios tradicionales de localizaci\u00f3n, Verztec est\u00e1 especializada en soluciones de aprendizaje digital. Ayudamos a las empresas de energ\u00eda a convertir sus programas de formaci\u00f3n en m\u00f3dulos en l\u00ednea y a implementar sistemas de gesti\u00f3n del aprendizaje (LMS) para iniciativas de formaci\u00f3n eficientes a nivel regional o global. Nuestra experiencia en ingenier\u00eda multimedia asegura que su formaci\u00f3n online sea atractiva, efectiva y culturalmente relevante en diversos mercados.<\/p>\r\n<p>As\u00f3ciese con Verztec para optimizar sus estrategias de comunicaci\u00f3n y navegar por las complejidades de la expansi\u00f3n global en el sector de la energ\u00eda y la miner\u00eda.<\/p>\r\n<p>Cont\u00e1ctenos hoy para descubrir c\u00f3mo nuestros servicios ling\u00fc\u00edsticos especializados y nuestras soluciones digitales innovadoras pueden mejorar su ventaja competitiva y eficiencia operativa.<\/p>\r\n\r\n<hr style=\"margin-top: 20px; margin-bottom: 20px; border: 0; border-top: 1px solid #eee;\" \/>\n<p style=\"margin-bottom: 0;\"><a href=\"https:\/\/www.verztec.com\/es\/testimonials\/\" target=\"_blank\" rel=\"noopener\">Testimonios de Clientes<\/a> &nbsp; : \u00a1Lea lo que nuestros clientes dicen sobre nosotros!<\/p>\n<p><a href=\"https:\/\/www.verztec.com\/es\/clients\/\" target=\"_blank\" rel=\"noopener\">Nuestros Valiosos Clientes<\/a> &nbsp; : Vea la lista de nuestros estimados clientes.<\/p>\n\r\n","protected":false},"excerpt":{"rendered":"<p>En los \u00faltimos a\u00f1os, el consumo de energ\u00eda y los costos de los recursos han aumentado significativamente, impulsados por la demanda global de fuentes de energ\u00eda. Este crecimiento ha generado&hellip;<\/p>\n","protected":false},"author":1,"featured_media":4027,"parent":0,"menu_order":13,"comment_status":"closed","ping_status":"closed","template":"","meta":{"footnotes":""},"class_list":["post-1699","page","type-page","status-publish","has-post-thumbnail","hentry"],"_links":{"self":[{"href":"https:\/\/www.verztec.com\/wp-json\/wp\/v2\/pages\/1699"}],"collection":[{"href":"https:\/\/www.verztec.com\/wp-json\/wp\/v2\/pages"}],"about":[{"href":"https:\/\/www.verztec.com\/wp-json\/wp\/v2\/types\/page"}],"author":[{"embeddable":true,"href":"https:\/\/www.verztec.com\/wp-json\/wp\/v2\/users\/1"}],"replies":[{"embeddable":true,"href":"https:\/\/www.verztec.com\/wp-json\/wp\/v2\/comments?post=1699"}],"version-history":[{"count":2,"href":"https:\/\/www.verztec.com\/wp-json\/wp\/v2\/pages\/1699\/revisions"}],"predecessor-version":[{"id":2879,"href":"https:\/\/www.verztec.com\/wp-json\/wp\/v2\/pages\/1699\/revisions\/2879"}],"wp:featuredmedia":[{"embeddable":true,"href":"https:\/\/www.verztec.com\/wp-json\/wp\/v2\/media\/4027"}],"wp:attachment":[{"href":"https:\/\/www.verztec.com\/wp-json\/wp\/v2\/media?parent=1699"}],"curies":[{"name":"wp","href":"https:\/\/api.w.org\/{rel}","templated":true}]}}