{"id":1700,"date":"2012-04-04T08:54:27","date_gmt":"2012-04-04T08:54:27","guid":{"rendered":"http:\/\/staging.verztec.com\/verztec\/government\/"},"modified":"2025-02-03T08:43:43","modified_gmt":"2025-02-03T08:43:43","slug":"government","status":"publish","type":"page","link":"https:\/\/www.verztec.com\/government","title":{"rendered":"Gobierno"},"content":{"rendered":"<p>Una comunicaci\u00f3n efectiva en dos direcciones entre los gobiernos y los ciudadanos es esencial para el progreso nacional. Asegurar que el p\u00fablico est\u00e9 informado sobre las pol\u00edticas e iniciativas gubernamentales, mientras se mantiene atento al sentir p\u00fablico, es crucial para fomentar la confianza y la responsabilidad.<\/p>\r\n<p>En el \u00e1mbito de la comunicaci\u00f3n multiling\u00fce, los gobiernos a menudo enfrentan el desaf\u00edo de traducir una gran cantidad de datos recopilados del p\u00fablico. Verztec comprende las complejidades involucradas en este proceso, ofreciendo servicios eficientes de traducci\u00f3n y localizaci\u00f3n para superar las barreras del idioma y llegar a diversos grupos ling\u00fc\u00edsticos de manera efectiva y r\u00e1pida.<\/p>\r\n<p>Adem\u00e1s, los gobiernos necesitan difundir informaci\u00f3n de manera precisa y oportuna. Verztec apoya esta necesidad con nuestras capacidades integrales para traducir y localizar una amplia variedad de documentos gubernamentales, incluidos encuestas p\u00fablicas, materiales regulatorios, directrices de \u00e9tica empresarial, documentos legales, materiales de recursos humanos y m\u00e1s.<\/p>\r\n<p>Adem\u00e1s de los servicios ling\u00fc\u00edsticos tradicionales, Verztec se especializa en soluciones de aprendizaje digital que pueden revolucionar las iniciativas de capacitaci\u00f3n y educaci\u00f3n del gobierno. Estos son algunos de los \u00e1mbitos en los que el aprendizaje digital puede ser particularmente \u00fatil en el sector gubernamental:<\/p>\r\n<ol>\r\n<li><b>Documentos de formaci\u00f3n:<\/b> Desarrollo y localizaci\u00f3n de m\u00f3dulos de formaci\u00f3n en l\u00ednea para los empleados del gobierno sobre pol\u00edticas, procedimientos y cumplimiento.<\/li>\r\n<li><b>Servicios de gobierno electr\u00f3nico:<\/b> Mejorar la accesibilidad y la usabilidad de los portales de gobierno electr\u00f3nico a trav\u00e9s de interfaces multiling\u00fces y tutoriales en l\u00ednea f\u00e1ciles de usar.<\/li>\r\n<li><b>Campa\u00f1as de educaci\u00f3n p\u00fablica:<\/b> Crear contenido digital interactivo para educar a los ciudadanos sobre los programas gubernamentales, iniciativas de salud y responsabilidades c\u00edvicas.<\/li>\r\n<li><b>Formaci\u00f3n en \u00e9tica y cumplimiento:<\/b> Implementar cursos en l\u00ednea para educar al personal gubernamental sobre normas \u00e9ticas, c\u00f3digos de conducta y cumplimiento normativo.<\/li>\r\n<li><b>Desarrollo de habilidades ling\u00fc\u00edsticas:<\/b> Ofrecer programas de aprendizaje de idiomas para funcionarios del gobierno para mejorar sus habilidades de comunicaci\u00f3n en entornos multiculturales.<\/li>\r\n<\/ol>\r\n<p>La experiencia de Verztec va m\u00e1s all\u00e1 de la traducci\u00f3n e incluye soluciones digitales estrat\u00e9gicas que apoyan a los gobiernos en la promoci\u00f3n de la transparencia, la eficiencia y la participaci\u00f3n ciudadana.<\/p>\r\n<p>As\u00f3ciese con Verztec para mejorar sus estrategias de comunicaci\u00f3n gubernamental y satisfacer las necesidades cambiantes de una sociedad diversa e interconectada. Cont\u00e1ctenos hoy para explorar c\u00f3mo nuestros servicios especializados pueden fortalecer sus iniciativas de gobernanza.<\/p>\r\n\r\n<hr style=\"margin-top: 20px; margin-bottom: 20px; border: 0; border-top: 1px solid #eee;\" \/>\n<p style=\"margin-bottom: 0;\"><a href=\"https:\/\/www.verztec.com\/es\/testimonials\/\" target=\"_blank\" rel=\"noopener\">Testimonios de Clientes<\/a> &nbsp; : \u00a1Lea lo que nuestros clientes dicen sobre nosotros!<\/p>\n<p><a href=\"https:\/\/www.verztec.com\/es\/clients\/\" target=\"_blank\" rel=\"noopener\">Nuestros Valiosos Clientes<\/a> &nbsp; : Vea la lista de nuestros estimados clientes.<\/p>\n\r\n","protected":false},"excerpt":{"rendered":"<p>Una comunicaci\u00f3n efectiva en dos direcciones entre los gobiernos y los ciudadanos es esencial para el progreso nacional. Asegurar que el p\u00fablico est\u00e9 informado sobre las pol\u00edticas e iniciativas gubernamentales,&hellip;<\/p>\n","protected":false},"author":1,"featured_media":4027,"parent":0,"menu_order":12,"comment_status":"closed","ping_status":"closed","template":"","meta":{"footnotes":""},"class_list":["post-1700","page","type-page","status-publish","has-post-thumbnail","hentry"],"_links":{"self":[{"href":"https:\/\/www.verztec.com\/wp-json\/wp\/v2\/pages\/1700"}],"collection":[{"href":"https:\/\/www.verztec.com\/wp-json\/wp\/v2\/pages"}],"about":[{"href":"https:\/\/www.verztec.com\/wp-json\/wp\/v2\/types\/page"}],"author":[{"embeddable":true,"href":"https:\/\/www.verztec.com\/wp-json\/wp\/v2\/users\/1"}],"replies":[{"embeddable":true,"href":"https:\/\/www.verztec.com\/wp-json\/wp\/v2\/comments?post=1700"}],"version-history":[{"count":2,"href":"https:\/\/www.verztec.com\/wp-json\/wp\/v2\/pages\/1700\/revisions"}],"predecessor-version":[{"id":2881,"href":"https:\/\/www.verztec.com\/wp-json\/wp\/v2\/pages\/1700\/revisions\/2881"}],"wp:featuredmedia":[{"embeddable":true,"href":"https:\/\/www.verztec.com\/wp-json\/wp\/v2\/media\/4027"}],"wp:attachment":[{"href":"https:\/\/www.verztec.com\/wp-json\/wp\/v2\/media?parent=1700"}],"curies":[{"name":"wp","href":"https:\/\/api.w.org\/{rel}","templated":true}]}}