{"id":1708,"date":"2012-07-26T07:50:28","date_gmt":"2012-07-26T07:50:28","guid":{"rendered":"http:\/\/staging.verztec.com\/verztec\/healthcare-and-pharmaceuticals\/"},"modified":"2025-02-03T08:31:30","modified_gmt":"2025-02-03T08:31:30","slug":"healthcare-and-pharmaceuticals","status":"publish","type":"page","link":"https:\/\/www.verztec.com\/healthcare-and-pharmaceuticals","title":{"rendered":"Farmac\u00e9utica y Salud"},"content":{"rendered":"<p>Las industrias farmac\u00e9utica y de la salud han experimentado un crecimiento significativo, impulsado por la creciente demanda de productos m\u00e9dicos de alta calidad y estrictos requisitos regulatorios. Con una multitud de medicamentos aprobados disponibles a nivel mundial, la competencia entre empresas que ofrecen productos similares se est\u00e1 intensificando. A medida que las empresas se expanden a nivel global, la necesidad de materiales de marketing culturalmente apropiados nunca ha sido m\u00e1s crucial.<\/p>\r\n<p>Para garantizar la eficacia de los productos, las empresas est\u00e1n invirtiendo fuertemente en investigaci\u00f3n de mercado de salud y an\u00e1lisis farmac\u00e9uticos. En este paisaje globalizado, los documentos de investigaci\u00f3n se producen en varios idiomas en todo el mundo. La traducci\u00f3n precisa de estos materiales es esencial para obtener una ventaja competitiva. En Verztec, reconocemos la importancia de proporcionar servicios de traducci\u00f3n precisos y eficientes, particularmente para industrias tan reguladas y exigentes como esta.<\/p>\r\n<p>Adem\u00e1s, introducir un medicamento en un nuevo mercado implica navegar por procesos regulatorios complejos. El equipo dedicado de traductores y especialistas en localizaci\u00f3n de Verztec apoya a su organizaci\u00f3n en cada etapa del ciclo de vida del producto, desde la investigaci\u00f3n farmac\u00e9utica y las presentaciones regulatorias hasta la fabricaci\u00f3n, el marketing y el embalaje. Nuestra experiencia garantiza que su contenido cumpla con los est\u00e1ndares regulatorios y resuene de manera efectiva con las audiencias locales en todo el mundo.<\/p>\r\n<p>Las capacidades completas de Verztec cubren una amplia gama de documentos esenciales para la industria farmac\u00e9utica y de la salud, incluyendo documentos de ensayos cl\u00ednicos, documentaci\u00f3n de registro de medicamentos, manuales farmac\u00e9uticos, libros de referencia, materiales de embalaje (etiquetas, insertos de paquete), art\u00edculos cient\u00edficos, ensayos acad\u00e9micos, protocolos cl\u00ednicos, dossiers, materiales de marketing (folletos, folletos, boletines), informaci\u00f3n para pacientes, encuestas, documentos legales, informes de toxicolog\u00eda, formularios de informes de casos (CRF), hojas de datos y sitios web (intranets y extranets).<\/p>\r\n<p>Adem\u00e1s de los servicios de localizaci\u00f3n tradicionales, Verztec sobresale en soluciones de aprendizaje digital. Nos especializamos en convertir materiales de capacitaci\u00f3n en m\u00f3dulos en l\u00ednea y en implementar Sistemas de Gesti\u00f3n de Aprendizaje (LMS) para iniciativas de capacitaci\u00f3n regionales o globales eficientes.<\/p>\r\n<p>As\u00f3ciese con Verztec para mejorar su estrategia global en el sector farmac\u00e9utico y de la salud. Cont\u00e1ctenos hoy para explorar nuestra gama completa de servicios ling\u00fc\u00edsticos y soluciones innovadoras.<\/p>\r\n\r\n<hr style=\"margin-top: 20px; margin-bottom: 20px; border: 0; border-top: 1px solid #eee;\" \/>\n<p style=\"margin-bottom: 0;\"><a href=\"https:\/\/www.verztec.com\/es\/testimonials\/\" target=\"_blank\" rel=\"noopener\">Testimonios de Clientes<\/a> &nbsp; : \u00a1Lea lo que nuestros clientes dicen sobre nosotros!<\/p>\n<p><a href=\"https:\/\/www.verztec.com\/es\/clients\/\" target=\"_blank\" rel=\"noopener\">Nuestros Valiosos Clientes<\/a> &nbsp; : Vea la lista de nuestros estimados clientes.<\/p>\n\r\n","protected":false},"excerpt":{"rendered":"<p>Las industrias farmac\u00e9utica y de la salud han experimentado un crecimiento significativo, impulsado por la creciente demanda de productos m\u00e9dicos de alta calidad y estrictos requisitos regulatorios. Con una multitud&hellip;<\/p>\n","protected":false},"author":1,"featured_media":4027,"parent":0,"menu_order":9,"comment_status":"closed","ping_status":"closed","template":"","meta":{"footnotes":""},"class_list":["post-1708","page","type-page","status-publish","has-post-thumbnail","hentry"],"_links":{"self":[{"href":"https:\/\/www.verztec.com\/wp-json\/wp\/v2\/pages\/1708"}],"collection":[{"href":"https:\/\/www.verztec.com\/wp-json\/wp\/v2\/pages"}],"about":[{"href":"https:\/\/www.verztec.com\/wp-json\/wp\/v2\/types\/page"}],"author":[{"embeddable":true,"href":"https:\/\/www.verztec.com\/wp-json\/wp\/v2\/users\/1"}],"replies":[{"embeddable":true,"href":"https:\/\/www.verztec.com\/wp-json\/wp\/v2\/comments?post=1708"}],"version-history":[{"count":2,"href":"https:\/\/www.verztec.com\/wp-json\/wp\/v2\/pages\/1708\/revisions"}],"predecessor-version":[{"id":2873,"href":"https:\/\/www.verztec.com\/wp-json\/wp\/v2\/pages\/1708\/revisions\/2873"}],"wp:featuredmedia":[{"embeddable":true,"href":"https:\/\/www.verztec.com\/wp-json\/wp\/v2\/media\/4027"}],"wp:attachment":[{"href":"https:\/\/www.verztec.com\/wp-json\/wp\/v2\/media?parent=1708"}],"curies":[{"name":"wp","href":"https:\/\/api.w.org\/{rel}","templated":true}]}}