{"id":1709,"date":"2012-07-26T08:10:50","date_gmt":"2012-07-26T08:10:50","guid":{"rendered":"http:\/\/staging.verztec.com\/verztec\/petroleum-and-chemicals\/"},"modified":"2025-02-03T08:29:51","modified_gmt":"2025-02-03T08:29:51","slug":"petroleum-and-chemicals","status":"publish","type":"page","link":"https:\/\/www.verztec.com\/petroleum-and-chemicals","title":{"rendered":"Petr\u00f3leo y Qu\u00edmica"},"content":{"rendered":"<p>Las industrias del petr\u00f3leo y la qu\u00edmica son sectores globales clave que conectan algunas de las econom\u00edas m\u00e1s grandes del mundo. El petr\u00f3leo es una materia prima esencial para diversos productos qu\u00edmicos, incluidos los fertilizantes, productos farmac\u00e9uticos y pl\u00e1sticos. Su uso generalizado en diversas industrias influye considerablemente en los patrones de consumo global. De manera similar, los productos qu\u00edmicos desempe\u00f1an un papel esencial en la agricultura, la fabricaci\u00f3n, la construcci\u00f3n y los sectores de servicios a nivel mundial.<\/p>\r\n<p>A pesar de los desaf\u00edos recientes, como la disminuci\u00f3n de la producci\u00f3n qu\u00edmica global y la fluctuaci\u00f3n de la demanda desde finales de la d\u00e9cada de 2000, las empresas en estos sectores est\u00e1n adoptando medidas agresivas de reducci\u00f3n de costos y adoptando tecnolog\u00edas avanzadas para mantener su competitividad. Muchas tambi\u00e9n est\u00e1n expandi\u00e9ndose en regiones de bajo costo, lo que requiere estrategias de marketing robustas adaptadas a las bases de consumidores locales y servicios de traducci\u00f3n de documentos extensos.<\/p>\r\n<p>Verztec se especializa en satisfacer las necesidades de traducci\u00f3n y localizaci\u00f3n de las empresas de petr\u00f3leo y productos qu\u00edmicos. Nuestro equipo de traductores y ling\u00fcistas experimentados garantiza la entrega de materiales altamente precisos y de calidad a diversas audiencias globales. Nuestros especialistas en localizaci\u00f3n se aseguran de que su contenido resuene eficazmente con audiencias de diferentes or\u00edgenes culturales, mejorando la participaci\u00f3n y la comprensi\u00f3n.<\/p>\r\n<p>Las capacidades de Verztec cubren una amplia gama de documentos cr\u00edticos para la industria del petr\u00f3leo y los productos qu\u00edmicos, incluidos los estudios de impacto ambiental (EIA), los estudios de impacto social (SIA), los manuales de operaci\u00f3n y mantenimiento, los manuales t\u00e9cnicos\/equipos, los informes de expediciones de perforaci\u00f3n, los datos de rendimiento de las instalaciones, las propuestas t\u00e9cnicas\/especificaciones, los documentos de licitaci\u00f3n, las p\u00f3lizas de seguros, los materiales de recursos humanos, los documentos legales, los materiales de marketing (folletos, cat\u00e1logos, boletines), las encuestas y los sitios web, intranets y extranets.<\/p>\r\n<p>Adem\u00e1s de los servicios tradicionales de traducci\u00f3n, Verztec ofrece soluciones avanzadas de aprendizaje digital adaptadas a las necesidades espec\u00edficas del sector del petr\u00f3leo y los productos qu\u00edmicos. Estas soluciones mejoran la eficiencia de la formaci\u00f3n de los empleados, garantizan el cumplimiento de las normativas y optimizan los procesos operativos en los equipos globales.<\/p>\r\n<p>As\u00f3ciese con Verztec para optimizar sus estrategias de comunicaci\u00f3n global, mantener el cumplimiento normativo y llegar eficazmente a los mercados diversos de la industria del petr\u00f3leo y los productos qu\u00edmicos. Cont\u00e1ctenos hoy para descubrir c\u00f3mo nuestros servicios especializados pueden apoyar el crecimiento y \u00e9xito de su organizaci\u00f3n en el escenario global.<\/p>\r\n\r\n<hr style=\"margin-top: 20px; margin-bottom: 20px; border: 0; border-top: 1px solid #eee;\" \/>\n<p style=\"margin-bottom: 0;\"><a href=\"https:\/\/www.verztec.com\/es\/testimonials\/\" target=\"_blank\" rel=\"noopener\">Testimonios de Clientes<\/a> &nbsp; : \u00a1Lea lo que nuestros clientes dicen sobre nosotros!<\/p>\n<p><a href=\"https:\/\/www.verztec.com\/es\/clients\/\" target=\"_blank\" rel=\"noopener\">Nuestros Valiosos Clientes<\/a> &nbsp; : Vea la lista de nuestros estimados clientes.<\/p>\n\r\n","protected":false},"excerpt":{"rendered":"<p>Las industrias del petr\u00f3leo y la qu\u00edmica son sectores globales clave que conectan algunas de las econom\u00edas m\u00e1s grandes del mundo. El petr\u00f3leo es una materia prima esencial para diversos&hellip;<\/p>\n","protected":false},"author":1,"featured_media":4027,"parent":0,"menu_order":8,"comment_status":"closed","ping_status":"closed","template":"","meta":{"footnotes":""},"class_list":["post-1709","page","type-page","status-publish","has-post-thumbnail","hentry"],"_links":{"self":[{"href":"https:\/\/www.verztec.com\/wp-json\/wp\/v2\/pages\/1709"}],"collection":[{"href":"https:\/\/www.verztec.com\/wp-json\/wp\/v2\/pages"}],"about":[{"href":"https:\/\/www.verztec.com\/wp-json\/wp\/v2\/types\/page"}],"author":[{"embeddable":true,"href":"https:\/\/www.verztec.com\/wp-json\/wp\/v2\/users\/1"}],"replies":[{"embeddable":true,"href":"https:\/\/www.verztec.com\/wp-json\/wp\/v2\/comments?post=1709"}],"version-history":[{"count":2,"href":"https:\/\/www.verztec.com\/wp-json\/wp\/v2\/pages\/1709\/revisions"}],"predecessor-version":[{"id":2870,"href":"https:\/\/www.verztec.com\/wp-json\/wp\/v2\/pages\/1709\/revisions\/2870"}],"wp:featuredmedia":[{"embeddable":true,"href":"https:\/\/www.verztec.com\/wp-json\/wp\/v2\/media\/4027"}],"wp:attachment":[{"href":"https:\/\/www.verztec.com\/wp-json\/wp\/v2\/media?parent=1709"}],"curies":[{"name":"wp","href":"https:\/\/api.w.org\/{rel}","templated":true}]}}