{"id":1710,"date":"2013-03-13T11:18:55","date_gmt":"2013-03-13T11:18:55","guid":{"rendered":"http:\/\/staging.verztec.com\/verztec\/why-join-us\/"},"modified":"2025-03-11T03:43:56","modified_gmt":"2025-03-11T03:43:56","slug":"why-join-us","status":"publish","type":"page","link":"https:\/\/www.verztec.com\/why-join-us","title":{"rendered":"\u00bfPor qu\u00e9 unirse a nuestro equipo?"},"content":{"rendered":"<h3 class=\"title-normal\">\u00danete a nuestra misi\u00f3n<\/h3>\n<p>En Verztec, nuestra misi\u00f3n es ayudar a las empresas a expandirse globalmente y alcanzar un mayor \u00e9xito en su expansi\u00f3n internacional. Nos enfocamos en mejorar el aprendizaje en el lugar de trabajo y el desarrollo de habilidades para nuestros clientes en muchos sectores a trav\u00e9s de soluciones de aprendizaje digital. Nuestros servicios de traducci\u00f3n y localizaci\u00f3n, revisados profesionalmente, mejoran la comunicaci\u00f3n transfronteriza, apoyando la exportaci\u00f3n de productos y servicios en todo el mundo. Al mejorar la comunicaci\u00f3n, fomentamos asociaciones, reducimos malentendidos y creamos un mundo m\u00e1s feliz para todos.<\/p>\n<p>\u00a0<\/p>\n<h3 class=\"title-normal\">Nuestro impacto positivo como equipo<\/h3>\n<p>Desde sus humildes comienzos en el a\u00f1o 2000, Verztec se ha convertido en una de las principales empresas de consultor\u00eda en soluciones de aprendizaje y ling\u00fc\u00edsticas de calidad. Somos una de las firmas de consultor\u00eda m\u00e1s grandes y de mayor crecimiento en Asia, ofreciendo soluciones de aprendizaje digital, traducci\u00f3n profesional, localizaci\u00f3n de software y dise\u00f1os creativos innovadores en m\u00e1s de 100 idiomas.<\/p>\n<p>A lo largo de los a\u00f1os, hemos ayudado a muchas empresas a ingresar a nuevos mercados globales, construir fuentes de ingresos sostenibles y lograr mayores niveles de compromiso con clientes, socios y empleados. Apoyamos a un tercio de las empresas de la lista Fortune 500, incluidas IBM, HP, Microsoft, Citibank, Rolls Royce Motors, P&#038;G, Honeywell, McDonald\u2019s Corporation, UBS y Unilever.<\/p>\n<p>Verztec tambi\u00e9n es una empresa socialmente responsable, comprometida con sus empleados, clientes, proveedores, la comunidad y el medio ambiente. Consulta nuestras <strong><a href=\"our-community-involvements\" target=\"_blank\" rel=\"noopener\">Iniciativas Comunitarias<\/a><\/strong> para ver c\u00f3mo contribuimos a la sociedad.<\/p>\n<p>\u00a0<\/p>\n<h3 class=\"title-normal\">Tu bienestar nos importa<\/h3>\n<p>En Verztec, enfatizamos los valores familiares y el apoyo mutuo en los momentos dif\u00edciles. El trabajo en equipo es crucial, y nos enfocamos en brindar el nivel m\u00e1s alto de servicio a nuestros clientes. Buscamos continuamente formas innovadoras de mejorar nuestros procesos y damos lo mejor de nosotros para aquellos que conf\u00edan en nuestro negocio.<\/p>\n<p>Valoramos el compromiso y la lealtad, algo evidente en la cantidad de empleados que han estado con nosotros durante a\u00f1os. Nuestros atractivos premios por a\u00f1os de servicio, eventos corporativos y programas de reconocimiento para empleados son muestras de agradecimiento para nuestros miembros del equipo dedicados que sobresalen en su trabajo y brindan un excelente servicio a nuestros clientes.<\/p>\n<p>\u00a0<\/p>\n<h3 class=\"title-normal\">Tu futuro importa con nosotros<\/h3>\n<p>En Verztec, el \u00e9xito se basa en el m\u00e9rito, no en las relaciones. Cualquier persona capaz y dispuesta puede llegar a la cima. Creemos firmemente en las 3 C del \u00e9xito: Competencia, Consistencia y Car\u00e1cter.<\/p>\n<p>\u00a0<\/p>\n<p>Para m\u00e1s informaci\u00f3n sobre nuestras oportunidades laborales, por favor visita <a href=\"employment-opportunities\" target=\"_blank\" rel=\"noopener\">Oportunidades de Empleo<\/a><\/p>\n<p>\u00danete a Verztec y s\u00e9 parte de un equipo que tiene un impacto global a trav\u00e9s de una comunicaci\u00f3n fluida y soluciones innovadoras. \u00a1Esperamos darte la bienvenida!<\/p>\n","protected":false},"excerpt":{"rendered":"<p>\u00danete a nuestra misi\u00f3n En Verztec, nuestra misi\u00f3n es ayudar a las empresas a expandirse globalmente y alcanzar un mayor \u00e9xito en su expansi\u00f3n internacional. Nos enfocamos en mejorar el&hellip;<\/p>\n","protected":false},"author":1,"featured_media":2033,"parent":0,"menu_order":4,"comment_status":"closed","ping_status":"closed","template":"","meta":{"footnotes":""},"class_list":["post-1710","page","type-page","status-publish","has-post-thumbnail","hentry"],"_links":{"self":[{"href":"https:\/\/www.verztec.com\/wp-json\/wp\/v2\/pages\/1710"}],"collection":[{"href":"https:\/\/www.verztec.com\/wp-json\/wp\/v2\/pages"}],"about":[{"href":"https:\/\/www.verztec.com\/wp-json\/wp\/v2\/types\/page"}],"author":[{"embeddable":true,"href":"https:\/\/www.verztec.com\/wp-json\/wp\/v2\/users\/1"}],"replies":[{"embeddable":true,"href":"https:\/\/www.verztec.com\/wp-json\/wp\/v2\/comments?post=1710"}],"version-history":[{"count":3,"href":"https:\/\/www.verztec.com\/wp-json\/wp\/v2\/pages\/1710\/revisions"}],"predecessor-version":[{"id":4222,"href":"https:\/\/www.verztec.com\/wp-json\/wp\/v2\/pages\/1710\/revisions\/4222"}],"wp:featuredmedia":[{"embeddable":true,"href":"https:\/\/www.verztec.com\/wp-json\/wp\/v2\/media\/2033"}],"wp:attachment":[{"href":"https:\/\/www.verztec.com\/wp-json\/wp\/v2\/media?parent=1710"}],"curies":[{"name":"wp","href":"https:\/\/api.w.org\/{rel}","templated":true}]}}