{"id":1711,"date":"2013-05-17T07:25:28","date_gmt":"2013-05-17T07:25:28","guid":{"rendered":"http:\/\/staging.verztec.com\/verztec\/official-apec-translation-partner\/"},"modified":"2025-02-04T04:17:54","modified_gmt":"2025-02-04T04:17:54","slug":"official-apec-translation-partner","status":"publish","type":"page","link":"https:\/\/www.verztec.com\/official-apec-translation-partner","title":{"rendered":"Socio oficial de traducci\u00f3n de APEC"},"content":{"rendered":"<div style=\"display: flex; margin-bottom: 16px;\">\n    <a class=\"blue\" style=\"text-decoration: none;\" href=\"http:\/\/www.apec.org\/\" target=\"_blank\" rel=\"noopener\"><img loading=\"lazy\" decoding=\"async\"\n            class=\"\" style=\"float: left;\" src=\"https:\/\/www.verztec.com\/wp-content\/uploads\/2009\/06\/APEC_small.jpg\"\n            alt=\"APEC\" width=\"126\" height=\"73\" border=\"0\" \/><\/a><br \/>\n    <a class=\"blue\" style=\"text-decoration: none;\" href=\"http:\/\/www.apec.org\/\" target=\"_blank\" rel=\"noopener\"><img decoding=\"async\"\n            class=\"\" style=\"height: 73px;\" src=\"https:\/\/www.verztec.com\/wp-content\/uploads\/2009\/08\/apecsggif.gif\"\n            alt=\"APEC\" width=\"125\" border=\"0\" \/> <\/a><\/div>\n<p>Singapur fue el anfitri\u00f3n de las reuniones de la Cooperaci\u00f3n Econ\u00f3mica Asia-Pac\u00edfico (APEC) desde febrero hasta noviembre de 2009, culminando con la 17\u00aa Reuni\u00f3n de L\u00edderes Econ\u00f3micos de APEC (AELM) los d\u00edas 14 y 15 de noviembre. Durante este importante evento, los l\u00edderes de las 21 econom\u00edas miembros de APEC se reunieron para discutir cuestiones clave que afectan a la regi\u00f3n.<\/p>\n<p>Verztec se enorgullece de haber sido designado como la Compa\u00f1\u00eda de Traducci\u00f3n Oficial de APEC para todas las conferencias, talleres y reuniones durante el a\u00f1o APEC 2009 en Singapur. Nuestro equipo de traductores profesionales, int\u00e9rpretes y experimentados gerentes de proyectos fue fundamental para apoyar este prestigioso evento. APEC Singapur 2009 se centr\u00f3 en promover el crecimiento econ\u00f3mico, la cooperaci\u00f3n, el comercio y la inversi\u00f3n en la regi\u00f3n Asia-Pac\u00edfico, as\u00ed como en superar la crisis econ\u00f3mica y posicionar a las econom\u00edas miembros para una recuperaci\u00f3n sostenible en el mundo post-crisis.<\/p>\n<p>\u00a0<\/p>\n<h3 class=\"title-normal\">Acerca de la <strong>Cooperaci\u00f3n Econ\u00f3mica Asia-Pac\u00edfico<\/strong><\/h3>\n<p>La Cooperaci\u00f3n Econ\u00f3mica Asia-Pac\u00edfico (APEC) es un foro de 21 pa\u00edses de la Cuenca del Pac\u00edfico (formalmente Econom\u00edas Miembros) que busca promover el libre comercio y la cooperaci\u00f3n econ\u00f3mica en la regi\u00f3n Asia-Pac\u00edfico. Establecida en 1989, APEC fue creada en respuesta a la creciente interdependencia de las econom\u00edas de Asia-Pac\u00edfico y al surgimiento de bloques comerciales regionales en otras partes del mundo. Tambi\u00e9n abord\u00f3 preocupaciones sobre la posibilidad de que Jap\u00f3n, altamente industrializado, pudiera dominar la actividad econ\u00f3mica en la regi\u00f3n, y ten\u00eda como objetivo abrir nuevos mercados para productos agr\u00edcolas y materias primas m\u00e1s all\u00e1 de Europa, donde la demanda estaba disminuyendo.<\/p>\n<p>APEC se esfuerza por elevar los niveles de vida y de educaci\u00f3n a trav\u00e9s del crecimiento econ\u00f3mico sostenible, al tiempo que fomenta un sentido de comunidad e intereses compartidos entre los pa\u00edses de Asia-Pac\u00edfico. Las iniciativas y pol\u00edticas del foro est\u00e1n dise\u00f1adas para apoyar el desarrollo econ\u00f3mico y la integraci\u00f3n de la regi\u00f3n.<\/p>\n<p>La Reuni\u00f3n Anual de L\u00edderes Econ\u00f3micos de APEC es asistida por los jefes de gobierno de todos los miembros de APEC, excepto Taiw\u00e1n, que est\u00e1 representado por un funcionario de nivel ministerial. La ubicaci\u00f3n de esta reuni\u00f3n rota anualmente entre las econom\u00edas miembros, y hasta 2011, era una famosa tradici\u00f3n que los l\u00edderes asistentes se vistieran con el traje nacional del pa\u00eds anfitri\u00f3n.<\/p>\n<p>Para m\u00e1s informaci\u00f3n sobre APEC, por favor visite <a href=\"http:\/\/www.apec.org\" target=\"_blank\" rel=\"noopener\">www.apec.org<\/a><\/p>\n<p>Verztec se siente honrado de haber contribuido al \u00e9xito de APEC 2009 en Singapur al garantizar una comunicaci\u00f3n clara y precisa entre los participantes, facilitando as\u00ed discusiones significativas y esfuerzos de cooperaci\u00f3n hacia el progreso econ\u00f3mico en la regi\u00f3n Asia-Pac\u00edfico.<\/p>\n","protected":false},"excerpt":{"rendered":"<p>Singapur fue el anfitri\u00f3n de las reuniones de la Cooperaci\u00f3n Econ\u00f3mica Asia-Pac\u00edfico (APEC) desde febrero hasta noviembre de 2009, culminando con la 17\u00aa Reuni\u00f3n de L\u00edderes Econ\u00f3micos de APEC (AELM)&hellip;<\/p>\n","protected":false},"author":1,"featured_media":2024,"parent":0,"menu_order":3,"comment_status":"closed","ping_status":"closed","template":"","meta":{"footnotes":""},"class_list":["post-1711","page","type-page","status-publish","has-post-thumbnail","hentry"],"_links":{"self":[{"href":"https:\/\/www.verztec.com\/wp-json\/wp\/v2\/pages\/1711"}],"collection":[{"href":"https:\/\/www.verztec.com\/wp-json\/wp\/v2\/pages"}],"about":[{"href":"https:\/\/www.verztec.com\/wp-json\/wp\/v2\/types\/page"}],"author":[{"embeddable":true,"href":"https:\/\/www.verztec.com\/wp-json\/wp\/v2\/users\/1"}],"replies":[{"embeddable":true,"href":"https:\/\/www.verztec.com\/wp-json\/wp\/v2\/comments?post=1711"}],"version-history":[{"count":7,"href":"https:\/\/www.verztec.com\/wp-json\/wp\/v2\/pages\/1711\/revisions"}],"predecessor-version":[{"id":4035,"href":"https:\/\/www.verztec.com\/wp-json\/wp\/v2\/pages\/1711\/revisions\/4035"}],"wp:featuredmedia":[{"embeddable":true,"href":"https:\/\/www.verztec.com\/wp-json\/wp\/v2\/media\/2024"}],"wp:attachment":[{"href":"https:\/\/www.verztec.com\/wp-json\/wp\/v2\/media?parent=1711"}],"curies":[{"name":"wp","href":"https:\/\/api.w.org\/{rel}","templated":true}]}}