{"id":1723,"date":"2014-09-09T03:21:57","date_gmt":"2014-09-09T03:21:57","guid":{"rendered":"http:\/\/staging.verztec.com\/verztec\/bizsafe-compliant\/"},"modified":"2024-10-02T01:30:39","modified_gmt":"2024-10-02T01:30:39","slug":"bizsafe-compliant","status":"publish","type":"page","link":"https:\/\/www.verztec.com\/bizsafe-compliant","title":{"rendered":"Conformidad con BizSAFE"},"content":{"rendered":"<p><img decoding=\"async\" class=\" size-full wp-image-1722\" src=\"https:\/\/www.verztec.com\/wp-content\/uploads\/2014\/09\/bizsafe.jpg\" alt=\"\" width=\"190\" border=\"0\" \/><\/p>\n<p>Compromiso de Verztec con la seguridad laboral: Obtenci\u00f3n de la Certificaci\u00f3n bizSAFE Nivel 3<\/p>\n<p>En Verztec priorizamos la seguridad y el bienestar de nuestros empleados y clientes, por lo que estamos orgullosos de haber conseguido la certificaci\u00f3n bizSAFE Nivel 3 desde el 3 de septiembre de 2014. El programa bizSAFE, iniciado por el Consejo de Seguridad y Salud en el Trabajo (WSH), promueve la seguridad y la salud en el lugar de trabajo a trav\u00e9s del reconocimiento de las empresas que demuestran s\u00f3lidos esfuerzos en materia de seguridad. Esta certificaci\u00f3n refleja nuestro compromiso con el mantenimiento de un entorno de trabajo seguro y saludable.<\/p>\n<p>El proceso de obtenci\u00f3n de esta certificaci\u00f3n implic\u00f3 una auditor\u00eda exhaustiva de nuestra Implementaci\u00f3n de Gesti\u00f3n de Riesgos por parte de un auditor externo, garantizando que Verztec cumple con todos los requisitos necesarios. Al adherirnos a las normas bizSAFE, no s\u00f3lo mejoramos la seguridad en el lugar de trabajo, sino que tambi\u00e9n fomentamos una cultura de responsabilidad y gesti\u00f3n proactiva de riesgos entre nuestro personal.<\/p>\n<p>Para nuestros empleados, este compromiso se traduce en un entorno de trabajo seguro, que reduce significativamente el riesgo de accidentes y problemas de salud. Un lugar de trabajo seguro mejora la moral y la satisfacci\u00f3n laboral, permitiendo a nuestro equipo centrarse en sus funciones sin preocuparse por posibles peligros. Adem\u00e1s, nuestras iniciativas de formaci\u00f3n continua dotan al personal de conocimientos y habilidades esenciales relacionados con las pr\u00e1cticas de seguridad, lo que garantiza que todos contribuyan a mantener un alto nivel de seguridad.<\/p>\n<p>Para nuestros clientes, la certificaci\u00f3n bizSAFE de nivel 3 es una marca de fiabilidad y profesionalidad. Les garantiza que actuamos con arreglo a normas de seguridad rigurosas, lo que puede dar lugar a resultados de mayor calidad y a una ejecuci\u00f3n m\u00e1s fluida de los proyectos. Los clientes pueden confiar en que nuestro enfoque proactivo de la gesti\u00f3n de riesgos minimiza las interrupciones y garantiza el cumplimiento en todas nuestras operaciones.<\/p>\n<p>En Verztec, la obtenci\u00f3n de la certificaci\u00f3n bizSAFE Nivel 3 no es s\u00f3lo un hito, sino que representa nuestro compromiso permanente con la excelencia en materia de seguridad y salud en el lugar de trabajo. Mediante la mejora continua de nuestros protocolos de seguridad, nuestro objetivo es establecer un punto de referencia en la industria, impactando positivamente en nuestros empleados, clientes y la comunidad.<\/p>\n","protected":false},"excerpt":{"rendered":"<p>Compromiso de Verztec con la seguridad laboral: Obtenci\u00f3n de la Certificaci\u00f3n bizSAFE Nivel 3 En Verztec priorizamos la seguridad y el bienestar de nuestros empleados y clientes, por lo que&hellip;<\/p>\n","protected":false},"author":1,"featured_media":2024,"parent":0,"menu_order":1,"comment_status":"closed","ping_status":"closed","template":"","meta":{"footnotes":""},"class_list":["post-1723","page","type-page","status-publish","has-post-thumbnail","hentry"],"_links":{"self":[{"href":"https:\/\/www.verztec.com\/wp-json\/wp\/v2\/pages\/1723"}],"collection":[{"href":"https:\/\/www.verztec.com\/wp-json\/wp\/v2\/pages"}],"about":[{"href":"https:\/\/www.verztec.com\/wp-json\/wp\/v2\/types\/page"}],"author":[{"embeddable":true,"href":"https:\/\/www.verztec.com\/wp-json\/wp\/v2\/users\/1"}],"replies":[{"embeddable":true,"href":"https:\/\/www.verztec.com\/wp-json\/wp\/v2\/comments?post=1723"}],"version-history":[{"count":1,"href":"https:\/\/www.verztec.com\/wp-json\/wp\/v2\/pages\/1723\/revisions"}],"predecessor-version":[{"id":2025,"href":"https:\/\/www.verztec.com\/wp-json\/wp\/v2\/pages\/1723\/revisions\/2025"}],"wp:featuredmedia":[{"embeddable":true,"href":"https:\/\/www.verztec.com\/wp-json\/wp\/v2\/media\/2024"}],"wp:attachment":[{"href":"https:\/\/www.verztec.com\/wp-json\/wp\/v2\/media?parent=1723"}],"curies":[{"name":"wp","href":"https:\/\/api.w.org\/{rel}","templated":true}]}}