{"id":1793,"date":"2018-05-03T01:36:05","date_gmt":"2018-05-03T01:36:05","guid":{"rendered":"http:\/\/staging.verztec.com\/verztec\/blockchain-industry-and-start-ups\/"},"modified":"2025-02-03T08:30:45","modified_gmt":"2025-02-03T08:30:45","slug":"blockchain-industry-and-start-ups","status":"publish","type":"page","link":"https:\/\/www.verztec.com\/blockchain-industry-and-start-ups","title":{"rendered":"Blockchain y Startup"},"content":{"rendered":"<p>A medida que la industria de Blockchain y las startups contin\u00faan expandi\u00e9ndose a nivel mundial, es crucial que las empresas proporcionen traducci\u00f3n de contenido multiling\u00fce para ICOs, libros blancos y sitios web.<\/p>\r\n<p>Verztec le ayuda a conectar con una audiencia m\u00e1s amplia de inversores potenciales en todo el mundo, facilitando la financiaci\u00f3n de capital riesgo y diversas rondas de financiaci\u00f3n (Series A, B, C, etc.). Nos comprometemos con los principales interesados al ofrecer traducciones de alta calidad y efectivas en m\u00e1s de 100 idiomas.<\/p>\r\n<p>En el pr\u00f3spero mundo de Blockchain, Verztec recomienda traducir los 5 materiales de marketing principales de ICO:<\/p>\r\n<ol>\r\n<li><b>Su sitio web:<\/b> Traducir su sitio web de ICO es fundamental para atraer a inversores extranjeros. Proporcionar informaci\u00f3n sobre su proyecto, productos\/servicios y equipo en varios idiomas aumenta la accesibilidad y credibilidad.<\/li>\r\n<li><b>Su libro blanco:<\/b> Junto con su sitio web, su libro blanco es crucial ya que ofrece detalles esenciales sobre marketing, finanzas y tecnolog\u00eda de su proyecto. Traducirlo a los idiomas nativos de sus inversores construye confianza y comprensi\u00f3n.<\/li>\r\n<li><b>Su e-Reputaci\u00f3n:<\/b> El marketing efectivo de ICO en varios idiomas es crucial para la comunicaci\u00f3n internacional. Lanzar su ICO implica anunciarlo estrat\u00e9gicamente en plataformas como redes sociales (Slack, Telegram, Reddit, LinkedIn Groups) y calendarios de ICO.<\/li>\r\n<li><b>Videos explicativos (videos de pizarra o animaci\u00f3n 2D):<\/b> Los videos explicativos son herramientas poderosas para mostrar la propuesta de valor de su ICO visualmente. Mejoran el compromiso y la comprensi\u00f3n, impulsando significativamente la identidad de su marca y la estrategia de SEO cuando se localizan.<\/li>\r\n<li><b>Banners:<\/b> El marketing con banners atractivos es parte integral de sus esfuerzos de branding. Los banners multiling\u00fces con llamadas claras a la acci\u00f3n atraen a inversores internacionales de manera efectiva.<\/li>\r\n<\/ol>\r\n<p>Verztec garantiza que su contenido no solo sea traducido con precisi\u00f3n, sino tambi\u00e9n culturalmente adaptado para resonar con audiencias diversas a nivel mundial. Nuestra experiencia en las industrias de Blockchain y startups nos permite apoyar sus estrategias de marketing global de manera integral.<\/p>\r\n<p>Descubra c\u00f3mo Verztec puede elevar la visibilidad global de su ICO y el compromiso de los inversores. Cont\u00e1ctenos hoy para explorar nuestra gama completa de servicios ling\u00fc\u00edsticos y soluciones de marketing digital.<\/p>\r\n\r\n<hr style=\"margin-top: 20px; margin-bottom: 20px; border: 0; border-top: 1px solid #eee;\" \/>\n<p style=\"margin-bottom: 0;\"><a href=\"https:\/\/www.verztec.com\/es\/testimonials\/\" target=\"_blank\" rel=\"noopener\">Testimonios de Clientes<\/a> &nbsp; : \u00a1Lea lo que nuestros clientes dicen sobre nosotros!<\/p>\n<p><a href=\"https:\/\/www.verztec.com\/es\/clients\/\" target=\"_blank\" rel=\"noopener\">Nuestros Valiosos Clientes<\/a> &nbsp; : Vea la lista de nuestros estimados clientes.<\/p>\n\r\n","protected":false},"excerpt":{"rendered":"<p>A medida que la industria de Blockchain y las startups contin\u00faan expandi\u00e9ndose a nivel mundial, es crucial que las empresas proporcionen traducci\u00f3n de contenido multiling\u00fce para ICOs, libros blancos y&hellip;<\/p>\n","protected":false},"author":1,"featured_media":4027,"parent":0,"menu_order":6,"comment_status":"closed","ping_status":"closed","template":"","meta":{"footnotes":""},"class_list":["post-1793","page","type-page","status-publish","has-post-thumbnail","hentry"],"_links":{"self":[{"href":"https:\/\/www.verztec.com\/wp-json\/wp\/v2\/pages\/1793"}],"collection":[{"href":"https:\/\/www.verztec.com\/wp-json\/wp\/v2\/pages"}],"about":[{"href":"https:\/\/www.verztec.com\/wp-json\/wp\/v2\/types\/page"}],"author":[{"embeddable":true,"href":"https:\/\/www.verztec.com\/wp-json\/wp\/v2\/users\/1"}],"replies":[{"embeddable":true,"href":"https:\/\/www.verztec.com\/wp-json\/wp\/v2\/comments?post=1793"}],"version-history":[{"count":2,"href":"https:\/\/www.verztec.com\/wp-json\/wp\/v2\/pages\/1793\/revisions"}],"predecessor-version":[{"id":2871,"href":"https:\/\/www.verztec.com\/wp-json\/wp\/v2\/pages\/1793\/revisions\/2871"}],"wp:featuredmedia":[{"embeddable":true,"href":"https:\/\/www.verztec.com\/wp-json\/wp\/v2\/media\/4027"}],"wp:attachment":[{"href":"https:\/\/www.verztec.com\/wp-json\/wp\/v2\/media?parent=1793"}],"curies":[{"name":"wp","href":"https:\/\/api.w.org\/{rel}","templated":true}]}}