{"id":1800,"date":"2020-04-17T07:03:54","date_gmt":"2020-04-17T07:03:54","guid":{"rendered":"http:\/\/staging.verztec.com\/verztec\/remote-interpretation\/"},"modified":"2025-02-04T04:22:29","modified_gmt":"2025-02-04T04:22:29","slug":"remote-interpretation","status":"publish","type":"page","link":"https:\/\/www.verztec.com\/remote-interpretation","title":{"rendered":"Interpretaci\u00f3n remota"},"content":{"rendered":"<p>La interpretaci\u00f3n consecutiva (CI) y simult\u00e1nea (SI) han sido durante mucho tiempo elementos esenciales en grandes conferencias, talleres y ferias comerciales, generalmente requiriendo la presencia f\u00edsica de int\u00e9rpretes profesionales en los lugares de los eventos.<\/p>\r\n<p>En el panorama actual, el auge de los seminarios web, reuniones virtuales y seminarios ha impulsado la adopci\u00f3n de la Interpretaci\u00f3n Remota (RI). Esto permite a int\u00e9rpretes cualificados de todo el mundo conectarse sin problemas a plataformas de conferencia en l\u00ednea, superando las barreras ling\u00fc\u00edsticas para los participantes, independientemente de su ubicaci\u00f3n.<\/p>\r\n<h4 class=\"title-normal\">El papel de la Interpretaci\u00f3n Remota<\/h4>\r\n<p>La Interpretaci\u00f3n Remota (RI) para interpretaci\u00f3n simult\u00e1nea y consecutiva se facilita a trav\u00e9s de software de conferencia popular como Zoom, Webex, Google Meet, Skype y GoToMeeting. Esta flexibilidad garantiza que el soporte ling\u00fc\u00edstico est\u00e9 disponible para compromisos virtuales de todos los tama\u00f1os y alcances.<\/p>\r\n<h4 class=\"title-normal\">Aplicaciones de la Interpretaci\u00f3n Remota<\/h4>\r\n<p>Seminarios web y capacitaciones: La transferencia efectiva de conocimiento en temas t\u00e9cnicos o especializados depende de una comprensi\u00f3n ling\u00fc\u00edstica precisa. La incorporaci\u00f3n de RI asegura que los asistentes a seminarios virtuales comprendan plenamente el contenido, mejorando los resultados del aprendizaje.<\/p>\r\n<p>Reuniones internas y virtuales con clientes: RI fomenta una comunicaci\u00f3n productiva al permitir que los miembros del equipo regional contribuyan con confianza en su idioma nativo. Esto no solo mejora la eficiencia laboral, sino que tambi\u00e9n mejora las interacciones con los clientes, ya que los int\u00e9rpretes facilitan discusiones fluidas en los idiomas preferidos por los clientes.<\/p>\r\n<h4 class=\"title-normal\">Mejora de la imagen organizacional<\/h4>\r\n<p>RI desempe\u00f1a un papel crucial en la formaci\u00f3n de una imagen organizacional positiva. Al proporcionar interpretaci\u00f3n profesional durante reuniones virtuales, las empresas demuestran su compromiso con la inclusi\u00f3n y la satisfacci\u00f3n del cliente. Una comunicaci\u00f3n clara y precisa refuerza las relaciones y aumenta la credibilidad profesional.<\/p>\r\n<h4 class=\"title-normal\">Reciente apoyo de Verztec en Interpretaci\u00f3n Remota<\/h4>\r\n<p>Verztec apoy\u00f3 recientemente un seminario web con servicios de Interpretaci\u00f3n Simult\u00e1nea Remota, asegurando una comunicaci\u00f3n fluida entre participantes de diferentes antecedentes ling\u00fc\u00edsticos. Nuestros int\u00e9rpretes experimentados utilizaron tecnolog\u00eda avanzada para proporcionar traducciones precisas, mejorando la efectividad del seminario web y la participaci\u00f3n de los asistentes.<\/p>\r\n<br \/>\r\n<h3 style=\"line-height: 1.25;\">Ejemplo reciente de un seminario web apoyado por Verztec con servicios de Interpretaci\u00f3n Simult\u00e1nea Remota<\/h3>\r\n<br \/>\r\n<p><img decoding=\"async\" class=\" size-full wp-image-1794\" src=\"https:\/\/www.verztec.com\/wp-content\/uploads\/2020\/04\/world-citiesRI_2.jpg\" alt=\"Ejemplo reciente de un seminario web apoyado por Verztec con servicios de Interpretaci\u00f3n Simult\u00e1nea Remota\" width=\"600px\" border=\"0\" srcset=\"https:\/\/www.verztec.com\/wp-content\/uploads\/2020\/04\/world-citiesRI_2.jpg 800w, https:\/\/www.verztec.com\/wp-content\/uploads\/2020\/04\/world-citiesRI_2-300x166.jpg 300w, https:\/\/www.verztec.com\/wp-content\/uploads\/2020\/04\/world-citiesRI_2-768x425.jpg 768w\" sizes=\"(max-width: 800px) 100vw, 800px\" \/><\/p>\r\n<p><img decoding=\"async\" class=\" size-full wp-image-1795\" src=\"https:\/\/www.verztec.com\/wp-content\/uploads\/2020\/04\/bca_ri.jpg\" alt=\"\" width=\"600\" srcset=\"https:\/\/www.verztec.com\/wp-content\/uploads\/2020\/04\/bca_ri.jpg 800w, https:\/\/www.verztec.com\/wp-content\/uploads\/2020\/04\/bca_ri-300x166.jpg 300w, https:\/\/www.verztec.com\/wp-content\/uploads\/2020\/04\/bca_ri-768x425.jpg 768w\" sizes=\"(max-width: 800px) 100vw, 800px\" \/><\/p>\r\n<p><img decoding=\"async\" class=\" size-full wp-image-1796\" src=\"https:\/\/www.verztec.com\/wp-content\/uploads\/2020\/04\/clc_ri.jpg\" alt=\"\" width=\"600\" srcset=\"https:\/\/www.verztec.com\/wp-content\/uploads\/2020\/04\/clc_ri.jpg 800w, https:\/\/www.verztec.com\/wp-content\/uploads\/2020\/04\/clc_ri-300x166.jpg 300w, https:\/\/www.verztec.com\/wp-content\/uploads\/2020\/04\/clc_ri-768x425.jpg 768w\" sizes=\"(max-width: 800px) 100vw, 800px\" \/><\/p>\r\n<p><img decoding=\"async\" class=\" size-full wp-image-1797\" src=\"https:\/\/www.verztec.com\/wp-content\/uploads\/2020\/04\/eurochem.jpg\" alt=\"\" width=\"600\" srcset=\"https:\/\/www.verztec.com\/wp-content\/uploads\/2020\/04\/eurochem.jpg 800w, https:\/\/www.verztec.com\/wp-content\/uploads\/2020\/04\/eurochem-300x166.jpg 300w, https:\/\/www.verztec.com\/wp-content\/uploads\/2020\/04\/eurochem-768x425.jpg 768w\" sizes=\"(max-width: 800px) 100vw, 800px\" \/><\/p>\r\n<p><img decoding=\"async\" class=\" size-full wp-image-1798\" src=\"https:\/\/www.verztec.com\/wp-content\/uploads\/2020\/04\/gpsnr_ri_v2.jpg\" alt=\"\" width=\"600\" srcset=\"https:\/\/www.verztec.com\/wp-content\/uploads\/2020\/04\/gpsnr_ri_v2.jpg 800w, https:\/\/www.verztec.com\/wp-content\/uploads\/2020\/04\/gpsnr_ri_v2-300x166.jpg 300w, https:\/\/www.verztec.com\/wp-content\/uploads\/2020\/04\/gpsnr_ri_v2-768x425.jpg 768w\" sizes=\"(max-width: 800px) 100vw, 800px\" \/><\/p>\r\n<br \/>\r\n<h3>Comunicaci\u00f3n sin esfuerzo en cualquier lugar. As\u00f3ciese con Verztec hoy.<\/h3>\r\n<br \/>\r\n<p><a href=\"photo-gallery\" target=\"_blank\" rel=\"noopener\"><img decoding=\"async\" style=\"width: 80%;\" src=\"https:\/\/www.verztec.com\/wp-content\/uploads\/2020\/04\/remote-banner-1-scaled.jpg\" alt=\"\" \/><\/a><\/p>\r\n<p><strong>Ya sea que est\u00e9 organizando un seminario web global, llevando a cabo reuniones internas o interactuando con clientes internacionales, Verztec ofrece servicios completos de Interpretaci\u00f3n Remota adaptados a sus necesidades. Cont\u00e1ctenos hoy en <a href=\"mailto:enquiry@verztec.com\" target=\"_blank\" rel=\"noopener\">enquiry@verztec.com<\/a> para discutir c\u00f3mo nuestra experiencia en soluciones ling\u00fc\u00edsticas puede mejorar sus compromisos virtuales y permitir una comunicaci\u00f3n fluida en todo el mundo. Conf\u00ede en Verztec para servicios de interpretaci\u00f3n confiables y profesionales que fomenten la colaboraci\u00f3n global y el \u00e9xito.<\/strong><\/p>\r\n\r\n<hr style=\"margin-top: 20px; margin-bottom: 20px; border: 0; border-top: 1px solid #eee;\" \/>\n<p style=\"margin-bottom: 0;\">\n  <img decoding=\"async\" src=\"https:\/\/www.verztec.com\/wp-content\/images\/home\/more.png\" alt=\"\" \/>\n  &nbsp;<a href=\"https:\/\/www.verztec.com\/es\/language-services\/\" target=\"_blank\" rel=\"noopener\">Ver todos los &#8220;Servicios de idiomas&#8221;<\/a>\n<\/p>\r\n","protected":false},"excerpt":{"rendered":"<p>La interpretaci\u00f3n consecutiva (CI) y simult\u00e1nea (SI) han sido durante mucho tiempo elementos esenciales en grandes conferencias, talleres y ferias comerciales, generalmente requiriendo la presencia f\u00edsica de int\u00e9rpretes profesionales en&hellip;<\/p>\n","protected":false},"author":1,"featured_media":2018,"parent":0,"menu_order":1,"comment_status":"closed","ping_status":"closed","template":"","meta":{"footnotes":""},"class_list":["post-1800","page","type-page","status-publish","has-post-thumbnail","hentry"],"_links":{"self":[{"href":"https:\/\/www.verztec.com\/wp-json\/wp\/v2\/pages\/1800"}],"collection":[{"href":"https:\/\/www.verztec.com\/wp-json\/wp\/v2\/pages"}],"about":[{"href":"https:\/\/www.verztec.com\/wp-json\/wp\/v2\/types\/page"}],"author":[{"embeddable":true,"href":"https:\/\/www.verztec.com\/wp-json\/wp\/v2\/users\/1"}],"replies":[{"embeddable":true,"href":"https:\/\/www.verztec.com\/wp-json\/wp\/v2\/comments?post=1800"}],"version-history":[{"count":6,"href":"https:\/\/www.verztec.com\/wp-json\/wp\/v2\/pages\/1800\/revisions"}],"predecessor-version":[{"id":4037,"href":"https:\/\/www.verztec.com\/wp-json\/wp\/v2\/pages\/1800\/revisions\/4037"}],"wp:featuredmedia":[{"embeddable":true,"href":"https:\/\/www.verztec.com\/wp-json\/wp\/v2\/media\/2018"}],"wp:attachment":[{"href":"https:\/\/www.verztec.com\/wp-json\/wp\/v2\/media?parent=1800"}],"curies":[{"name":"wp","href":"https:\/\/api.w.org\/{rel}","templated":true}]}}