{"id":1801,"date":"2023-02-27T02:27:15","date_gmt":"2023-02-27T02:27:15","guid":{"rendered":"http:\/\/staging.verztec.com\/verztec\/about-machine-ai-translation\/"},"modified":"2024-12-18T08:30:57","modified_gmt":"2024-12-18T08:30:57","slug":"about-machine-ai-translation","status":"publish","type":"page","link":"https:\/\/www.verztec.com\/about-machine-ai-translation","title":{"rendered":"Sobre la traducci\u00f3n con IA"},"content":{"rendered":"\r\n<p>La traducci\u00f3n por IA y la traducci\u00f3n profesional humana tienen sus propias ventajas y desventajas, y cu\u00e1l es mejor para una situaci\u00f3n particular puede depender de varios factores. Aqu\u00ed hay algunas diferencias clave a considerar entre ambas:<\/p>\r\n<h4 class=\"title-normal\">Precisi\u00f3n:<\/h4>\r\n<p>Los traductores humanos suelen ser m\u00e1s precisos que la traducci\u00f3n por IA, especialmente para contenido complejo o matizado. Los traductores humanos pueden comprender el contexto, las expresiones idiom\u00e1ticas, las referencias culturales y las sutilezas que pueden ser dif\u00edciles de entender para una m\u00e1quina. Por otro lado, la traducci\u00f3n por IA puede ser \u00fatil para traducciones simples y directas con vocabulario y gram\u00e1tica comunes.<\/p>\r\n<h4 class=\"title-normal\">Velocidad:<\/h4>\r\n<p>La traducci\u00f3n por IA suele ser mucho m\u00e1s r\u00e1pida que la traducci\u00f3n humana, especialmente para grandes vol\u00famenes de contenido. Con la traducci\u00f3n por IA, se pueden traducir grandes cantidades de contenido de manera r\u00e1pida y eficiente. Sin embargo, la calidad de la traducci\u00f3n puede no ser siempre tan precisa o matizada como la traducci\u00f3n humana.<\/p>\r\n<h4 class=\"title-normal\">Costo:<\/h4>\r\n<p>La traducci\u00f3n por IA generalmente es menos costosa que la traducci\u00f3n humana, especialmente para grandes vol\u00famenes de contenido. La traducci\u00f3n por IA puede ser una opci\u00f3n econ\u00f3mica para necesidades b\u00e1sicas de traducci\u00f3n, pero si se requieren traducciones de alta calidad con contenido complejo, la traducci\u00f3n humana puede ser una mejor inversi\u00f3n.<\/p>\r\n<h4 class=\"title-normal\">Personalizaci\u00f3n:<\/h4>\r\n<p>La traducci\u00f3n humana permite m\u00e1s personalizaci\u00f3n y flexibilidad que la traducci\u00f3n por IA. Los traductores humanos pueden adaptar la traducci\u00f3n a las necesidades y preferencias espec\u00edficas del cliente, mientras que la traducci\u00f3n por IA est\u00e1 limitada por sus algoritmos y puede no ser capaz de tener en cuenta matices o preferencias espec\u00edficas.<\/p>\r\n<p>En conclusi\u00f3n, tanto la traducci\u00f3n por IA como la humana tienen sus propias ventajas y desventajas, y la mejor opci\u00f3n depende de las necesidades y objetivos espec\u00edficos del proyecto de traducci\u00f3n. Para contenido simple y directo, con un presupuesto limitado y un tiempo de entrega r\u00e1pido, la traducci\u00f3n por IA puede ser la mejor opci\u00f3n. Sin embargo, para contenido m\u00e1s complejo que requiera precisi\u00f3n y matices, la traducci\u00f3n humana es generalmente la mejor elecci\u00f3n.<\/p>\r\n<br \/>\r\n<h3>\u00bfSon precisas las traducciones por IA para su uso en negocios?<\/h3>\r\n<br \/>\r\n<p>Las traducciones por IA pueden ser precisas hasta cierto punto, pero su precisi\u00f3n depende de varios factores, como la calidad de los datos de entrenamiento y la complejidad del idioma que se est\u00e1 traduciendo.<\/p>\r\n<p>Los modelos de lenguaje modernos de IA est\u00e1n entrenados con grandes cantidades de datos y pueden producir traducciones bastante precisas, especialmente para idiomas con gram\u00e1tica y sintaxis similares. Sin embargo, a\u00fan pueden cometer errores graves o generar frases torpes en algunos casos.<\/p>\r\n<p>Las traducciones por IA tambi\u00e9n pueden tener dificultades con las expresiones idiom\u00e1ticas, las sutilezas culturales y los coloquialismos, lo que puede dar lugar a errores de traducci\u00f3n o malentendidos. Adem\u00e1s, algunos idiomas tienen gram\u00e1ticas y estructuras de oraciones m\u00e1s complejas que otros, lo que puede hacer que la traducci\u00f3n precisa sea m\u00e1s desafiante para los modelos de IA.<\/p>\r\n<p>En general, aunque las traducciones por IA pueden proporcionar una soluci\u00f3n r\u00e1pida y \u00fatil para la comunicaci\u00f3n b\u00e1sica, no siempre son completamente precisas ni capaces de capturar el significado y contexto completos de un texto. Por lo tanto, siempre es importante verificar todas las traducciones y buscar servicios de traducci\u00f3n humana profesional para documentos o materiales comerciales importantes.<\/p>\r\n<br \/>\r\n<h3>La traducci\u00f3n \u00f3ptima por IA combina tecnolog\u00eda con edici\u00f3n humana<\/h3>\r\n<br \/>\r\n<p><strong>En Verztec, entendemos que las necesidades de traducci\u00f3n de cada cliente son \u00fanicas. Por eso ofrecemos servicios avanzados de traducci\u00f3n por IA, aprovechando conjuntos de datos especializados en sectores como el legal, la ingenier\u00eda y la medicina. Este enfoque garantiza un nivel m\u00e1s alto de precisi\u00f3n en la traducci\u00f3n por IA.<\/strong><\/p>\r\n<p><strong>Nuestros servicios no se detienen ah\u00ed: cada resultado de traducci\u00f3n por IA se somete a una revisi\u00f3n y refinamiento cuidadosos por parte de nuestro equipo de traductores humanos profesionales. Estos son hablantes nativos con m\u00e1s de diez a\u00f1os de experiencia profesional en traducci\u00f3n. Seg\u00fan su presupuesto, la naturaleza de su contenido y su tiempo de entrega esperado, nuestros consultores est\u00e1n listos para adaptar una soluci\u00f3n espec\u00edficamente para usted.<\/strong><\/p>\r\n<p><strong>Para consultas, p\u00f3ngase en contacto con nuestros consultores en <a href=\"mailto:enquiry@verztec.com\">enquiry@verztec.com<\/a>.<\/strong><\/p>\r\n\r\n","protected":false},"excerpt":{"rendered":"<p>La traducci\u00f3n por IA y la traducci\u00f3n profesional humana tienen sus propias ventajas y desventajas, y cu\u00e1l es mejor para una situaci\u00f3n particular puede depender de varios factores. Aqu\u00ed hay&hellip;<\/p>\n","protected":false},"author":1,"featured_media":2018,"parent":0,"menu_order":2,"comment_status":"closed","ping_status":"closed","template":"","meta":{"footnotes":""},"class_list":["post-1801","page","type-page","status-publish","has-post-thumbnail","hentry"],"_links":{"self":[{"href":"https:\/\/www.verztec.com\/wp-json\/wp\/v2\/pages\/1801"}],"collection":[{"href":"https:\/\/www.verztec.com\/wp-json\/wp\/v2\/pages"}],"about":[{"href":"https:\/\/www.verztec.com\/wp-json\/wp\/v2\/types\/page"}],"author":[{"embeddable":true,"href":"https:\/\/www.verztec.com\/wp-json\/wp\/v2\/users\/1"}],"replies":[{"embeddable":true,"href":"https:\/\/www.verztec.com\/wp-json\/wp\/v2\/comments?post=1801"}],"version-history":[{"count":6,"href":"https:\/\/www.verztec.com\/wp-json\/wp\/v2\/pages\/1801\/revisions"}],"predecessor-version":[{"id":3739,"href":"https:\/\/www.verztec.com\/wp-json\/wp\/v2\/pages\/1801\/revisions\/3739"}],"wp:featuredmedia":[{"embeddable":true,"href":"https:\/\/www.verztec.com\/wp-json\/wp\/v2\/media\/2018"}],"wp:attachment":[{"href":"https:\/\/www.verztec.com\/wp-json\/wp\/v2\/media?parent=1801"}],"curies":[{"name":"wp","href":"https:\/\/api.w.org\/{rel}","templated":true}]}}