{"id":1802,"date":"2023-02-27T02:52:15","date_gmt":"2023-02-27T02:52:15","guid":{"rendered":"http:\/\/staging.verztec.com\/verztec\/machine-ai-translation-post-edit-services\/"},"modified":"2025-09-23T07:19:41","modified_gmt":"2025-09-23T07:19:41","slug":"machine-ai-translation-post-edit-services","status":"publish","type":"page","link":"https:\/\/www.verztec.com\/machine-ai-translation-post-edit-services","title":{"rendered":"Traducci\u00f3n con IA y servicios de post-edici\u00f3n"},"content":{"rendered":"<p>Verztec ofrece servicios de traducci\u00f3n con IA y post-edici\u00f3n a empresas de todo el mundo. Podemos ayudar a su empresa a lograr el equilibrio perfecto entre velocidad, precisi\u00f3n y rentabilidad.<\/p>\r\n<p>Si no est\u00e1 seguro de qu\u00e9 son los servicios de traducci\u00f3n con IA y post-edici\u00f3n, o c\u00f3mo se diferencian de la traducci\u00f3n autom\u00e1tica, nuestros consultores pueden explicarle el proceso y las opciones disponibles. A continuaci\u00f3n, exploramos estos servicios en detalle para ayudarle a determinar cu\u00e1les pueden ser necesarios para su empresa.<\/p>\r\n<br \/>\r\n<h3>\u00bfQu\u00e9 es la traducci\u00f3n con IA y post-edici\u00f3n de Verztec?<\/h3>\r\n<br \/>\r\n<p>Nuestro servicio de traducci\u00f3n con IA y post-edici\u00f3n (ATPE) combina traducci\u00f3n autom\u00e1tica con revisiones y ediciones realizadas por traductores humanos. La m\u00e1quina realiza el proceso inicial de traducci\u00f3n, y un equipo de traductores cualificados revisa y edita el contenido generado para mejorar su calidad.<\/p>\r\n<p>Si su empresa tiene un gran volumen de contenido por traducir y un presupuesto limitado, nuestros servicios de post-edici\u00f3n de traducci\u00f3n autom\u00e1tica pueden ser una soluci\u00f3n ideal.<\/p>\r\n<p>Aunque los idiomas pueden ser bastante complejos y hay muchos aspectos que verificar, para este servicio espec\u00edfico, nuestro equipo de traductores humanos se esfuerza por mejorar la calidad de las traducciones generadas por IA, centr\u00e1ndose en el tono, el flujo, la gram\u00e1tica, la claridad, la precisi\u00f3n y la relevancia cultural local. Mejoran el trabajo de la m\u00e1quina mediante su experiencia experta en traducci\u00f3n.<\/p>\r\n<br \/>\r\n<h3>Confidencialidad ante todo. Cada palabra, cada vez.<\/h3>\r\n<p>En Verztec, prohibimos el uso de herramientas de IA p\u00fablicas para el contenido de los clientes, con el fin de evitar cualquier riesgo de exposici\u00f3n de datos. Todo el trabajo se realiza dentro de nuestros entornos de traducci\u00f3n seguros y aprobados, y cada ling\u00fcista est\u00e1 sujeto a acuerdos de confidencialidad.<\/p>\r\n<p>Cuando se utilizan tecnolog\u00edas de IA empresarial o herramientas de TAO (Traducci\u00f3n Asistida por Ordenador), estas operan \u00fanicamente en sistemas cerrados y conformes, y todos los resultados pasan por un control de calidad humano. Esto garantiza que su informaci\u00f3n permanezca completamente protegida y que las traducciones cumplan con los m\u00e1s altos est\u00e1ndares.<\/p>\r\n<br \/>\r\n<h3>\u00bfPor qu\u00e9 deber\u00eda su empresa usar servicios de traducci\u00f3n con IA y post-edici\u00f3n?<\/h3>\r\n<br \/>\r\n<p>Los servicios de traducci\u00f3n con IA y post-edici\u00f3n de Verztec son ideales para traducir grandes vol\u00famenes de documentos r\u00e1pidamente, manteniendo costos asequibles.<\/p>\r\n<p>Si su empresa necesita comunicar grandes vol\u00famenes de contenido en varios idiomas, utilizar servicios de traducci\u00f3n con IA y post-edici\u00f3n es un enfoque mucho mejor que depender exclusivamente de sitios de traducci\u00f3n autom\u00e1tica p\u00fablicos.<\/p>\r\n<p>Puede lograr traducciones de calidad a un costo mucho m\u00e1s bajo que si optara por un servicio completo de traducci\u00f3n profesional humana.<\/p>\r\n<p>Una ventaja clave de utilizar los servicios de traducci\u00f3n con IA y post-edici\u00f3n de Verztec en lugar de simplemente tomar el resultado de herramientas como Google Translate, ChatGPT, Amazon Translate u otras, es que nuestra traducci\u00f3n avanzada con IA utiliza conjuntos de datos especializados por sector, lo que proporciona resultados m\u00e1s precisos.<\/p>\r\n<p>Luego, nuestro equipo de traductores profesionales revisa cuidadosamente el contenido generado, teniendo en cuenta el contexto ling\u00fc\u00edstico, la terminolog\u00eda y las sensibilidades culturales durante el proceso de edici\u00f3n. Esto garantiza que sus traducciones no contengan errores graves ni problemas de precisi\u00f3n, y que respeten las sensibilidades locales.<\/p>\r\n<br \/>\r\n<h3>\u00bfC\u00f3mo pueden ayudar los servicios de traducci\u00f3n con IA y post-edici\u00f3n a su empresa?<\/h3>\r\n<br \/>\r\n<p>Nuestros consultores trabajar\u00e1n en asociaci\u00f3n con usted para identificar los servicios que necesita seg\u00fan sus prioridades operativas. Nos aseguramos de que todo se gestione de la manera m\u00e1s adecuada y rentable, respetando al mismo tiempo los requisitos de confidencialidad y seguridad de los datos.<\/p>\r\n<p>Si su empresa es nueva en el uso de traducci\u00f3n con IA y post-edici\u00f3n, podemos trazar y explicar c\u00f3mo este proceso puede beneficiarle. Cada empresa es \u00fanica, por lo que hacemos nuestro mejor esfuerzo para adaptar nuestros servicios y ayudarle a lograr el equilibrio adecuado entre velocidad, costo y calidad para alcanzar sus objetivos.<\/p>\r\n<p>Existen diferentes opciones de traducci\u00f3n con IA y post-edici\u00f3n entre las que puede elegir.<\/p>\r\n<br \/>\r\n<h4>2 opciones de servicios de traducci\u00f3n con IA y post-edici\u00f3n de Verztec<\/h4>\r\n<div class=\"aipe\">\r\n<div class=\"logo\"><img decoding=\"async\" src=\"https:\/\/www.verztec.com\/wp-content\/uploads\/2025\/02\/Icon1.png\" alt=\"icon 1\" \/><\/div>\r\n<div class=\"text\">\r\n<h4 class=\"title-normal\">1. Traducci\u00f3n con IA y post-edici\u00f3n est\u00e1ndar<\/h4>\r\n<p>Nuestro servicio est\u00e1ndar garantiza traducciones precisas y de buena calidad. Nuestros traductores, con una experiencia t\u00edpica de 5 a 7 a\u00f1os, corrigen errores de traducci\u00f3n y abordan omisiones o adiciones de la salida de IA. El equipo tambi\u00e9n perfecciona la ortograf\u00eda, la puntuaci\u00f3n, la gram\u00e1tica, mejora el tono y el flujo, asegura la coherencia, corrige errores y realiza ajustes estil\u00edsticos o de formato necesarios. Se consideran cuidadosamente las referencias culturales y etnoc\u00e9ntricas para alinear el contenido con su p\u00fablico objetivo.<\/p>\r\n<\/div>\r\n<\/div>\r\n<div class=\"aipe\">\r\n<div class=\"logo\"><img decoding=\"async\" src=\"https:\/\/www.verztec.com\/wp-content\/uploads\/2025\/02\/Icon2.png\" alt=\"icon 2\" \/><\/div>\r\n<div class=\"text\">\r\n<h4 class=\"title-normal\">2. Traducci\u00f3n con IA y post-edici\u00f3n premium<\/h4>\r\n<p>Para quienes buscan la m\u00e1xima calidad, nuestro servicio premium es la elecci\u00f3n ideal. El equipo asignado a su proyecto estar\u00e1 compuesto por profesionales senior con entre 10 y 20 a\u00f1os de experiencia, equipados con los conocimientos necesarios para manejar terminolog\u00edas y conceptos especializados con precisi\u00f3n. El resultado es una traducci\u00f3n de alta calidad comparable a los servicios profesionales de traducci\u00f3n humana, con el beneficio adicional de ahorrar costos en sus proyectos.<\/p>\r\n<\/div>\r\n<\/div>\r\n\r\n<hr style=\"margin-top: 20px; margin-bottom: 20px; border: 0; border-top: 1px solid #eee;\" \/>\n<p style=\"margin-bottom: 0;\">\n  <img decoding=\"async\" src=\"https:\/\/www.verztec.com\/wp-content\/images\/home\/more.png\" alt=\"\" \/>\n  &nbsp;<a href=\"https:\/\/www.verztec.com\/es\/language-services\/\" target=\"_blank\" rel=\"noopener\">Ver todos los &#8220;Servicios de idiomas&#8221;<\/a>\n<\/p>\r\n","protected":false},"excerpt":{"rendered":"<p>Verztec ofrece servicios de traducci\u00f3n con IA y post-edici\u00f3n a empresas de todo el mundo. Podemos ayudar a su empresa a lograr el equilibrio perfecto entre velocidad, precisi\u00f3n y rentabilidad.&hellip;<\/p>\n","protected":false},"author":1,"featured_media":2018,"parent":0,"menu_order":0,"comment_status":"closed","ping_status":"closed","template":"","meta":{"footnotes":""},"class_list":["post-1802","page","type-page","status-publish","has-post-thumbnail","hentry"],"_links":{"self":[{"href":"https:\/\/www.verztec.com\/wp-json\/wp\/v2\/pages\/1802"}],"collection":[{"href":"https:\/\/www.verztec.com\/wp-json\/wp\/v2\/pages"}],"about":[{"href":"https:\/\/www.verztec.com\/wp-json\/wp\/v2\/types\/page"}],"author":[{"embeddable":true,"href":"https:\/\/www.verztec.com\/wp-json\/wp\/v2\/users\/1"}],"replies":[{"embeddable":true,"href":"https:\/\/www.verztec.com\/wp-json\/wp\/v2\/comments?post=1802"}],"version-history":[{"count":18,"href":"https:\/\/www.verztec.com\/wp-json\/wp\/v2\/pages\/1802\/revisions"}],"predecessor-version":[{"id":4271,"href":"https:\/\/www.verztec.com\/wp-json\/wp\/v2\/pages\/1802\/revisions\/4271"}],"wp:featuredmedia":[{"embeddable":true,"href":"https:\/\/www.verztec.com\/wp-json\/wp\/v2\/media\/2018"}],"wp:attachment":[{"href":"https:\/\/www.verztec.com\/wp-json\/wp\/v2\/media?parent=1802"}],"curies":[{"name":"wp","href":"https:\/\/api.w.org\/{rel}","templated":true}]}}