{"id":1803,"date":"2024-02-27T06:46:44","date_gmt":"2024-02-27T06:46:44","guid":{"rendered":"http:\/\/staging.verztec.com\/verztec\/thank-you-for-your-e-quote-submission\/"},"modified":"2025-01-07T06:49:15","modified_gmt":"2025-01-07T06:49:15","slug":"thank-you-for-your-e-quote-submission","status":"publish","type":"page","link":"https:\/\/www.verztec.com\/thank-you-for-your-e-quote-submission","title":{"rendered":"Gracias por su env\u00edo de cotizaci\u00f3n electr\u00f3nica"},"content":{"rendered":"<p>Su solicitud ha sido enviada a nuestros consultores.<br \/>\nEntendemos la importancia de su solicitud y le responderemos lo antes posible.<br \/>\nPara obtener m\u00e1s informaci\u00f3n, puede enviarnos un correo electr\u00f3nico a <a class=\"blue\" href=\"mailto:enquiry@verztec.com\">enquiry@verztec.com<\/a> o llamarnos directamente al +65 6577 4646 (sede corporativa).<br \/>\nPara obtener detalles de nuestras oficinas globales, visite el enlace <a href=\"contact-us\">Cont\u00e1ctenos<\/a>.<\/p>\n<p><!-- Fragmento de evento para la p\u00e1gina de conversi\u00f3n del formulario de cotizaci\u00f3n electr\u00f3nica --> <script>\/\/ <![CDATA[ gtag('event', 'conversion', {'send_to': 'AW-1006834328\/_lmvCO3SpowZEJiljOAD'}); \/\/ ]]><\/script><\/p>\n","protected":false},"excerpt":{"rendered":"<p>Su solicitud ha sido enviada a nuestros consultores. Entendemos la importancia de su solicitud y le responderemos lo antes posible. Para obtener m\u00e1s informaci\u00f3n, puede enviarnos un correo electr\u00f3nico a&hellip;<\/p>\n","protected":false},"author":1,"featured_media":2033,"parent":0,"menu_order":1,"comment_status":"closed","ping_status":"closed","template":"","meta":{"footnotes":""},"class_list":["post-1803","page","type-page","status-publish","has-post-thumbnail","hentry"],"_links":{"self":[{"href":"https:\/\/www.verztec.com\/wp-json\/wp\/v2\/pages\/1803"}],"collection":[{"href":"https:\/\/www.verztec.com\/wp-json\/wp\/v2\/pages"}],"about":[{"href":"https:\/\/www.verztec.com\/wp-json\/wp\/v2\/types\/page"}],"author":[{"embeddable":true,"href":"https:\/\/www.verztec.com\/wp-json\/wp\/v2\/users\/1"}],"replies":[{"embeddable":true,"href":"https:\/\/www.verztec.com\/wp-json\/wp\/v2\/comments?post=1803"}],"version-history":[{"count":2,"href":"https:\/\/www.verztec.com\/wp-json\/wp\/v2\/pages\/1803\/revisions"}],"predecessor-version":[{"id":3966,"href":"https:\/\/www.verztec.com\/wp-json\/wp\/v2\/pages\/1803\/revisions\/3966"}],"wp:featuredmedia":[{"embeddable":true,"href":"https:\/\/www.verztec.com\/wp-json\/wp\/v2\/media\/2033"}],"wp:attachment":[{"href":"https:\/\/www.verztec.com\/wp-json\/wp\/v2\/media?parent=1803"}],"curies":[{"name":"wp","href":"https:\/\/api.w.org\/{rel}","templated":true}]}}