{"id":1804,"date":"2024-07-15T07:56:16","date_gmt":"2024-07-15T07:56:16","guid":{"rendered":"http:\/\/staging.verztec.com\/verztec\/life-sciences\/"},"modified":"2025-02-03T08:27:10","modified_gmt":"2025-02-03T08:27:10","slug":"life-sciences","status":"publish","type":"page","link":"https:\/\/www.verztec.com\/life-sciences","title":{"rendered":"Ciencias de la vida"},"content":{"rendered":"<p>Los desarrollos en las ciencias de la vida y el campo m\u00e9dico est\u00e1n avanzando a una velocidad sin precedentes. A medida que la investigaci\u00f3n se vuelve cada vez m\u00e1s t\u00e9cnica y multidisciplinaria, las organizaciones enfrentan desaf\u00edos para acceder a informaci\u00f3n integral y colaborar de manera efectiva con socios globales.<\/p>\r\n<p>La expansi\u00f3n hacia nuevos mercados trae consigo complejidades adicionales, incluidos requisitos regulatorios estrictos y la necesidad de comunicar informaci\u00f3n compleja sobre productos en varios idiomas. Estos factores son fundamentales para mantener el cumplimiento y garantizar la penetraci\u00f3n global en el mercado en el sector de las ciencias de la vida.<\/p>\r\n<p>Verztec se especializa en apoyar a las principales organizaciones de ciencias de la vida y m\u00e9dicas con una combinaci\u00f3n \u00fanica de excelencia ling\u00fc\u00edstica, competencia t\u00e9cnica, s\u00f3lidos sistemas de gesti\u00f3n de calidad y pr\u00e1cticas eficientes de coordinaci\u00f3n de proyectos.<\/p>\r\n<p>Las capacidades de Verztec cubren una amplia gama de documentos fuente esenciales para la industria de las ciencias de la vida:<\/p>\r\n<ul>\r\n<li>Aplicaciones de software m\u00e9dico y cl\u00ednico<\/li>\r\n<li>Interfaces de usuario para dispositivos m\u00e9dicos<\/li>\r\n<li>Hojas de informaci\u00f3n para pacientes<\/li>\r\n<li>Patentes<\/li>\r\n<li>Ensayos cl\u00ednicos<\/li>\r\n<li>Hojas de seguridad de materiales (MSDS)<\/li>\r\n<li>Ofertas cient\u00edficas<\/li>\r\n<li>Informes y literatura m\u00e9dica<\/li>\r\n<li>Comunicaci\u00f3n de marketing<\/li>\r\n<li>Sitios web, extranet e intranet<\/li>\r\n<li>Gu\u00edas de usuario y manuales<\/li>\r\n<li>Formularios de registro m\u00e9dico<\/li>\r\n<li>Procedimientos operativos est\u00e1ndar<\/li>\r\n<li>Contratos y acuerdos<\/li>\r\n<li>Transcripciones de ensayos m\u00e9dicos<\/li>\r\n<li>Servicios de interpretaci\u00f3n<\/li>\r\n<li>Documentaci\u00f3n \u00e9tica, de cumplimiento y regulatoria<\/li>\r\n<li>Informes de investigaci\u00f3n m\u00e9dica y protocolos de ensayos cl\u00ednicos<\/li>\r\n<li>Documentos de informaci\u00f3n para pacientes<\/li>\r\n<li>Documentos psicol\u00f3gicos<\/li>\r\n<li>Recetas m\u00e9dicas y diagn\u00f3sticos<\/li>\r\n<li>Gu\u00edas de usuario para personal m\u00e9dico y pacientes<\/li>\r\n<li>Manuales de instrucciones, folletos y software para equipos m\u00e9dicos<\/li>\r\n<li>Documentos cl\u00ednicos, toxicol\u00f3gicos, farmacol\u00f3gicos y biol\u00f3gicos<\/li>\r\n<li>Cuestionarios m\u00e9dicos y glosarios de terminolog\u00eda m\u00e9dica<\/li>\r\n<\/ul>\r\n<p>Adem\u00e1s de la traducci\u00f3n y localizaci\u00f3n de documentos, Verztec ofrece soluciones digitales especializadas adaptadas para la industria de las ciencias de la vida. Nuestros servicios incluyen el desarrollo de m\u00f3dulos de capacitaci\u00f3n en l\u00ednea multiling\u00fces, la mejora de los canales de comunicaci\u00f3n y el aseguramiento del cumplimiento de los est\u00e1ndares regulatorios globales.<\/p>\r\n<p>As\u00f3ciese con Verztec para optimizar sus estrategias de comunicaci\u00f3n global, acelerar las aprobaciones regulatorias y mejorar la preparaci\u00f3n para el mercado de sus innovaciones en ciencias de la vida.<\/p>\r\n<p>Cont\u00e1ctenos hoy para descubrir c\u00f3mo nuestros servicios especializados pueden apoyar el crecimiento y el \u00e9xito de su organizaci\u00f3n en el din\u00e1mico campo de las ciencias de la vida.<\/p>\r\n\r\n<hr style=\"margin-top: 20px; margin-bottom: 20px; border: 0; border-top: 1px solid #eee;\" \/>\n<p style=\"margin-bottom: 0;\"><a href=\"https:\/\/www.verztec.com\/es\/testimonials\/\" target=\"_blank\" rel=\"noopener\">Testimonios de Clientes<\/a> &nbsp; : \u00a1Lea lo que nuestros clientes dicen sobre nosotros!<\/p>\n<p><a href=\"https:\/\/www.verztec.com\/es\/clients\/\" target=\"_blank\" rel=\"noopener\">Nuestros Valiosos Clientes<\/a> &nbsp; : Vea la lista de nuestros estimados clientes.<\/p>\n\r\n","protected":false},"excerpt":{"rendered":"<p>Los desarrollos en las ciencias de la vida y el campo m\u00e9dico est\u00e1n avanzando a una velocidad sin precedentes. A medida que la investigaci\u00f3n se vuelve cada vez m\u00e1s t\u00e9cnica&hellip;<\/p>\n","protected":false},"author":1,"featured_media":4027,"parent":0,"menu_order":5,"comment_status":"closed","ping_status":"closed","template":"","meta":{"footnotes":""},"class_list":["post-1804","page","type-page","status-publish","has-post-thumbnail","hentry"],"_links":{"self":[{"href":"https:\/\/www.verztec.com\/wp-json\/wp\/v2\/pages\/1804"}],"collection":[{"href":"https:\/\/www.verztec.com\/wp-json\/wp\/v2\/pages"}],"about":[{"href":"https:\/\/www.verztec.com\/wp-json\/wp\/v2\/types\/page"}],"author":[{"embeddable":true,"href":"https:\/\/www.verztec.com\/wp-json\/wp\/v2\/users\/1"}],"replies":[{"embeddable":true,"href":"https:\/\/www.verztec.com\/wp-json\/wp\/v2\/comments?post=1804"}],"version-history":[{"count":2,"href":"https:\/\/www.verztec.com\/wp-json\/wp\/v2\/pages\/1804\/revisions"}],"predecessor-version":[{"id":2866,"href":"https:\/\/www.verztec.com\/wp-json\/wp\/v2\/pages\/1804\/revisions\/2866"}],"wp:featuredmedia":[{"embeddable":true,"href":"https:\/\/www.verztec.com\/wp-json\/wp\/v2\/media\/4027"}],"wp:attachment":[{"href":"https:\/\/www.verztec.com\/wp-json\/wp\/v2\/media?parent=1804"}],"curies":[{"name":"wp","href":"https:\/\/api.w.org\/{rel}","templated":true}]}}