{"id":1805,"date":"2024-07-15T08:42:00","date_gmt":"2024-07-15T08:42:00","guid":{"rendered":"http:\/\/staging.verztec.com\/verztec\/retail-e-commerce\/"},"modified":"2025-02-03T08:34:59","modified_gmt":"2025-02-03T08:34:59","slug":"retail-e-commerce","status":"publish","type":"page","link":"https:\/\/www.verztec.com\/retail-e-commerce","title":{"rendered":"Comercio minorista y comercio electr\u00f3nico"},"content":{"rendered":"<p>El entorno del comercio minorista y el comercio electr\u00f3nico est\u00e1 evolucionando a un ritmo r\u00e1pido, impulsado por los avances tecnol\u00f3gicos y los cambios en los comportamientos de los consumidores. A medida que la competencia se intensifica, las empresas se enfrentan al desaf\u00edo de innovar de manera continua y diferenciarse en el mercado.<\/p>\r\n<p>En este entorno din\u00e1mico, las estrategias de marketing efectivas son cruciales para captar y retener el inter\u00e9s de los clientes a nivel global. Los minoristas deben navegar entre diversas preferencias culturales y requisitos regulatorios mientras aseguran una comunicaci\u00f3n de marca consistente en m\u00faltiples canales.<\/p>\r\n<p>Verztec entiende las complejidades de las operaciones globales del comercio minorista y ofrece soluciones personalizadas de localizaci\u00f3n y marketing digital para ayudar a las empresas a prosperar en los mercados internacionales. Desde la traducci\u00f3n de descripciones de productos y campa\u00f1as de marketing hasta la adaptaci\u00f3n de sitios web y plataformas de comercio electr\u00f3nico para audiencias locales, nuestra experiencia garantiza que su marca resuene de manera efectiva en todo el mundo.<\/p>\r\n<p>Las soluciones de aprendizaje digital juegan un papel clave en la mejora de la capacitaci\u00f3n de empleados y la educaci\u00f3n del cliente en el sector minorista. Verztec ofrece cursos interactivos de eLearning, videos de capacitaci\u00f3n y contenido multimedia para equipar a sus equipos con los conocimientos y habilidades necesarias para ofrecer experiencias excepcionales a los clientes.<\/p>\r\n<p>Al aprovechar nuestros servicios completos de localizaci\u00f3n y soluciones de aprendizaje digital, los minoristas pueden optimizar sus operaciones, mejorar la participaci\u00f3n de los clientes y fomentar el crecimiento de las ventas a nivel mundial. As\u00f3ciese con Verztec para optimizar su estrategia de expansi\u00f3n internacional y lograr un \u00e9xito sostenible en la competitiva industria del comercio minorista y el comercio electr\u00f3nico.<\/p>\r\n<p>Las capacidades de Verztec incluyen:<\/p>\r\n<ul>\r\n<li>Traducci\u00f3n y localizaci\u00f3n de descripciones de productos, materiales de marketing y sitios web<\/li>\r\n<li>Campa\u00f1as de marketing digital dirigidas a audiencias globales<\/li>\r\n<li>Desarrollo de plataformas de comercio electr\u00f3nico y aplicaciones m\u00f3viles<\/li>\r\n<li>Cursos interactivos de eLearning y videos de capacitaci\u00f3n para la formaci\u00f3n de empleados<\/li>\r\n<li>Localizaci\u00f3n de materiales de punto de venta, empaques y etiquetas<\/li>\r\n<li>Documentaci\u00f3n de cumplimiento y regulaciones para mercados internacionales<\/li>\r\n<li>Soporte al cliente multiling\u00fce y servicios de helpdesk<\/li>\r\n<\/ul>\r\n<p>Permanezca a la vanguardia en el mercado global del comercio minorista con la experiencia de Verztec en localizaci\u00f3n y soluciones de aprendizaje digital. Cont\u00e1ctenos hoy mismo para descubrir c\u00f3mo podemos apoyar sus objetivos comerciales y mejorar la presencia de su marca en todo el mundo.<\/p>\r\n\r\n<hr style=\"margin-top: 20px; margin-bottom: 20px; border: 0; border-top: 1px solid #eee;\" \/>\n<p style=\"margin-bottom: 0;\"><a href=\"https:\/\/www.verztec.com\/es\/testimonials\/\" target=\"_blank\" rel=\"noopener\">Testimonios de Clientes<\/a> &nbsp; : \u00a1Lea lo que nuestros clientes dicen sobre nosotros!<\/p>\n<p><a href=\"https:\/\/www.verztec.com\/es\/clients\/\" target=\"_blank\" rel=\"noopener\">Nuestros Valiosos Clientes<\/a> &nbsp; : Vea la lista de nuestros estimados clientes.<\/p>\n\r\n","protected":false},"excerpt":{"rendered":"<p>El entorno del comercio minorista y el comercio electr\u00f3nico est\u00e1 evolucionando a un ritmo r\u00e1pido, impulsado por los avances tecnol\u00f3gicos y los cambios en los comportamientos de los consumidores. A&hellip;<\/p>\n","protected":false},"author":1,"featured_media":4027,"parent":0,"menu_order":4,"comment_status":"closed","ping_status":"closed","template":"","meta":{"footnotes":""},"class_list":["post-1805","page","type-page","status-publish","has-post-thumbnail","hentry"],"_links":{"self":[{"href":"https:\/\/www.verztec.com\/wp-json\/wp\/v2\/pages\/1805"}],"collection":[{"href":"https:\/\/www.verztec.com\/wp-json\/wp\/v2\/pages"}],"about":[{"href":"https:\/\/www.verztec.com\/wp-json\/wp\/v2\/types\/page"}],"author":[{"embeddable":true,"href":"https:\/\/www.verztec.com\/wp-json\/wp\/v2\/users\/1"}],"replies":[{"embeddable":true,"href":"https:\/\/www.verztec.com\/wp-json\/wp\/v2\/comments?post=1805"}],"version-history":[{"count":2,"href":"https:\/\/www.verztec.com\/wp-json\/wp\/v2\/pages\/1805\/revisions"}],"predecessor-version":[{"id":2876,"href":"https:\/\/www.verztec.com\/wp-json\/wp\/v2\/pages\/1805\/revisions\/2876"}],"wp:featuredmedia":[{"embeddable":true,"href":"https:\/\/www.verztec.com\/wp-json\/wp\/v2\/media\/4027"}],"wp:attachment":[{"href":"https:\/\/www.verztec.com\/wp-json\/wp\/v2\/media?parent=1805"}],"curies":[{"name":"wp","href":"https:\/\/api.w.org\/{rel}","templated":true}]}}