{"id":1806,"date":"2024-07-15T08:46:27","date_gmt":"2024-07-15T08:46:27","guid":{"rendered":"http:\/\/staging.verztec.com\/verztec\/gaming\/"},"modified":"2025-02-03T08:48:43","modified_gmt":"2025-02-03T08:48:43","slug":"gaming","status":"publish","type":"page","link":"https:\/\/www.verztec.com\/gaming","title":{"rendered":"Videojuegos"},"content":{"rendered":"<p>La industria del gaming est\u00e1 a la vanguardia de la innovaci\u00f3n en entretenimiento, cautivando a audiencias globales con experiencias inmersivas y tecnolog\u00eda de punta. A medida que la demanda de entretenimiento interactivo sigue creciendo, las empresas de juegos enfrentan el desaf\u00edo de llegar a audiencias diversas a trav\u00e9s de diferentes idiomas y culturas.<\/p>\r\n<p>En este entorno competitivo, la localizaci\u00f3n efectiva de los juegos y el contenido relacionado es esencial para involucrar a los jugadores de todo el mundo. Desde traducir guiones de juegos e interfaces de usuario hasta adaptar campa\u00f1as de marketing y contenido comunitario, una localizaci\u00f3n precisa asegura que la experiencia de juego resuene con los jugadores locales.<\/p>\r\n<p>Verztec se especializa en servicios completos de localizaci\u00f3n para la industria del gaming, ayudando a los desarrolladores y editores a navegar por las complejidades ling\u00fc\u00edsticas y culturales sin problemas. Nuestro equipo de ling\u00fcistas experimentados y entusiastas de los videojuegos asegura traducciones de alta calidad que preservan la intenci\u00f3n original y la emoci\u00f3n de tus juegos.<\/p>\r\n<p>Las soluciones de aprendizaje digital tambi\u00e9n son fundamentales en el sector del gaming, mejorando la incorporaci\u00f3n de usuarios, tutoriales y contenido educativo dentro del juego. Verztec ofrece m\u00f3dulos interactivos de eLearning, videos de formaci\u00f3n y experiencias de aprendizaje gamificadas para empoderar a los jugadores y mejorar el compromiso.<\/p>\r\n<p>Ya sea que est\u00e9s lanzando un nuevo juego, expandi\u00e9ndote a mercados internacionales o mejorando el compromiso de los usuarios a trav\u00e9s del aprendizaje digital, Verztec proporciona soluciones personalizadas para satisfacer tus necesidades. Nuestra experiencia se extiende a:<\/p>\r\n<ul>\r\n<li>Localizaci\u00f3n de guiones de juegos, di\u00e1logos e interfaces de usuario<\/li>\r\n<li>Traducci\u00f3n de materiales de marketing, sitios web y contenido comunitario<\/li>\r\n<li>Adaptaci\u00f3n de tutoriales dentro del juego, gu\u00edas de ayuda y contenido educativo<\/li>\r\n<li>Desarrollo de cursos interactivos de eLearning y videos de formaci\u00f3n<\/li>\r\n<li>Soporte al cliente multiling\u00fce y gesti\u00f3n comunitaria<\/li>\r\n<li>Documentaci\u00f3n de cumplimiento y regulatoria para lanzamientos globales<\/li>\r\n<\/ul>\r\n<p>As\u00f3ciate con Verztec para desbloquear el potencial completo de tus proyectos de gaming en los mercados globales. Mejora la experiencia de los jugadores, expande tu alcance y alcanza el \u00e9xito con nuestras soluciones especializadas de localizaci\u00f3n y aprendizaje digital. Cont\u00e1ctanos hoy para explorar c\u00f3mo podemos elevar tu contenido de juegos para audiencias internacionales.<\/p>\r\n\r\n<hr style=\"margin-top: 20px; margin-bottom: 20px; border: 0; border-top: 1px solid #eee;\" \/>\n<p style=\"margin-bottom: 0;\"><a href=\"https:\/\/www.verztec.com\/es\/testimonials\/\" target=\"_blank\" rel=\"noopener\">Testimonios de Clientes<\/a> &nbsp; : \u00a1Lea lo que nuestros clientes dicen sobre nosotros!<\/p>\n<p><a href=\"https:\/\/www.verztec.com\/es\/clients\/\" target=\"_blank\" rel=\"noopener\">Nuestros Valiosos Clientes<\/a> &nbsp; : Vea la lista de nuestros estimados clientes.<\/p>\n\r\n","protected":false},"excerpt":{"rendered":"<p>La industria del gaming est\u00e1 a la vanguardia de la innovaci\u00f3n en entretenimiento, cautivando a audiencias globales con experiencias inmersivas y tecnolog\u00eda de punta. A medida que la demanda de&hellip;<\/p>\n","protected":false},"author":1,"featured_media":4027,"parent":0,"menu_order":3,"comment_status":"closed","ping_status":"closed","template":"","meta":{"footnotes":""},"class_list":["post-1806","page","type-page","status-publish","has-post-thumbnail","hentry"],"_links":{"self":[{"href":"https:\/\/www.verztec.com\/wp-json\/wp\/v2\/pages\/1806"}],"collection":[{"href":"https:\/\/www.verztec.com\/wp-json\/wp\/v2\/pages"}],"about":[{"href":"https:\/\/www.verztec.com\/wp-json\/wp\/v2\/types\/page"}],"author":[{"embeddable":true,"href":"https:\/\/www.verztec.com\/wp-json\/wp\/v2\/users\/1"}],"replies":[{"embeddable":true,"href":"https:\/\/www.verztec.com\/wp-json\/wp\/v2\/comments?post=1806"}],"version-history":[{"count":2,"href":"https:\/\/www.verztec.com\/wp-json\/wp\/v2\/pages\/1806\/revisions"}],"predecessor-version":[{"id":2882,"href":"https:\/\/www.verztec.com\/wp-json\/wp\/v2\/pages\/1806\/revisions\/2882"}],"wp:featuredmedia":[{"embeddable":true,"href":"https:\/\/www.verztec.com\/wp-json\/wp\/v2\/media\/4027"}],"wp:attachment":[{"href":"https:\/\/www.verztec.com\/wp-json\/wp\/v2\/media?parent=1806"}],"curies":[{"name":"wp","href":"https:\/\/api.w.org\/{rel}","templated":true}]}}