{"id":1807,"date":"2024-07-15T08:51:12","date_gmt":"2024-07-15T08:51:12","guid":{"rendered":"http:\/\/staging.verztec.com\/verztec\/entertainment\/"},"modified":"2025-02-03T08:49:47","modified_gmt":"2025-02-03T08:49:47","slug":"entertainment","status":"publish","type":"page","link":"https:\/\/www.verztec.com\/entertainment","title":{"rendered":"Entretenimiento"},"content":{"rendered":"<p>En el din\u00e1mico mundo del entretenimiento, cautivar a la audiencia y mantenerse relevante requiere m\u00e1s que solo creatividad: exige una comunicaci\u00f3n efectiva a trav\u00e9s de diversas culturas y lenguajes. Desde pel\u00edculas y programas de televisi\u00f3n hasta m\u00fasica y eventos en vivo, la industria del entretenimiento prospera al conectarse con audiencias globales.<\/p>\r\n<p>En Verztec, entendemos el papel fundamental de la localizaci\u00f3n para mejorar el compromiso de la audiencia y expandir el alcance del mercado. Nuestros servicios especializados est\u00e1n dise\u00f1ados para satisfacer las necesidades \u00fanicas de las empresas de entretenimiento, asegurando que el contenido resuene aut\u00e9nticamente con los espectadores, oyentes y asistentes locales en todo el mundo.<\/p>\r\n<p>Los servicios de localizaci\u00f3n de Verztec abarcan una amplia gama de medios de entretenimiento:<\/p>\r\n<p><b>Cine y televisi\u00f3n:<\/b> Localizamos subt\u00edtulos, guiones de doblaje y materiales promocionales para garantizar experiencias de visualizaci\u00f3n fluidas en diferentes idiomas y culturas. Nuestros ling\u00fcistas expertos y especialistas audiovisuales preservan la integridad art\u00edstica de sus producciones mientras las hacen accesibles a audiencias globales.<\/p>\r\n<p><b>M\u00fasica y artes esc\u00e9nicas:<\/b> Desde traducir letras de canciones y notas de \u00e1lbum hasta adaptar programas de conciertos y contenido promocional, Verztec apoya a artistas y sellos discogr\u00e1ficos en su objetivo de llegar a entusiastas de la m\u00fasica y espectadores de teatro en todo el mundo. Nos aseguramos de que sus expresiones creativas se transmitan con precisi\u00f3n en cada idioma.<\/p>\r\n<p><b>Eventos en vivo y festivales:<\/b> Para eventos internacionales y festivales, Verztec proporciona soluciones completas de localizaci\u00f3n. Traducimos los horarios de los eventos, los materiales de marketing y la comunicaci\u00f3n con los asistentes para facilitar interacciones sin problemas y mejorar la experiencia de los participantes a trav\u00e9s de las fronteras.<\/p>\r\n<p><b>Plataformas digitales y de streaming:<\/b> En la era digital, los servicios de streaming y las plataformas en l\u00ednea son los motores del consumo de entretenimiento global. Verztec ofrece la localizaci\u00f3n de contenido digital, incluyendo interfaces de aplicaciones, contenido web y medios de streaming, para optimizar el compromiso y la retenci\u00f3n de usuarios a nivel mundial.<\/p>\r\n<p><b>Soluciones de aprendizaje digital:<\/b> Mejorar el compromiso de la audiencia y la retenci\u00f3n de usuarios es crucial en la industria del entretenimiento. Verztec desarrolla m\u00f3dulos interactivos de eLearning, videos de formaci\u00f3n y experiencias gamificadas para educar a los fans, mejorar la lealtad de los espectadores y elevar la experiencia general del entretenimiento.<\/p>\r\n<p>Ya sea que est\u00e9 lanzando una nueva pel\u00edcula, produciendo un \u00e1lbum de m\u00fasica, organizando un evento global o expandiendo su presencia digital, Verztec proporciona soluciones personalizadas de localizaci\u00f3n y aprendizaje digital para ayudarle a conectarse con audiencias de todo el mundo.<\/p>\r\n<p>As\u00f3ciate con nosotros para mejorar tu contenido de entretenimiento y lograr el \u00e9xito global. Contacta con Verztec hoy para saber m\u00e1s sobre nuestros servicios especializados para la industria del entretenimiento.<\/p>\r\n\r\n<hr style=\"margin-top: 20px; margin-bottom: 20px; border: 0; border-top: 1px solid #eee;\" \/>\n<p style=\"margin-bottom: 0;\"><a href=\"https:\/\/www.verztec.com\/es\/testimonials\/\" target=\"_blank\" rel=\"noopener\">Testimonios de Clientes<\/a> &nbsp; : \u00a1Lea lo que nuestros clientes dicen sobre nosotros!<\/p>\n<p><a href=\"https:\/\/www.verztec.com\/es\/clients\/\" target=\"_blank\" rel=\"noopener\">Nuestros Valiosos Clientes<\/a> &nbsp; : Vea la lista de nuestros estimados clientes.<\/p>\n\r\n","protected":false},"excerpt":{"rendered":"<p>En el din\u00e1mico mundo del entretenimiento, cautivar a la audiencia y mantenerse relevante requiere m\u00e1s que solo creatividad: exige una comunicaci\u00f3n efectiva a trav\u00e9s de diversas culturas y lenguajes. Desde&hellip;<\/p>\n","protected":false},"author":1,"featured_media":4027,"parent":0,"menu_order":2,"comment_status":"closed","ping_status":"closed","template":"","meta":{"footnotes":""},"class_list":["post-1807","page","type-page","status-publish","has-post-thumbnail","hentry"],"_links":{"self":[{"href":"https:\/\/www.verztec.com\/wp-json\/wp\/v2\/pages\/1807"}],"collection":[{"href":"https:\/\/www.verztec.com\/wp-json\/wp\/v2\/pages"}],"about":[{"href":"https:\/\/www.verztec.com\/wp-json\/wp\/v2\/types\/page"}],"author":[{"embeddable":true,"href":"https:\/\/www.verztec.com\/wp-json\/wp\/v2\/users\/1"}],"replies":[{"embeddable":true,"href":"https:\/\/www.verztec.com\/wp-json\/wp\/v2\/comments?post=1807"}],"version-history":[{"count":2,"href":"https:\/\/www.verztec.com\/wp-json\/wp\/v2\/pages\/1807\/revisions"}],"predecessor-version":[{"id":2884,"href":"https:\/\/www.verztec.com\/wp-json\/wp\/v2\/pages\/1807\/revisions\/2884"}],"wp:featuredmedia":[{"embeddable":true,"href":"https:\/\/www.verztec.com\/wp-json\/wp\/v2\/media\/4027"}],"wp:attachment":[{"href":"https:\/\/www.verztec.com\/wp-json\/wp\/v2\/media?parent=1807"}],"curies":[{"name":"wp","href":"https:\/\/api.w.org\/{rel}","templated":true}]}}