{"id":1808,"date":"2024-07-15T08:53:53","date_gmt":"2024-07-15T08:53:53","guid":{"rendered":"http:\/\/staging.verztec.com\/verztec\/non-profit-agencies\/"},"modified":"2025-02-03T08:36:37","modified_gmt":"2025-02-03T08:36:37","slug":"non-profit-agencies","status":"publish","type":"page","link":"https:\/\/www.verztec.com\/non-profit-agencies","title":{"rendered":"Organizaciones sin fines de lucro"},"content":{"rendered":"<p>En el \u00e1mbito de las organizaciones sin fines de lucro, una comunicaci\u00f3n efectiva es clave para fomentar conexiones significativas e impulsar iniciativas impactantes. A medida que las organizaciones luchan por abordar problemas sociales urgentes y abogar por el cambio, la necesidad de involucrar a diversas comunidades y partes interesadas se vuelve cada vez m\u00e1s fundamental.<\/p>\r\n<p>En Verztec, reconocemos los desaf\u00edos \u00fanicos que enfrentan las organizaciones sin fines de lucro para comunicar sus misiones, valores e iniciativas a trav\u00e9s de barreras culturales y ling\u00fc\u00edsticas. Nuestros servicios especializados de localizaci\u00f3n y comunicaci\u00f3n permiten a las organizaciones sin fines de lucro llegar a audiencias globales, amplificar sus mensajes e inspirar la acci\u00f3n a escala mundial.<\/p>\r\n<p><b>Campa\u00f1as de defensa y concienciaci\u00f3n:<\/b> Colaboramos con organizaciones sin fines de lucro para localizar campa\u00f1as de defensa, asegur\u00e1ndonos de que los mensajes clave resuenen de manera aut\u00e9ntica con los p\u00fablicos objetivo en diferentes regiones. Desde la traducci\u00f3n de materiales de campa\u00f1a hasta la adaptaci\u00f3n de contenido multimedia, Verztec apoya a las organizaciones en la creaci\u00f3n de conciencia y la movilizaci\u00f3n de apoyo para causas sociales cr\u00edticas en todo el mundo.<\/p>\r\n<p><b>Recaudaci\u00f3n de fondos y compromiso de los donantes:<\/b> El compromiso efectivo de los donantes es esencial para mantener las operaciones de las organizaciones sin fines de lucro y fomentar los esfuerzos de recaudaci\u00f3n de fondos. Verztec proporciona localizaci\u00f3n de apelaciones de recaudaci\u00f3n de fondos, comunicaciones con donantes y materiales de eventos de recaudaci\u00f3n para mejorar la efectividad de la divulgaci\u00f3n y cultivar relaciones con los donantes a trav\u00e9s de diversas comunidades ling\u00fc\u00edsticas.<\/p>\r\n<p><b>Programas educativos y de formaci\u00f3n:<\/b> Las organizaciones sin fines de lucro a menudo realizan iniciativas educativas para empoderar a las comunidades y partes interesadas. Verztec desarrolla materiales educativos multiling\u00fces, m\u00f3dulos de formaci\u00f3n y plataformas de e-learning para facilitar la difusi\u00f3n de conocimientos y el desarrollo de habilidades a escala global. Nuestras soluciones de aprendizaje digital aseguran que el contenido educativo sea accesible y efectivo m\u00e1s all\u00e1 de las fronteras.<\/p>\r\n<p><b>Desarrollo de capacidades y asociaciones globales:<\/b> Para fortalecer las capacidades organizativas y fomentar la colaboraci\u00f3n global, Verztec ofrece la traducci\u00f3n y localizaci\u00f3n de acuerdos de asociaci\u00f3n, propuestas de subvenciones y documentaci\u00f3n program\u00e1tica. Ayudamos a las organizaciones sin fines de lucro a superar los desaf\u00edos de la comunicaci\u00f3n intercultural y a forjar asociaciones estrat\u00e9gicas que generen un impacto sostenible.<\/p>\r\n<p><b>Relaciones p\u00fablicas y divulgaci\u00f3n:<\/b> Desde comunicados de prensa y kits de medios hasta contenido de sitios web y campa\u00f1as en redes sociales, Verztec apoya a las organizaciones sin fines de lucro para crear narrativas atractivas que resuenen con audiencias internacionales. Nuestros servicios completos de localizaci\u00f3n mejoran la visibilidad, la credibilidad y el compromiso, lo que permite a las organizaciones amplificar sus esfuerzos de divulgaci\u00f3n y lograr una mayor influencia.<\/p>\r\n<p><b>Soluciones de aprendizaje digital:<\/b> En la era digital, las organizaciones sin fines de lucro aprovechan las plataformas digitales para la participaci\u00f3n comunitaria y la defensa. Verztec desarrolla m\u00f3dulos interactivos de e-learning, seminarios web y contenido multimedia para educar a las partes interesadas, promover causas sociales y fomentar una comprensi\u00f3n m\u00e1s profunda de los problemas complejos.<\/p>\r\n<p>As\u00f3ciate con Verztec para amplificar el impacto de tu organizaci\u00f3n sin fines de lucro mediante soluciones expertas de localizaci\u00f3n y aprendizaje digital. Juntos, podemos derribar barreras ling\u00fc\u00edsticas, empoderar a las comunidades y generar un cambio positivo a nivel mundial. Contacta con Verztec hoy para aprender m\u00e1s sobre c\u00f3mo podemos apoyar la misi\u00f3n de tu organizaci\u00f3n con soluciones ling\u00fc\u00edsticas personalizadas.<\/p>\r\n\r\n<hr style=\"margin-top: 20px; margin-bottom: 20px; border: 0; border-top: 1px solid #eee;\" \/>\n<p style=\"margin-bottom: 0;\"><a href=\"https:\/\/www.verztec.com\/es\/testimonials\/\" target=\"_blank\" rel=\"noopener\">Testimonios de Clientes<\/a> &nbsp; : \u00a1Lea lo que nuestros clientes dicen sobre nosotros!<\/p>\n<p><a href=\"https:\/\/www.verztec.com\/es\/clients\/\" target=\"_blank\" rel=\"noopener\">Nuestros Valiosos Clientes<\/a> &nbsp; : Vea la lista de nuestros estimados clientes.<\/p>\n\r\n","protected":false},"excerpt":{"rendered":"<p>En el \u00e1mbito de las organizaciones sin fines de lucro, una comunicaci\u00f3n efectiva es clave para fomentar conexiones significativas e impulsar iniciativas impactantes. A medida que las organizaciones luchan por&hellip;<\/p>\n","protected":false},"author":1,"featured_media":4027,"parent":0,"menu_order":1,"comment_status":"closed","ping_status":"closed","template":"","meta":{"footnotes":""},"class_list":["post-1808","page","type-page","status-publish","has-post-thumbnail","hentry"],"_links":{"self":[{"href":"https:\/\/www.verztec.com\/wp-json\/wp\/v2\/pages\/1808"}],"collection":[{"href":"https:\/\/www.verztec.com\/wp-json\/wp\/v2\/pages"}],"about":[{"href":"https:\/\/www.verztec.com\/wp-json\/wp\/v2\/types\/page"}],"author":[{"embeddable":true,"href":"https:\/\/www.verztec.com\/wp-json\/wp\/v2\/users\/1"}],"replies":[{"embeddable":true,"href":"https:\/\/www.verztec.com\/wp-json\/wp\/v2\/comments?post=1808"}],"version-history":[{"count":2,"href":"https:\/\/www.verztec.com\/wp-json\/wp\/v2\/pages\/1808\/revisions"}],"predecessor-version":[{"id":2878,"href":"https:\/\/www.verztec.com\/wp-json\/wp\/v2\/pages\/1808\/revisions\/2878"}],"wp:featuredmedia":[{"embeddable":true,"href":"https:\/\/www.verztec.com\/wp-json\/wp\/v2\/media\/4027"}],"wp:attachment":[{"href":"https:\/\/www.verztec.com\/wp-json\/wp\/v2\/media?parent=1808"}],"curies":[{"name":"wp","href":"https:\/\/api.w.org\/{rel}","templated":true}]}}