{"id":1809,"date":"2024-07-15T08:56:58","date_gmt":"2024-07-15T08:56:58","guid":{"rendered":"http:\/\/staging.verztec.com\/verztec\/food-beverage\/"},"modified":"2025-02-03T08:41:47","modified_gmt":"2025-02-03T08:41:47","slug":"food-beverage","status":"publish","type":"page","link":"https:\/\/www.verztec.com\/food-beverage","title":{"rendered":"Alimentaci\u00f3n y Bebidas"},"content":{"rendered":"<p>En el din\u00e1mico mundo de los alimentos y bebidas, donde las tendencias culinarias y las preferencias de los consumidores evolucionan r\u00e1pidamente, la comunicaci\u00f3n efectiva y la localizaci\u00f3n son esenciales para el \u00e9xito global. Desde los productores de alimentos artesanales hasta las cadenas de restaurantes multinacionales, las empresas de este sector deben navegar por las sutilezas culturales y la diversidad ling\u00fc\u00edstica para resonar con las audiencias diversas a nivel mundial.<\/p>\r\n<p>En Verztec, entendemos las complejidades de la industria de alimentos y bebidas y ofrecemos soluciones especializadas de localizaci\u00f3n para ayudar a las marcas a comunicar eficazmente sus historias culinarias, ofertas de productos y valores de marca a trav\u00e9s de las fronteras.<\/p>\r\n<p><b>Localizaci\u00f3n de men\u00fas y comunicaci\u00f3n culinaria:<\/b> Colaboramos con empresas de alimentos y bebidas para localizar men\u00fas, asegurando que las descripciones de platos, ingredientes y conceptos culinarios sean traducidos con precisi\u00f3n para atraer los gustos y preferencias locales. Ya sea que est\u00e9 lanzando un nuevo concepto de restaurante o expandi\u00e9ndose a mercados internacionales, Verztec lo ayuda a mantener la autenticidad y a conectar con los comensales a nivel mundial.<\/p>\r\n<p><b>Empaque de productos y etiquetado:<\/b> De acuerdo con los requisitos regulatorios y las expectativas de los consumidores, Verztec ofrece servicios de traducci\u00f3n y localizaci\u00f3n para el empaque de productos y etiquetado. Nos aseguramos de que la informaci\u00f3n nutricional, las listas de ingredientes y los elementos de marca se traduzcan de manera precisa y efectiva, manteniendo la integridad del producto y la confianza del consumidor en diversos mercados.<\/p>\r\n<p><b>Campa\u00f1as de marketing y promociones:<\/b> Desde materiales promocionales y campa\u00f1as publicitarias hasta contenido digital y estrategias en redes sociales, Verztec mejora la visibilidad y el compromiso de la marca mediante soluciones de marketing localizadas. Adaptamos los mensajes de marketing y los materiales creativos de las campa\u00f1as para que resuenen con las preferencias regionales y las sensibilidades culturales, impulsando el inter\u00e9s y la lealtad del consumidor en mercados globales.<\/p>\r\n<p><b>Documentaci\u00f3n de formaci\u00f3n y cumplimiento:<\/b> Verztec apoya a las empresas de alimentos y bebidas en el desarrollo de materiales de formaci\u00f3n multiling\u00fces y documentaci\u00f3n de cumplimiento. Ya sean protocolos de seguridad alimentaria, m\u00f3dulos de formaci\u00f3n de empleados o directrices regulatorias, nuestras soluciones de aprendizaje digital aseguran que la informaci\u00f3n esencial sea accesible y comprensible para empleados y partes interesadas en todo el mundo.<\/p>\r\n<p><b>Acuerdos de proveedores y distribuci\u00f3n:<\/b> Para facilitar la gesti\u00f3n global de la cadena de suministro y fomentar asociaciones internacionales, Verztec ofrece traducci\u00f3n y localizaci\u00f3n de acuerdos de proveedores, contratos de distribuci\u00f3n y documentaci\u00f3n log\u00edstica. Ayudamos a optimizar la comunicaci\u00f3n a lo largo de la cadena de suministro, lo que permite operaciones sin problemas y un crecimiento sostenible en mercados globales.<\/p>\r\n<p><b>Aprendizaje digital y participaci\u00f3n del cliente:<\/b> En la era de la transformaci\u00f3n digital, Verztec desarrolla m\u00f3dulos interactivos de e-learning, seminarios web y contenido multimedia para educar a los consumidores sobre productos alimenticios, t\u00e9cnicas culinarias y pr\u00e1cticas sostenibles. Nuestras soluciones de aprendizaje digital mejoran la participaci\u00f3n del cliente y la lealtad a la marca al proporcionar contenido valioso y accesible adaptado a diversas audiencias.<\/p>\r\n<p>As\u00f3ciate con Verztec para expandir tu marca de alimentos y bebidas a nivel global mediante soluciones expertas en localizaci\u00f3n y comunicaci\u00f3n digital. Ya sea que est\u00e9s lanzando una nueva l\u00ednea de productos o expandi\u00e9ndote a nuevos mercados, estamos comprometidos a ayudarte a superar las barreras del idioma, mejorar la experiencia del consumidor y lograr la excelencia culinaria a nivel mundial.<\/p>\r\n<p>Cont\u00e1ctanos hoy para descubrir c\u00f3mo podemos apoyar tu negocio de alimentos y bebidas con soluciones ling\u00fc\u00edsticas personalizadas que impulsan el crecimiento y resuenan con los consumidores globales.<\/p>\r\n\r\n<hr style=\"margin-top: 20px; margin-bottom: 20px; border: 0; border-top: 1px solid #eee;\" \/>\n<p style=\"margin-bottom: 0;\"><a href=\"https:\/\/www.verztec.com\/es\/testimonials\/\" target=\"_blank\" rel=\"noopener\">Testimonios de Clientes<\/a> &nbsp; : \u00a1Lea lo que nuestros clientes dicen sobre nosotros!<\/p>\n<p><a href=\"https:\/\/www.verztec.com\/es\/clients\/\" target=\"_blank\" rel=\"noopener\">Nuestros Valiosos Clientes<\/a> &nbsp; : Vea la lista de nuestros estimados clientes.<\/p>\n\r\n","protected":false},"excerpt":{"rendered":"<p>En el din\u00e1mico mundo de los alimentos y bebidas, donde las tendencias culinarias y las preferencias de los consumidores evolucionan r\u00e1pidamente, la comunicaci\u00f3n efectiva y la localizaci\u00f3n son esenciales para&hellip;<\/p>\n","protected":false},"author":1,"featured_media":4027,"parent":0,"menu_order":0,"comment_status":"closed","ping_status":"closed","template":"","meta":{"footnotes":""},"class_list":["post-1809","page","type-page","status-publish","has-post-thumbnail","hentry"],"_links":{"self":[{"href":"https:\/\/www.verztec.com\/wp-json\/wp\/v2\/pages\/1809"}],"collection":[{"href":"https:\/\/www.verztec.com\/wp-json\/wp\/v2\/pages"}],"about":[{"href":"https:\/\/www.verztec.com\/wp-json\/wp\/v2\/types\/page"}],"author":[{"embeddable":true,"href":"https:\/\/www.verztec.com\/wp-json\/wp\/v2\/users\/1"}],"replies":[{"embeddable":true,"href":"https:\/\/www.verztec.com\/wp-json\/wp\/v2\/comments?post=1809"}],"version-history":[{"count":2,"href":"https:\/\/www.verztec.com\/wp-json\/wp\/v2\/pages\/1809\/revisions"}],"predecessor-version":[{"id":2880,"href":"https:\/\/www.verztec.com\/wp-json\/wp\/v2\/pages\/1809\/revisions\/2880"}],"wp:featuredmedia":[{"embeddable":true,"href":"https:\/\/www.verztec.com\/wp-json\/wp\/v2\/media\/4027"}],"wp:attachment":[{"href":"https:\/\/www.verztec.com\/wp-json\/wp\/v2\/media?parent=1809"}],"curies":[{"name":"wp","href":"https:\/\/api.w.org\/{rel}","templated":true}]}}