{"id":23,"date":"2009-06-18T03:51:50","date_gmt":"2009-06-18T03:51:50","guid":{"rendered":"http:\/\/staging.verztec.com\/verztec\/about-us\/"},"modified":"2024-10-02T01:50:35","modified_gmt":"2024-10-02T01:50:35","slug":"about-us","status":"publish","type":"page","link":"https:\/\/www.verztec.com\/about-us","title":{"rendered":"Qui\u00e9nes somos"},"content":{"rendered":"<p>Verztec es l\u00edder en soluciones ling\u00fc\u00edsticas y de aprendizaje para empresas.<\/p>\n<p>Comprometida con el \u00e9xito duradero, Verztec cree que el verdadero \u00e9xito se mide no s\u00f3lo por el rendimiento financiero, sino tambi\u00e9n por los \u00e9xitos mutuos duraderos cultivados con nuestros clientes y socios.<\/p>\n<p>Fundada en 2000, Verztec apoya a un tercio de las 500 empresas m\u00e1s importantes del mundo en la formaci\u00f3n digital de su plantilla global y en la localizaci\u00f3n de las comunicaciones empresariales. Entre nuestra estimada clientela se encuentran IBM, HP, Microsoft, Citibank, Sony, P&#038;G, Emerson, McDonald&#8217;s Corporation, UBS, Unilever y otras marcas mundiales.<\/p>\n<p>Hemos colaborado con clientes de diversos tama\u00f1os en sectores como el m\u00e9dico, el farmac\u00e9utico y las ciencias de la vida, el petroqu\u00edmico, el jur\u00eddico, el aeroespacial, el tur\u00edstico, el bancario y financiero, el jur\u00eddico, el de las tecnolog\u00edas de la informaci\u00f3n y el electr\u00f3nico.<\/p>\n<p>En Verztec, damos prioridad a la innovaci\u00f3n y nos mantenemos a la vanguardia de los avances tecnol\u00f3gicos. Esto implica estar al d\u00eda de las tendencias del sector, invertir en tecnolog\u00eda punta y desarrollar sistemas propios. Estos esfuerzos nos permiten mejorar el rendimiento y la eficiencia empresarial, lo que se traduce en ahorro de costes y comodidad para nuestros clientes.<\/p>\n<p>Verztec destaca en la implantaci\u00f3n de sistemas de gesti\u00f3n del aprendizaje, la digitalizaci\u00f3n de programas de formaci\u00f3n y la localizaci\u00f3n de contenidos para su distribuci\u00f3n global en m\u00faltiples continentes e idiomas. Nuestra experiencia garantiza que todos los cursos de formaci\u00f3n de nuestros clientes cumplan los requisitos culturales, sociales y empresariales, ahorrando tiempo, esfuerzo y recursos. Nos hemos forjado una reputaci\u00f3n por colaborar estrechamente con nuestros clientes para concebir, elaborar estrategias y poner en pr\u00e1ctica iniciativas de aprendizaje global. Adem\u00e1s, estamos especializados en la traducci\u00f3n de una amplia gama de materiales, como cursos de formaci\u00f3n, documentos jur\u00eddicos, contenidos de marketing y comunicaciones empresariales cotidianas, a m\u00e1s de 100 idiomas, como parte de nuestra completa gama de servicios.<\/p>\n<p>Reconocida como una de las empresas de m\u00e1s r\u00e1pido crecimiento de Singapur por los diarios Business Times, Sunday Times, Straits Times y Lianhe ZaoBao, Verztec ha recibido numerosos galardones, como el Influential Brands Award, el Business Superbrands y el Singapore Prestige Brand Award.<\/p>\n<h3 class=\"title-normal\" style=\"margin-top: 40px;\">Nuestro prop\u00f3sito<\/h3>\n<p>Unir el mundo a trav\u00e9s de una comunicaci\u00f3n fluida y ayudar a nuestros socios a alcanzar el \u00e9xito.<\/p>\n<h3 class=\"title-normal\" style=\"margin-top: 40px;\">\n <strong>Nuestra misi\u00f3n<\/strong><\/h3>\n<p>Ayudar a las empresas de todo el mundo a alcanzar el \u00e9xito respondiendo de forma \u00fanica a sus necesidades y ofreciendo soluciones empresariales escalables de extremo a extremo.<\/p>\n<p>Trabajamos en estrecha colaboraci\u00f3n con los clientes para crear, dar forma, adaptar y publicar sus mensajes de comunicaci\u00f3n global para los distintos mercados, afinar el posicionamiento de sus marcas y sacar a relucir constantemente los valores latentes.<\/p>\n<h3 class=\"title-normal\" style=\"margin-top: 40px;\"><strong>Nuestra visi\u00f3n<br \/>\n<\/strong><\/h3>\n<p>Ser un socio global de clase mundial reconocido por ofrecer consultor\u00eda de calidad y soluciones integrales.<\/p>\n<h3 class=\"title-normal\" style=\"margin-top: 40px;\">La diferencia de Verztec<br \/>\n<\/h3>\n<p style=\"margin-top: 0;\">A lo largo de los a\u00f1os, Verztec ha pasado por muchos altibajos. Hemos sido humillados por muchos desaf\u00edos y tambi\u00e9n hemos celebrado muchas ocasiones felices junto con nuestros clientes, socios y colegas.<\/p>\n<p style=\"margin-top: 0;\">A nuestro \u00e9xito continuado contribuyen nuestros clientes que creen en el trabajo que hacemos y, lo que es m\u00e1s importante, las damas y caballeros que trabajan como miembros del personal en nuestra familia Verztec, que son profesionales, responsables y tienen un alto nivel de integridad, que trabajan duro juntos cada d\u00eda para ofrecer la mejor experiencia al cliente y la mejor calidad a todos nuestros clientes.<\/p>\n<p style=\"margin-top: 0;\"><strong>A esto lo llamamos la \u00abDiferencia Verztec\u00bb<\/strong>.<\/p>\n<h3 class=\"title-normal\" style=\"margin-top: 40px;\"><strong>Nuestros valores corporativos<br \/>\n<\/strong><\/h3>\n<p style=\"margin-top: 0;\">El acr\u00f3nimo \u00abOCTOPUS\u00bb resume nuestros siete valores fundamentales. Este animal marino de gran inteligencia es una representaci\u00f3n adecuada de nuestra capacidad para hacer malabares de forma competente con los diferentes requisitos de nuestros clientes; el buen intelecto de los miembros de nuestro equipo; y nuestra capacidad para ofrecer soluciones estrat\u00e9gicamente adaptadas para simplificar los procesos de nuestros clientes.<\/p>\n<p style=\"margin-top: 0;\"><strong>Apropiaci\u00f3n:<\/strong> Nos enorgullecemos de nuestro trabajo y damos lo mejor de nosotros mismos en los proyectos que se nos encomiendan, yendo m\u00e1s all\u00e1 de nuestras \u00e1reas de responsabilidad cuando surge la necesidad.<\/p>\n<p style=\"margin-top: 0;\"><strong>\u00c9xito del cliente:<\/strong> Ayudamos a nuestros clientes a tener \u00e9xito a trav\u00e9s de nuestras ofertas de servicios de valor a\u00f1adido y asistencia.<\/p>\n<p style=\"margin-top: 0;\"><strong>Trabajo en equipo:<\/strong> Trabajamos estrechamente en equipo para aprovechar las capacidades de todos los miembros del equipo y ofrecer una experiencia memorable, positiva y \u00fanica a nuestros clientes.<\/p>\n<p style=\"margin-top: 0;\"><strong>Comunicaci\u00f3n abierta:<\/strong> Comunicamos claramente a los clientes nuestros procesos de contrataci\u00f3n de servicios y garantizamos la transparencia de todos los proyectos.<\/p>\n<p style=\"margin-top: 0;\"><strong>Proactividad:<\/strong> Somos proactivos a la hora de anticipar posibles problemas, ofrecer soluciones y buscar aclaraciones en caso de duda.<\/p>\n<p style=\"margin-top: 0;\"><strong>Urgencia:<\/strong> Cumplimos lo que prometemos con buena calidad y en los plazos previstos. Respondemos con sentido de la urgencia cuando nos comunicamos con los clientes.<\/p>\n<p style=\"margin-top: 0;\"><strong>Responsabilidad social:<\/strong> Somos una empresa socialmente responsable, que pone de su parte para fomentar un equilibrio saludable entre nuestros esfuerzos profesionales y la comunidad que nos rodea.<\/p>\n","protected":false},"excerpt":{"rendered":"<p>Verztec es l\u00edder en soluciones ling\u00fc\u00edsticas y de aprendizaje para empresas. Comprometida con el \u00e9xito duradero, Verztec cree que el verdadero \u00e9xito se mide no s\u00f3lo por el rendimiento financiero,&hellip;<\/p>\n","protected":false},"author":1,"featured_media":2024,"parent":0,"menu_order":8,"comment_status":"closed","ping_status":"closed","template":"","meta":{"footnotes":""},"class_list":["post-23","page","type-page","status-publish","has-post-thumbnail","hentry"],"_links":{"self":[{"href":"https:\/\/www.verztec.com\/wp-json\/wp\/v2\/pages\/23"}],"collection":[{"href":"https:\/\/www.verztec.com\/wp-json\/wp\/v2\/pages"}],"about":[{"href":"https:\/\/www.verztec.com\/wp-json\/wp\/v2\/types\/page"}],"author":[{"embeddable":true,"href":"https:\/\/www.verztec.com\/wp-json\/wp\/v2\/users\/1"}],"replies":[{"embeddable":true,"href":"https:\/\/www.verztec.com\/wp-json\/wp\/v2\/comments?post=23"}],"version-history":[{"count":1,"href":"https:\/\/www.verztec.com\/wp-json\/wp\/v2\/pages\/23\/revisions"}],"predecessor-version":[{"id":2057,"href":"https:\/\/www.verztec.com\/wp-json\/wp\/v2\/pages\/23\/revisions\/2057"}],"wp:featuredmedia":[{"embeddable":true,"href":"https:\/\/www.verztec.com\/wp-json\/wp\/v2\/media\/2024"}],"wp:attachment":[{"href":"https:\/\/www.verztec.com\/wp-json\/wp\/v2\/media?parent=23"}],"curies":[{"name":"wp","href":"https:\/\/api.w.org\/{rel}","templated":true}]}}