{"id":24,"date":"2009-06-18T03:55:32","date_gmt":"2009-06-18T03:55:32","guid":{"rendered":"http:\/\/staging.verztec.com\/verztec\/project-management\/"},"modified":"2024-10-02T01:49:33","modified_gmt":"2024-10-02T01:49:33","slug":"project-management","status":"publish","type":"page","link":"https:\/\/www.verztec.com\/project-management","title":{"rendered":"Gesti\u00f3n de proyectos"},"content":{"rendered":"<p>La localizaci\u00f3n es un proceso complejo que abarca m\u00faltiples niveles y requiere una coordinaci\u00f3n fluida entre equipos globales. En Verztec, aseguramos el \u00e9xito de los proyectos mediante nuestro equipo dedicado de gesti\u00f3n de proyectos, compuesto por expertos estrat\u00e9gicamente ubicados en todo el mundo para globalizar sus productos y servicios de manera eficaz.<\/p>\n<p>Para mejorar la eficiencia y la colaboraci\u00f3n, Verztec utiliza tecnolog\u00eda avanzada, estandarizando pr\u00e1cticas superiores de gesti\u00f3n de proyectos a trav\u00e9s de una plataforma virtual. Esta plataforma facilita la comunicaci\u00f3n fluida y las actualizaciones en tiempo real entre los equipos de Verztec y los clientes, garantizando un enfoque detallado pero flexible para su proceso de localizaci\u00f3n.<\/p>\n<p>La gesti\u00f3n de proyectos de localizaci\u00f3n de Verztec se centra en tres aspectos clave:<\/p>\n<h3 class=\"title-normal\">Estrategia:<\/h3>\n<p>Nuestros consultores realizan an\u00e1lisis exhaustivos de su producto, necesidades y objetivos. Esto permite desplegar al personal adecuado de Verztec, capacitado para alcanzar sus metas de manera eficiente.<\/p>\n<h3 class=\"title-normal\">Informaci\u00f3n accesible:<\/h3>\n<p>Maximizamos la accesibilidad y conveniencia del internet y la tecnolog\u00eda m\u00f3vil para optimizar las operaciones del proyecto. A trav\u00e9s de Verztec Xtranet, las partes interesadas tienen acceso continuo a los detalles y estados del proyecto, fomentando la transparencia y el alineamiento.<\/p>\n<h3 class=\"title-normal\">Estructura:<\/h3>\n<p>Los miembros del equipo de Verztec mantienen un compromiso proactivo a lo largo del ciclo de vida del proyecto. Responden r\u00e1pidamente a los cambios y brindan el apoyo necesario, garantizando una ejecuci\u00f3n fluida del proyecto y la satisfacci\u00f3n del cliente.<\/p>\n<p>Adem\u00e1s de nuestras s\u00f3lidas capacidades de localizaci\u00f3n, Verztec se destaca en la gesti\u00f3n de proyectos para iniciativas de e-learning. Nos especializamos en el despliegue de plataformas LMS personalizadas, la licencia y adaptaci\u00f3n de contenidos de formaci\u00f3n listos para usar, y la digitalizaci\u00f3n de programas de formaci\u00f3n internos para audiencias globales en m\u00faltiples idiomas.<\/p>\n<p>Colabore con Verztec para experimentar una experiencia integral en gesti\u00f3n de proyectos adaptada tanto a la localizaci\u00f3n como a las soluciones de aprendizaje digital. Cont\u00e1ctenos en <a href=\"mailto:enquiry@verztec.com\">enquiry@verztec.com<\/a> para explorar c\u00f3mo podemos optimizar sus estrategias de comunicaci\u00f3n y formaci\u00f3n global de manera efectiva.<\/p>\n","protected":false},"excerpt":{"rendered":"<p>La localizaci\u00f3n es un proceso complejo que abarca m\u00faltiples niveles y requiere una coordinaci\u00f3n fluida entre equipos globales. En Verztec, aseguramos el \u00e9xito de los proyectos mediante nuestro equipo dedicado&hellip;<\/p>\n","protected":false},"author":1,"featured_media":2031,"parent":0,"menu_order":7,"comment_status":"closed","ping_status":"closed","template":"","meta":{"footnotes":""},"class_list":["post-24","page","type-page","status-publish","has-post-thumbnail","hentry"],"_links":{"self":[{"href":"https:\/\/www.verztec.com\/wp-json\/wp\/v2\/pages\/24"}],"collection":[{"href":"https:\/\/www.verztec.com\/wp-json\/wp\/v2\/pages"}],"about":[{"href":"https:\/\/www.verztec.com\/wp-json\/wp\/v2\/types\/page"}],"author":[{"embeddable":true,"href":"https:\/\/www.verztec.com\/wp-json\/wp\/v2\/users\/1"}],"replies":[{"embeddable":true,"href":"https:\/\/www.verztec.com\/wp-json\/wp\/v2\/comments?post=24"}],"version-history":[{"count":1,"href":"https:\/\/www.verztec.com\/wp-json\/wp\/v2\/pages\/24\/revisions"}],"predecessor-version":[{"id":2055,"href":"https:\/\/www.verztec.com\/wp-json\/wp\/v2\/pages\/24\/revisions\/2055"}],"wp:featuredmedia":[{"embeddable":true,"href":"https:\/\/www.verztec.com\/wp-json\/wp\/v2\/media\/2031"}],"wp:attachment":[{"href":"https:\/\/www.verztec.com\/wp-json\/wp\/v2\/media?parent=24"}],"curies":[{"name":"wp","href":"https:\/\/api.w.org\/{rel}","templated":true}]}}