{"id":608,"date":"2009-06-26T08:23:52","date_gmt":"2009-06-26T08:23:52","guid":{"rendered":"http:\/\/staging.verztec.com\/verztec\/privacy-policy-2\/"},"modified":"2025-06-11T05:53:59","modified_gmt":"2025-06-11T05:53:59","slug":"privacy-policy-2","status":"publish","type":"page","link":"https:\/\/www.verztec.com\/privacy-policy-2","title":{"rendered":"Pol\u00edtica de privacidad"},"content":{"rendered":"<p>Este sitio web es administrado por Verztec Consulting Pte Ltd.<\/p>\n<p>A continuaci\u00f3n, se proporciona una descripci\u00f3n general de c\u00f3mo protegemos su privacidad durante su visita.<\/p>\n<p style=\"height: 5px;\">\u00a0<\/p>\n<p><strong>\u00bfQu\u00e9 informaci\u00f3n recopilamos?<\/strong><\/p>\n<p>La informaci\u00f3n en verztec.com se recopila de dos maneras: (1) indirectamente (por ejemplo, a trav\u00e9s de la tecnolog\u00eda de nuestro sitio); y (2) directamente (por ejemplo, cuando usted proporciona informaci\u00f3n en varias p\u00e1ginas de verztec.com).<\/p>\n<p>Un ejemplo de la informaci\u00f3n que recopilamos indirectamente es a trav\u00e9s de nuestros registros de acceso a Internet. Cuando accede a verztec.com, su direcci\u00f3n de Internet se recopila autom\u00e1ticamente y se coloca en nuestros registros de acceso a Internet.<\/p>\n<p>Recopilamos informaci\u00f3n directamente de usted de varias maneras, algunas de las cuales describimos en esta Declaraci\u00f3n de Privacidad. Una forma es mediante el uso de cookies. Las cookies son peque\u00f1os archivos de informaci\u00f3n que guardan y recuperan datos sobre su visita a verztec.com, por ejemplo, c\u00f3mo ingres\u00f3 a nuestro sitio, c\u00f3mo naveg\u00f3 a trav\u00e9s del sitio y qu\u00e9 informaci\u00f3n le interes\u00f3. Las cookies que utilizamos lo identifican \u00fanicamente como un n\u00famero. (Si no se siente c\u00f3modo con el uso de cookies, tenga en cuenta que puede deshabilitarlas en su computadora cambiando la configuraci\u00f3n en el men\u00fa de preferencias u opciones de su navegador).<\/p>\n<p>Tambi\u00e9n recopilamos informaci\u00f3n cuando usted la env\u00eda voluntariamente. A lo largo de nuestro sitio, ofrecemos la oportunidad de registrarse en un evento o conferencia, solicitar un documento t\u00e9cnico o participar en una encuesta en l\u00ednea. Cuando recopilamos este tipo de informaci\u00f3n, le notificaremos por qu\u00e9 estamos solicit\u00e1ndola y c\u00f3mo se utilizar\u00e1. Depende completamente de usted decidir si desea proporcionarla o no.<\/p>\n<p style=\"height: 5px;\">\u00a0<\/p>\n<p><strong>\u00bfC\u00f3mo utilizamos esta informaci\u00f3n?<\/strong><\/p>\n<p>La analizamos para determinar qu\u00e9 es lo m\u00e1s efectivo de nuestro sitio, para ayudarnos a identificar formas de mejorarlo y, finalmente, para determinar c\u00f3mo podemos personalizar verztec.com para que sea m\u00e1s efectivo. Tambi\u00e9n podemos usar los datos para otros fines, que le describiremos en el momento en que recopilemos la informaci\u00f3n.<\/p>\n<p style=\"height: 5px;\">\u00a0<\/p>\n<p><strong>\u00bfCompartiremos esta informaci\u00f3n con terceros?<\/strong><\/p>\n<p>Como una organizaci\u00f3n global, los datos que recopilamos pueden transferirse internacionalmente a trav\u00e9s de la organizaci\u00f3n mundial de Verztec. No venderemos informaci\u00f3n individual y solo la compartiremos con nuestros asesores. Habr\u00e1 otros momentos en los que necesitemos compartir informaci\u00f3n, por ejemplo, en el caso de un evento donde necesitemos proporcionar a nuestro proveedor de catering informaci\u00f3n sobre preferencias alimentarias. Pero nuevamente, antes de que usted proporcione cualquier informaci\u00f3n, le notificaremos por qu\u00e9 estamos solicitando informaci\u00f3n espec\u00edfica, y depende completamente de usted decidir si desea proporcionarla o no.<\/p>\n<p style=\"height: 5px;\">\u00a0<\/p>\n<p><strong>\u00bfQu\u00e9 pasa con los datos personales sensibles?<\/strong><\/p>\n<p>Generalmente no buscamos recopilar datos personales sensibles a trav\u00e9s de este sitio. Si necesitamos recopilar dichos datos, le solicitaremos su consentimiento para los usos propuestos de los mismos.<\/p>\n<p style=\"height: 5px;\">\u00a0<\/p>\n<p><strong>\u00bfQu\u00e9 hay sobre la seguridad de los datos?<\/strong><\/p>\n<p>Tomamos medidas apropiadas para mantener la seguridad de sus datos en verztec.com. Debe entender que la naturaleza abierta de Internet es tal que los datos pueden fluir a trav\u00e9s de redes sin medidas de seguridad y pueden ser accedidos y utilizados por personas distintas de aquellas para las que est\u00e1n destinados.<\/p>\n<p>Si tiene alguna pregunta ahora o durante su visita, por favor cont\u00e1ctenos.<\/p>\n","protected":false},"excerpt":{"rendered":"<p>Este sitio web es administrado por Verztec Consulting Pte Ltd. A continuaci\u00f3n, se proporciona una descripci\u00f3n general de c\u00f3mo protegemos su privacidad durante su visita. \u00a0 \u00bfQu\u00e9 informaci\u00f3n recopilamos? La&hellip;<\/p>\n","protected":false},"author":1,"featured_media":2033,"parent":0,"menu_order":13,"comment_status":"closed","ping_status":"closed","template":"","meta":{"footnotes":""},"class_list":["post-608","page","type-page","status-publish","has-post-thumbnail","hentry"],"_links":{"self":[{"href":"https:\/\/www.verztec.com\/wp-json\/wp\/v2\/pages\/608"}],"collection":[{"href":"https:\/\/www.verztec.com\/wp-json\/wp\/v2\/pages"}],"about":[{"href":"https:\/\/www.verztec.com\/wp-json\/wp\/v2\/types\/page"}],"author":[{"embeddable":true,"href":"https:\/\/www.verztec.com\/wp-json\/wp\/v2\/users\/1"}],"replies":[{"embeddable":true,"href":"https:\/\/www.verztec.com\/wp-json\/wp\/v2\/comments?post=608"}],"version-history":[{"count":1,"href":"https:\/\/www.verztec.com\/wp-json\/wp\/v2\/pages\/608\/revisions"}],"predecessor-version":[{"id":4266,"href":"https:\/\/www.verztec.com\/wp-json\/wp\/v2\/pages\/608\/revisions\/4266"}],"wp:featuredmedia":[{"embeddable":true,"href":"https:\/\/www.verztec.com\/wp-json\/wp\/v2\/media\/2033"}],"wp:attachment":[{"href":"https:\/\/www.verztec.com\/wp-json\/wp\/v2\/media?parent=608"}],"curies":[{"name":"wp","href":"https:\/\/api.w.org\/{rel}","templated":true}]}}