{"id":612,"date":"2009-07-31T04:06:05","date_gmt":"2009-07-31T04:06:05","guid":{"rendered":"http:\/\/staging.verztec.com\/verztec\/iso-90012015\/"},"modified":"2024-10-02T02:21:15","modified_gmt":"2024-10-02T02:21:15","slug":"iso-90012015","status":"publish","type":"page","link":"https:\/\/www.verztec.com\/iso-90012015","title":{"rendered":"ISO 9001:2015"},"content":{"rendered":"<p>Compromiso de Verztec con la Calidad: Certificaci\u00f3n ISO 9001:2015<\/p>\n<p>A partir del 24 de diciembre de 2007, Verztec Consulting Pte Ltd recibi\u00f3 el certificado ISO 9001:2008 y, con orgullo, en 2016, pasamos a la certificaci\u00f3n ISO 9001:2015. Esta prestigiosa certificaci\u00f3n refleja nuestro compromiso continuo con la gesti\u00f3n de calidad y la satisfacci\u00f3n del cliente.<\/p>\n<p><img decoding=\"async\" class=\"size-full wp-image-609\" src=\"https:\/\/www.verztec.com\/wp-content\/uploads\/2009\/07\/iso-logo.gif\" alt=\"\" width=\"200\" border=\"0\" \/><\/p>\n<p>\u00a0<\/p>\n<h3 class=\"title-normal\">\u00bfQu\u00e9 es ISO 9001:2015?<\/h3>\n<p>La Organizaci\u00f3n Internacional de Normalizaci\u00f3n (ISO) es una red reconocida a nivel mundial que comprende 157 institutos nacionales de normalizaci\u00f3n, con sede en Ginebra, Suiza. ISO 9000 representa una familia de normas de sistemas de gesti\u00f3n centradas principalmente en la gesti\u00f3n de la calidad. Obtener la certificaci\u00f3n ISO 9001:2015 significa que una organizaci\u00f3n ha demostrado su capacidad para proporcionar de forma consistente productos y servicios que cumplen o superan las expectativas de los clientes.<\/p>\n<p>Aunque la certificaci\u00f3n ISO es voluntaria, sirve como un claro indicador del compromiso de una empresa con la mejora de la calidad y el cumplimiento de est\u00e1ndares aceptados globalmente.<\/p>\n<p>\u00a0<\/p>\n<h3 class=\"title-normal\">Beneficios de ISO 9001:2015 para Nuestros Clientes<\/h3>\n<p>La certificaci\u00f3n ISO 9001:2015 proporciona una verificaci\u00f3n independiente de que los procesos de Verztec son de la m\u00e1s alta calidad y se aplican de manera consistente en toda la organizaci\u00f3n. Esta estricta adherencia a est\u00e1ndares internacionales garantiza que nuestros clientes reciban servicios y productos superiores.<\/p>\n<p>Al implementar medidas rigurosas y mejorar continuamente nuestros procesos, Verztec se compromete a ofrecer una calidad de primer nivel y fomentar una cultura de mejora continua. Nuestra certificaci\u00f3n ISO asegura a los clientes que priorizamos sus necesidades y nos esforzamos por mejorar constantemente la calidad de nuestros servicios.<\/p>\n<p>\u00a0<\/p>\n<h3 class=\"title-normal\">Pol\u00edtica de Calidad de Verztec<\/h3>\n<p>En Verztec Consulting Pte Ltd, nuestra direcci\u00f3n y nuestro personal est\u00e1n dedicados a lograr una mayor satisfacci\u00f3n del cliente y a la mejora continua de nuestro Sistema de Gesti\u00f3n de la Calidad. Enfatizamos la entrega puntual y el servicio de calidad, asegurando que nuestros clientes puedan confiar en nosotros para obtener resultados excepcionales.<\/p>\n<p>En resumen, nuestra certificaci\u00f3n ISO 9001:2015 no solo valida nuestro compromiso con la calidad, sino que tambi\u00e9n refuerza nuestra misi\u00f3n de servir a nuestros clientes con excelencia e integridad.<\/p>\n<p>\u00a0<\/p>\n<p align=\"center\"><a href=\"https:\/\/www.verztec.com\/wp-content\/uploads\/2009\/07\/cert_big.jpg\" target=\"_blank\" rel=\"noopener\"><img decoding=\"async\" src=\"https:\/\/www.verztec.com\/wp-content\/uploads\/2009\/07\/cert.jpg\" alt=\"haz clic para ampliar\" width=\"150\" border=\"0\" \/><\/a><\/p>\n<p style=\"text-align: center;\">Por favor, haga clic en la miniatura anterior para ver la versi\u00f3n original del Certificado ISO 9001:2015 de Verztec.<\/p>\n","protected":false},"excerpt":{"rendered":"<p>Compromiso de Verztec con la Calidad: Certificaci\u00f3n ISO 9001:2015 A partir del 24 de diciembre de 2007, Verztec Consulting Pte Ltd recibi\u00f3 el certificado ISO 9001:2008 y, con orgullo, en&hellip;<\/p>\n","protected":false},"author":1,"featured_media":2024,"parent":0,"menu_order":19,"comment_status":"closed","ping_status":"closed","template":"","meta":{"footnotes":""},"class_list":["post-612","page","type-page","status-publish","has-post-thumbnail","hentry"],"_links":{"self":[{"href":"https:\/\/www.verztec.com\/wp-json\/wp\/v2\/pages\/612"}],"collection":[{"href":"https:\/\/www.verztec.com\/wp-json\/wp\/v2\/pages"}],"about":[{"href":"https:\/\/www.verztec.com\/wp-json\/wp\/v2\/types\/page"}],"author":[{"embeddable":true,"href":"https:\/\/www.verztec.com\/wp-json\/wp\/v2\/users\/1"}],"replies":[{"embeddable":true,"href":"https:\/\/www.verztec.com\/wp-json\/wp\/v2\/comments?post=612"}],"version-history":[{"count":1,"href":"https:\/\/www.verztec.com\/wp-json\/wp\/v2\/pages\/612\/revisions"}],"predecessor-version":[{"id":2093,"href":"https:\/\/www.verztec.com\/wp-json\/wp\/v2\/pages\/612\/revisions\/2093"}],"wp:featuredmedia":[{"embeddable":true,"href":"https:\/\/www.verztec.com\/wp-json\/wp\/v2\/media\/2024"}],"wp:attachment":[{"href":"https:\/\/www.verztec.com\/wp-json\/wp\/v2\/media?parent=612"}],"curies":[{"name":"wp","href":"https:\/\/api.w.org\/{rel}","templated":true}]}}