{"id":620,"date":"2009-07-31T04:25:55","date_gmt":"2009-07-31T04:25:55","guid":{"rendered":"http:\/\/staging.verztec.com\/verztec\/industry-associations\/"},"modified":"2025-02-10T08:38:27","modified_gmt":"2025-02-10T08:38:27","slug":"industry-associations","status":"publish","type":"page","link":"https:\/\/www.verztec.com\/industry-associations","title":{"rendered":"Asociaciones Comerciales y C\u00e1maras"},"content":{"rendered":"<p>Como socio preferido para empresas que buscan expandirse globalmente y tener \u00e9xito en los mercados internacionales, Verztec ofrece soluciones de aprendizaje digital y servicios profesionales de traducci\u00f3n para todo tipo de comunicaci\u00f3n, incluyendo contenido en l\u00ednea, materiales de formaci\u00f3n, documentos legales y recursos web. Nos enorgullece ser miembros de varias organizaciones industriales reconocidas que representan a empresas medianas y grandes de diversos sectores.<\/p>\n<table class=\"industry_associations\" border=\"0\" width=\"100%\" cellspacing=\"0\" cellpadding=\"0\">\n<tbody>\n<tr>\n<td valign=\"top\" style=\"width: 250px;\"><img loading=\"lazy\" decoding=\"async\" class=\"alignleft size-full wp-image-619\" src=\"https:\/\/www.verztec.com\/wp-content\/uploads\/2009\/07\/sneflogo.gif\" alt=\"\" width=\"170\" height=\"39\" align=\"left\" border=\"0\" \/><\/td>\n<td class=\"s2\">La Federaci\u00f3n Nacional de Empleadores de Singapur (SNEF) es un sindicato registrado bajo la Ley de Sindicatos. Representa los intereses de los empleadores en todos los sectores econ\u00f3micos y act\u00faa como contraparte del Congreso Nacional de Sindicatos (NTUC). SNEF ayuda tanto a empresas sindicalizadas como no sindicalizadas a mejorar la armon\u00eda en las relaciones laborales, la productividad y la competitividad empresarial.<\/td>\n<\/tr>\n<tr>\n<td valign=\"top\" style=\"width: 250px;\"><img decoding=\"async\" class=\"alignleft size-full wp-image-617\" src=\"https:\/\/www.verztec.com\/wp-content\/uploads\/2009\/07\/sicclogo.png\" alt=\"\" width=\"170\" align=\"left\" border=\"0\" \/><\/td>\n<td class=\"s2\">La C\u00e1mara de Comercio Internacional de Singapur (SICC), fundada en 1837, representa a algunas de las corporaciones internacionales m\u00e1s grandes y empresas l\u00edderes en Singapur. A trav\u00e9s de la colaboraci\u00f3n con responsables pol\u00edticos y partes interesadas clave, la SICC proporciona a sus miembros una ventaja competitiva en un entorno econ\u00f3mico en constante cambio. Re\u00fane a miembros de m\u00e1s de 40 naciones y 20 sectores industriales con el objetivo com\u00fan de mantener a Singapur como una plataforma comercial global l\u00edder.<\/td>\n<\/tr>\n<tr>\n<td valign=\"top\" style=\"width: 250px;\"><img decoding=\"async\" class=\"alignleft size-full wp-image-616\" src=\"https:\/\/www.verztec.com\/wp-content\/uploads\/2009\/07\/eurocham.png\" alt=\"\" width=\"170\" align=\"left\" border=\"0\" \/><\/td>\n<td class=\"s2\">La C\u00e1mara de Comercio Europea en Singapur (EuroCham Singapore) representa los intereses comunes de la comunidad empresarial europea, promoviendo el comercio, los servicios y las inversiones entre Europa, Singapur y la regi\u00f3n. EuroCham es una red \u00fanica de empresas europeas y locales, representantes de C\u00e1maras de Comercio Nacionales Europeas en Singapur, as\u00ed como socios estrat\u00e9gicos como universidades y asociaciones comerciales.<\/td>\n<\/tr>\n<tr>\n<td valign=\"top\" style=\"width: 250px;\"><img decoding=\"async\" class=\"alignleft size-full wp-image-618\" src=\"https:\/\/www.verztec.com\/wp-content\/uploads\/2009\/07\/sbflogo.gif\" alt=\"\" width=\"170\" align=\"left\" border=\"0\" \/><\/td>\n<td class=\"s2\">Fundada en 2002, la Federaci\u00f3n Empresarial de Singapur (SBF) es la principal c\u00e1mara de comercio que defiende los intereses de la comunidad empresarial de Singapur en comercio, inversi\u00f3n y relaciones industriales. SBF act\u00faa como puente entre el gobierno y las empresas en Singapur para crear y mejorar un entorno empresarial favorable. Representa a m\u00e1s de 19.000 empresas, as\u00ed como a c\u00e1maras de comercio locales y extranjeras y asociaciones industriales clave.<\/td>\n<\/tr>\n<tr>\n<td valign=\"top\" style=\"width: 250px;\"><img decoding=\"async\" class=\"alignleft size-full wp-image-618\" src=\"https:\/\/www.verztec.com\/wp-content\/uploads\/2025\/02\/SHRI-logo.png\" alt=\"\" width=\"170\" align=\"left\" border=\"0\" \/><\/td>\n<td class=\"s2\">El Instituto de Recursos Humanos de Singapur (SHRI) es la principal asociaci\u00f3n profesional para profesionales de recursos humanos en Singapur, comprometida con el avance de la profesi\u00f3n de RR.HH. Ofrece una amplia gama de recursos, programas de formaci\u00f3n y oportunidades de networking para apoyar el desarrollo profesional de los l\u00edderes en recursos humanos.<\/td>\n<\/tr>\n<tr>\n<td valign=\"top\" style=\"width: 250px;\"><img decoding=\"async\" class=\"alignleft size-full wp-image-614\" src=\"https:\/\/www.verztec.com\/wp-content\/uploads\/2009\/07\/GALA_small.gif\" alt=\"\" width=\"170\" align=\"left\" border=\"0\" \/><\/td>\n<td class=\"s2\">La Asociaci\u00f3n de Globalizaci\u00f3n y Localizaci\u00f3n (GALA) es una organizaci\u00f3n internacional sin fines de lucro que representa a la industria de la traducci\u00f3n, internacionalizaci\u00f3n, localizaci\u00f3n y globalizaci\u00f3n. La asociaci\u00f3n proporciona a sus miembros una plataforma com\u00fan para debatir temas del sector, crear soluciones innovadoras, promover la industria y ofrecer un valor colaborativo \u00fanico a los clientes.<\/td>\n<\/tr>\n<tr>\n<td valign=\"top\" style=\"width: 250px;\"><img decoding=\"async\" class=\"alignleft size-full wp-image-615\" src=\"https:\/\/www.verztec.com\/wp-content\/uploads\/2009\/07\/alcuslogo.gif\" alt=\"\" width=\"170\" align=\"left\" border=\"0\" \/><\/td>\n<td class=\"s2\">Fundada en 2002, la Asociaci\u00f3n de Empresas de Idiomas (ALC) es una organizaci\u00f3n comercial \u00fanica a nivel nacional que representa a empresas que prestan servicios de traducci\u00f3n, interpretaci\u00f3n, localizaci\u00f3n y formaci\u00f3n en idiomas. Esta asociaci\u00f3n proporciona informaci\u00f3n actualizada sobre las mejores pr\u00e1cticas comerciales, permite el intercambio de ideas entre profesionales experimentados y aumenta la conciencia sobre la industria de la traducci\u00f3n y la localizaci\u00f3n.<\/td>\n<\/tr>\n<\/tbody>\n<\/table>\n","protected":false},"excerpt":{"rendered":"<p>Como socio preferido para empresas que buscan expandirse globalmente y tener \u00e9xito en los mercados internacionales, Verztec ofrece soluciones de aprendizaje digital y servicios profesionales de traducci\u00f3n para todo tipo&hellip;<\/p>\n","protected":false},"author":1,"featured_media":2024,"parent":0,"menu_order":17,"comment_status":"closed","ping_status":"closed","template":"","meta":{"footnotes":""},"class_list":["post-620","page","type-page","status-publish","has-post-thumbnail","hentry"],"_links":{"self":[{"href":"https:\/\/www.verztec.com\/wp-json\/wp\/v2\/pages\/620"}],"collection":[{"href":"https:\/\/www.verztec.com\/wp-json\/wp\/v2\/pages"}],"about":[{"href":"https:\/\/www.verztec.com\/wp-json\/wp\/v2\/types\/page"}],"author":[{"embeddable":true,"href":"https:\/\/www.verztec.com\/wp-json\/wp\/v2\/users\/1"}],"replies":[{"embeddable":true,"href":"https:\/\/www.verztec.com\/wp-json\/wp\/v2\/comments?post=620"}],"version-history":[{"count":20,"href":"https:\/\/www.verztec.com\/wp-json\/wp\/v2\/pages\/620\/revisions"}],"predecessor-version":[{"id":4121,"href":"https:\/\/www.verztec.com\/wp-json\/wp\/v2\/pages\/620\/revisions\/4121"}],"wp:featuredmedia":[{"embeddable":true,"href":"https:\/\/www.verztec.com\/wp-json\/wp\/v2\/media\/2024"}],"wp:attachment":[{"href":"https:\/\/www.verztec.com\/wp-json\/wp\/v2\/media?parent=620"}],"curies":[{"name":"wp","href":"https:\/\/api.w.org\/{rel}","templated":true}]}}