{"id":678,"date":"2009-07-31T04:29:06","date_gmt":"2009-07-31T04:29:06","guid":{"rendered":"http:\/\/staging.verztec.com\/verztec\/investors\/"},"modified":"2024-10-29T06:26:33","modified_gmt":"2024-10-29T06:26:33","slug":"investors","status":"publish","type":"page","link":"https:\/\/www.verztec.com\/investors","title":{"rendered":"Relaciones con Inversores"},"content":{"rendered":"\r\n<p>En Verztec, priorizamos la comunicaci\u00f3n transparente y un compromiso inquebrantable para cumplir con nuestras promesas, lo que nos ayuda a ganar la confianza de nuestros inversores. Nuestro historial demuestra un logro constante a trav\u00e9s de altas tasas de crecimiento y el \u00e9xito en el cumplimiento de nuestros objetivos financieros.<\/p>\r\n\r\n\r\n\r\n<p>A medida que las empresas se globalizan y se expanden en mercados extranjeros, se espera que la demanda de servicios de localizaci\u00f3n aumente significativamente en los pr\u00f3ximos a\u00f1os. Esto presenta oportunidades s\u00f3lidas para un crecimiento continuo y la innovaci\u00f3n en nuestro sector. Adem\u00e1s, la transici\u00f3n hacia soluciones de aprendizaje digital posiciona a Verztec a la vanguardia de un mercado en r\u00e1pida evoluci\u00f3n, con un gran potencial de crecimiento en eLearning y formaci\u00f3n en l\u00ednea.<\/p>\r\n\r\n\r\n\r\n<p>Verztec es una empresa tecnol\u00f3gica din\u00e1mica y en r\u00e1pido crecimiento, y lo invitamos a ser parte de nuestro camino. Su inversi\u00f3n puede ayudarnos a impulsar nuestra misi\u00f3n y aprovechar las oportunidades de mercado emergentes tanto en localizaci\u00f3n como en aprendizaje digital.<\/p>\r\n\r\n\r\n\r\n<p>Para los inversores interesados, por favor cont\u00e1ctenos en <a class=\"blue\" href=\"mailto:invest@verztec.com\">invest@verztec.com<\/a> para obtener m\u00e1s detalles sobre posibles oportunidades de inversi\u00f3n.<\/p>\r\n<p>&nbsp;<\/p>\r\n\r\n\r\n\r\n<h3 class=\"wp-block-heading title-normal\">Asociaci\u00f3n Estrat\u00e9gica: Grandiose Pte Ltd<\/h3>\r\n\r\n\r\n\r\n<figure class=\"wp-block-image\"><img loading=\"lazy\" decoding=\"async\" width=\"331\" height=\"60\" src=\"https:\/\/www.verztec.com\/wp-content\/uploads\/2009\/07\/grandiose.jpg\" alt=\"grandiose\" class=\"wp-image-677\" title=\"Grandiose\" srcset=\"https:\/\/www.verztec.com\/wp-content\/uploads\/2009\/07\/grandiose.jpg 331w, https:\/\/www.verztec.com\/wp-content\/uploads\/2009\/07\/grandiose-300x54.jpg 300w\" sizes=\"(max-width: 331px) 100vw, 331px\" \/><\/figure>\r\n\r\n\r\n\r\n<p><\/p>\r\n\r\n\r\n\r\n<p>Grandiose Pte Ltd es un inversor corporativo clave en Verztec Consulting Pte Ltd. Con una fuerte presencia en la industria de seguros, Grandiose se especializa en organizar seguros para empresas que participan en proyectos adjudicados tanto por entidades gubernamentales como privadas. Su estimada base de clientes incluye corporaciones multinacionales como Qing Jian Group, Shanghai Tunnel, Samsung C&amp;T Corporation, entre otras.<\/p>\r\n\r\n\r\n\r\n<p>Para obtener m\u00e1s informaci\u00f3n sobre Grandiose y sus amplios servicios, por favor visite <a class=\"blue\" href=\"http:\/\/www.grandiose.com.sg\" target=\"_BLANK\" rel=\"noopener\">http:\/\/www.grandiose.com.sg<\/a>.<\/p>\r\n\r\n\r\n\r\n<p>Juntos, esperamos alcanzar mayores logros y fomentar relaciones a largo plazo con nuestros inversores. Gracias por considerar a Verztec como una valiosa adici\u00f3n a su cartera de inversiones.<\/p>\r\n\r\n","protected":false},"excerpt":{"rendered":"<p>En Verztec, priorizamos la comunicaci\u00f3n transparente y un compromiso inquebrantable para cumplir con nuestras promesas, lo que nos ayuda a ganar la confianza de nuestros inversores. Nuestro historial demuestra un&hellip;<\/p>\n","protected":false},"author":1,"featured_media":2024,"parent":0,"menu_order":18,"comment_status":"closed","ping_status":"closed","template":"","meta":{"footnotes":""},"class_list":["post-678","page","type-page","status-publish","has-post-thumbnail","hentry"],"_links":{"self":[{"href":"https:\/\/www.verztec.com\/wp-json\/wp\/v2\/pages\/678"}],"collection":[{"href":"https:\/\/www.verztec.com\/wp-json\/wp\/v2\/pages"}],"about":[{"href":"https:\/\/www.verztec.com\/wp-json\/wp\/v2\/types\/page"}],"author":[{"embeddable":true,"href":"https:\/\/www.verztec.com\/wp-json\/wp\/v2\/users\/1"}],"replies":[{"embeddable":true,"href":"https:\/\/www.verztec.com\/wp-json\/wp\/v2\/comments?post=678"}],"version-history":[{"count":3,"href":"https:\/\/www.verztec.com\/wp-json\/wp\/v2\/pages\/678\/revisions"}],"predecessor-version":[{"id":2826,"href":"https:\/\/www.verztec.com\/wp-json\/wp\/v2\/pages\/678\/revisions\/2826"}],"wp:featuredmedia":[{"embeddable":true,"href":"https:\/\/www.verztec.com\/wp-json\/wp\/v2\/media\/2024"}],"wp:attachment":[{"href":"https:\/\/www.verztec.com\/wp-json\/wp\/v2\/media?parent=678"}],"curies":[{"name":"wp","href":"https:\/\/api.w.org\/{rel}","templated":true}]}}