{"id":679,"date":"2009-07-31T04:30:48","date_gmt":"2009-07-31T04:30:48","guid":{"rendered":"http:\/\/staging.verztec.com\/verztec\/employment-opportunities\/"},"modified":"2024-11-15T07:38:06","modified_gmt":"2024-11-15T07:38:06","slug":"employment-opportunities","status":"publish","type":"page","link":"https:\/\/www.verztec.com\/employment-opportunities","title":{"rendered":"Oportunidades de empleo"},"content":{"rendered":"<style>\n    a:hover {\n        cursor: pointer;\n    }\n<\/style>\n<p>En Verztec, nos especializamos en ayudar a las empresas a alcanzar mercados globales y tener \u00e9xito en el \u00e1mbito internacional. Ya sea que desee expandir su negocio o exportar productos y servicios, estamos aqu\u00ed para ayudarle.<\/p>\n<p>Con sede en Singapur y oficinas en todo el mundo, Verztec apoya a algunas de las principales empresas del mundo en el desarrollo, localizaci\u00f3n, publicaci\u00f3n y mantenimiento de sus comunicaciones corporativas y de marketing globales, as\u00ed como en la formaci\u00f3n global en m\u00e1s de 100 idiomas.<\/p>\n<h3 class=\"title-normal\">Nuestros clientes y reconocimientos<\/h3>\n<p>Verztec apoya con orgullo a un tercio de las empresas de la lista Fortune 500, incluidas IBM, HP, Microsoft, Citibank, Rolls Royce Motors, P&#038;G, Honeywell, McDonald&#8217;s Corporation, UBS y Unilever. Hemos sido reconocidos como una de las empresas con mejor desempe\u00f1o de Singapur por Business Times, Sunday Times y Lianhe ZaoBao. Entre nuestros prestigiosos premios se encuentran el Spirit of Enterprise Award, el Singapore Prestige Brand Award y el Promising SME 500 Award.<\/p>\n<h3 class=\"title-normal\">Nuestra filosof\u00eda<\/h3>\n<p>Creemos que nuestro \u00e9xito radica en las s\u00f3lidas relaciones que construimos con nuestros empleados, nuestro compromiso con la excelencia en el servicio al cliente y nuestra dedicaci\u00f3n a ofrecer resultados de calidad mundial como un equipo din\u00e1mico.<\/p>\n<h3 class=\"title-normal\">\u00bfPor qu\u00e9 unirse a Verztec?<\/h3>\n<p>\u00bfInteresado en unirse a nuestro equipo? Estas son las razones por las que Verztec podr\u00eda ser el lugar perfecto para su carrera:<\/p>\n<ul>\n<li><strong>Cultura de equipo s\u00f3lida:<\/strong> Valoramos las relaciones cercanas y el trabajo en equipo.<\/li>\n<li><strong>Excelencia en el servicio al cliente:<\/strong> Estamos comprometidos a entregar resultados sobresalientes.<\/li>\n<li><strong>Oportunidades globales:<\/strong> Trabaje con empresas l\u00edderes en todo el mundo.<\/li>\n<li><strong>Crecimiento profesional:<\/strong> Ofrecemos oportunidades continuas de aprendizaje y desarrollo para ayudarle a avanzar en su carrera.<\/li>\n<li><strong>Entorno innovador:<\/strong> Sea parte de una empresa din\u00e1mica que adopta nuevas ideas y tecnolog\u00edas.<\/li>\n<\/ul>\n<h3 class=\"title-normal\">Oportunidades de pr\u00e1cticas<\/h3>\n<p>Si es un estudiante de educaci\u00f3n superior en busca de una experiencia de pr\u00e1cticas \u00fanica, comun\u00edquese con el responsable de colocaci\u00f3n de su instituci\u00f3n para expresar su inter\u00e9s en Verztec.<\/p>\n<h3 class=\"title-normal\">Recientes graduados<\/h3>\n<p>\u00a1Verztec da una c\u00e1lida bienvenida a los reci\u00e9n graduados! Disfrutar\u00e1 de un taller integral de inducci\u00f3n, formaci\u00f3n pr\u00e1ctica y un programa de mentor\u00eda. Obtenga experiencia pr\u00e1ctica, haga nuevos amigos y descubra todo su potencial. A medida que crezca con nosotros, podr\u00eda ser seleccionado para programas de desarrollo de gesti\u00f3n, prepar\u00e1ndose para posiciones m\u00e1s altas a nivel local o en el extranjero.<\/p>\n<h3 class=\"title-normal\">Oportunidades de carrera<\/h3>\n<p>Si es orientado a resultados, enfocado en el cliente y est\u00e1 listo para asumir desaf\u00edos, Verztec tiene la oportunidad de carrera adecuada para usted. Explore las oportunidades disponibles y \u00fanase a nosotros para ofrecer soluciones de calidad mundial.<\/p>\n<p>Gracias por considerar una carrera en Verztec. \u00a1Esperamos darle la bienvenida a nuestro equipo!<\/p>\n<p>Explore nuestro sitio web para obtener m\u00e1s informaci\u00f3n sobre c\u00f3mo podemos ayudarle a alcanzar el \u00e9xito global.<\/p>\n<p><strong>1. <a id=\"e1\" title=\"Consultor de gesti\u00f3n de proyectos\">Consultor de gesti\u00f3n de proyectos<\/a><\/strong><\/p>\n<p><strong>2. <a id=\"e2\" title=\"Gerente de desarrollo comercial\">Gerente de desarrollo comercial<\/a><\/strong><\/p>\n<p><strong>3. <a id=\"e3\" title=\"Ejecutivo de marketing\">Ejecutivo de marketing<\/a><\/strong><\/p>\n<p><strong>4. <a id=\"e4\" title=\"Dise\u00f1ador multimedia interactivo\">Dise\u00f1ador multimedia interactivo<\/a><\/strong><\/p>\n<p><strong>5. <a id=\"e5\" title=\"Gerente de dise\u00f1o instruccional \/ L\u00edder t\u00e9cnico\">Gerente de dise\u00f1o instruccional \/ L\u00edder t\u00e9cnico<\/a><\/strong><\/p>\n<p><strong>6. <a id=\"e6\" title=\"Coordinador de proyectos multimedia \/ TI\">Coordinador de proyectos multimedia \/ TI<\/a><\/strong><\/p>\n<p><strong>7. <a id=\"e7\" title=\"Dise\u00f1ador gr\u00e1fico\">Dise\u00f1ador gr\u00e1fico<\/a><\/strong><\/p>\n<p><strong>8. <a id=\"e8\" title=\"Desarrollador web\">Desarrollador web<\/a><\/strong><\/p>\n<p><strong>9. <a title=\"Traductores e int\u00e9rpretes freelance\" href=\"https:\/\/xtranet.verztec.com\/\" target=\"_blank\" rel=\"noopener\">Traductores e int\u00e9rpretes freelance<\/a><\/strong><\/p>\n<p><strong>10. <a title=\"Talentos de voz freelance\" href=\"https:\/\/xtranet.verztec.com\/\" target=\"_blank\" rel=\"noopener\">Talentos de voz freelance<\/a><\/strong><\/p>\n<p>\u00danase al din\u00e1mico equipo de Verztec hoy enviando su CV con confianza a <a href=\"mailto:hr@verztec.com\">hr@verztec.com<\/a>.<\/p>\n<p><script>\n  document.getElementById('e1').addEventListener('click', () => {\n    window.open('https:\/\/www.verztec.com\/wp-content\/uploads\/employment\/one.html', '_blank', 'width=800,height=600');\n  });\n  document.getElementById('e2').addEventListener('click', () => {\n    window.open('https:\/\/www.verztec.com\/wp-content\/uploads\/employment\/two.html', '_blank', 'width=800,height=600');\n  });\n  document.getElementById('e3').addEventListener('click', () => {\n    window.open('https:\/\/www.verztec.com\/wp-content\/uploads\/employment\/three.html', '_blank', 'width=800,height=600');\n  });\n  document.getElementById('e4').addEventListener('click', () => {\n    window.open('https:\/\/www.verztec.com\/wp-content\/uploads\/employment\/four.html', '_blank', 'width=800,height=600');\n  });\n  document.getElementById('e5').addEventListener('click', () => {\n    window.open('https:\/\/www.verztec.com\/wp-content\/uploads\/employment\/five.html', '_blank', 'width=800,height=600');\n  });\n  document.getElementById('e6').addEventListener('click', () => {\n    window.open('https:\/\/www.verztec.com\/wp-content\/uploads\/employment\/six.html', '_blank', 'width=800,height=600');\n  });\n  document.getElementById('e7').addEventListener('click', () => {\n    window.open('https:\/\/www.verztec.com\/wp-content\/uploads\/employment\/seven.html', '_blank', 'width=800,height=600');\n  });\n  document.getElementById('e8').addEventListener('click', () => {\n    window.open('https:\/\/www.verztec.com\/wp-content\/uploads\/employment\/eight.html', '_blank', 'width=800,height=600');\n  });\n<\/script><\/p>\n","protected":false},"excerpt":{"rendered":"<p>En Verztec, nos especializamos en ayudar a las empresas a alcanzar mercados globales y tener \u00e9xito en el \u00e1mbito internacional. Ya sea que desee expandir su negocio o exportar productos&hellip;<\/p>\n","protected":false},"author":1,"featured_media":2033,"parent":0,"menu_order":15,"comment_status":"closed","ping_status":"closed","template":"","meta":{"footnotes":""},"class_list":["post-679","page","type-page","status-publish","has-post-thumbnail","hentry"],"_links":{"self":[{"href":"https:\/\/www.verztec.com\/wp-json\/wp\/v2\/pages\/679"}],"collection":[{"href":"https:\/\/www.verztec.com\/wp-json\/wp\/v2\/pages"}],"about":[{"href":"https:\/\/www.verztec.com\/wp-json\/wp\/v2\/types\/page"}],"author":[{"embeddable":true,"href":"https:\/\/www.verztec.com\/wp-json\/wp\/v2\/users\/1"}],"replies":[{"embeddable":true,"href":"https:\/\/www.verztec.com\/wp-json\/wp\/v2\/comments?post=679"}],"version-history":[{"count":11,"href":"https:\/\/www.verztec.com\/wp-json\/wp\/v2\/pages\/679\/revisions"}],"predecessor-version":[{"id":3148,"href":"https:\/\/www.verztec.com\/wp-json\/wp\/v2\/pages\/679\/revisions\/3148"}],"wp:featuredmedia":[{"embeddable":true,"href":"https:\/\/www.verztec.com\/wp-json\/wp\/v2\/media\/2033"}],"wp:attachment":[{"href":"https:\/\/www.verztec.com\/wp-json\/wp\/v2\/media?parent=679"}],"curies":[{"name":"wp","href":"https:\/\/api.w.org\/{rel}","templated":true}]}}