{"id":866,"date":"2009-08-03T07:37:09","date_gmt":"2009-08-03T07:37:09","guid":{"rendered":"http:\/\/staging.verztec.com\/verztec\/interpretation\/"},"modified":"2025-03-11T03:37:46","modified_gmt":"2025-03-11T03:37:46","slug":"interpretation","status":"publish","type":"page","link":"https:\/\/www.verztec.com\/interpretation","title":{"rendered":"Interpretaci\u00f3n profesional in situ"},"content":{"rendered":"<p>La interpretaci\u00f3n es m\u00e1s que solo traducci\u00f3n de idiomas: se trata de garantizar una comunicaci\u00f3n clara y precisa a trav\u00e9s de las barreras ling\u00fc\u00edsticas y culturales. En Verztec, nos especializamos en ofrecer soluciones de interpretaci\u00f3n personalizadas que satisfacen las diversas necesidades de empresas y organizaciones globales.<\/p>\r\n<br \/>\r\n<h3>Nuestro compromiso con una interpretaci\u00f3n de calidad<\/h3>\r\n<br \/>\r\n<p>Verztec establece altos est\u00e1ndares para la selecci\u00f3n de int\u00e9rpretes y la garant\u00eda de calidad, asegurando un servicio excepcional para cada cliente:<\/p>\r\n<ul>\r\n<li>Proceso de selecci\u00f3n riguroso: Seleccionamos int\u00e9rpretes meticulosamente bas\u00e1ndonos en su experiencia, conocimiento especializado, fluidez cultural y dominio del idioma. Cada int\u00e9rprete pasa por evaluaciones exhaustivas para garantizar que cumpla con nuestros estrictos criterios de precisi\u00f3n y profesionalismo.<\/li>\r\n<li>Experiencia especializada: Nuestros int\u00e9rpretes est\u00e1n especializados en campos como ciencias de la vida, finanzas, tecnolog\u00eda, derecho y aviaci\u00f3n. Poseen un profundo conocimiento de la terminolog\u00eda espec\u00edfica de la industria, lo que permite una interpretaci\u00f3n precisa de informaci\u00f3n compleja.<\/li>\r\n<li>Sensibilidad cultural: Entendiendo la importancia de los matices culturales, nuestros int\u00e9rpretes integran las costumbres y preferencias locales en sus interpretaciones, asegurando que los mensajes resuenen aut\u00e9nticamente con audiencias diversas.<\/li>\r\n<\/ul>\r\n<h4 class=\"title-normal\">Interpretaci\u00f3n simult\u00e1nea: mejorando la efectividad de los eventos<\/h4>\r\n<p>La interpretaci\u00f3n simult\u00e1nea es esencial para eventos donde la comunicaci\u00f3n en tiempo real es cr\u00edtica, como conferencias, seminarios y reuniones a gran escala. Nuestros int\u00e9rpretes simult\u00e1neos se someten a una rigurosa formaci\u00f3n y preparaci\u00f3n para manejar las exigencias de la interpretaci\u00f3n en vivo:<\/p>\r\n<ul>\r\n<li>Precisi\u00f3n en tiempo real: Los int\u00e9rpretes deben traducir las palabras habladas al idioma objetivo con un m\u00ednimo retraso, manteniendo claridad y coherencia durante todo el discurso continuo.<\/li>\r\n<li>Manejo del estr\u00e9s: Poseen la capacidad de manejar el estr\u00e9s y mantenerse alertas mentalmente, crucial para ofrecer interpretaciones precisas bajo presi\u00f3n.<\/li>\r\n<li>Din\u00e1mica de equipo: Verztec emplea un enfoque de equipo para la interpretaci\u00f3n simult\u00e1nea, donde los int\u00e9rpretes trabajan en pares para garantizar un rendimiento \u00f3ptimo. Se turnan cada 1 o 2 horas para mantener la concentraci\u00f3n y la efectividad.<\/li>\r\n<\/ul>\r\n<h4 class=\"title-normal\">Interpretaci\u00f3n consecutiva: adaptada para presentaciones y discursos<\/h4>\r\n<p>La interpretaci\u00f3n consecutiva es ideal para discursos, presentaciones y configuraciones de grupos peque\u00f1os. Nuestros int\u00e9rpretes consecutivos destacan en:<\/p>\r\n<ol>\r\n<li>Memoria y habilidades para tomar notas: Los int\u00e9rpretes memorizan segmentos de discursos o toman notas detalladas para proporcionar traducciones precisas una vez que el orador hace una pausa o concluye.<\/li>\r\n<li>Comprensi\u00f3n contextual: Interpretan no solo las palabras, sino tambi\u00e9n la intenci\u00f3n y el contexto detr\u00e1s del mensaje del orador, asegurando una comunicaci\u00f3n precisa de las ideas.<\/li>\r\n<\/ol>\r\n<h4 class=\"title-normal\">Soluciones integrales de interpretaci\u00f3n<\/h4>\r\n<p>Verztec ofrece una amplia gama de servicios de interpretaci\u00f3n para satisfacer las diversas necesidades de los clientes:<\/p>\r\n<ol>\r\n<li>Interpretaci\u00f3n susurrada: Proporcionando interpretaci\u00f3n discreta para configuraciones de grupos peque\u00f1os sin equipo adicional, manteniendo confidencialidad y claridad.<\/li>\r\n<li>Interpretaci\u00f3n rel\u00e9: Facilitando entornos multiling\u00fces donde los mensajes se transmiten a trav\u00e9s de diferentes idiomas mediante una cadena de int\u00e9rpretes.<\/li>\r\n<li>Interpretaci\u00f3n telef\u00f3nica: Haciendo posible una comunicaci\u00f3n fluida en conferencias telef\u00f3nicas, superando las barreras ling\u00fc\u00edsticas entre participantes en diferentes ubicaciones.<\/li>\r\n<\/ol>\r\n<h4 class=\"title-normal\">Equipos y soporte de \u00faltima generaci\u00f3n<\/h4>\r\n<p>Verztec utiliza equipos y tecnolog\u00eda avanzados de interpretaci\u00f3n para mejorar la prestaci\u00f3n del servicio. Desde sistemas de sonido y cabinas para interpretaci\u00f3n simult\u00e1nea hasta herramientas de comunicaci\u00f3n confiables para interpretaci\u00f3n rel\u00e9, garantizamos un rendimiento \u00f3ptimo y claridad en cada interacci\u00f3n.<\/p>\r\n<div id=\"gallery\" class=\"medium\">\r\n    <a href=\"https:\/\/www.verztec.com\/wp-content\/uploads\/events\/onsite\/photo1.jpg\" class=\"gallery-item\">\r\n        <img decoding=\"async\" src=\"https:\/\/www.verztec.com\/wp-content\/uploads\/events\/onsite\/photo1.jpg\" \/>\r\n    <\/a>\r\n    <a href=\"https:\/\/www.verztec.com\/wp-content\/uploads\/events\/onsite\/photo2.jpg\" class=\"gallery-item\">\r\n        <img decoding=\"async\" src=\"https:\/\/www.verztec.com\/wp-content\/uploads\/events\/onsite\/photo2.jpg\" \/>\r\n    <\/a>\r\n    <a href=\"https:\/\/www.verztec.com\/wp-content\/uploads\/events\/onsite\/photo3.jpg\" class=\"gallery-item\">\r\n        <img decoding=\"async\" src=\"https:\/\/www.verztec.com\/wp-content\/uploads\/events\/onsite\/photo3.jpg\" \/>\r\n    <\/a>\r\n    <a href=\"https:\/\/www.verztec.com\/wp-content\/uploads\/events\/onsite\/photo4.jpg\" class=\"gallery-item\">\r\n        <img decoding=\"async\" src=\"https:\/\/www.verztec.com\/wp-content\/uploads\/events\/onsite\/photo4.jpg\" \/>\r\n    <\/a>\r\n    <a href=\"https:\/\/www.verztec.com\/wp-content\/uploads\/events\/microsoft_2024\/3.jpg\" class=\"gallery-item\">\r\n        <img decoding=\"async\" src=\"https:\/\/www.verztec.com\/wp-content\/uploads\/events\/microsoft_2024\/3.jpg\" \/>\r\n    <\/a>\r\n    <a href=\"https:\/\/www.verztec.com\/wp-content\/uploads\/events\/microsoft_2024\/4.jpg\" class=\"gallery-item\">\r\n        <img decoding=\"async\" src=\"https:\/\/www.verztec.com\/wp-content\/uploads\/events\/microsoft_2024\/4.jpg\" \/>\r\n    <\/a>\r\n    <a href=\"https:\/\/www.verztec.com\/wp-content\/uploads\/events\/asahi\/2.jpg\" class=\"gallery-item\">\r\n        <img decoding=\"async\" src=\"https:\/\/www.verztec.com\/wp-content\/uploads\/events\/asahi\/2.jpg\" \/>\r\n    <\/a>\r\n    <a href=\"https:\/\/www.verztec.com\/wp-content\/uploads\/events\/asahi\/3.jpg\" class=\"gallery-item\">\r\n        <img decoding=\"async\" src=\"https:\/\/www.verztec.com\/wp-content\/uploads\/events\/asahi\/3.jpg\" \/>\r\n    <\/a>\r\n    <a href=\"https:\/\/www.verztec.com\/wp-content\/uploads\/events\/okbl\/1.jpg\" class=\"gallery-item\">\r\n        <img decoding=\"async\" src=\"https:\/\/www.verztec.com\/wp-content\/uploads\/events\/okbl\/1.jpg\" \/>\r\n    <\/a>\r\n    <a href=\"https:\/\/www.verztec.com\/wp-content\/uploads\/events\/okbl\/2.jpg\" class=\"gallery-item\">\r\n        <img decoding=\"async\" src=\"https:\/\/www.verztec.com\/wp-content\/uploads\/events\/okbl\/2.jpg\" \/>\r\n    <\/a>\r\n    <a href=\"https:\/\/www.verztec.com\/wp-content\/uploads\/events\/cai\/1.jpg\" class=\"gallery-item\">\r\n        <img decoding=\"async\" src=\"https:\/\/www.verztec.com\/wp-content\/uploads\/events\/cai\/1.jpg\" \/>\r\n    <\/a>\r\n    <a href=\"https:\/\/www.verztec.com\/wp-content\/uploads\/events\/SKII2019\/1.jpg\" class=\"gallery-item\">\r\n        <img decoding=\"async\" src=\"https:\/\/www.verztec.com\/wp-content\/uploads\/events\/SKII2019\/1.jpg\" \/>\r\n    <\/a>\r\n    <a href=\"https:\/\/www.verztec.com\/wp-content\/uploads\/events\/SKII2019\/2.jpg\" class=\"gallery-item\">\r\n        <img decoding=\"async\" src=\"https:\/\/www.verztec.com\/wp-content\/uploads\/events\/SKII2019\/2.jpg\" \/>\r\n    <\/a>\r\n    <a href=\"https:\/\/www.verztec.com\/wp-content\/uploads\/events\/bridgestone\/1.jpg\" class=\"gallery-item\">\r\n        <img decoding=\"async\" src=\"https:\/\/www.verztec.com\/wp-content\/uploads\/events\/bridgestone\/1.jpg\" \/>\r\n    <\/a>\r\n    <a href=\"https:\/\/www.verztec.com\/wp-content\/uploads\/events\/netflix\/8.jpg\" class=\"gallery-item\">\r\n        <img decoding=\"async\" src=\"https:\/\/www.verztec.com\/wp-content\/uploads\/events\/netflix\/8.jpg\" \/>\r\n    <\/a>\r\n<\/div>\r\n<br \/>\r\n<h3>Comunicaci\u00f3n sin esfuerzo en cualquier lugar. Sea socio de Verztec hoy.<\/h3>\r\n<br \/>\r\n<p><a href=\"photo-gallery\" target=\"_blank\" rel=\"noopener\"><img decoding=\"async\" style=\"width: 80%;\" src=\"https:\/\/www.verztec.com\/wp-content\/uploads\/2009\/08\/remote-banner-2-scaled.jpg\" alt=\"\" \/><\/a><\/p>\r\n<p><strong>Ya sea que est\u00e9 organizando una conferencia global, procedimientos legales, entrevistas o consultas m\u00e9dicas, Verztec le proporciona la experiencia y confiabilidad que necesita. Cont\u00e1ctenos hoy en <a href=\"mailto:enquiry@verztec.com\" target=\"_blank\" rel=\"noopener\">enquiry@verztec.com<\/a> para discutir sus necesidades de interpretaci\u00f3n y experimente de primera mano c\u00f3mo nuestros procesos meticulosos e int\u00e9rpretes calificados pueden mejorar sus comunicaciones internacionales.<\/strong><\/p>\r\n\r\n<hr style=\"margin-top: 20px; margin-bottom: 20px; border: 0; border-top: 1px solid #eee;\" \/>\n<p style=\"margin-bottom: 0;\">\n  <img decoding=\"async\" src=\"https:\/\/www.verztec.com\/wp-content\/images\/home\/more.png\" alt=\"\" \/>\n  &nbsp;<a href=\"https:\/\/www.verztec.com\/es\/language-services\/\" target=\"_blank\" rel=\"noopener\">Ver todos los &#8220;Servicios de idiomas&#8221;<\/a>\n<\/p>","protected":false},"excerpt":{"rendered":"<p>La interpretaci\u00f3n es m\u00e1s que solo traducci\u00f3n de idiomas: se trata de garantizar una comunicaci\u00f3n clara y precisa a trav\u00e9s de las barreras ling\u00fc\u00edsticas y culturales. En Verztec, nos especializamos&hellip;<\/p>\n","protected":false},"author":1,"featured_media":2018,"parent":0,"menu_order":21,"comment_status":"closed","ping_status":"closed","template":"","meta":{"footnotes":""},"class_list":["post-866","page","type-page","status-publish","has-post-thumbnail","hentry"],"_links":{"self":[{"href":"https:\/\/www.verztec.com\/wp-json\/wp\/v2\/pages\/866"}],"collection":[{"href":"https:\/\/www.verztec.com\/wp-json\/wp\/v2\/pages"}],"about":[{"href":"https:\/\/www.verztec.com\/wp-json\/wp\/v2\/types\/page"}],"author":[{"embeddable":true,"href":"https:\/\/www.verztec.com\/wp-json\/wp\/v2\/users\/1"}],"replies":[{"embeddable":true,"href":"https:\/\/www.verztec.com\/wp-json\/wp\/v2\/comments?post=866"}],"version-history":[{"count":11,"href":"https:\/\/www.verztec.com\/wp-json\/wp\/v2\/pages\/866\/revisions"}],"predecessor-version":[{"id":4220,"href":"https:\/\/www.verztec.com\/wp-json\/wp\/v2\/pages\/866\/revisions\/4220"}],"wp:featuredmedia":[{"embeddable":true,"href":"https:\/\/www.verztec.com\/wp-json\/wp\/v2\/media\/2018"}],"wp:attachment":[{"href":"https:\/\/www.verztec.com\/wp-json\/wp\/v2\/media?parent=866"}],"curies":[{"name":"wp","href":"https:\/\/api.w.org\/{rel}","templated":true}]}}